{"id":1049,"date":"2013-12-04T09:05:53","date_gmt":"2013-12-04T08:05:53","guid":{"rendered":"http:\/\/iea.rs\/?page_id=1049"},"modified":"2014-04-11T11:10:13","modified_gmt":"2014-04-11T09:10:13","slug":"boris-jurosevic","status":"publish","type":"page","link":"https:\/\/iea.rs\/en\/boris-jurosevic\/","title":{"rendered":"Boris Juro\u0161evi\u0107"},"content":{"rendered":"<p><\/p>\n<div id=\"attachment_931\" style=\"width: 190px\" class=\"wp-caption alignleft\"><img loading=\"lazy\" decoding=\"async\" aria-describedby=\"caption-attachment-931\" class=\"size-full wp-image-931\" alt=\"Boris Juro\u0161evi\u0107\" src=\"http:\/\/iea.rs\/wp-content\/uploads\/2013\/11\/BorisJurosevic.jpg\" width=\"180\" height=\"210\" \/><\/p>\n<p id=\"caption-attachment-931\" class=\"wp-caption-text\">Boris Juro\u0161evi\u0107<\/p>\n<\/div>\n<table>\n<tbody>\n<tr>\n<td><a title=\"YOUTH RECONCILIATION AMBASSADORS\" href=\"http:\/\/iea.rs\/en\/2013\/12\/04\/youth-reconciliation-ambassadors\/\"><img loading=\"lazy\" decoding=\"async\" class=\"alignleft size-full wp-image-697\" alt=\"essay\" src=\"http:\/\/iea.rs\/wp-content\/uploads\/2013\/01\/essay.png\" width=\"81\" height=\"30\" \/><\/a><\/td>\n<\/tr>\n<tr>\n<td><a href=\"http:\/\/iea.rs\/en\/category\/ambasadori-u-akciji-2013\/boris-jurosevic\/medijska-aktivnost-boris-jurosevic\/\"><img loading=\"lazy\" decoding=\"async\" class=\"alignleft size-full wp-image-698\" alt=\"media\" src=\"http:\/\/iea.rs\/wp-content\/uploads\/2013\/01\/media.png\" width=\"139\" height=\"30\" \/><\/a><\/td>\n<\/tr>\n<tr>\n<td><a href=\"http:\/\/iea.rs\/en\/2014\/04\/11\/narrative-report-39\/\"><img loading=\"lazy\" decoding=\"async\" class=\"alignleft size-full wp-image-700\" alt=\"peer\" src=\"http:\/\/iea.rs\/wp-content\/uploads\/2013\/01\/peer.png\" width=\"154\" height=\"30\" srcset=\"https:\/\/iea.rs\/wp-content\/uploads\/2013\/01\/peer.png 154w, https:\/\/iea.rs\/wp-content\/uploads\/2013\/01\/peer-150x30.png 150w\" sizes=\"auto, (max-width: 154px) 100vw, 154px\" \/><\/a><\/td>\n<\/tr>\n<\/tbody>\n<\/table>\n<p><\/p>","protected":false},"excerpt":{"rendered":"","protected":false},"author":3,"featured_media":0,"parent":0,"menu_order":0,"comment_status":"open","ping_status":"open","template":"fullwidth.php","meta":{"_monsterinsights_skip_tracking":false,"_monsterinsights_sitenote_active":false,"_monsterinsights_sitenote_note":"","_monsterinsights_sitenote_category":0,"footnotes":""},"class_list":["post-1049","page","type-page","status-publish","hentry"],"yoast_head":"<!-- This site is optimized with the Yoast SEO plugin v25.4 - https:\/\/yoast.com\/wordpress\/plugins\/seo\/ -->\n<title>Boris Juro\u0161evi\u0107Boris Juro\u0161evi\u0107 - Institute for European Affairs<\/title>\n<meta name=\"robots\" content=\"index, follow, max-snippet:-1, max-image-preview:large, max-video-preview:-1\" \/>\n<link rel=\"canonical\" href=\"https:\/\/iea.rs\/en\/boris-jurosevic\/\" \/>\n<meta property=\"og:locale\" content=\"en_US\" \/>\n<meta property=\"og:type\" content=\"article\" \/>\n<meta property=\"og:title\" content=\"Boris Juro\u0161evi\u0107Boris Juro\u0161evi\u0107 - Institute for European Affairs\" \/>\n<meta property=\"og:url\" content=\"https:\/\/iea.rs\/en\/boris-jurosevic\/\" \/>\n<meta property=\"og:site_name\" content=\"Institute for European Affairs\" \/>\n<meta property=\"article:modified_time\" content=\"2014-04-11T09:10:13+00:00\" \/>\n<meta property=\"og:image\" content=\"http:\/\/iea.rs\/wp-content\/uploads\/2013\/11\/BorisJurosevic.jpg\" \/>\n<meta name=\"twitter:card\" content=\"summary_large_image\" \/>\n<script type=\"application\/ld+json\" class=\"yoast-schema-graph\">{\"@context\":\"https:\/\/schema.org\",\"@graph\":[{\"@type\":\"WebPage\",\"@id\":\"https:\/\/iea.rs\/en\/boris-jurosevic\/\",\"url\":\"https:\/\/iea.rs\/en\/boris-jurosevic\/\",\"name\":\"Boris Juro\u0161evi\u0107Boris Juro\u0161evi\u0107 - Institute for European Affairs\",\"isPartOf\":{\"@id\":\"https:\/\/iea.rs\/#website\"},\"primaryImageOfPage\":{\"@id\":\"https:\/\/iea.rs\/en\/boris-jurosevic\/#primaryimage\"},\"image\":{\"@id\":\"https:\/\/iea.rs\/en\/boris-jurosevic\/#primaryimage\"},\"thumbnailUrl\":\"http:\/\/iea.rs\/wp-content\/uploads\/2013\/11\/BorisJurosevic.jpg\",\"datePublished\":\"2013-12-04T08:05:53+00:00\",\"dateModified\":\"2014-04-11T09:10:13+00:00\",\"breadcrumb\":{\"@id\":\"https:\/\/iea.rs\/en\/boris-jurosevic\/#breadcrumb\"},\"inLanguage\":\"en-US\",\"potentialAction\":[{\"@type\":\"ReadAction\",\"target\":[\"https:\/\/iea.rs\/en\/boris-jurosevic\/\"]}]},{\"@type\":\"ImageObject\",\"inLanguage\":\"en-US\",\"@id\":\"https:\/\/iea.rs\/en\/boris-jurosevic\/#primaryimage\",\"url\":\"http:\/\/iea.rs\/wp-content\/uploads\/2013\/11\/BorisJurosevic.jpg\",\"contentUrl\":\"http:\/\/iea.rs\/wp-content\/uploads\/2013\/11\/BorisJurosevic.jpg\"},{\"@type\":\"BreadcrumbList\",\"@id\":\"https:\/\/iea.rs\/en\/boris-jurosevic\/#breadcrumb\",\"itemListElement\":[{\"@type\":\"ListItem\",\"position\":1,\"name\":\"\u041f\u043e\u0447\u0435\u0442\u043d\u0430\",\"item\":\"https:\/\/iea.rs\/\"},{\"@type\":\"ListItem\",\"position\":2,\"name\":\"Boris Juro\u0161evi\u0107\"}]},{\"@type\":\"WebSite\",\"@id\":\"https:\/\/iea.rs\/#website\",\"url\":\"https:\/\/iea.rs\/\",\"name\":\"Institute for European Affairs\",\"description\":\"\",\"potentialAction\":[{\"@type\":\"SearchAction\",\"target\":{\"@type\":\"EntryPoint\",\"urlTemplate\":\"https:\/\/iea.rs\/?s={search_term_string}\"},\"query-input\":{\"@type\":\"PropertyValueSpecification\",\"valueRequired\":true,\"valueName\":\"search_term_string\"}}],\"inLanguage\":\"en-US\"}]}<\/script>\n<!-- \/ Yoast SEO plugin. -->","yoast_head_json":{"title":"Boris Juro\u0161evi\u0107Boris Juro\u0161evi\u0107 - Institute for European Affairs","robots":{"index":"index","follow":"follow","max-snippet":"max-snippet:-1","max-image-preview":"max-image-preview:large","max-video-preview":"max-video-preview:-1"},"canonical":"https:\/\/iea.rs\/en\/boris-jurosevic\/","og_locale":"en_US","og_type":"article","og_title":"Boris Juro\u0161evi\u0107Boris Juro\u0161evi\u0107 - Institute for European Affairs","og_url":"https:\/\/iea.rs\/en\/boris-jurosevic\/","og_site_name":"Institute for European Affairs","article_modified_time":"2014-04-11T09:10:13+00:00","og_image":[{"url":"http:\/\/iea.rs\/wp-content\/uploads\/2013\/11\/BorisJurosevic.jpg","type":"","width":"","height":""}],"twitter_card":"summary_large_image","schema":{"@context":"https:\/\/schema.org","@graph":[{"@type":"WebPage","@id":"https:\/\/iea.rs\/en\/boris-jurosevic\/","url":"https:\/\/iea.rs\/en\/boris-jurosevic\/","name":"Boris Juro\u0161evi\u0107Boris Juro\u0161evi\u0107 - Institute for European Affairs","isPartOf":{"@id":"https:\/\/iea.rs\/#website"},"primaryImageOfPage":{"@id":"https:\/\/iea.rs\/en\/boris-jurosevic\/#primaryimage"},"image":{"@id":"https:\/\/iea.rs\/en\/boris-jurosevic\/#primaryimage"},"thumbnailUrl":"http:\/\/iea.rs\/wp-content\/uploads\/2013\/11\/BorisJurosevic.jpg","datePublished":"2013-12-04T08:05:53+00:00","dateModified":"2014-04-11T09:10:13+00:00","breadcrumb":{"@id":"https:\/\/iea.rs\/en\/boris-jurosevic\/#breadcrumb"},"inLanguage":"en-US","potentialAction":[{"@type":"ReadAction","target":["https:\/\/iea.rs\/en\/boris-jurosevic\/"]}]},{"@type":"ImageObject","inLanguage":"en-US","@id":"https:\/\/iea.rs\/en\/boris-jurosevic\/#primaryimage","url":"http:\/\/iea.rs\/wp-content\/uploads\/2013\/11\/BorisJurosevic.jpg","contentUrl":"http:\/\/iea.rs\/wp-content\/uploads\/2013\/11\/BorisJurosevic.jpg"},{"@type":"BreadcrumbList","@id":"https:\/\/iea.rs\/en\/boris-jurosevic\/#breadcrumb","itemListElement":[{"@type":"ListItem","position":1,"name":"\u041f\u043e\u0447\u0435\u0442\u043d\u0430","item":"https:\/\/iea.rs\/"},{"@type":"ListItem","position":2,"name":"Boris Juro\u0161evi\u0107"}]},{"@type":"WebSite","@id":"https:\/\/iea.rs\/#website","url":"https:\/\/iea.rs\/","name":"Institute for European Affairs","description":"","potentialAction":[{"@type":"SearchAction","target":{"@type":"EntryPoint","urlTemplate":"https:\/\/iea.rs\/?s={search_term_string}"},"query-input":{"@type":"PropertyValueSpecification","valueRequired":true,"valueName":"search_term_string"}}],"inLanguage":"en-US"}]}},"_links":{"self":[{"href":"https:\/\/iea.rs\/en\/wp-json\/wp\/v2\/pages\/1049","targetHints":{"allow":["GET"]}}],"collection":[{"href":"https:\/\/iea.rs\/en\/wp-json\/wp\/v2\/pages"}],"about":[{"href":"https:\/\/iea.rs\/en\/wp-json\/wp\/v2\/types\/page"}],"author":[{"embeddable":true,"href":"https:\/\/iea.rs\/en\/wp-json\/wp\/v2\/users\/3"}],"replies":[{"embeddable":true,"href":"https:\/\/iea.rs\/en\/wp-json\/wp\/v2\/comments?post=1049"}],"version-history":[{"count":0,"href":"https:\/\/iea.rs\/en\/wp-json\/wp\/v2\/pages\/1049\/revisions"}],"wp:attachment":[{"href":"https:\/\/iea.rs\/en\/wp-json\/wp\/v2\/media?parent=1049"}],"curies":[{"name":"wp","href":"https:\/\/api.w.org\/{rel}","templated":true}]}}