{"id":2816,"date":"2014-08-28T12:39:24","date_gmt":"2014-08-28T10:39:24","guid":{"rendered":"http:\/\/iea.rs\/?page_id=2816"},"modified":"2021-11-29T10:33:18","modified_gmt":"2021-11-29T09:33:18","slug":"publikacije","status":"publish","type":"page","link":"https:\/\/iea.rs\/en\/publikacije\/","title":{"rendered":"Publications"},"content":{"rendered":"<p><\/p>\n<div id=\"attachment_2819\" style=\"width: 190px\" class=\"wp-caption alignleft\"><a href=\"http:\/\/iea.rs\/wp-content\/uploads\/2014\/08\/IEP-Vlade-Republike-Srbije-Istra\u017eivanje.pdf\" target=\"_blank\" rel=\"noopener\"><img loading=\"lazy\" decoding=\"async\" aria-describedby=\"caption-attachment-2819\" class=\"wp-image-2819 size-full\" src=\"http:\/\/iea.rs\/wp-content\/uploads\/2014\/08\/Screenshot-from-2016-06-10-01-45-00-150x150.png\" alt=\"antikorupcijski-vodic-korica-4\" width=\"180\" height=\"180\" \/><\/a><\/p>\n<p id=\"caption-attachment-2819\" class=\"wp-caption-text\">PROFIL MINISTARA VLADE REPUBLIKE SRBIJE<\/p>\n<\/div>\n<div id=\"attachment_2817\" style=\"width: 190px\" class=\"wp-caption alignleft\"><a href=\"http:\/\/iea.rs\/wp-content\/uploads\/2014\/08\/Knjiga-eseja-FINAL-poslednji.pdf\" target=\"_blank\" rel=\"noopener\"><img loading=\"lazy\" decoding=\"async\" aria-describedby=\"caption-attachment-2817\" class=\"wp-image-2817 size-full\" src=\"http:\/\/iea.rs\/wp-content\/uploads\/2014\/08\/Kutijica-def-cor-14.jpg\" alt=\"Kutijica def cor 14\" width=\"180\" height=\"180\" srcset=\"https:\/\/iea.rs\/wp-content\/uploads\/2014\/08\/Kutijica-def-cor-14.jpg 200w, https:\/\/iea.rs\/wp-content\/uploads\/2014\/08\/Kutijica-def-cor-14-150x150.jpg 150w, https:\/\/iea.rs\/wp-content\/uploads\/2014\/08\/Kutijica-def-cor-14-50x50.jpg 50w, https:\/\/iea.rs\/wp-content\/uploads\/2014\/08\/Kutijica-def-cor-14-100x100.jpg 100w\" sizes=\"auto, (max-width: 180px) 100vw, 180px\" \/><\/a><\/p>\n<p id=\"caption-attachment-2817\" class=\"wp-caption-text\">Youth Reconciliation Ambassadors &#8211; Selected Essays<\/p>\n<\/div>\n<div id=\"attachment_2819\" style=\"width: 190px\" class=\"wp-caption alignleft\"><a href=\"http:\/\/iea.rs\/wp-content\/uploads\/2014\/08\/Antikorupcijski-vodic.pdf\" target=\"_blank\" rel=\"noopener\"><img loading=\"lazy\" decoding=\"async\" aria-describedby=\"caption-attachment-2819\" class=\"wp-image-2819 size-full\" src=\"http:\/\/iea.rs\/wp-content\/uploads\/2014\/08\/antikorupcijski-vodic-korica-4.jpg\" alt=\"antikorupcijski-vodic-korica-4\" width=\"180\" height=\"180\" srcset=\"https:\/\/iea.rs\/wp-content\/uploads\/2014\/08\/antikorupcijski-vodic-korica-4.jpg 200w, https:\/\/iea.rs\/wp-content\/uploads\/2014\/08\/antikorupcijski-vodic-korica-4-150x150.jpg 150w, https:\/\/iea.rs\/wp-content\/uploads\/2014\/08\/antikorupcijski-vodic-korica-4-50x50.jpg 50w, https:\/\/iea.rs\/wp-content\/uploads\/2014\/08\/antikorupcijski-vodic-korica-4-100x100.jpg 100w\" sizes=\"auto, (max-width: 180px) 100vw, 180px\" \/><\/a><\/p>\n<p id=\"caption-attachment-2819\" class=\"wp-caption-text\">Antikorupcijski vodi\u010d kroz \u0161kolske \u010dasove<\/p>\n<\/div>\n<p><\/p>","protected":false},"excerpt":{"rendered":"","protected":false},"author":3,"featured_media":0,"parent":0,"menu_order":0,"comment_status":"open","ping_status":"open","template":"fullwidth.php","meta":{"_monsterinsights_skip_tracking":false,"_monsterinsights_sitenote_active":false,"_monsterinsights_sitenote_note":"","_monsterinsights_sitenote_category":0,"footnotes":""},"class_list":["post-2816","page","type-page","status-publish","hentry"],"yoast_head":"<!-- This site is optimized with the Yoast SEO plugin v25.4 - https:\/\/yoast.com\/wordpress\/plugins\/seo\/ -->\n<title>Publications - Institute for European Affairs<\/title>\n<meta name=\"robots\" content=\"index, follow, max-snippet:-1, max-image-preview:large, max-video-preview:-1\" \/>\n<link rel=\"canonical\" href=\"https:\/\/iea.rs\/publikacije\/\" \/>\n<meta property=\"og:locale\" content=\"en_US\" \/>\n<meta property=\"og:type\" content=\"article\" \/>\n<meta property=\"og:title\" content=\"[:sr]Publikacije[:en]Publications[:] - Institute for European Affairs\" \/>\n<meta property=\"og:url\" content=\"https:\/\/iea.rs\/publikacije\/\" \/>\n<meta property=\"og:site_name\" content=\"Institute for European Affairs\" \/>\n<meta property=\"article:modified_time\" content=\"2021-11-29T09:33:18+00:00\" \/>\n<meta property=\"og:image\" content=\"http:\/\/iea.rs\/wp-content\/uploads\/2014\/08\/Stavovi-gra\u0111ana-150x150.png\" \/>\n<meta name=\"twitter:card\" content=\"summary_large_image\" \/>\n<script type=\"application\/ld+json\" class=\"yoast-schema-graph\">{\"@context\":\"https:\/\/schema.org\",\"@graph\":[{\"@type\":\"WebPage\",\"@id\":\"https:\/\/iea.rs\/publikacije\/\",\"url\":\"https:\/\/iea.rs\/publikacije\/\",\"name\":\"[:sr]Publikacije[:en]Publications[:] - Institute for European Affairs\",\"isPartOf\":{\"@id\":\"https:\/\/iea.rs\/#website\"},\"primaryImageOfPage\":{\"@id\":\"https:\/\/iea.rs\/publikacije\/#primaryimage\"},\"image\":{\"@id\":\"https:\/\/iea.rs\/publikacije\/#primaryimage\"},\"thumbnailUrl\":\"http:\/\/iea.rs\/wp-content\/uploads\/2014\/08\/Publikacija-150x150.png\",\"datePublished\":\"2014-08-28T10:39:24+00:00\",\"dateModified\":\"2021-11-29T09:33:18+00:00\",\"breadcrumb\":{\"@id\":\"https:\/\/iea.rs\/publikacije\/#breadcrumb\"},\"inLanguage\":\"en-US\",\"potentialAction\":[{\"@type\":\"ReadAction\",\"target\":[\"https:\/\/iea.rs\/publikacije\/\"]}]},{\"@type\":\"ImageObject\",\"inLanguage\":\"en-US\",\"@id\":\"https:\/\/iea.rs\/publikacije\/#primaryimage\",\"url\":\"http:\/\/iea.rs\/wp-content\/uploads\/2014\/08\/Publikacija-150x150.png\",\"contentUrl\":\"http:\/\/iea.rs\/wp-content\/uploads\/2014\/08\/Publikacija-150x150.png\"},{\"@type\":\"BreadcrumbList\",\"@id\":\"https:\/\/iea.rs\/publikacije\/#breadcrumb\",\"itemListElement\":[{\"@type\":\"ListItem\",\"position\":1,\"name\":\"\u041f\u043e\u0447\u0435\u0442\u043d\u0430\",\"item\":\"https:\/\/iea.rs\/\"},{\"@type\":\"ListItem\",\"position\":2,\"name\":\"Publikacije\"}]},{\"@type\":\"WebSite\",\"@id\":\"https:\/\/iea.rs\/#website\",\"url\":\"https:\/\/iea.rs\/\",\"name\":\"Institute for European Affairs\",\"description\":\"\",\"potentialAction\":[{\"@type\":\"SearchAction\",\"target\":{\"@type\":\"EntryPoint\",\"urlTemplate\":\"https:\/\/iea.rs\/?s={search_term_string}\"},\"query-input\":{\"@type\":\"PropertyValueSpecification\",\"valueRequired\":true,\"valueName\":\"search_term_string\"}}],\"inLanguage\":\"en-US\"}]}<\/script>\n<!-- \/ Yoast SEO plugin. -->","yoast_head_json":{"title":"[:sr]Publikacije[:en]Publications[:] - Institute for European Affairs","robots":{"index":"index","follow":"follow","max-snippet":"max-snippet:-1","max-image-preview":"max-image-preview:large","max-video-preview":"max-video-preview:-1"},"canonical":"https:\/\/iea.rs\/publikacije\/","og_locale":"en_US","og_type":"article","og_title":"[:sr]Publikacije[:en]Publications[:] - Institute for European Affairs","og_url":"https:\/\/iea.rs\/publikacije\/","og_site_name":"Institute for European Affairs","article_modified_time":"2021-11-29T09:33:18+00:00","og_image":[{"url":"http:\/\/iea.rs\/wp-content\/uploads\/2014\/08\/Stavovi-gra\u0111ana-150x150.png","type":"","width":"","height":""}],"twitter_card":"summary_large_image","schema":{"@context":"https:\/\/schema.org","@graph":[{"@type":"WebPage","@id":"https:\/\/iea.rs\/publikacije\/","url":"https:\/\/iea.rs\/publikacije\/","name":"[:sr]Publikacije[:en]Publications[:] - Institute for European Affairs","isPartOf":{"@id":"https:\/\/iea.rs\/#website"},"primaryImageOfPage":{"@id":"https:\/\/iea.rs\/publikacije\/#primaryimage"},"image":{"@id":"https:\/\/iea.rs\/publikacije\/#primaryimage"},"thumbnailUrl":"http:\/\/iea.rs\/wp-content\/uploads\/2014\/08\/Publikacija-150x150.png","datePublished":"2014-08-28T10:39:24+00:00","dateModified":"2021-11-29T09:33:18+00:00","breadcrumb":{"@id":"https:\/\/iea.rs\/publikacije\/#breadcrumb"},"inLanguage":"en-US","potentialAction":[{"@type":"ReadAction","target":["https:\/\/iea.rs\/publikacije\/"]}]},{"@type":"ImageObject","inLanguage":"en-US","@id":"https:\/\/iea.rs\/publikacije\/#primaryimage","url":"http:\/\/iea.rs\/wp-content\/uploads\/2014\/08\/Publikacija-150x150.png","contentUrl":"http:\/\/iea.rs\/wp-content\/uploads\/2014\/08\/Publikacija-150x150.png"},{"@type":"BreadcrumbList","@id":"https:\/\/iea.rs\/publikacije\/#breadcrumb","itemListElement":[{"@type":"ListItem","position":1,"name":"\u041f\u043e\u0447\u0435\u0442\u043d\u0430","item":"https:\/\/iea.rs\/"},{"@type":"ListItem","position":2,"name":"Publikacije"}]},{"@type":"WebSite","@id":"https:\/\/iea.rs\/#website","url":"https:\/\/iea.rs\/","name":"Institute for European Affairs","description":"","potentialAction":[{"@type":"SearchAction","target":{"@type":"EntryPoint","urlTemplate":"https:\/\/iea.rs\/?s={search_term_string}"},"query-input":{"@type":"PropertyValueSpecification","valueRequired":true,"valueName":"search_term_string"}}],"inLanguage":"en-US"}]}},"_links":{"self":[{"href":"https:\/\/iea.rs\/en\/wp-json\/wp\/v2\/pages\/2816","targetHints":{"allow":["GET"]}}],"collection":[{"href":"https:\/\/iea.rs\/en\/wp-json\/wp\/v2\/pages"}],"about":[{"href":"https:\/\/iea.rs\/en\/wp-json\/wp\/v2\/types\/page"}],"author":[{"embeddable":true,"href":"https:\/\/iea.rs\/en\/wp-json\/wp\/v2\/users\/3"}],"replies":[{"embeddable":true,"href":"https:\/\/iea.rs\/en\/wp-json\/wp\/v2\/comments?post=2816"}],"version-history":[{"count":2,"href":"https:\/\/iea.rs\/en\/wp-json\/wp\/v2\/pages\/2816\/revisions"}],"predecessor-version":[{"id":6587,"href":"https:\/\/iea.rs\/en\/wp-json\/wp\/v2\/pages\/2816\/revisions\/6587"}],"wp:attachment":[{"href":"https:\/\/iea.rs\/en\/wp-json\/wp\/v2\/media?parent=2816"}],"curies":[{"name":"wp","href":"https:\/\/api.w.org\/{rel}","templated":true}]}}