{"id":3706,"date":"2015-02-08T13:24:23","date_gmt":"2015-02-08T12:24:23","guid":{"rendered":"http:\/\/iea.rs\/?page_id=3706"},"modified":"2015-02-23T15:00:53","modified_gmt":"2015-02-23T14:00:53","slug":"vojin-cukuranovic","status":"publish","type":"page","link":"https:\/\/iea.rs\/en\/vojin-cukuranovic\/","title":{"rendered":"Vojin \u010cukuranovi\u0107"},"content":{"rendered":"<p><\/p>\n<div id=\"attachment_2713\" style=\"width: 160px\" class=\"wp-caption alignleft\"><img loading=\"lazy\" decoding=\"async\" aria-describedby=\"caption-attachment-2713\" class=\"size-thumbnail wp-image-2713\" src=\"http:\/\/iea.rs\/wp-content\/uploads\/2012\/11\/Vojin-\u00bcukuranovi\u00e5-150x150.jpg\" alt=\"Vojin \u010cukuranovi\u0107\" width=\"150\" height=\"150\" srcset=\"https:\/\/iea.rs\/wp-content\/uploads\/2012\/11\/Vojin-\u00bcukuranovi\u00e5-150x150.jpg 150w, https:\/\/iea.rs\/wp-content\/uploads\/2012\/11\/Vojin-\u00bcukuranovi\u00e5-50x50.jpg 50w, https:\/\/iea.rs\/wp-content\/uploads\/2012\/11\/Vojin-\u00bcukuranovi\u00e5-240x240.jpg 240w, https:\/\/iea.rs\/wp-content\/uploads\/2012\/11\/Vojin-\u00bcukuranovi\u00e5-100x100.jpg 100w\" sizes=\"auto, (max-width: 150px) 100vw, 150px\" \/><\/p>\n<p id=\"caption-attachment-2713\" class=\"wp-caption-text\">Vojin \u010cukuranovi\u0107<\/p>\n<\/div>\n<h3><a title=\"Medijska aktivnost \u2013 Vojin \u010cukuranovi\u0107\" href=\"http:\/\/iea.rs\/en\/2015\/02\/23\/medijska-aktivnost-vojin-cukuranovic\/\">Media Activity<\/a><\/h3>\n<h3><a title=\"Vr\u0161nja\u010dka edukacija \u2013 Vojin \u010cukuranovi\u0107\" href=\"http:\/\/iea.rs\/en\/2015\/02\/23\/vrsnjacka-edukacija-vojin-cukuranovic\/\">Peer to Peer Education<\/a><\/h3>\n<p><\/p>","protected":false},"excerpt":{"rendered":"<p>Media Activity Peer to Peer Education<\/p>\n","protected":false},"author":3,"featured_media":0,"parent":0,"menu_order":0,"comment_status":"open","ping_status":"open","template":"fullwidth.php","meta":{"_monsterinsights_skip_tracking":false,"_monsterinsights_sitenote_active":false,"_monsterinsights_sitenote_note":"","_monsterinsights_sitenote_category":0,"footnotes":""},"class_list":["post-3706","page","type-page","status-publish","hentry"],"yoast_head":"<!-- This site is optimized with the Yoast SEO plugin v25.4 - https:\/\/yoast.com\/wordpress\/plugins\/seo\/ -->\n<title>Vojin \u010cukuranovi\u0107Vojin \u010cukuranovi\u0107 - Institute for European Affairs<\/title>\n<meta name=\"robots\" content=\"index, follow, max-snippet:-1, max-image-preview:large, max-video-preview:-1\" \/>\n<link rel=\"canonical\" href=\"https:\/\/iea.rs\/vojin-cukuranovic\/\" \/>\n<meta property=\"og:locale\" content=\"en_US\" \/>\n<meta property=\"og:type\" content=\"article\" \/>\n<meta property=\"og:title\" content=\"Vojin \u010cukuranovi\u0107Vojin \u010cukuranovi\u0107 - Institute for European Affairs\" \/>\n<meta property=\"og:description\" content=\"Media Activity Peer to Peer Education\" \/>\n<meta property=\"og:url\" content=\"https:\/\/iea.rs\/vojin-cukuranovic\/\" \/>\n<meta property=\"og:site_name\" content=\"Institute for European Affairs\" \/>\n<meta property=\"article:modified_time\" content=\"2015-02-23T14:00:53+00:00\" \/>\n<meta property=\"og:image\" content=\"http:\/\/iea.rs\/wp-content\/uploads\/2012\/11\/Vojin-\u00bcukuranovi\u00e5-150x150.jpg\" \/>\n<meta name=\"twitter:card\" content=\"summary_large_image\" \/>\n<script type=\"application\/ld+json\" class=\"yoast-schema-graph\">{\"@context\":\"https:\/\/schema.org\",\"@graph\":[{\"@type\":\"WebPage\",\"@id\":\"https:\/\/iea.rs\/vojin-cukuranovic\/\",\"url\":\"https:\/\/iea.rs\/vojin-cukuranovic\/\",\"name\":\"Vojin \u010cukuranovi\u0107Vojin \u010cukuranovi\u0107 - Institute for European Affairs\",\"isPartOf\":{\"@id\":\"https:\/\/iea.rs\/#website\"},\"datePublished\":\"2015-02-08T12:24:23+00:00\",\"dateModified\":\"2015-02-23T14:00:53+00:00\",\"breadcrumb\":{\"@id\":\"https:\/\/iea.rs\/vojin-cukuranovic\/#breadcrumb\"},\"inLanguage\":\"en-US\",\"potentialAction\":[{\"@type\":\"ReadAction\",\"target\":[\"https:\/\/iea.rs\/vojin-cukuranovic\/\"]}]},{\"@type\":\"BreadcrumbList\",\"@id\":\"https:\/\/iea.rs\/vojin-cukuranovic\/#breadcrumb\",\"itemListElement\":[{\"@type\":\"ListItem\",\"position\":1,\"name\":\"\u041f\u043e\u0447\u0435\u0442\u043d\u0430\",\"item\":\"https:\/\/iea.rs\/\"},{\"@type\":\"ListItem\",\"position\":2,\"name\":\"Vojin \u010cukuranovi\u0107\"}]},{\"@type\":\"WebSite\",\"@id\":\"https:\/\/iea.rs\/#website\",\"url\":\"https:\/\/iea.rs\/\",\"name\":\"Institute for European Affairs\",\"description\":\"\",\"potentialAction\":[{\"@type\":\"SearchAction\",\"target\":{\"@type\":\"EntryPoint\",\"urlTemplate\":\"https:\/\/iea.rs\/?s={search_term_string}\"},\"query-input\":{\"@type\":\"PropertyValueSpecification\",\"valueRequired\":true,\"valueName\":\"search_term_string\"}}],\"inLanguage\":\"en-US\"}]}<\/script>\n<!-- \/ Yoast SEO plugin. -->","yoast_head_json":{"title":"Vojin \u010cukuranovi\u0107Vojin \u010cukuranovi\u0107 - Institute for European Affairs","robots":{"index":"index","follow":"follow","max-snippet":"max-snippet:-1","max-image-preview":"max-image-preview:large","max-video-preview":"max-video-preview:-1"},"canonical":"https:\/\/iea.rs\/vojin-cukuranovic\/","og_locale":"en_US","og_type":"article","og_title":"Vojin \u010cukuranovi\u0107Vojin \u010cukuranovi\u0107 - Institute for European Affairs","og_description":"Media Activity Peer to Peer Education","og_url":"https:\/\/iea.rs\/vojin-cukuranovic\/","og_site_name":"Institute for European Affairs","article_modified_time":"2015-02-23T14:00:53+00:00","og_image":[{"url":"http:\/\/iea.rs\/wp-content\/uploads\/2012\/11\/Vojin-\u00bcukuranovi\u00e5-150x150.jpg","type":"","width":"","height":""}],"twitter_card":"summary_large_image","schema":{"@context":"https:\/\/schema.org","@graph":[{"@type":"WebPage","@id":"https:\/\/iea.rs\/vojin-cukuranovic\/","url":"https:\/\/iea.rs\/vojin-cukuranovic\/","name":"Vojin \u010cukuranovi\u0107Vojin \u010cukuranovi\u0107 - Institute for European Affairs","isPartOf":{"@id":"https:\/\/iea.rs\/#website"},"datePublished":"2015-02-08T12:24:23+00:00","dateModified":"2015-02-23T14:00:53+00:00","breadcrumb":{"@id":"https:\/\/iea.rs\/vojin-cukuranovic\/#breadcrumb"},"inLanguage":"en-US","potentialAction":[{"@type":"ReadAction","target":["https:\/\/iea.rs\/vojin-cukuranovic\/"]}]},{"@type":"BreadcrumbList","@id":"https:\/\/iea.rs\/vojin-cukuranovic\/#breadcrumb","itemListElement":[{"@type":"ListItem","position":1,"name":"\u041f\u043e\u0447\u0435\u0442\u043d\u0430","item":"https:\/\/iea.rs\/"},{"@type":"ListItem","position":2,"name":"Vojin \u010cukuranovi\u0107"}]},{"@type":"WebSite","@id":"https:\/\/iea.rs\/#website","url":"https:\/\/iea.rs\/","name":"Institute for European Affairs","description":"","potentialAction":[{"@type":"SearchAction","target":{"@type":"EntryPoint","urlTemplate":"https:\/\/iea.rs\/?s={search_term_string}"},"query-input":{"@type":"PropertyValueSpecification","valueRequired":true,"valueName":"search_term_string"}}],"inLanguage":"en-US"}]}},"_links":{"self":[{"href":"https:\/\/iea.rs\/en\/wp-json\/wp\/v2\/pages\/3706","targetHints":{"allow":["GET"]}}],"collection":[{"href":"https:\/\/iea.rs\/en\/wp-json\/wp\/v2\/pages"}],"about":[{"href":"https:\/\/iea.rs\/en\/wp-json\/wp\/v2\/types\/page"}],"author":[{"embeddable":true,"href":"https:\/\/iea.rs\/en\/wp-json\/wp\/v2\/users\/3"}],"replies":[{"embeddable":true,"href":"https:\/\/iea.rs\/en\/wp-json\/wp\/v2\/comments?post=3706"}],"version-history":[{"count":0,"href":"https:\/\/iea.rs\/en\/wp-json\/wp\/v2\/pages\/3706\/revisions"}],"wp:attachment":[{"href":"https:\/\/iea.rs\/en\/wp-json\/wp\/v2\/media?parent=3706"}],"curies":[{"name":"wp","href":"https:\/\/api.w.org\/{rel}","templated":true}]}}