{"id":4581,"date":"2016-02-29T22:35:17","date_gmt":"2016-02-29T21:35:17","guid":{"rendered":"http:\/\/iea.rs\/?page_id=4581"},"modified":"2016-02-29T22:35:17","modified_gmt":"2016-02-29T21:35:17","slug":"durda-kovac","status":"publish","type":"page","link":"https:\/\/iea.rs\/en\/durda-kovac\/","title":{"rendered":"Djurdja Kovac"},"content":{"rendered":"<p><\/p>\n<p style=\"text-align: justify;\" align=\"justify\"><span lang=\"sr-Latn-RS\"><a href=\"http:\/\/iea.rs\/wp-content\/uploads\/2016\/02\/djurdjakovac.jpg\" rel=\"attachment wp-att-4583\"><img loading=\"lazy\" decoding=\"async\" class=\"alignright size-full wp-image-4583\" src=\"http:\/\/iea.rs\/wp-content\/uploads\/2016\/02\/djurdjakovac.jpg\" alt=\"djurdjakovac\" width=\"220\" height=\"300\" \/><\/a>Djurdja was born in Belgrade. She graduated from the Faculty of Political Sciences University of Belgrade, department of International Studies, modul European Integration. She is currently enrolled on MA studies of Environmental policy, on the same faculty. <\/span><\/p>\n<p style=\"text-align: justify;\" align=\"justify\"><span lang=\"sr-Latn-RS\">During her high school and college days, she engaged herself in variety of projects, conferences, seminars, and as an activist in a humanitarian organization \u201e Smile as a gift\u201c, she helped improving the academic and social progress of the childen from Kosovo and Metohija.<\/span><\/p>\n<p style=\"text-align: justify;\" align=\"justify\"><a name=\"_GoBack\"><\/a> <span lang=\"sr-Latn-RS\">As an intern in \u201eBelgrade Centre for Security Policy\u201c, she is involved in research on the issues of integrity in security sector in Serbia, as well as focussing on the EU Serious and Organised Crime Threat Assessment (SOCTA), the Nacional Strategy for Combating Organised Crime, and Ecological Security. As an alumni in \u201eZoran Djindjic Foundation\u201c, Djurdja has the opportunity to be part of the summer school of democratisation in post-conflict societies, held in Konstanz, where she discussed with the colleagues from both Serbia and Konstanz about identity, political and other issues of the regimes in ex Jugoslavia countries.<\/span><\/p>\n<p style=\"text-align: justify;\" align=\"justify\"><span lang=\"sr-Latn-RS\">She strongly encourages the youth activism, as well as improving standards of academic and work prosperity for educated and motivated individuals in Serbia, by working as a PR &amp; Marketing Coordinator in \u201ePortal mladi\u201c organization.<\/span><\/p>\n<p style=\"text-align: justify;\" align=\"justify\"><span lang=\"sr-Latn-RS\">In her spare time, she enjoys travelling and learning about different cultures and languages, but also practicing rhythmic gymnastics .<\/span><\/p>\n<p><\/p>","protected":false},"excerpt":{"rendered":"<p>Djurdja was born in Belgrade. She graduated from the Faculty of Political Sciences University of Belgrade, department of International Studies, modul European Integration. She is &hellip; <a class=\"more-btn\" href=\"https:\/\/iea.rs\/en\/durda-kovac\/\">Read more &raquo;<\/a><\/p>\n","protected":false},"author":3,"featured_media":0,"parent":0,"menu_order":0,"comment_status":"closed","ping_status":"closed","template":"fullwidth.php","meta":{"_monsterinsights_skip_tracking":false,"_monsterinsights_sitenote_active":false,"_monsterinsights_sitenote_note":"","_monsterinsights_sitenote_category":0,"footnotes":""},"class_list":["post-4581","page","type-page","status-publish","hentry"],"yoast_head":"<!-- This site is optimized with the Yoast SEO plugin v25.4 - https:\/\/yoast.com\/wordpress\/plugins\/seo\/ -->\n<title>Djurdja Kovac - Institute for European Affairs<\/title>\n<meta name=\"robots\" content=\"index, follow, max-snippet:-1, max-image-preview:large, max-video-preview:-1\" \/>\n<link rel=\"canonical\" href=\"https:\/\/iea.rs\/durda-kovac\/\" \/>\n<meta property=\"og:locale\" content=\"en_US\" \/>\n<meta property=\"og:type\" content=\"article\" \/>\n<meta property=\"og:title\" content=\"[:en]Djurdja Kovac[:sr]\u0110ur\u0111a Kova\u010d[:] - Institute for European Affairs\" \/>\n<meta property=\"og:description\" content=\"Djurdja was born in Belgrade. She graduated from the Faculty of Political Sciences University of Belgrade, department of International Studies, modul European Integration. She is &hellip; Read more &raquo;\" \/>\n<meta property=\"og:url\" content=\"https:\/\/iea.rs\/durda-kovac\/\" \/>\n<meta property=\"og:site_name\" content=\"Institute for European Affairs\" \/>\n<meta property=\"og:image\" content=\"http:\/\/iea.rs\/wp-content\/uploads\/2016\/02\/djurdjakovac.jpg\" \/>\n<meta name=\"twitter:card\" content=\"summary_large_image\" \/>\n<meta name=\"twitter:label1\" content=\"Est. reading time\" \/>\n\t<meta name=\"twitter:data1\" content=\"2 minutes\" \/>\n<script type=\"application\/ld+json\" class=\"yoast-schema-graph\">{\"@context\":\"https:\/\/schema.org\",\"@graph\":[{\"@type\":\"WebPage\",\"@id\":\"https:\/\/iea.rs\/durda-kovac\/\",\"url\":\"https:\/\/iea.rs\/durda-kovac\/\",\"name\":\"[:en]Djurdja Kovac[:sr]\u0110ur\u0111a Kova\u010d[:] - Institute for European Affairs\",\"isPartOf\":{\"@id\":\"https:\/\/iea.rs\/#website\"},\"primaryImageOfPage\":{\"@id\":\"https:\/\/iea.rs\/durda-kovac\/#primaryimage\"},\"image\":{\"@id\":\"https:\/\/iea.rs\/durda-kovac\/#primaryimage\"},\"thumbnailUrl\":\"http:\/\/iea.rs\/wp-content\/uploads\/2016\/02\/djurdjakovac.jpg\",\"datePublished\":\"2016-02-29T21:35:17+00:00\",\"breadcrumb\":{\"@id\":\"https:\/\/iea.rs\/durda-kovac\/#breadcrumb\"},\"inLanguage\":\"en-US\",\"potentialAction\":[{\"@type\":\"ReadAction\",\"target\":[\"https:\/\/iea.rs\/durda-kovac\/\"]}]},{\"@type\":\"ImageObject\",\"inLanguage\":\"en-US\",\"@id\":\"https:\/\/iea.rs\/durda-kovac\/#primaryimage\",\"url\":\"http:\/\/iea.rs\/wp-content\/uploads\/2016\/02\/djurdjakovac.jpg\",\"contentUrl\":\"http:\/\/iea.rs\/wp-content\/uploads\/2016\/02\/djurdjakovac.jpg\"},{\"@type\":\"BreadcrumbList\",\"@id\":\"https:\/\/iea.rs\/durda-kovac\/#breadcrumb\",\"itemListElement\":[{\"@type\":\"ListItem\",\"position\":1,\"name\":\"\u041f\u043e\u0447\u0435\u0442\u043d\u0430\",\"item\":\"https:\/\/iea.rs\/\"},{\"@type\":\"ListItem\",\"position\":2,\"name\":\"\u0110ur\u0111a Kova\u010d\"}]},{\"@type\":\"WebSite\",\"@id\":\"https:\/\/iea.rs\/#website\",\"url\":\"https:\/\/iea.rs\/\",\"name\":\"Institute for European Affairs\",\"description\":\"\",\"potentialAction\":[{\"@type\":\"SearchAction\",\"target\":{\"@type\":\"EntryPoint\",\"urlTemplate\":\"https:\/\/iea.rs\/?s={search_term_string}\"},\"query-input\":{\"@type\":\"PropertyValueSpecification\",\"valueRequired\":true,\"valueName\":\"search_term_string\"}}],\"inLanguage\":\"en-US\"}]}<\/script>\n<!-- \/ Yoast SEO plugin. -->","yoast_head_json":{"title":"[:en]Djurdja Kovac[:sr]\u0110ur\u0111a Kova\u010d[:] - Institute for European Affairs","robots":{"index":"index","follow":"follow","max-snippet":"max-snippet:-1","max-image-preview":"max-image-preview:large","max-video-preview":"max-video-preview:-1"},"canonical":"https:\/\/iea.rs\/durda-kovac\/","og_locale":"en_US","og_type":"article","og_title":"[:en]Djurdja Kovac[:sr]\u0110ur\u0111a Kova\u010d[:] - Institute for European Affairs","og_description":"Djurdja was born in Belgrade. She graduated from the Faculty of Political Sciences University of Belgrade, department of International Studies, modul European Integration. She is &hellip; Read more &raquo;","og_url":"https:\/\/iea.rs\/durda-kovac\/","og_site_name":"Institute for European Affairs","og_image":[{"url":"http:\/\/iea.rs\/wp-content\/uploads\/2016\/02\/djurdjakovac.jpg","type":"","width":"","height":""}],"twitter_card":"summary_large_image","twitter_misc":{"Est. reading time":"2 minutes"},"schema":{"@context":"https:\/\/schema.org","@graph":[{"@type":"WebPage","@id":"https:\/\/iea.rs\/durda-kovac\/","url":"https:\/\/iea.rs\/durda-kovac\/","name":"[:en]Djurdja Kovac[:sr]\u0110ur\u0111a Kova\u010d[:] - Institute for European Affairs","isPartOf":{"@id":"https:\/\/iea.rs\/#website"},"primaryImageOfPage":{"@id":"https:\/\/iea.rs\/durda-kovac\/#primaryimage"},"image":{"@id":"https:\/\/iea.rs\/durda-kovac\/#primaryimage"},"thumbnailUrl":"http:\/\/iea.rs\/wp-content\/uploads\/2016\/02\/djurdjakovac.jpg","datePublished":"2016-02-29T21:35:17+00:00","breadcrumb":{"@id":"https:\/\/iea.rs\/durda-kovac\/#breadcrumb"},"inLanguage":"en-US","potentialAction":[{"@type":"ReadAction","target":["https:\/\/iea.rs\/durda-kovac\/"]}]},{"@type":"ImageObject","inLanguage":"en-US","@id":"https:\/\/iea.rs\/durda-kovac\/#primaryimage","url":"http:\/\/iea.rs\/wp-content\/uploads\/2016\/02\/djurdjakovac.jpg","contentUrl":"http:\/\/iea.rs\/wp-content\/uploads\/2016\/02\/djurdjakovac.jpg"},{"@type":"BreadcrumbList","@id":"https:\/\/iea.rs\/durda-kovac\/#breadcrumb","itemListElement":[{"@type":"ListItem","position":1,"name":"\u041f\u043e\u0447\u0435\u0442\u043d\u0430","item":"https:\/\/iea.rs\/"},{"@type":"ListItem","position":2,"name":"\u0110ur\u0111a Kova\u010d"}]},{"@type":"WebSite","@id":"https:\/\/iea.rs\/#website","url":"https:\/\/iea.rs\/","name":"Institute for European Affairs","description":"","potentialAction":[{"@type":"SearchAction","target":{"@type":"EntryPoint","urlTemplate":"https:\/\/iea.rs\/?s={search_term_string}"},"query-input":{"@type":"PropertyValueSpecification","valueRequired":true,"valueName":"search_term_string"}}],"inLanguage":"en-US"}]}},"_links":{"self":[{"href":"https:\/\/iea.rs\/en\/wp-json\/wp\/v2\/pages\/4581","targetHints":{"allow":["GET"]}}],"collection":[{"href":"https:\/\/iea.rs\/en\/wp-json\/wp\/v2\/pages"}],"about":[{"href":"https:\/\/iea.rs\/en\/wp-json\/wp\/v2\/types\/page"}],"author":[{"embeddable":true,"href":"https:\/\/iea.rs\/en\/wp-json\/wp\/v2\/users\/3"}],"replies":[{"embeddable":true,"href":"https:\/\/iea.rs\/en\/wp-json\/wp\/v2\/comments?post=4581"}],"version-history":[{"count":0,"href":"https:\/\/iea.rs\/en\/wp-json\/wp\/v2\/pages\/4581\/revisions"}],"wp:attachment":[{"href":"https:\/\/iea.rs\/en\/wp-json\/wp\/v2\/media?parent=4581"}],"curies":[{"name":"wp","href":"https:\/\/api.w.org\/{rel}","templated":true}]}}