{"id":4664,"date":"2016-07-11T22:52:13","date_gmt":"2016-07-11T20:52:13","guid":{"rendered":"http:\/\/iea.rs\/?page_id=4664"},"modified":"2016-07-11T22:55:37","modified_gmt":"2016-07-11T20:55:37","slug":"radimo-za-mir","status":"publish","type":"page","link":"https:\/\/iea.rs\/en\/radimo-za-mir\/","title":{"rendered":"Radimo za mir"},"content":{"rendered":"<p><img loading=\"lazy\" decoding=\"async\" class=\"aligncenter size-full wp-image-4665\" src=\"http:\/\/iea.rs\/wp-content\/uploads\/2016\/07\/Work-for-peace.jpg\" alt=\"Work for peace\" width=\"940\" height=\"774\" srcset=\"https:\/\/iea.rs\/wp-content\/uploads\/2016\/07\/Work-for-peace.jpg 940w, https:\/\/iea.rs\/wp-content\/uploads\/2016\/07\/Work-for-peace-729x600.jpg 729w, https:\/\/iea.rs\/wp-content\/uploads\/2016\/07\/Work-for-peace-768x632.jpg 768w, https:\/\/iea.rs\/wp-content\/uploads\/2016\/07\/Work-for-peace-473x389.jpg 473w, https:\/\/iea.rs\/wp-content\/uploads\/2016\/07\/Work-for-peace-726x598.jpg 726w\" sizes=\"auto, (max-width: 940px) 100vw, 940px\" \/><\/p>\n<p>[tabgarb]<br \/>\ntab1=O programu=active<br \/>\ntab2=Aplikacioni proces<\/p>\n<p>[\/tabgarb]<\/p>\n<p>[tabgarb=tab1]<\/p>\n<p style=\"text-align: justify;\">Institut za evropske poslove, zajedno sa kolegama iz Nema\u010dke komisije za grobove osoba stradalih u ratu otvara konkurs za u\u010de\u0161\u0107e na zajedni\u010dkom obrazovnom programu sa studijskom posetom Mathauzenu, i kratkim posetama Berlinu, Be\u010du i Lincu.<\/p>\n<p style=\"text-align: justify;\">Ove godine okupi\u0107emo mlade u\u010desnike od 16 do 24 godine i diskutovati o suo\u010davanju sa nacional-socijalisti\u010dkom diktaturom u Nema\u010dkoj, kulturi se\u0107anja i o tome da li postoji jedinstvena evropska istorija koju mo\u017eemo smatrati zajedni\u010dkom ili nam raznorodne verzije o sukobima na evropskom tlu govore druga\u010dije. Po\u010detkom avgusta 2016. godine u\u010desnici \u0107e u Mathauzenu, idili\u010dnom mestu u Austriji, pored reke Dunav i grada Linca, ali mnogo poznatijem po koncentracionom nacisti\u010dkom logoru tokom II svetskog rata u\u010diti o kulturnom nasle\u0111u i se\u0107anju, saznati vi\u0161e o procesu pomirenja izme\u0111u Nema\u010dke i sila pobednica u poslednjih par decenija.<\/p>\n<p style=\"text-align: justify;\">\u00a0\u00a0\u00a0\u00a0\u00a0\u00a0\u00a0\u00a0\u00a0\u00a0\u00a0 Nakon izu\u010davanja metoda pribavljanja podataka, poput intervjuisanja ispitanika, analize diskursa, biografske metode, itd. u\u010desnici \u0107e imati priliku da u\u010destvuju i u o\u010duvanju logora Mathauzen kako bi pri\u010da o stradanjima mogla da bude prenesena i na budu\u0107e generacije. Evropa posle drugog svetskog rada i nema\u010dka pri\u010da su nezamislive bez suo\u010davanja sa pro\u0161lo\u0161\u0107u, te \u0107e u\u010desnici diskutovati i grupi uzroka rata, kao i o uticaju koje je imao na kasnije doga\u0111aje, poseti\u0107e istorijska mesta i koristi\u0107e svoje kreativne ve\u0161tine da prenesu znanje koje su stekli tokom programa. Tokom studijske posete u\u010desnici \u0107e posetiti i druge lokalitete od velikog zna\u010daja za evropsko se\u0107anje, kako bi mogli da naprave pore\u0111enje sa doga\u0111ajima iz na\u0161eg regiona, ali i da diskutuju o ulozi Ujedinjenih nacija i Evropske unije u re\u0161avanju konflikata.<\/p>\n<p style=\"text-align: justify;\">\u00a0\u00a0\u00a0\u00a0\u00a0\u00a0\u00a0\u00a0\u00a0\u00a0\u00a0 U\u010desnici \u0107e putem radionica, diskusija i sastanaka imati priliku da istra\u017ee sopstvenu perspektivu u odnosu na istoriju, s obzirom na zemlje iz kojih dolaze, i uporede ih sa drugima, kako bi do\u0161li do zajedni\u010dkih zaklju\u010daka. Putem zajedni\u010dkih aktivnosti i kulturnih doga\u0111aja kojima \u0107e prisustvovati, u\u010desnici \u0107e imati priliku da razviju toleranciju i razumevanje prema mi\u0161ljenju i stavovima drugih. Pored toga, bavi\u0107e se osnovnim odlikama Evropske unije koje se ti\u010du razmene ideja i iskustava mladih, \u0161to \u0107e im biti od pomo\u0107i kada budu organizovali omladinske programe u svojim zemljama sa jo\u0161 ve\u0107im i zna\u010dajnijim uspehom. Zajedno radimo za mir gde se ne bavimo samo razli\u010ditim perspektivama u pogledu istorije, ve\u0107 razmatramo prilike za bezbednu i mirnu budu\u0107nost Evrope, u kontekstu delovanja mladih.<\/p>\n<p>[\/tabgarb]<\/p>\n<p>[tabgarb=tab2]<\/p>\n<p><strong>Ko mo\u017ee da se prijavi?<\/strong><\/p>\n<p>Dr\u017eavljanstvo ili stalno prebivali\u0161te u Srbiji<\/p>\n<p>Uzrasta 16 \u2013 24 godine;<\/p>\n<p>Govori engleski jezik;<\/p>\n<p>Ume i voli da pi\u0161e;<\/p>\n<p>U mogu\u0107nosti je da prisustvuje studijskoj poseti u celosti, od 31. jula 2016 do 13. avgusta 2016. godine<\/p>\n<p>Poseduje va\u017ee\u0107i paso\u0161 i putno osiguranje za put<\/p>\n<p><strong>Participacija<\/strong><\/p>\n<p>Tokom studijskih poseta Austriji i posete Berlinu, sme\u0161taj, hrana i pi\u0107e, kao i same posete bi\u0107e obezbe\u0111eni od strane organizatora. <strong>U\u010desnici iz Srbije pla\u0107aju participaciju u iznosu od 190\u20ac, i u obavezi su da pokriju putne tro\u0161kove do i od Berlina. U\u010desnici se okupljaju u Berlinu 31.jula 2016 u 08:00, odakle \u0107e \u010ditav tim krenuti autobusom do Mathauzena.<\/strong> <strong>Povratak je planiran za 13. avgust 2016, gde \u0107e u\u010desnici iz Mathauzena sti\u0107i u Berlin oko 20:00.<\/strong><\/p>\n<p><strong>Trajanje programa<\/strong><\/p>\n<ol start=\"27\">\n<li>Jun 2016: Otvoren konkurs,<\/li>\n<li>Jul 2016: Zatvaranje konkursa u 23:59h,<\/li>\n<li>Jul 2016: Rezultati selekcije,<\/li>\n<li>Jul 2016: Pripremni sastanak odabranih kandidata,<\/li>\n<li>jul \u2013 13. avgust 2016: Studijska poseta Austriji uz posetu Berlinu<\/li>\n<\/ol>\n<p>Oktobar 2016: pisanje eseja.<\/p>\n<p><strong>Kako se prijaviti?<\/strong><\/p>\n<p>Popunite prijavni formular i po\u0161aljite ga najkasnije do 10. jula 2016. do 23:59 \u010dasova. na mail\u00a0<a href=\"mailto:office@iea.rs\">office@iea.rs<\/a><\/p>\n<h3 style=\"text-align: center;\"><a href=\"http:\/\/iea.rs\/wp-content\/uploads\/2016\/07\/Application-Form.doc\">PREUZMITE PRIJAVNI FORMULAR<\/a><\/h3>\n<p>[\/tabgarb]<br \/>\n[tabgarb=tab3]<\/p>\n<p>[\/tabgarb]<\/p>\n","protected":false},"excerpt":{"rendered":"<p>[tabgarb] tab1=O programu=active tab2=Aplikacioni proces [\/tabgarb] [tabgarb=tab1] Institut za evropske poslove, zajedno sa kolegama iz Nema\u010dke komisije za grobove osoba stradalih u ratu otvara konkurs &hellip; <a class=\"more-btn\" href=\"https:\/\/iea.rs\/en\/radimo-za-mir\/\">Read more &raquo;<\/a><\/p>\n","protected":false},"author":3,"featured_media":0,"parent":0,"menu_order":0,"comment_status":"closed","ping_status":"closed","template":"fullwidth.php","meta":{"_monsterinsights_skip_tracking":false,"_monsterinsights_sitenote_active":false,"_monsterinsights_sitenote_note":"","_monsterinsights_sitenote_category":0,"footnotes":""},"class_list":["post-4664","page","type-page","status-publish","hentry"],"yoast_head":"<!-- This site is optimized with the Yoast SEO plugin v25.4 - https:\/\/yoast.com\/wordpress\/plugins\/seo\/ -->\n<title>Radimo za mir - Institute for European Affairs<\/title>\n<meta name=\"robots\" content=\"index, follow, max-snippet:-1, max-image-preview:large, max-video-preview:-1\" \/>\n<link rel=\"canonical\" href=\"https:\/\/iea.rs\/radimo-za-mir\/\" \/>\n<meta property=\"og:locale\" content=\"en_US\" \/>\n<meta property=\"og:type\" content=\"article\" \/>\n<meta property=\"og:title\" content=\"Radimo za mir - Institute for European Affairs\" \/>\n<meta property=\"og:description\" content=\"[tabgarb] tab1=O programu=active tab2=Aplikacioni proces [\/tabgarb] [tabgarb=tab1] Institut za evropske poslove, zajedno sa kolegama iz Nema\u010dke komisije za grobove osoba stradalih u ratu otvara konkurs &hellip; Read more &raquo;\" \/>\n<meta property=\"og:url\" content=\"https:\/\/iea.rs\/radimo-za-mir\/\" \/>\n<meta property=\"og:site_name\" content=\"Institute for European Affairs\" \/>\n<meta property=\"article:modified_time\" content=\"2016-07-11T20:55:37+00:00\" \/>\n<meta property=\"og:image\" content=\"http:\/\/iea.rs\/wp-content\/uploads\/2016\/07\/Work-for-peace.jpg\" \/>\n<meta name=\"twitter:card\" content=\"summary_large_image\" \/>\n<meta name=\"twitter:label1\" content=\"Est. reading time\" \/>\n\t<meta name=\"twitter:data1\" content=\"3 minutes\" \/>\n<script type=\"application\/ld+json\" class=\"yoast-schema-graph\">{\"@context\":\"https:\/\/schema.org\",\"@graph\":[{\"@type\":\"WebPage\",\"@id\":\"https:\/\/iea.rs\/radimo-za-mir\/\",\"url\":\"https:\/\/iea.rs\/radimo-za-mir\/\",\"name\":\"Radimo za mir - Institute for European Affairs\",\"isPartOf\":{\"@id\":\"https:\/\/iea.rs\/#website\"},\"primaryImageOfPage\":{\"@id\":\"https:\/\/iea.rs\/radimo-za-mir\/#primaryimage\"},\"image\":{\"@id\":\"https:\/\/iea.rs\/radimo-za-mir\/#primaryimage\"},\"thumbnailUrl\":\"http:\/\/iea.rs\/wp-content\/uploads\/2016\/07\/Work-for-peace.jpg\",\"datePublished\":\"2016-07-11T20:52:13+00:00\",\"dateModified\":\"2016-07-11T20:55:37+00:00\",\"breadcrumb\":{\"@id\":\"https:\/\/iea.rs\/radimo-za-mir\/#breadcrumb\"},\"inLanguage\":\"en-US\",\"potentialAction\":[{\"@type\":\"ReadAction\",\"target\":[\"https:\/\/iea.rs\/radimo-za-mir\/\"]}]},{\"@type\":\"ImageObject\",\"inLanguage\":\"en-US\",\"@id\":\"https:\/\/iea.rs\/radimo-za-mir\/#primaryimage\",\"url\":\"http:\/\/iea.rs\/wp-content\/uploads\/2016\/07\/Work-for-peace.jpg\",\"contentUrl\":\"http:\/\/iea.rs\/wp-content\/uploads\/2016\/07\/Work-for-peace.jpg\"},{\"@type\":\"BreadcrumbList\",\"@id\":\"https:\/\/iea.rs\/radimo-za-mir\/#breadcrumb\",\"itemListElement\":[{\"@type\":\"ListItem\",\"position\":1,\"name\":\"\u041f\u043e\u0447\u0435\u0442\u043d\u0430\",\"item\":\"https:\/\/iea.rs\/\"},{\"@type\":\"ListItem\",\"position\":2,\"name\":\"Radimo za mir\"}]},{\"@type\":\"WebSite\",\"@id\":\"https:\/\/iea.rs\/#website\",\"url\":\"https:\/\/iea.rs\/\",\"name\":\"Institute for European Affairs\",\"description\":\"\",\"potentialAction\":[{\"@type\":\"SearchAction\",\"target\":{\"@type\":\"EntryPoint\",\"urlTemplate\":\"https:\/\/iea.rs\/?s={search_term_string}\"},\"query-input\":{\"@type\":\"PropertyValueSpecification\",\"valueRequired\":true,\"valueName\":\"search_term_string\"}}],\"inLanguage\":\"en-US\"}]}<\/script>\n<!-- \/ Yoast SEO plugin. -->","yoast_head_json":{"title":"Radimo za mir - Institute for European Affairs","robots":{"index":"index","follow":"follow","max-snippet":"max-snippet:-1","max-image-preview":"max-image-preview:large","max-video-preview":"max-video-preview:-1"},"canonical":"https:\/\/iea.rs\/radimo-za-mir\/","og_locale":"en_US","og_type":"article","og_title":"Radimo za mir - Institute for European Affairs","og_description":"[tabgarb] tab1=O programu=active tab2=Aplikacioni proces [\/tabgarb] [tabgarb=tab1] Institut za evropske poslove, zajedno sa kolegama iz Nema\u010dke komisije za grobove osoba stradalih u ratu otvara konkurs &hellip; Read more &raquo;","og_url":"https:\/\/iea.rs\/radimo-za-mir\/","og_site_name":"Institute for European Affairs","article_modified_time":"2016-07-11T20:55:37+00:00","og_image":[{"url":"http:\/\/iea.rs\/wp-content\/uploads\/2016\/07\/Work-for-peace.jpg","type":"","width":"","height":""}],"twitter_card":"summary_large_image","twitter_misc":{"Est. reading time":"3 minutes"},"schema":{"@context":"https:\/\/schema.org","@graph":[{"@type":"WebPage","@id":"https:\/\/iea.rs\/radimo-za-mir\/","url":"https:\/\/iea.rs\/radimo-za-mir\/","name":"Radimo za mir - Institute for European Affairs","isPartOf":{"@id":"https:\/\/iea.rs\/#website"},"primaryImageOfPage":{"@id":"https:\/\/iea.rs\/radimo-za-mir\/#primaryimage"},"image":{"@id":"https:\/\/iea.rs\/radimo-za-mir\/#primaryimage"},"thumbnailUrl":"http:\/\/iea.rs\/wp-content\/uploads\/2016\/07\/Work-for-peace.jpg","datePublished":"2016-07-11T20:52:13+00:00","dateModified":"2016-07-11T20:55:37+00:00","breadcrumb":{"@id":"https:\/\/iea.rs\/radimo-za-mir\/#breadcrumb"},"inLanguage":"en-US","potentialAction":[{"@type":"ReadAction","target":["https:\/\/iea.rs\/radimo-za-mir\/"]}]},{"@type":"ImageObject","inLanguage":"en-US","@id":"https:\/\/iea.rs\/radimo-za-mir\/#primaryimage","url":"http:\/\/iea.rs\/wp-content\/uploads\/2016\/07\/Work-for-peace.jpg","contentUrl":"http:\/\/iea.rs\/wp-content\/uploads\/2016\/07\/Work-for-peace.jpg"},{"@type":"BreadcrumbList","@id":"https:\/\/iea.rs\/radimo-za-mir\/#breadcrumb","itemListElement":[{"@type":"ListItem","position":1,"name":"\u041f\u043e\u0447\u0435\u0442\u043d\u0430","item":"https:\/\/iea.rs\/"},{"@type":"ListItem","position":2,"name":"Radimo za mir"}]},{"@type":"WebSite","@id":"https:\/\/iea.rs\/#website","url":"https:\/\/iea.rs\/","name":"Institute for European Affairs","description":"","potentialAction":[{"@type":"SearchAction","target":{"@type":"EntryPoint","urlTemplate":"https:\/\/iea.rs\/?s={search_term_string}"},"query-input":{"@type":"PropertyValueSpecification","valueRequired":true,"valueName":"search_term_string"}}],"inLanguage":"en-US"}]}},"_links":{"self":[{"href":"https:\/\/iea.rs\/en\/wp-json\/wp\/v2\/pages\/4664","targetHints":{"allow":["GET"]}}],"collection":[{"href":"https:\/\/iea.rs\/en\/wp-json\/wp\/v2\/pages"}],"about":[{"href":"https:\/\/iea.rs\/en\/wp-json\/wp\/v2\/types\/page"}],"author":[{"embeddable":true,"href":"https:\/\/iea.rs\/en\/wp-json\/wp\/v2\/users\/3"}],"replies":[{"embeddable":true,"href":"https:\/\/iea.rs\/en\/wp-json\/wp\/v2\/comments?post=4664"}],"version-history":[{"count":0,"href":"https:\/\/iea.rs\/en\/wp-json\/wp\/v2\/pages\/4664\/revisions"}],"wp:attachment":[{"href":"https:\/\/iea.rs\/en\/wp-json\/wp\/v2\/media?parent=4664"}],"curies":[{"name":"wp","href":"https:\/\/api.w.org\/{rel}","templated":true}]}}