{"id":4819,"date":"2017-02-11T15:53:15","date_gmt":"2017-02-11T14:53:15","guid":{"rendered":"http:\/\/iea.rs\/?page_id=4819"},"modified":"2017-05-05T00:12:45","modified_gmt":"2017-05-04T22:12:45","slug":"yra-ismet-fatih-cancar","status":"publish","type":"page","link":"https:\/\/iea.rs\/en\/yra-ismet-fatih-cancar\/","title":{"rendered":"Ismet-Fatih Cancar"},"content":{"rendered":"<p>&nbsp;<\/p>\n<div id=\"attachment_2973\" style=\"width: 160px\" class=\"wp-caption aligncenter\"><img loading=\"lazy\" decoding=\"async\" aria-describedby=\"caption-attachment-2973\" class=\"wp-image-2973 size-thumbnail\" src=\"http:\/\/iea.rs\/wp-content\/uploads\/2014\/12\/Ismet-Fatih-Cancar-150x150.jpg\" alt=\"\" width=\"150\" height=\"150\" srcset=\"https:\/\/iea.rs\/wp-content\/uploads\/2014\/12\/Ismet-Fatih-Cancar-150x150.jpg 150w, https:\/\/iea.rs\/wp-content\/uploads\/2014\/12\/Ismet-Fatih-Cancar-50x50.jpg 50w, https:\/\/iea.rs\/wp-content\/uploads\/2014\/12\/Ismet-Fatih-Cancar-240x240.jpg 240w, https:\/\/iea.rs\/wp-content\/uploads\/2014\/12\/Ismet-Fatih-Cancar-100x100.jpg 100w\" sizes=\"auto, (max-width: 150px) 100vw, 150px\" \/><\/p>\n<p id=\"caption-attachment-2973\" class=\"wp-caption-text\">Ismet-Fatih Cancar<\/p>\n<\/div>\n<p>[tabgarb]<\/p>\n<p>tab1=Essay=active<br \/>\ntab2=Media Activity<br \/>\ntab3=Peer to Peer Education<br \/>\n[\/tabgarb]<\/p>\n<p>[tabgarb=tab1]<\/p>\n<p align=\"center\"><span lang=\"en-US\">My contribution to the Regional Reconciliation<\/span><\/p>\n<p align=\"justify\"><span lang=\"en-US\"> There has been four months since I finished the program of Youth Reconciliation Ambassadors, yet I&#8217;m not sure I&#8217;ll ever be capable of completely understanding my role in the reconciliation process.<\/span><\/p>\n<p align=\"justify\"><span lang=\"en-US\"> It is odd to say, but I had some bitter sweet taste coming into the project. I knew it would be intensive, as the agenda was presented, and I also knew that I&#8217;d be returning to one field where all my defense mechanism on the social, emotional and psychological side were useless, but I also knew that I&#8217;d finally get to see what do people think about the events that has single-handedly destroyed our society. <\/span><\/p>\n<p align=\"justify\"><span lang=\"en-US\">So the event itself has been full of positive experience; knowledge gathering on all sides, personality bursting in every occasion, views enlightened on every topic, but I won&#8217;t talk about that in this essay as it is a boring perspective of every new seminar you visit or take part of. Rather, the word of mine here will emphasize how much strength does one posses in contributing to changes among the thoughts of our peers. I always thought that world would be a better place than now. Full of love, happiness and other dull and dry phrases that go into this occasion. Then I realised that happiness doesn&#8217;t last, and that things change. With the history of the Balkan Peninsula that connects all of us after-war generations, questions that needed answers were always present. Who is the guilty side? Who is the victim? What are the consequences? Instead of all that, I decided not to bother myself with the same questions every single time. These ones are answered long time ago; with Srebrenica genocide, with Sarajevo bombing, with Kosovo cleansing, with years and years of demolition, brutalization and killing. What I wanted to know is what can be done so that we never experience anything like that again. Is there a common future for all of us here in the Western Balkan, where piece, reconciliation, prosperity and growth will be our main weapons to continue the road to success? Piece without justice is not possible. That is why my role here, as an Ambassador is to learn and transfer knowledge to the generation to come that historic facts and events must be known. That every war has brought nothing but suffering, and that working together with other young people from the region is the only way we will be able to move from this black hole we are currently in. It is therefore essential to maintain an attitude that will show that people are willing to progress, to sacrifice personal judgments for better social and political stability and well-being. I am not sure this is enough, or whether by time it will produce results, but I am sure it is a start. Something new that has been set as an obligation for us, the \u201cones\u201d that have seen that steps forward is a must, and that time is ticking. If there is something that the last 100 years have taught us, it is that history is known to repeat, and this region is not ready for something like that.<\/span><\/p>\n<p align=\"justify\"><span lang=\"en-US\"> I could continue on to talk about how I spent days after the event thinking of whether I will be ever able to come back to the same issues and share the same stories with some new people, maybe kids of our upcoming generation, but it would take me hours and hours to explain why. On the other side, I am already late with submitting this essay, and am pretty sure that Naim Leo and the rest of the company are on the verge of their patience, so I&#8217;ll just end up here with sincere regards for them allowing me to experience a once in a life time event. Thank you.<\/span><\/p>\n<p align=\"right\"><span lang=\"en-US\">Ismet \u2013 Fatih \u010can\u010dar<\/span><\/p>\n<p align=\"right\"><span lang=\"en-US\">Sarajevo, 16.03.2015<\/span><\/p>\n<p>[\/tabgarb]<\/p>\n<p>[tabgarb=tab2]<\/p>\n<div id=\"wp-accordion-2\" class=\"wp-accordion wpui-light wpui-styles wpui-tabs-horizontal\" data-style=\"wpui-light\">\n<h3 class=\"wp-tab-title\">Novo vrijeme<\/h3>\n<div class=\"wp-tab-content\">\n<div class=\"wp-tab-content-wrapper\">\n<h1 class=\"cat-title\">Budu\u0107e generacije mladih zajedno na izgradnji mira na Balkanu<\/h1>\n<h4>Politi\u010dki prostor zemalja nekada\u0161nje Jugoslavije, a posebno onaj njen dio koji jo\u0161 nije u\u0161ao u EU i NATO, posljednjih godina je u fokusu poja\u010dane aktivnosti organizacija civilnog dru\u0161tva, kako doma\u0107ih, tako i me\u0111unarodnih. Me\u0111unarodna zajednica je prepoznala da vjerodostojne i dugoro\u010dne promjene u postkonfliktnim dru\u0161tvima najlak\u0161e mogu pokrenuti organizacije civilnog dru\u0161tva. Zato je Omladinski odbor za obrazovanje pokrenuo projekat &#8220;Mladi ambasadori pomirenja&#8221;, \u0161estodnevni seminar koji se odr\u017eava u glavnom gradu Srbije \u2013 Beogradu<\/h4>\n<h6><\/h6>\n<div class=\"novi-raspored\">\n<div class=\"novi-clanak\">\n<p><img decoding=\"async\" class=\"center-block img-responsive wp-post-image\" src=\"http:\/\/novovrijeme.ba\/wp-content\/uploads\/37468.jpg\" alt=\"37468\" \/>Nakon \u010detveromjese\u010dne pauze, Omladinski odbor za obrazovanje, NVO iz Srbije vra\u0107a se u aprilu sa programom koji \u0107e obuhvatiti svih \u0161est generacija Mladih ambasadora pomirenja. Trodnevni seminar \u0107e okupiti sve u\u010desnike koji su pro\u0161li kroz program te \u0107e zajedno raditi saradnji sa mladima sa zapadnog Balkana. Bi\u0107e prikazani rezultati ostvareni do sada sa posebnim fokusom na analizi aktivnosti posljednje \u0161este generacije koja je odr\u017eana u decembru 2014. godine.<\/p>\n<p>Program je obuhvatio tri glavne teme, koje su obra\u0111ivane tokom vrlo intenzivnog osmo\u010dasovnog radnog dana: EU integracije, historija i proces pomirenja u regionu. U\u010desnici programa prisustvovali su predavanjima i diskusijama, a potom su organizirane posjete ambasadama, vladinim institucijama, univerzitetu, politi\u010dkim strankama i organizacijama civilnog dru\u0161tva. Predava\u010di i moderatori u programu su bili prominentni stru\u010dnjaci iz diplomatije, vladinih institucija, organizacija civilnog dru\u0161tva i sa univerziteta.<\/p>\n<p>\u0160estodnevni seminar (od 7. do 12. decembra) izazvao je veliku pa\u017enju kako na doma\u0107oj, tako i na regionalnoj sceni, a u\u010desnici, njih 20, bili su iz dr\u017eava biv\u0161e Jugoslavije: BiH, Makedonija, Srbija i Kosovo. Kao i prethodnih, i ove godine glavna tema bila je regionalna saradnja, proces pomirenja i evropske integracije kao osnovni mehanizam napretka i pobolj\u0161anja odnosa izme\u0111u dr\u017eava zapadnog Balkana.<\/p>\n<p>Na panelima i predavanjima u\u010desnici su zajedno sa predava\u010dima diskutirali o aktuelnim problemima me\u0111udr\u017eavnih odnosta na Balkanu i najboljim na\u010dinima njihovog rje\u0161avanjima. Posebna pa\u017enja posve\u0107ena je procesu evropskih integracija, i benefitima koje taj proces pru\u017ea zemljama u tranziciji.<\/p>\n<p>Program je obuhvatio obilizak i posjetu raznih dr\u017eavnih institucija poput Narodne skup\u0161tine Republike Srbije gdje su u\u010desnici razgovarali sa poslanikom Borkom Stefanovi\u0107em o temi \u201eUloga parlamenta u regionalnom pomirenju\u201c. U Tu\u017eila\u0161tvu za organizirani kriminal i ratne zlo\u010dine dobili su informacije o teku\u0107im aktivnostima u procesuiranju ratnih zlo\u010dina. U predstavni\u0161tvu EU-e gdje su sa Michael Devenportom, \u0161efom EU delegacije u Srbiji, razgovarali o putu Srbije i regiona ka Evropskoj uniji. Me\u0111u ostalim predava\u010dima su bili i Marijana Toma iz Fonda za humintarno pravo, Pierre Mire, biv\u0161i direktor Generalnog direktorata za zapadni Balkan, Janja Simenti\u0107 sa Fakulteta politi\u010dkih nauka Univerziteta u Beogradu, Valder Sadiku, oficir za vezu izme\u0111u Pri\u0161tine i Beograda te poznata novinarka Olja Be\u010dkovi\u0107.<\/p>\n<p>Uz podr\u0161ku Ambasade Velike Britanije svaki u\u010desnik je po zavr\u0161etku programa dobio certifikat i medalju kao budu\u0107i ambasador pomirenja. U\u010desnici su tako\u0111er obavezni da organizuju prate\u0107e aktivnosti programa u vidu pisanje eseja, medijskog pojavljivanja i vr\u0161nja\u010dke edukacije u svojim lokalnim zajednicama. Zvanje omladinskih ambasadora pomirenja koji sti\u010du nakon programa je samo po\u010detak, jer je cilj programa da budu\u0107e generacije mladih rade zajedno na izgradnji mira i prosperiteta na Balkanu.<\/p>\n<\/div>\n<\/div>\n<\/div>\n<\/div>\n<p><!-- end div.wp-tab-content --><\/p>\n<h3 class=\"wp-tab-title\">Studomat<\/h3>\n<div class=\"wp-tab-content\">\n<div class=\"wp-tab-content-wrapper\">\n<h1 class=\"name post-title entry-title\"><a href=\"http:\/\/studomat.ba\/mladi-ambasadori-pomirenja-put-ka-miru-i-prosperitetu\/47367\/\" target=\"_blank\" rel=\"noopener noreferrer\">Mladi ambasadori pomirenja \u2013 put ka miru i prosperitetu<\/a><\/h1>\n<div class=\"izvadak\">\n<p>U periodu od 7. do 12. decembra pro\u0161le godine ispra\u0107ena je posljednja (\u0161esta) generacija seminara Mladi ambasadori pomirenja u Beogradu u kojem je u\u010de\u0161\u0107e uzelo dvadeset mladih ljudi iz zemalja biv\u0161e Jugoslavije (BiH, Srbija, Makedonija i Kosovo). Pod organizacijom NO Omladinski odbor za obrazovanje, glavna tema je ponovo bila promocija pomirenja, te zajedni\u010dka tranzicija ka svijetlijoj budu\u0107nosti.<\/p>\n<\/div>\n<div class=\"entry\">\n<div id=\"__xclaimwords_wrapper\">\n<p><strong>U periodu od 7. do 12. decembra pro\u0161le godine ispra\u0107ena je posljednja (\u0161esta) generacija seminara Mladi ambasadori pomirenja u Beogradu u kojem je u\u010de\u0161\u0107e uzelo dvadeset mladih ljudi iz zemalja biv\u0161e Jugoslavije (BiH, Srbija, Makedonija i Kosovo). Pod organizacijom NO Omladinski odbor za obrazovanje, glavna tema je ponovo bila promocija pomirenja, te zajedni\u010dka tranzicija ka svijetlijoj budu\u0107nosti.<\/strong><\/p>\n<p><strong>Pi\u0161e: Ismet \u2013 Fatih \u010can\u010dar, Omladinski ambasador pomirenja<\/strong><\/p>\n<p>Seminar je okarakterisan kao \u0161estodnevni intezivni program u kojem su mladi iz regiona uz pomo\u0107 predava\u010da iz oblasti politike, me\u0111unarodnog prava i diplomatije diskutovali o Evropskoj integraciji kao osnovom mehanizmu tranzicije prema dugotrajnoj toleranciji i prosperitetnom razvoju zapadnog Balkana.<\/p>\n<p>Izme\u0111u ostalog, u\u010denici su posjetili vi\u0161e dr\u017eavnih institucija poput Narodne skup\u0161tine Republike Srbije, Tu\u017eila\u0161tva za organizirani kriminal i ratne zlo\u010dine, ured EU delegacije te slu\u0161ali zanimljiva predavanja o temama poput procesuiranju ratnih zlo\u010dina, procesa EU integracija i uloge parlamenta u regionalnom pomirenju.<\/p>\n<p>Svi u\u010desnici su zavr\u0161ili program sa dobivenim certifikatom, ali i mnogo ve\u0107om ulogom u budu\u0107nosti; a to je da rade na razvijanju svojih sredina, te promoviranju zajedni\u010dkog dijaloga i mira kao jedinog mogu\u0107eg mehanizma za postizanje trajne sigurnosti.<\/p>\n<\/div>\n<\/div>\n<\/div>\n<\/div>\n<p><!-- end div.wp-tab-content --><\/p>\n<\/div>\n<p><!-- end div.wp-tabs --><\/p>\n<p>[\/tabgarb]<\/p>\n<p>[tabgarb=tab3]<\/p>\n<p><a href=\"http:\/\/iea.rs\/wp-content\/uploads\/2017\/02\/10933213_10203187321835180_974495196_n.jpg\"><img loading=\"lazy\" decoding=\"async\" class=\"alignleft size-thumbnail wp-image-5043\" src=\"http:\/\/iea.rs\/wp-content\/uploads\/2017\/02\/10933213_10203187321835180_974495196_n-150x150.jpg\" alt=\"\" width=\"150\" height=\"150\" srcset=\"https:\/\/iea.rs\/wp-content\/uploads\/2017\/02\/10933213_10203187321835180_974495196_n-150x150.jpg 150w, https:\/\/iea.rs\/wp-content\/uploads\/2017\/02\/10933213_10203187321835180_974495196_n-50x50.jpg 50w, https:\/\/iea.rs\/wp-content\/uploads\/2017\/02\/10933213_10203187321835180_974495196_n-240x240.jpg 240w, https:\/\/iea.rs\/wp-content\/uploads\/2017\/02\/10933213_10203187321835180_974495196_n-100x100.jpg 100w\" sizes=\"auto, (max-width: 150px) 100vw, 150px\" \/><\/a> <a href=\"http:\/\/iea.rs\/wp-content\/uploads\/2017\/02\/10917677_10203187321035160_1270756708_n.jpg\"><img loading=\"lazy\" decoding=\"async\" class=\"alignleft size-thumbnail wp-image-5042\" src=\"http:\/\/iea.rs\/wp-content\/uploads\/2017\/02\/10917677_10203187321035160_1270756708_n-150x150.jpg\" alt=\"\" width=\"150\" height=\"150\" srcset=\"https:\/\/iea.rs\/wp-content\/uploads\/2017\/02\/10917677_10203187321035160_1270756708_n-150x150.jpg 150w, https:\/\/iea.rs\/wp-content\/uploads\/2017\/02\/10917677_10203187321035160_1270756708_n-50x50.jpg 50w, https:\/\/iea.rs\/wp-content\/uploads\/2017\/02\/10917677_10203187321035160_1270756708_n-240x240.jpg 240w, https:\/\/iea.rs\/wp-content\/uploads\/2017\/02\/10917677_10203187321035160_1270756708_n-100x100.jpg 100w\" sizes=\"auto, (max-width: 150px) 100vw, 150px\" \/><\/a> <a href=\"http:\/\/iea.rs\/wp-content\/uploads\/2017\/02\/10912961_10203187321675176_1360503158_n.jpg\"><img loading=\"lazy\" decoding=\"async\" class=\"alignleft size-thumbnail wp-image-5041\" src=\"http:\/\/iea.rs\/wp-content\/uploads\/2017\/02\/10912961_10203187321675176_1360503158_n-150x150.jpg\" alt=\"\" width=\"150\" height=\"150\" srcset=\"https:\/\/iea.rs\/wp-content\/uploads\/2017\/02\/10912961_10203187321675176_1360503158_n-150x150.jpg 150w, https:\/\/iea.rs\/wp-content\/uploads\/2017\/02\/10912961_10203187321675176_1360503158_n-50x50.jpg 50w, https:\/\/iea.rs\/wp-content\/uploads\/2017\/02\/10912961_10203187321675176_1360503158_n-240x240.jpg 240w, https:\/\/iea.rs\/wp-content\/uploads\/2017\/02\/10912961_10203187321675176_1360503158_n-100x100.jpg 100w\" sizes=\"auto, (max-width: 150px) 100vw, 150px\" \/><\/a> <a href=\"http:\/\/iea.rs\/wp-content\/uploads\/2017\/02\/10904701_10203187322075186_835221695_n.jpg\"><img loading=\"lazy\" decoding=\"async\" class=\"alignleft size-thumbnail wp-image-5040\" src=\"http:\/\/iea.rs\/wp-content\/uploads\/2017\/02\/10904701_10203187322075186_835221695_n-150x150.jpg\" alt=\"\" width=\"150\" height=\"150\" srcset=\"https:\/\/iea.rs\/wp-content\/uploads\/2017\/02\/10904701_10203187322075186_835221695_n-150x150.jpg 150w, https:\/\/iea.rs\/wp-content\/uploads\/2017\/02\/10904701_10203187322075186_835221695_n-50x50.jpg 50w, https:\/\/iea.rs\/wp-content\/uploads\/2017\/02\/10904701_10203187322075186_835221695_n-240x240.jpg 240w, https:\/\/iea.rs\/wp-content\/uploads\/2017\/02\/10904701_10203187322075186_835221695_n-100x100.jpg 100w\" sizes=\"auto, (max-width: 150px) 100vw, 150px\" \/><\/a><\/p>\n<p>[\/tabgarb]<\/p>","protected":false},"excerpt":{"rendered":"<p>&nbsp; [tabgarb] tab1=Essay=active tab2=Media Activity tab3=Peer to Peer Education [\/tabgarb] [tabgarb=tab1] My contribution to the Regional Reconciliation There has been four months since I finished &hellip; <a class=\"more-btn\" href=\"https:\/\/iea.rs\/en\/yra-ismet-fatih-cancar\/\">Read more &raquo;<\/a><\/p>\n","protected":false},"author":3,"featured_media":0,"parent":0,"menu_order":0,"comment_status":"closed","ping_status":"closed","template":"fullwidth.php","meta":{"_monsterinsights_skip_tracking":false,"_monsterinsights_sitenote_active":false,"_monsterinsights_sitenote_note":"","_monsterinsights_sitenote_category":0,"footnotes":""},"class_list":["post-4819","page","type-page","status-publish","hentry"],"yoast_head":"<!-- This site is optimized with the Yoast SEO plugin v25.4 - https:\/\/yoast.com\/wordpress\/plugins\/seo\/ -->\n<title>Ismet-Fatih Cancar - Institute for European Affairs<\/title>\n<meta name=\"robots\" content=\"index, follow, max-snippet:-1, max-image-preview:large, max-video-preview:-1\" \/>\n<link rel=\"canonical\" href=\"https:\/\/iea.rs\/yra-ismet-fatih-cancar\/\" \/>\n<meta property=\"og:locale\" content=\"en_US\" \/>\n<meta property=\"og:type\" content=\"article\" \/>\n<meta property=\"og:title\" content=\"Ismet-Fatih Cancar - Institute for European Affairs\" \/>\n<meta property=\"og:description\" content=\"&nbsp; [tabgarb] tab1=Essay=active tab2=Media Activity tab3=Peer to Peer Education [\/tabgarb] [tabgarb=tab1] My contribution to the Regional Reconciliation There has been four months since I finished &hellip; Read more &raquo;\" \/>\n<meta property=\"og:url\" content=\"https:\/\/iea.rs\/yra-ismet-fatih-cancar\/\" \/>\n<meta property=\"og:site_name\" content=\"Institute for European Affairs\" \/>\n<meta property=\"article:modified_time\" content=\"2017-05-04T22:12:45+00:00\" \/>\n<meta property=\"og:image\" content=\"http:\/\/iea.rs\/wp-content\/uploads\/2014\/12\/Ismet-Fatih-Cancar-150x150.jpg\" \/>\n<meta name=\"twitter:card\" content=\"summary_large_image\" \/>\n<meta name=\"twitter:label1\" content=\"Est. reading time\" \/>\n\t<meta name=\"twitter:data1\" content=\"15 minutes\" \/>\n<script type=\"application\/ld+json\" class=\"yoast-schema-graph\">{\"@context\":\"https:\/\/schema.org\",\"@graph\":[{\"@type\":\"WebPage\",\"@id\":\"https:\/\/iea.rs\/yra-ismet-fatih-cancar\/\",\"url\":\"https:\/\/iea.rs\/yra-ismet-fatih-cancar\/\",\"name\":\"Ismet-Fatih Cancar - Institute for European Affairs\",\"isPartOf\":{\"@id\":\"https:\/\/iea.rs\/#website\"},\"primaryImageOfPage\":{\"@id\":\"https:\/\/iea.rs\/yra-ismet-fatih-cancar\/#primaryimage\"},\"image\":{\"@id\":\"https:\/\/iea.rs\/yra-ismet-fatih-cancar\/#primaryimage\"},\"thumbnailUrl\":\"http:\/\/iea.rs\/wp-content\/uploads\/2014\/12\/Ismet-Fatih-Cancar-150x150.jpg\",\"datePublished\":\"2017-02-11T14:53:15+00:00\",\"dateModified\":\"2017-05-04T22:12:45+00:00\",\"breadcrumb\":{\"@id\":\"https:\/\/iea.rs\/yra-ismet-fatih-cancar\/#breadcrumb\"},\"inLanguage\":\"en-US\",\"potentialAction\":[{\"@type\":\"ReadAction\",\"target\":[\"https:\/\/iea.rs\/yra-ismet-fatih-cancar\/\"]}]},{\"@type\":\"ImageObject\",\"inLanguage\":\"en-US\",\"@id\":\"https:\/\/iea.rs\/yra-ismet-fatih-cancar\/#primaryimage\",\"url\":\"http:\/\/iea.rs\/wp-content\/uploads\/2014\/12\/Ismet-Fatih-Cancar-150x150.jpg\",\"contentUrl\":\"http:\/\/iea.rs\/wp-content\/uploads\/2014\/12\/Ismet-Fatih-Cancar-150x150.jpg\"},{\"@type\":\"BreadcrumbList\",\"@id\":\"https:\/\/iea.rs\/yra-ismet-fatih-cancar\/#breadcrumb\",\"itemListElement\":[{\"@type\":\"ListItem\",\"position\":1,\"name\":\"\u041f\u043e\u0447\u0435\u0442\u043d\u0430\",\"item\":\"https:\/\/iea.rs\/\"},{\"@type\":\"ListItem\",\"position\":2,\"name\":\"Ismet-Fatih Cancar\"}]},{\"@type\":\"WebSite\",\"@id\":\"https:\/\/iea.rs\/#website\",\"url\":\"https:\/\/iea.rs\/\",\"name\":\"Institute for European Affairs\",\"description\":\"\",\"potentialAction\":[{\"@type\":\"SearchAction\",\"target\":{\"@type\":\"EntryPoint\",\"urlTemplate\":\"https:\/\/iea.rs\/?s={search_term_string}\"},\"query-input\":{\"@type\":\"PropertyValueSpecification\",\"valueRequired\":true,\"valueName\":\"search_term_string\"}}],\"inLanguage\":\"en-US\"}]}<\/script>\n<!-- \/ Yoast SEO plugin. -->","yoast_head_json":{"title":"Ismet-Fatih Cancar - Institute for European Affairs","robots":{"index":"index","follow":"follow","max-snippet":"max-snippet:-1","max-image-preview":"max-image-preview:large","max-video-preview":"max-video-preview:-1"},"canonical":"https:\/\/iea.rs\/yra-ismet-fatih-cancar\/","og_locale":"en_US","og_type":"article","og_title":"Ismet-Fatih Cancar - Institute for European Affairs","og_description":"&nbsp; [tabgarb] tab1=Essay=active tab2=Media Activity tab3=Peer to Peer Education [\/tabgarb] [tabgarb=tab1] My contribution to the Regional Reconciliation There has been four months since I finished &hellip; Read more &raquo;","og_url":"https:\/\/iea.rs\/yra-ismet-fatih-cancar\/","og_site_name":"Institute for European Affairs","article_modified_time":"2017-05-04T22:12:45+00:00","og_image":[{"url":"http:\/\/iea.rs\/wp-content\/uploads\/2014\/12\/Ismet-Fatih-Cancar-150x150.jpg","type":"","width":"","height":""}],"twitter_card":"summary_large_image","twitter_misc":{"Est. reading time":"15 minutes"},"schema":{"@context":"https:\/\/schema.org","@graph":[{"@type":"WebPage","@id":"https:\/\/iea.rs\/yra-ismet-fatih-cancar\/","url":"https:\/\/iea.rs\/yra-ismet-fatih-cancar\/","name":"Ismet-Fatih Cancar - Institute for European Affairs","isPartOf":{"@id":"https:\/\/iea.rs\/#website"},"primaryImageOfPage":{"@id":"https:\/\/iea.rs\/yra-ismet-fatih-cancar\/#primaryimage"},"image":{"@id":"https:\/\/iea.rs\/yra-ismet-fatih-cancar\/#primaryimage"},"thumbnailUrl":"http:\/\/iea.rs\/wp-content\/uploads\/2014\/12\/Ismet-Fatih-Cancar-150x150.jpg","datePublished":"2017-02-11T14:53:15+00:00","dateModified":"2017-05-04T22:12:45+00:00","breadcrumb":{"@id":"https:\/\/iea.rs\/yra-ismet-fatih-cancar\/#breadcrumb"},"inLanguage":"en-US","potentialAction":[{"@type":"ReadAction","target":["https:\/\/iea.rs\/yra-ismet-fatih-cancar\/"]}]},{"@type":"ImageObject","inLanguage":"en-US","@id":"https:\/\/iea.rs\/yra-ismet-fatih-cancar\/#primaryimage","url":"http:\/\/iea.rs\/wp-content\/uploads\/2014\/12\/Ismet-Fatih-Cancar-150x150.jpg","contentUrl":"http:\/\/iea.rs\/wp-content\/uploads\/2014\/12\/Ismet-Fatih-Cancar-150x150.jpg"},{"@type":"BreadcrumbList","@id":"https:\/\/iea.rs\/yra-ismet-fatih-cancar\/#breadcrumb","itemListElement":[{"@type":"ListItem","position":1,"name":"\u041f\u043e\u0447\u0435\u0442\u043d\u0430","item":"https:\/\/iea.rs\/"},{"@type":"ListItem","position":2,"name":"Ismet-Fatih Cancar"}]},{"@type":"WebSite","@id":"https:\/\/iea.rs\/#website","url":"https:\/\/iea.rs\/","name":"Institute for European Affairs","description":"","potentialAction":[{"@type":"SearchAction","target":{"@type":"EntryPoint","urlTemplate":"https:\/\/iea.rs\/?s={search_term_string}"},"query-input":{"@type":"PropertyValueSpecification","valueRequired":true,"valueName":"search_term_string"}}],"inLanguage":"en-US"}]}},"_links":{"self":[{"href":"https:\/\/iea.rs\/en\/wp-json\/wp\/v2\/pages\/4819","targetHints":{"allow":["GET"]}}],"collection":[{"href":"https:\/\/iea.rs\/en\/wp-json\/wp\/v2\/pages"}],"about":[{"href":"https:\/\/iea.rs\/en\/wp-json\/wp\/v2\/types\/page"}],"author":[{"embeddable":true,"href":"https:\/\/iea.rs\/en\/wp-json\/wp\/v2\/users\/3"}],"replies":[{"embeddable":true,"href":"https:\/\/iea.rs\/en\/wp-json\/wp\/v2\/comments?post=4819"}],"version-history":[{"count":0,"href":"https:\/\/iea.rs\/en\/wp-json\/wp\/v2\/pages\/4819\/revisions"}],"wp:attachment":[{"href":"https:\/\/iea.rs\/en\/wp-json\/wp\/v2\/media?parent=4819"}],"curies":[{"name":"wp","href":"https:\/\/api.w.org\/{rel}","templated":true}]}}