{"id":4832,"date":"2017-02-11T16:11:06","date_gmt":"2017-02-11T15:11:06","guid":{"rendered":"http:\/\/iea.rs\/?page_id=4832"},"modified":"2017-05-04T22:57:11","modified_gmt":"2017-05-04T20:57:11","slug":"yra-kenan-hodzic","status":"publish","type":"page","link":"https:\/\/iea.rs\/en\/yra-kenan-hodzic\/","title":{"rendered":"Kenan-Hod\u017ei\u0107"},"content":{"rendered":"<p>&nbsp;<\/p>\n<div id=\"attachment_2978\" style=\"width: 160px\" class=\"wp-caption aligncenter\"><img loading=\"lazy\" decoding=\"async\" aria-describedby=\"caption-attachment-2978\" class=\"wp-image-2978 size-thumbnail\" src=\"http:\/\/iea.rs\/wp-content\/uploads\/2014\/12\/Kenan-Hodzic-150x150.jpg\" alt=\"\" width=\"150\" height=\"150\" srcset=\"https:\/\/iea.rs\/wp-content\/uploads\/2014\/12\/Kenan-Hodzic-150x150.jpg 150w, https:\/\/iea.rs\/wp-content\/uploads\/2014\/12\/Kenan-Hodzic-50x50.jpg 50w, https:\/\/iea.rs\/wp-content\/uploads\/2014\/12\/Kenan-Hodzic-240x240.jpg 240w, https:\/\/iea.rs\/wp-content\/uploads\/2014\/12\/Kenan-Hodzic-100x100.jpg 100w\" sizes=\"auto, (max-width: 150px) 100vw, 150px\" \/><\/p>\n<p id=\"caption-attachment-2978\" class=\"wp-caption-text\">Kenan Hodzic<\/p>\n<\/div>\n<p>[tabgarb]<\/p>\n<p>tab1=Essay=active<br \/>\ntab2=Media Activity<br \/>\ntab3=Peer to Peer Education<br \/>\n[\/tabgarb]<\/p>\n<p>[tabgarb=tab1]<\/p>\n<p>[\/tabgarb]<\/p>\n<p>[tabgarb=tab2]<\/p>\n<p>[\/tabgarb]<\/p>\n<p>[tabgarb=tab3]<\/p>\n<p>[\/tabgarb]<\/p>","protected":false},"excerpt":{"rendered":"<p>&nbsp; [tabgarb] tab1=Essay=active tab2=Media Activity tab3=Peer to Peer Education [\/tabgarb] [tabgarb=tab1] [\/tabgarb] [tabgarb=tab2] [\/tabgarb] [tabgarb=tab3] [\/tabgarb]<\/p>\n","protected":false},"author":3,"featured_media":0,"parent":0,"menu_order":0,"comment_status":"closed","ping_status":"closed","template":"fullwidth.php","meta":{"_monsterinsights_skip_tracking":false,"_monsterinsights_sitenote_active":false,"_monsterinsights_sitenote_note":"","_monsterinsights_sitenote_category":0,"footnotes":""},"class_list":["post-4832","page","type-page","status-publish","hentry"],"yoast_head":"<!-- This site is optimized with the Yoast SEO plugin v25.4 - https:\/\/yoast.com\/wordpress\/plugins\/seo\/ -->\n<title>Kenan-Hod\u017ei\u0107 - Institute for European Affairs<\/title>\n<meta name=\"robots\" content=\"index, follow, max-snippet:-1, max-image-preview:large, max-video-preview:-1\" \/>\n<link rel=\"canonical\" href=\"https:\/\/iea.rs\/yra-kenan-hodzic\/\" \/>\n<meta property=\"og:locale\" content=\"en_US\" \/>\n<meta property=\"og:type\" content=\"article\" \/>\n<meta property=\"og:title\" content=\"[:sr]Kenan Hod\u017ei\u0107[:en]Kenan-Hod\u017ei\u0107[:] - Institute for European Affairs\" \/>\n<meta property=\"og:description\" content=\"&nbsp; [tabgarb] tab1=Essay=active tab2=Media Activity tab3=Peer to Peer Education [\/tabgarb] [tabgarb=tab1] [\/tabgarb] [tabgarb=tab2] [\/tabgarb] [tabgarb=tab3] [\/tabgarb]\" \/>\n<meta property=\"og:url\" content=\"https:\/\/iea.rs\/yra-kenan-hodzic\/\" \/>\n<meta property=\"og:site_name\" content=\"Institute for European Affairs\" \/>\n<meta property=\"article:modified_time\" content=\"2017-05-04T20:57:11+00:00\" \/>\n<meta property=\"og:image\" content=\"http:\/\/iea.rs\/wp-content\/uploads\/2014\/12\/Kenan-Hodzic-150x150.jpg\" \/>\n<meta name=\"twitter:card\" content=\"summary_large_image\" \/>\n<script type=\"application\/ld+json\" class=\"yoast-schema-graph\">{\"@context\":\"https:\/\/schema.org\",\"@graph\":[{\"@type\":\"WebPage\",\"@id\":\"https:\/\/iea.rs\/yra-kenan-hodzic\/\",\"url\":\"https:\/\/iea.rs\/yra-kenan-hodzic\/\",\"name\":\"[:sr]Kenan Hod\u017ei\u0107[:en]Kenan-Hod\u017ei\u0107[:] - Institute for European Affairs\",\"isPartOf\":{\"@id\":\"https:\/\/iea.rs\/#website\"},\"primaryImageOfPage\":{\"@id\":\"https:\/\/iea.rs\/yra-kenan-hodzic\/#primaryimage\"},\"image\":{\"@id\":\"https:\/\/iea.rs\/yra-kenan-hodzic\/#primaryimage\"},\"thumbnailUrl\":\"http:\/\/iea.rs\/wp-content\/uploads\/2014\/12\/Kenan-Hodzic-150x150.jpg\",\"datePublished\":\"2017-02-11T15:11:06+00:00\",\"dateModified\":\"2017-05-04T20:57:11+00:00\",\"breadcrumb\":{\"@id\":\"https:\/\/iea.rs\/yra-kenan-hodzic\/#breadcrumb\"},\"inLanguage\":\"en-US\",\"potentialAction\":[{\"@type\":\"ReadAction\",\"target\":[\"https:\/\/iea.rs\/yra-kenan-hodzic\/\"]}]},{\"@type\":\"ImageObject\",\"inLanguage\":\"en-US\",\"@id\":\"https:\/\/iea.rs\/yra-kenan-hodzic\/#primaryimage\",\"url\":\"http:\/\/iea.rs\/wp-content\/uploads\/2014\/12\/Kenan-Hodzic-150x150.jpg\",\"contentUrl\":\"http:\/\/iea.rs\/wp-content\/uploads\/2014\/12\/Kenan-Hodzic-150x150.jpg\"},{\"@type\":\"BreadcrumbList\",\"@id\":\"https:\/\/iea.rs\/yra-kenan-hodzic\/#breadcrumb\",\"itemListElement\":[{\"@type\":\"ListItem\",\"position\":1,\"name\":\"\u041f\u043e\u0447\u0435\u0442\u043d\u0430\",\"item\":\"https:\/\/iea.rs\/\"},{\"@type\":\"ListItem\",\"position\":2,\"name\":\"Kenan Hod\u017ei\u0107\"}]},{\"@type\":\"WebSite\",\"@id\":\"https:\/\/iea.rs\/#website\",\"url\":\"https:\/\/iea.rs\/\",\"name\":\"Institute for European Affairs\",\"description\":\"\",\"potentialAction\":[{\"@type\":\"SearchAction\",\"target\":{\"@type\":\"EntryPoint\",\"urlTemplate\":\"https:\/\/iea.rs\/?s={search_term_string}\"},\"query-input\":{\"@type\":\"PropertyValueSpecification\",\"valueRequired\":true,\"valueName\":\"search_term_string\"}}],\"inLanguage\":\"en-US\"}]}<\/script>\n<!-- \/ Yoast SEO plugin. -->","yoast_head_json":{"title":"[:sr]Kenan Hod\u017ei\u0107[:en]Kenan-Hod\u017ei\u0107[:] - Institute for European Affairs","robots":{"index":"index","follow":"follow","max-snippet":"max-snippet:-1","max-image-preview":"max-image-preview:large","max-video-preview":"max-video-preview:-1"},"canonical":"https:\/\/iea.rs\/yra-kenan-hodzic\/","og_locale":"en_US","og_type":"article","og_title":"[:sr]Kenan Hod\u017ei\u0107[:en]Kenan-Hod\u017ei\u0107[:] - Institute for European Affairs","og_description":"&nbsp; [tabgarb] tab1=Essay=active tab2=Media Activity tab3=Peer to Peer Education [\/tabgarb] [tabgarb=tab1] [\/tabgarb] [tabgarb=tab2] [\/tabgarb] [tabgarb=tab3] [\/tabgarb]","og_url":"https:\/\/iea.rs\/yra-kenan-hodzic\/","og_site_name":"Institute for European Affairs","article_modified_time":"2017-05-04T20:57:11+00:00","og_image":[{"url":"http:\/\/iea.rs\/wp-content\/uploads\/2014\/12\/Kenan-Hodzic-150x150.jpg","type":"","width":"","height":""}],"twitter_card":"summary_large_image","schema":{"@context":"https:\/\/schema.org","@graph":[{"@type":"WebPage","@id":"https:\/\/iea.rs\/yra-kenan-hodzic\/","url":"https:\/\/iea.rs\/yra-kenan-hodzic\/","name":"[:sr]Kenan Hod\u017ei\u0107[:en]Kenan-Hod\u017ei\u0107[:] - Institute for European Affairs","isPartOf":{"@id":"https:\/\/iea.rs\/#website"},"primaryImageOfPage":{"@id":"https:\/\/iea.rs\/yra-kenan-hodzic\/#primaryimage"},"image":{"@id":"https:\/\/iea.rs\/yra-kenan-hodzic\/#primaryimage"},"thumbnailUrl":"http:\/\/iea.rs\/wp-content\/uploads\/2014\/12\/Kenan-Hodzic-150x150.jpg","datePublished":"2017-02-11T15:11:06+00:00","dateModified":"2017-05-04T20:57:11+00:00","breadcrumb":{"@id":"https:\/\/iea.rs\/yra-kenan-hodzic\/#breadcrumb"},"inLanguage":"en-US","potentialAction":[{"@type":"ReadAction","target":["https:\/\/iea.rs\/yra-kenan-hodzic\/"]}]},{"@type":"ImageObject","inLanguage":"en-US","@id":"https:\/\/iea.rs\/yra-kenan-hodzic\/#primaryimage","url":"http:\/\/iea.rs\/wp-content\/uploads\/2014\/12\/Kenan-Hodzic-150x150.jpg","contentUrl":"http:\/\/iea.rs\/wp-content\/uploads\/2014\/12\/Kenan-Hodzic-150x150.jpg"},{"@type":"BreadcrumbList","@id":"https:\/\/iea.rs\/yra-kenan-hodzic\/#breadcrumb","itemListElement":[{"@type":"ListItem","position":1,"name":"\u041f\u043e\u0447\u0435\u0442\u043d\u0430","item":"https:\/\/iea.rs\/"},{"@type":"ListItem","position":2,"name":"Kenan Hod\u017ei\u0107"}]},{"@type":"WebSite","@id":"https:\/\/iea.rs\/#website","url":"https:\/\/iea.rs\/","name":"Institute for European Affairs","description":"","potentialAction":[{"@type":"SearchAction","target":{"@type":"EntryPoint","urlTemplate":"https:\/\/iea.rs\/?s={search_term_string}"},"query-input":{"@type":"PropertyValueSpecification","valueRequired":true,"valueName":"search_term_string"}}],"inLanguage":"en-US"}]}},"_links":{"self":[{"href":"https:\/\/iea.rs\/en\/wp-json\/wp\/v2\/pages\/4832","targetHints":{"allow":["GET"]}}],"collection":[{"href":"https:\/\/iea.rs\/en\/wp-json\/wp\/v2\/pages"}],"about":[{"href":"https:\/\/iea.rs\/en\/wp-json\/wp\/v2\/types\/page"}],"author":[{"embeddable":true,"href":"https:\/\/iea.rs\/en\/wp-json\/wp\/v2\/users\/3"}],"replies":[{"embeddable":true,"href":"https:\/\/iea.rs\/en\/wp-json\/wp\/v2\/comments?post=4832"}],"version-history":[{"count":0,"href":"https:\/\/iea.rs\/en\/wp-json\/wp\/v2\/pages\/4832\/revisions"}],"wp:attachment":[{"href":"https:\/\/iea.rs\/en\/wp-json\/wp\/v2\/media?parent=4832"}],"curies":[{"name":"wp","href":"https:\/\/api.w.org\/{rel}","templated":true}]}}