{"id":4867,"date":"2017-02-11T17:13:47","date_gmt":"2017-02-11T16:13:47","guid":{"rendered":"http:\/\/iea.rs\/?page_id=4867"},"modified":"2017-05-05T10:27:21","modified_gmt":"2017-05-05T08:27:21","slug":"yra-shendriza-prokshi","status":"publish","type":"page","link":"https:\/\/iea.rs\/en\/yra-shendriza-prokshi\/","title":{"rendered":"Shendriza Prokshi"},"content":{"rendered":"<p>&nbsp;<\/p>\n<div id=\"attachment_2988\" style=\"width: 160px\" class=\"wp-caption aligncenter\"><img loading=\"lazy\" decoding=\"async\" aria-describedby=\"caption-attachment-2988\" class=\"wp-image-2988 size-thumbnail\" src=\"http:\/\/iea.rs\/wp-content\/uploads\/2014\/12\/Shendriza-Prokshi-150x150.jpg\" width=\"150\" height=\"150\" srcset=\"https:\/\/iea.rs\/wp-content\/uploads\/2014\/12\/Shendriza-Prokshi-150x150.jpg 150w, https:\/\/iea.rs\/wp-content\/uploads\/2014\/12\/Shendriza-Prokshi-50x50.jpg 50w, https:\/\/iea.rs\/wp-content\/uploads\/2014\/12\/Shendriza-Prokshi-240x240.jpg 240w, https:\/\/iea.rs\/wp-content\/uploads\/2014\/12\/Shendriza-Prokshi-100x100.jpg 100w\" sizes=\"auto, (max-width: 150px) 100vw, 150px\" \/><\/p>\n<p id=\"caption-attachment-2988\" class=\"wp-caption-text\">Shendriza Prokshi<\/p>\n<\/div>\n<p>[tabgarb]<\/p>\n<p>tab1=Essay=active<br \/>\ntab2=Media Activity<br \/>\ntab3=Peer to Peer Education<br \/>\n[\/tabgarb]<\/p>\n<p>[tabgarb=tab1]<\/p>\n<p>Peace in action<\/p>\n<p>Talking for peace in general many times goes easy and not seldom it is taken for clich\u00e9, especially in last decades in Kosovo and neighbor countries, it was random a word and talk to be heard, that it is a must and someone asks from us (foreign countries) to be in peace with members of different ethnic and religious comities with whom for centuries we had boundaries and not healthy relations. These boundaries and tough relations between Albanians and Serbians have been extended in arm conflicts and bloody wars.<\/p>\n<p>There is no war without victims , and no one can be victorious after ending of any war because of the caused damages and in the other side all these victims are humans no matter their ethnicity or religion identity , their lost makes the life of young generations difficult especially when it comes to face what happened in the dark past . There\u2019s a must to face the past in order to move forward in the future , it depends from the present how we want to take the conflicts , wars which happened between us , and which lessons we take . Talking from my experience on peace from studies visit in Belgrade in frame of Youth Reconciliation Ambassadors , I never thought that all those stories revealed to the past could touch me in such way to inspire me to be more committed, I gained new knowledge\u2019s and learned thins that I never knew . In the other seeing all those young participants from different regions of ex-Yugoslavia former so worried about the situation and interested in sharing their knowledge\u2019s and personal experiences was another plus in the same time a push too cause in one way they inspired me to be even more focused and ready to see things closer from totally different corner. I felt a spark that lesson learnt from past to be guide for good life and better future for us , in our countries in Balkan .<\/p>\n<p>As ambassador of Youth Reconciliation I\u2019d love to give my commitment in this long and very important process, the road may be long and we have to face many obstacles but all these prejudices and hate towards different nations should end in order to have better collaboration in the future , by rising the eager of youth to face the past and to know the whole truth not only one side of the medallion .<\/p>\n<p>Yet we need to work with our heads and hearts to respect each other beyond the differences not because of some laws or some powers ask so but because we need to be in real human relation with each other by breaking prejudices and building trust and respect among us .<\/p>\n<p>\u201cObserve good faith and justice toward all nations. Cultivate peace and harmony with all.\u201d<\/p>\n<p>George Washington<\/p>\n<p>[\/tabgarb]<\/p>\n<p>[tabgarb=tab2]<\/p>\n<h1><a href=\"http:\/\/m.gazetaexpress.com\/lajme\/ne-mitrovice-u-diskutua-per-bashkejetesen-79391\/?archive=1\" target=\"_blank\" rel=\"noopener noreferrer\">N\u00eb Mitrovic\u00eb u diskutua p\u00ebr bashk\u00ebjetes\u00ebn<\/a><\/h1>\n<h1><span class=\"article-image\"><img loading=\"lazy\" decoding=\"async\" id=\"first-image-inside\" class=\"lazy\" title=\"N\u00eb Mitrovic\u00eb u diskutua p\u00ebr bashk\u00ebjetes\u00ebn\" src=\"http:\/\/m.gazetaexpress.com\/public\/uploads\/image\/2015\/02\/633x347\/10967596-10152829521073682-603997298-o.jpg\" alt=\"N\u00eb Mitrovic\u00eb u diskutua p\u00ebr bashk\u00ebjetes\u00ebn\" width=\"633\" height=\"347\" \/><\/span><span class=\"date author-holder\"><img decoding=\"async\" src=\"http:\/\/m.gazetaexpress.com\/public\/images\/express-logo-author.png\" width=\"45\" \/><span class=\"agency\"><span class=\"author\">GAZETAEXPRESS<\/span><span class=\"time\">E h\u00ebn\u00eb, 09 Shkurt 2015 21:40<\/span><\/span><\/span><\/h1>\n<div id=\"main-content\">\n<h2 class=\"description\">\u200bN\u00eb Mitrovic\u00eb u mbajt n\u00eb aktivitet i organizuar nga ambasadorja e Programit t\u00eb YRA-s Sh\u00ebndriza Prokshi , ku te ftuarit pat\u00ebn rastin te d\u00ebgjojn\u00eb ligj\u00ebrata nga sociolog\u00eb , meq\u00eb rast shfaq nj\u00eb film \u201cTell your Children \u201c rreth te cilit u debatua .<\/h2>\n<div id=\"article-text\">\n<p>N\u00eb debat mor\u00ebn pjes\u00eb t\u00eb rijn\u00eb t\u00eb komunitetit shqiptar , serb , boshnjak , rom\u00eb , dhe turk q\u00eb jetojn\u00eb ne Mitrovic\u00ebn e Jugut dhe Veriut .<\/p>\n<p>Ballafaqimi me te kaluar\u00ebn u vler\u00ebsua si mjet p\u00ebr arritjen e Paqes dhe Pajtimit n\u00eb mes komuniteteve , njohja e kultur\u00ebs dhe gjuh\u00ebs u paraqit si nevoja dhe k\u00ebrkes\u00eb p\u00ebr p\u00ebrafrimin e brezave t\u00eb rijn\u00eb t\u00eb cil\u00ebt zhvillojn\u00eb aktivitete t\u00eb p\u00ebrbashk\u00ebta n\u00eb qendr\u00ebn rinore buz\u00eb lumit Ib\u00ebr<\/p>\n<\/div>\n<\/div>\n<p>[\/tabgarb]<\/p>\n<p>[tabgarb=tab3]<\/p>\n<p><a href=\"http:\/\/iea.rs\/wp-content\/uploads\/2017\/02\/10958735_934734446538814_1282167543_n.jpg\"><img loading=\"lazy\" decoding=\"async\" class=\"alignleft size-thumbnail wp-image-5120\" src=\"http:\/\/iea.rs\/wp-content\/uploads\/2017\/02\/10958735_934734446538814_1282167543_n-150x150.jpg\" alt=\"\" width=\"150\" height=\"150\" srcset=\"https:\/\/iea.rs\/wp-content\/uploads\/2017\/02\/10958735_934734446538814_1282167543_n-150x150.jpg 150w, https:\/\/iea.rs\/wp-content\/uploads\/2017\/02\/10958735_934734446538814_1282167543_n-50x50.jpg 50w, https:\/\/iea.rs\/wp-content\/uploads\/2017\/02\/10958735_934734446538814_1282167543_n-240x240.jpg 240w, https:\/\/iea.rs\/wp-content\/uploads\/2017\/02\/10958735_934734446538814_1282167543_n-100x100.jpg 100w\" sizes=\"auto, (max-width: 150px) 100vw, 150px\" \/><\/a> <a href=\"http:\/\/iea.rs\/wp-content\/uploads\/2017\/02\/10965388_934734466538812_2033113242_n.jpg\"><img loading=\"lazy\" decoding=\"async\" class=\"alignleft size-thumbnail wp-image-5121\" src=\"http:\/\/iea.rs\/wp-content\/uploads\/2017\/02\/10965388_934734466538812_2033113242_n-150x150.jpg\" alt=\"\" width=\"150\" height=\"150\" srcset=\"https:\/\/iea.rs\/wp-content\/uploads\/2017\/02\/10965388_934734466538812_2033113242_n-150x150.jpg 150w, https:\/\/iea.rs\/wp-content\/uploads\/2017\/02\/10965388_934734466538812_2033113242_n-50x50.jpg 50w, https:\/\/iea.rs\/wp-content\/uploads\/2017\/02\/10965388_934734466538812_2033113242_n-240x240.jpg 240w, https:\/\/iea.rs\/wp-content\/uploads\/2017\/02\/10965388_934734466538812_2033113242_n-100x100.jpg 100w\" sizes=\"auto, (max-width: 150px) 100vw, 150px\" \/><\/a> <a href=\"http:\/\/iea.rs\/wp-content\/uploads\/2017\/02\/10979225_934734499872142_1984868059_n.jpg\"><img loading=\"lazy\" decoding=\"async\" class=\"alignleft size-thumbnail wp-image-5122\" src=\"http:\/\/iea.rs\/wp-content\/uploads\/2017\/02\/10979225_934734499872142_1984868059_n-150x150.jpg\" alt=\"\" width=\"150\" height=\"150\" srcset=\"https:\/\/iea.rs\/wp-content\/uploads\/2017\/02\/10979225_934734499872142_1984868059_n-150x150.jpg 150w, https:\/\/iea.rs\/wp-content\/uploads\/2017\/02\/10979225_934734499872142_1984868059_n-50x50.jpg 50w, https:\/\/iea.rs\/wp-content\/uploads\/2017\/02\/10979225_934734499872142_1984868059_n-240x240.jpg 240w, https:\/\/iea.rs\/wp-content\/uploads\/2017\/02\/10979225_934734499872142_1984868059_n-100x100.jpg 100w\" sizes=\"auto, (max-width: 150px) 100vw, 150px\" \/><\/a> <a href=\"http:\/\/iea.rs\/wp-content\/uploads\/2017\/02\/11004798_10152841685888682_182950062_n.jpg\"><img loading=\"lazy\" decoding=\"async\" class=\"alignleft size-thumbnail wp-image-5123\" src=\"http:\/\/iea.rs\/wp-content\/uploads\/2017\/02\/11004798_10152841685888682_182950062_n-150x150.jpg\" alt=\"\" width=\"150\" height=\"150\" srcset=\"https:\/\/iea.rs\/wp-content\/uploads\/2017\/02\/11004798_10152841685888682_182950062_n-150x150.jpg 150w, https:\/\/iea.rs\/wp-content\/uploads\/2017\/02\/11004798_10152841685888682_182950062_n-50x50.jpg 50w, https:\/\/iea.rs\/wp-content\/uploads\/2017\/02\/11004798_10152841685888682_182950062_n-240x240.jpg 240w, https:\/\/iea.rs\/wp-content\/uploads\/2017\/02\/11004798_10152841685888682_182950062_n-100x100.jpg 100w\" sizes=\"auto, (max-width: 150px) 100vw, 150px\" \/><\/a><\/p>\n<p>[\/tabgarb]<\/p>\n","protected":false},"excerpt":{"rendered":"<p>&nbsp; [tabgarb] tab1=Essay=active tab2=Media Activity tab3=Peer to Peer Education [\/tabgarb] [tabgarb=tab1] Peace in action Talking for peace in general many times goes easy and not &hellip; <a class=\"more-btn\" href=\"https:\/\/iea.rs\/en\/yra-shendriza-prokshi\/\">Read more &raquo;<\/a><\/p>\n","protected":false},"author":3,"featured_media":0,"parent":0,"menu_order":0,"comment_status":"closed","ping_status":"closed","template":"fullwidth.php","meta":{"_monsterinsights_skip_tracking":false,"_monsterinsights_sitenote_active":false,"_monsterinsights_sitenote_note":"","_monsterinsights_sitenote_category":0,"footnotes":""},"class_list":["post-4867","page","type-page","status-publish","hentry"],"yoast_head":"<!-- This site is optimized with the Yoast SEO plugin v25.4 - https:\/\/yoast.com\/wordpress\/plugins\/seo\/ -->\n<title>Shendriza Prokshi - Institute for European Affairs<\/title>\n<meta name=\"robots\" content=\"index, follow, max-snippet:-1, max-image-preview:large, max-video-preview:-1\" \/>\n<link rel=\"canonical\" href=\"https:\/\/iea.rs\/yra-shendriza-prokshi\/\" \/>\n<meta property=\"og:locale\" content=\"en_US\" \/>\n<meta property=\"og:type\" content=\"article\" \/>\n<meta property=\"og:title\" content=\"Shendriza Prokshi - Institute for European Affairs\" \/>\n<meta property=\"og:description\" content=\"&nbsp; [tabgarb] tab1=Essay=active tab2=Media Activity tab3=Peer to Peer Education [\/tabgarb] [tabgarb=tab1] Peace in action Talking for peace in general many times goes easy and not &hellip; Read more &raquo;\" \/>\n<meta property=\"og:url\" content=\"https:\/\/iea.rs\/yra-shendriza-prokshi\/\" \/>\n<meta property=\"og:site_name\" content=\"Institute for European Affairs\" \/>\n<meta property=\"article:modified_time\" content=\"2017-05-05T08:27:21+00:00\" \/>\n<meta property=\"og:image\" content=\"http:\/\/iea.rs\/wp-content\/uploads\/2014\/12\/Shendriza-Prokshi-150x150.jpg\" \/>\n<meta name=\"twitter:card\" content=\"summary_large_image\" \/>\n<meta name=\"twitter:label1\" content=\"Est. reading time\" \/>\n\t<meta name=\"twitter:data1\" content=\"3 minutes\" \/>\n<script type=\"application\/ld+json\" class=\"yoast-schema-graph\">{\"@context\":\"https:\/\/schema.org\",\"@graph\":[{\"@type\":\"WebPage\",\"@id\":\"https:\/\/iea.rs\/yra-shendriza-prokshi\/\",\"url\":\"https:\/\/iea.rs\/yra-shendriza-prokshi\/\",\"name\":\"Shendriza Prokshi - Institute for European Affairs\",\"isPartOf\":{\"@id\":\"https:\/\/iea.rs\/#website\"},\"primaryImageOfPage\":{\"@id\":\"https:\/\/iea.rs\/yra-shendriza-prokshi\/#primaryimage\"},\"image\":{\"@id\":\"https:\/\/iea.rs\/yra-shendriza-prokshi\/#primaryimage\"},\"thumbnailUrl\":\"http:\/\/iea.rs\/wp-content\/uploads\/2014\/12\/Shendriza-Prokshi-150x150.jpg\",\"datePublished\":\"2017-02-11T16:13:47+00:00\",\"dateModified\":\"2017-05-05T08:27:21+00:00\",\"breadcrumb\":{\"@id\":\"https:\/\/iea.rs\/yra-shendriza-prokshi\/#breadcrumb\"},\"inLanguage\":\"en-US\",\"potentialAction\":[{\"@type\":\"ReadAction\",\"target\":[\"https:\/\/iea.rs\/yra-shendriza-prokshi\/\"]}]},{\"@type\":\"ImageObject\",\"inLanguage\":\"en-US\",\"@id\":\"https:\/\/iea.rs\/yra-shendriza-prokshi\/#primaryimage\",\"url\":\"http:\/\/iea.rs\/wp-content\/uploads\/2014\/12\/Shendriza-Prokshi-150x150.jpg\",\"contentUrl\":\"http:\/\/iea.rs\/wp-content\/uploads\/2014\/12\/Shendriza-Prokshi-150x150.jpg\"},{\"@type\":\"BreadcrumbList\",\"@id\":\"https:\/\/iea.rs\/yra-shendriza-prokshi\/#breadcrumb\",\"itemListElement\":[{\"@type\":\"ListItem\",\"position\":1,\"name\":\"\u041f\u043e\u0447\u0435\u0442\u043d\u0430\",\"item\":\"https:\/\/iea.rs\/\"},{\"@type\":\"ListItem\",\"position\":2,\"name\":\"Shendriza Prokshi\"}]},{\"@type\":\"WebSite\",\"@id\":\"https:\/\/iea.rs\/#website\",\"url\":\"https:\/\/iea.rs\/\",\"name\":\"Institute for European Affairs\",\"description\":\"\",\"potentialAction\":[{\"@type\":\"SearchAction\",\"target\":{\"@type\":\"EntryPoint\",\"urlTemplate\":\"https:\/\/iea.rs\/?s={search_term_string}\"},\"query-input\":{\"@type\":\"PropertyValueSpecification\",\"valueRequired\":true,\"valueName\":\"search_term_string\"}}],\"inLanguage\":\"en-US\"}]}<\/script>\n<!-- \/ Yoast SEO plugin. -->","yoast_head_json":{"title":"Shendriza Prokshi - Institute for European Affairs","robots":{"index":"index","follow":"follow","max-snippet":"max-snippet:-1","max-image-preview":"max-image-preview:large","max-video-preview":"max-video-preview:-1"},"canonical":"https:\/\/iea.rs\/yra-shendriza-prokshi\/","og_locale":"en_US","og_type":"article","og_title":"Shendriza Prokshi - Institute for European Affairs","og_description":"&nbsp; [tabgarb] tab1=Essay=active tab2=Media Activity tab3=Peer to Peer Education [\/tabgarb] [tabgarb=tab1] Peace in action Talking for peace in general many times goes easy and not &hellip; Read more &raquo;","og_url":"https:\/\/iea.rs\/yra-shendriza-prokshi\/","og_site_name":"Institute for European Affairs","article_modified_time":"2017-05-05T08:27:21+00:00","og_image":[{"url":"http:\/\/iea.rs\/wp-content\/uploads\/2014\/12\/Shendriza-Prokshi-150x150.jpg","type":"","width":"","height":""}],"twitter_card":"summary_large_image","twitter_misc":{"Est. reading time":"3 minutes"},"schema":{"@context":"https:\/\/schema.org","@graph":[{"@type":"WebPage","@id":"https:\/\/iea.rs\/yra-shendriza-prokshi\/","url":"https:\/\/iea.rs\/yra-shendriza-prokshi\/","name":"Shendriza Prokshi - Institute for European Affairs","isPartOf":{"@id":"https:\/\/iea.rs\/#website"},"primaryImageOfPage":{"@id":"https:\/\/iea.rs\/yra-shendriza-prokshi\/#primaryimage"},"image":{"@id":"https:\/\/iea.rs\/yra-shendriza-prokshi\/#primaryimage"},"thumbnailUrl":"http:\/\/iea.rs\/wp-content\/uploads\/2014\/12\/Shendriza-Prokshi-150x150.jpg","datePublished":"2017-02-11T16:13:47+00:00","dateModified":"2017-05-05T08:27:21+00:00","breadcrumb":{"@id":"https:\/\/iea.rs\/yra-shendriza-prokshi\/#breadcrumb"},"inLanguage":"en-US","potentialAction":[{"@type":"ReadAction","target":["https:\/\/iea.rs\/yra-shendriza-prokshi\/"]}]},{"@type":"ImageObject","inLanguage":"en-US","@id":"https:\/\/iea.rs\/yra-shendriza-prokshi\/#primaryimage","url":"http:\/\/iea.rs\/wp-content\/uploads\/2014\/12\/Shendriza-Prokshi-150x150.jpg","contentUrl":"http:\/\/iea.rs\/wp-content\/uploads\/2014\/12\/Shendriza-Prokshi-150x150.jpg"},{"@type":"BreadcrumbList","@id":"https:\/\/iea.rs\/yra-shendriza-prokshi\/#breadcrumb","itemListElement":[{"@type":"ListItem","position":1,"name":"\u041f\u043e\u0447\u0435\u0442\u043d\u0430","item":"https:\/\/iea.rs\/"},{"@type":"ListItem","position":2,"name":"Shendriza Prokshi"}]},{"@type":"WebSite","@id":"https:\/\/iea.rs\/#website","url":"https:\/\/iea.rs\/","name":"Institute for European Affairs","description":"","potentialAction":[{"@type":"SearchAction","target":{"@type":"EntryPoint","urlTemplate":"https:\/\/iea.rs\/?s={search_term_string}"},"query-input":{"@type":"PropertyValueSpecification","valueRequired":true,"valueName":"search_term_string"}}],"inLanguage":"en-US"}]}},"_links":{"self":[{"href":"https:\/\/iea.rs\/en\/wp-json\/wp\/v2\/pages\/4867","targetHints":{"allow":["GET"]}}],"collection":[{"href":"https:\/\/iea.rs\/en\/wp-json\/wp\/v2\/pages"}],"about":[{"href":"https:\/\/iea.rs\/en\/wp-json\/wp\/v2\/types\/page"}],"author":[{"embeddable":true,"href":"https:\/\/iea.rs\/en\/wp-json\/wp\/v2\/users\/3"}],"replies":[{"embeddable":true,"href":"https:\/\/iea.rs\/en\/wp-json\/wp\/v2\/comments?post=4867"}],"version-history":[{"count":0,"href":"https:\/\/iea.rs\/en\/wp-json\/wp\/v2\/pages\/4867\/revisions"}],"wp:attachment":[{"href":"https:\/\/iea.rs\/en\/wp-json\/wp\/v2\/media?parent=4867"}],"curies":[{"name":"wp","href":"https:\/\/api.w.org\/{rel}","templated":true}]}}