{"id":5148,"date":"2017-05-05T17:56:05","date_gmt":"2017-05-05T15:56:05","guid":{"rendered":"http:\/\/iea.rs\/?page_id=5148"},"modified":"2017-05-20T21:04:31","modified_gmt":"2017-05-20T19:04:31","slug":"aleksandra-stojanov","status":"publish","type":"page","link":"https:\/\/iea.rs\/en\/aleksandra-stojanov\/","title":{"rendered":"Aleksandra Stojanov"},"content":{"rendered":"<p>&nbsp;<\/p>\n<div id=\"attachment_4325\" style=\"width: 160px\" class=\"wp-caption aligncenter\"><img loading=\"lazy\" decoding=\"async\" aria-describedby=\"caption-attachment-4325\" class=\"wp-image-4325 size-thumbnail\" src=\"http:\/\/iea.rs\/wp-content\/uploads\/2015\/04\/Aleksandra-Stojanov-150x150.jpg\" alt=\"\" width=\"150\" height=\"150\" srcset=\"https:\/\/iea.rs\/wp-content\/uploads\/2015\/04\/Aleksandra-Stojanov-150x150.jpg 150w, https:\/\/iea.rs\/wp-content\/uploads\/2015\/04\/Aleksandra-Stojanov-50x50.jpg 50w, https:\/\/iea.rs\/wp-content\/uploads\/2015\/04\/Aleksandra-Stojanov-240x240.jpg 240w, https:\/\/iea.rs\/wp-content\/uploads\/2015\/04\/Aleksandra-Stojanov-100x100.jpg 100w\" sizes=\"auto, (max-width: 150px) 100vw, 150px\" \/><\/p>\n<p id=\"caption-attachment-4325\" class=\"wp-caption-text\">Aleksandra Stojanov<\/p>\n<\/div>\n<p>[tabgarb]<\/p>\n<p>tab1=Media Activity=active<br \/>\ntab2=Practical Policy<br \/>\ntab3=Peer to Peer Education<br \/>\n[\/tabgarb]<\/p>\n<p>[tabgarb=tab1]<\/p>\n<p><audio class=\"wp-audio-shortcode\" id=\"audio-5148-2\" preload=\"none\" style=\"width: 100%;\" controls=\"controls\"><source type=\"audio\/mpeg\" src=\"http:\/\/iea.rs\/wp-content\/uploads\/2017\/05\/Aleksandra-Stojanov-23072015.mp3?_=2\" \/><a href=\"http:\/\/iea.rs\/wp-content\/uploads\/2017\/05\/Aleksandra-Stojanov-23072015.mp3\">http:\/\/iea.rs\/wp-content\/uploads\/2017\/05\/Aleksandra-Stojanov-23072015.mp3<\/a><\/audio><\/p>\n<p>&nbsp;<\/p>\n<p>[\/tabgarb]<\/p>\n<p>[tabgarb=tab2]<\/p>\n<h3>Uvo\u0111enje seksualnog obrazovanja u osnovne \u0161kole kao na\u010din razumevanja I tolerisanja razli\u010ditih seksualnih orijentacija I rodnih identiteta<\/h3>\n<p><strong>Seksualno obrazovanje u osnovnim \u0161kolama &#8211; tolerisanje razli\u010ditih seksualnih orijentacija I rodnih identiteta <\/strong><\/p>\n<p>Septembra, 2014. godine, kao fakultativni predmet u srednjim \u0161kolama u Vojvodini, uvedeno je seksualno obrazovanje, sa ciljem da \u0111aci u\u010de o seksualnoj za\u0161titi, seksualno rizi\u010dnom pona\u0161anju, polno prenosivim bolestima, kada da stupe u seksualni odnos, I kako da neguju me\u0111usobne odnose.<\/p>\n<p>Iako je to pozitivan korak ka razumevanju odnosa izme\u0111u partnera, kako emotivnih tako I seksualnih, sama \u010dinjenica da se predmet izvodi samo u Pokrajini, I to kao fakultativni predmet u srednjim \u0161kolama, kao I da je jedan od najisturenijih argumenata za uvo\u0111enje seksualnog obrazovanja u \u0161kole zaustavljanje bele kuge u Srbiji I pospe\u0161ivanje nataliteta, nam govori da na\u0161 sistem obrazovanja ne prepoznaje vi\u0161e razli\u010ditih problema, kao ni \u0161ansu da se kroz seksualno obrazovanje, u relativno ranom periodu, mladi oslobode tabua, I prigrle sopstvenu, a I seksualnost drugih na najzdraviji mogu\u0107i na\u010din.<\/p>\n<p>Prvi problem je u tome \u0161to je program samo za srednjo\u0161kolce, a stru\u010dnjaci ka\u017eu da bi seksualno obrazovanje trebalo uvesti jo\u0161 u osnovnoj \u0161koli, jer deca tada ulaze u pubertet. U tom periodu dolazi do fizi\u010dkog sazrevanja, a psihi\u010dko sazrevanje u odnosu na fizi\u010dko kasni.<\/p>\n<p>Tako\u0111e, srednjo\u0161kolci nisu dovoljno zainteresovani za ovaj predmet jer me\u0111u njima vlada mi\u0161ljenje da znaju sve o seksualnim, partnerskim I emotivnim odnosima.<\/p>\n<p>Problem je i u tome \u0161to je predmet zapravo organizovan kao fakultativni program, koji mo\u017eda daje informacije o prevenciji trudno\u0107e I polno prenosivih bolesti, ali ne obja\u0161njava kompleksnost odnosa partnera, kakve god seksualne orijentacije oni bili, za \u0161ta je potrebno vi\u0161e od jednog kursa.<\/p>\n<p>U ovom trenutku u Srbiji nema sluha za kori\u0161\u0107enje seksualnog obrazovanja u svrhu edukacije o razli\u010ditim seksualnim orijentacijama I rodnom identitetu. Obrazovni sistem nije promenio tretiranje istopolnih zajednica u srednjo\u0161kolskim ud\u017ebenicima, a diskriminatorni sadr\u017eaj se prime\u0107uje kroz stigmatizaciju razli\u010dite seksualne orijentacije od heteroseksualne. Tako\u0111e, u ud\u017ebenicima obaveznih predmetima poput biologije, psihologije I medicine mo\u017ee se nai\u0107i na podr\u017eavanje negativnih predrasuda u odnosu homoseksualnost, \u0161to je veoma \u0161tetno za razvijanje svesti I empatije kod \u0111aka.<\/p>\n<p class=\"western\">Seksualno vaspitanje je mnogo \u0161ire od puke informisanosti, jer mladima poma\u017ee da razviju ve\u0161tine pregovaranja u partnerskoj vezi, kriti\u010dkog mi\u0161ljenja, dono\u0161enja odluka, prepoznavanja i izbegavanja rizika, ali i razvijanju pozitivnog odnosa prema seksualnosti. <strong>Seksualna edukacija podrazumeva i za\u0161titu mladih od seksualnog nasilja i eksploatacije i tolerantni odnos prema razli\u010ditim seksualnim orijentacijama<\/strong>. Seksualno vaspitanje po\u010dinje od ro\u0111enja. Zna\u010di, podrazumeva aktivnu ulogu roditelja i odgovornost obrazovnog sistema, medija i celokupne dru\u0161tvene zajednice.<a href=\"#sdfootnote1sym\" name=\"sdfootnote1anc\">1<\/a><\/p>\n<p>Da bi se seksualno obrazovanje sprovelo uspe\u0161no, ono mora biti dostupno svima. Dakle, nije dovoljno da samo \u0161kole u Vojvodini sprovode program edukacije mladih, ve\u0107 se to mora pro\u0161iriti na \u010ditavu teritoriju Republike Srbije.<\/p>\n<p>Pored toga, \u010dini se da program namenjen za srednjo\u0161kolce ne ide u korak sa vremenom u kome \u017eivimo, gde je ve\u0107ina srednjo\u0161kolaca imala prilike da sazna o svemu na temu seksa I partnerskih odnosa, \u0161to iz medija, \u0161to od okru\u017eenja, te ne \u010dudi njihova nezainteresovanost za ovu temu. Seksualno obrazovanje bi trebalo uvesti od VI razreda osnovne \u0161kole, kada se deca po prvi put susre\u0107u sa svojom seksualno\u0161\u0107u.<\/p>\n<p>Tako\u0111e, treba izuzetno voditi ra\u010duna o rodnom identitetu, kao I o seksualnoj orijentaciji. Tome treba da prethode intenzivni treninzi samim predava\u010dima, kako bi oni najobjektivnije, bez predrasuda mogli svoja znanja da prenesu na mla\u0111e. Treba staviti akcenat na to da LGBT populacija postoji, da ignorisanjem njenog postojanja u zvani\u010dnim ud\u017ebenicima, oni ne\u0107e nestati. Treba ohrabriti mlade razli\u010dite seksualne opredeljenosti da \u017eive svoj \u017eivot I svoju seksualnost slobodno.<\/p>\n<p>Svemu tome ima prostora ukoliko bi se seksualno obrazovanje uvelo bar kao izborni predmet u osnovne \u0161kole, I ukoliko bi se ozbiljno pristupilo edukaciji mladih, kako kroz radionice, tako I kroz teorijska predavanja.<\/p>\n<p>Ukoliko bi se jo\u0161 u osnovnoj \u0161koli razbile osnovne predrasude o LGBT populaciji, bilo bi manje nasilja, homofobije, predrasuda, diskriminacije, jer obrazovani I osve\u0161\u0107eni mladi zapravo mogu da izle\u010de jedno dru\u0161tvo svojim zdravim delovanjem.<\/p>\n<p>Izvori:<\/p>\n<p>Ljudska prava u Srbiji 2014, Beogradski centar za ljudska prava<\/p>\n<p>Godi\u0161nji izve\u0161taj o polo\u017eaju LGBTIQ populacije u Srbiji za 2014 godinu, Labris<\/p>\n<p>Nedeljnik Vreme<\/p>\n<div id=\"sdfootnote1\">\n<p><a href=\"#sdfootnote1anc\" name=\"sdfootnote1sym\">1<\/a> <span lang=\"sr-Latn-CS\">Nedeljnik Vreme, rubrika Vreme Obrazovanja<\/span><\/p>\n<\/div>\n<p>[\/tabgarb]<\/p>\n<p>[tabgarb=tab3]<\/p>\n<p><a href=\"http:\/\/iea.rs\/wp-content\/uploads\/2017\/05\/DSC_0002.jpg\"><img loading=\"lazy\" decoding=\"async\" class=\"alignleft size-thumbnail wp-image-5325\" src=\"http:\/\/iea.rs\/wp-content\/uploads\/2017\/05\/DSC_0002-150x150.jpg\" alt=\"\" width=\"150\" height=\"150\" srcset=\"https:\/\/iea.rs\/wp-content\/uploads\/2017\/05\/DSC_0002-150x150.jpg 150w, https:\/\/iea.rs\/wp-content\/uploads\/2017\/05\/DSC_0002-50x50.jpg 50w, https:\/\/iea.rs\/wp-content\/uploads\/2017\/05\/DSC_0002-240x240.jpg 240w, https:\/\/iea.rs\/wp-content\/uploads\/2017\/05\/DSC_0002-100x100.jpg 100w\" sizes=\"auto, (max-width: 150px) 100vw, 150px\" \/><\/a> <a href=\"http:\/\/iea.rs\/wp-content\/uploads\/2017\/05\/DSC_0003.jpg\"><img loading=\"lazy\" decoding=\"async\" class=\"alignleft size-thumbnail wp-image-5326\" src=\"http:\/\/iea.rs\/wp-content\/uploads\/2017\/05\/DSC_0003-150x150.jpg\" alt=\"\" width=\"150\" height=\"150\" srcset=\"https:\/\/iea.rs\/wp-content\/uploads\/2017\/05\/DSC_0003-150x150.jpg 150w, https:\/\/iea.rs\/wp-content\/uploads\/2017\/05\/DSC_0003-50x50.jpg 50w, https:\/\/iea.rs\/wp-content\/uploads\/2017\/05\/DSC_0003-240x240.jpg 240w, https:\/\/iea.rs\/wp-content\/uploads\/2017\/05\/DSC_0003-100x100.jpg 100w\" sizes=\"auto, (max-width: 150px) 100vw, 150px\" \/><\/a> <a href=\"http:\/\/iea.rs\/wp-content\/uploads\/2017\/05\/DSC_0012.jpg\"><img loading=\"lazy\" decoding=\"async\" class=\"alignleft size-thumbnail wp-image-5327\" src=\"http:\/\/iea.rs\/wp-content\/uploads\/2017\/05\/DSC_0012-150x150.jpg\" alt=\"\" width=\"150\" height=\"150\" srcset=\"https:\/\/iea.rs\/wp-content\/uploads\/2017\/05\/DSC_0012-150x150.jpg 150w, https:\/\/iea.rs\/wp-content\/uploads\/2017\/05\/DSC_0012-50x50.jpg 50w, https:\/\/iea.rs\/wp-content\/uploads\/2017\/05\/DSC_0012-240x240.jpg 240w, https:\/\/iea.rs\/wp-content\/uploads\/2017\/05\/DSC_0012-100x100.jpg 100w\" sizes=\"auto, (max-width: 150px) 100vw, 150px\" \/><\/a> <a href=\"http:\/\/iea.rs\/wp-content\/uploads\/2017\/05\/DSC_0014.jpg\"><img loading=\"lazy\" decoding=\"async\" class=\"alignleft size-thumbnail wp-image-5328\" src=\"http:\/\/iea.rs\/wp-content\/uploads\/2017\/05\/DSC_0014-150x150.jpg\" alt=\"\" width=\"150\" height=\"150\" srcset=\"https:\/\/iea.rs\/wp-content\/uploads\/2017\/05\/DSC_0014-150x150.jpg 150w, https:\/\/iea.rs\/wp-content\/uploads\/2017\/05\/DSC_0014-50x50.jpg 50w, https:\/\/iea.rs\/wp-content\/uploads\/2017\/05\/DSC_0014-240x240.jpg 240w, https:\/\/iea.rs\/wp-content\/uploads\/2017\/05\/DSC_0014-100x100.jpg 100w\" sizes=\"auto, (max-width: 150px) 100vw, 150px\" \/><\/a> <a href=\"http:\/\/iea.rs\/wp-content\/uploads\/2017\/05\/DSC_0024.jpg\"><img loading=\"lazy\" decoding=\"async\" class=\"alignleft size-thumbnail wp-image-5329\" src=\"http:\/\/iea.rs\/wp-content\/uploads\/2017\/05\/DSC_0024-150x150.jpg\" alt=\"\" width=\"150\" height=\"150\" srcset=\"https:\/\/iea.rs\/wp-content\/uploads\/2017\/05\/DSC_0024-150x150.jpg 150w, https:\/\/iea.rs\/wp-content\/uploads\/2017\/05\/DSC_0024-50x50.jpg 50w, https:\/\/iea.rs\/wp-content\/uploads\/2017\/05\/DSC_0024-240x240.jpg 240w, https:\/\/iea.rs\/wp-content\/uploads\/2017\/05\/DSC_0024-100x100.jpg 100w\" sizes=\"auto, (max-width: 150px) 100vw, 150px\" \/><\/a><\/p>\n<p>[\/tabgarb]<\/p>","protected":false},"excerpt":{"rendered":"<p>&nbsp; [tabgarb] tab1=Media Activity=active tab2=Practical Policy tab3=Peer to Peer Education [\/tabgarb] [tabgarb=tab1] &nbsp; [\/tabgarb] [tabgarb=tab2] Uvo\u0111enje seksualnog obrazovanja u osnovne \u0161kole kao na\u010din razumevanja I &hellip; <a class=\"more-btn\" href=\"https:\/\/iea.rs\/en\/aleksandra-stojanov\/\">Read more &raquo;<\/a><\/p>\n","protected":false},"author":3,"featured_media":0,"parent":0,"menu_order":0,"comment_status":"closed","ping_status":"closed","template":"fullwidth.php","meta":{"_monsterinsights_skip_tracking":false,"_monsterinsights_sitenote_active":false,"_monsterinsights_sitenote_note":"","_monsterinsights_sitenote_category":0,"footnotes":""},"class_list":["post-5148","page","type-page","status-publish","hentry"],"yoast_head":"<!-- This site is optimized with the Yoast SEO plugin v25.4 - https:\/\/yoast.com\/wordpress\/plugins\/seo\/ -->\n<title>Aleksandra Stojanov - Institute for European Affairs<\/title>\n<meta name=\"robots\" content=\"index, follow, max-snippet:-1, max-image-preview:large, max-video-preview:-1\" \/>\n<link rel=\"canonical\" href=\"https:\/\/iea.rs\/en\/aleksandra-stojanov\/\" \/>\n<meta property=\"og:locale\" content=\"en_US\" \/>\n<meta property=\"og:type\" content=\"article\" \/>\n<meta property=\"og:title\" content=\"Aleksandra Stojanov - Institute for European Affairs\" \/>\n<meta property=\"og:description\" content=\"&nbsp; [tabgarb] tab1=Media Activity=active tab2=Practical Policy tab3=Peer to Peer Education [\/tabgarb] [tabgarb=tab1] &nbsp; [\/tabgarb] [tabgarb=tab2] Uvo\u0111enje seksualnog obrazovanja u osnovne \u0161kole kao na\u010din razumevanja I &hellip; Read more &raquo;\" \/>\n<meta property=\"og:url\" content=\"https:\/\/iea.rs\/en\/aleksandra-stojanov\/\" \/>\n<meta property=\"og:site_name\" content=\"Institute for European Affairs\" \/>\n<meta property=\"article:modified_time\" content=\"2017-05-20T19:04:31+00:00\" \/>\n<meta property=\"og:image\" content=\"http:\/\/iea.rs\/wp-content\/uploads\/2015\/04\/Aleksandra-Stojanov-150x150.jpg\" \/>\n<meta name=\"twitter:card\" content=\"summary_large_image\" \/>\n<meta name=\"twitter:label1\" content=\"Est. reading time\" \/>\n\t<meta name=\"twitter:data1\" content=\"8 minutes\" \/>\n<script type=\"application\/ld+json\" class=\"yoast-schema-graph\">{\"@context\":\"https:\/\/schema.org\",\"@graph\":[{\"@type\":\"WebPage\",\"@id\":\"https:\/\/iea.rs\/en\/aleksandra-stojanov\/\",\"url\":\"https:\/\/iea.rs\/en\/aleksandra-stojanov\/\",\"name\":\"Aleksandra Stojanov - Institute for European Affairs\",\"isPartOf\":{\"@id\":\"https:\/\/iea.rs\/#website\"},\"primaryImageOfPage\":{\"@id\":\"https:\/\/iea.rs\/en\/aleksandra-stojanov\/#primaryimage\"},\"image\":{\"@id\":\"https:\/\/iea.rs\/en\/aleksandra-stojanov\/#primaryimage\"},\"thumbnailUrl\":\"http:\/\/iea.rs\/wp-content\/uploads\/2015\/04\/Aleksandra-Stojanov-150x150.jpg\",\"datePublished\":\"2017-05-05T15:56:05+00:00\",\"dateModified\":\"2017-05-20T19:04:31+00:00\",\"breadcrumb\":{\"@id\":\"https:\/\/iea.rs\/en\/aleksandra-stojanov\/#breadcrumb\"},\"inLanguage\":\"en-US\",\"potentialAction\":[{\"@type\":\"ReadAction\",\"target\":[\"https:\/\/iea.rs\/en\/aleksandra-stojanov\/\"]}]},{\"@type\":\"ImageObject\",\"inLanguage\":\"en-US\",\"@id\":\"https:\/\/iea.rs\/en\/aleksandra-stojanov\/#primaryimage\",\"url\":\"http:\/\/iea.rs\/wp-content\/uploads\/2015\/04\/Aleksandra-Stojanov-150x150.jpg\",\"contentUrl\":\"http:\/\/iea.rs\/wp-content\/uploads\/2015\/04\/Aleksandra-Stojanov-150x150.jpg\"},{\"@type\":\"BreadcrumbList\",\"@id\":\"https:\/\/iea.rs\/en\/aleksandra-stojanov\/#breadcrumb\",\"itemListElement\":[{\"@type\":\"ListItem\",\"position\":1,\"name\":\"\u041f\u043e\u0447\u0435\u0442\u043d\u0430\",\"item\":\"https:\/\/iea.rs\/\"},{\"@type\":\"ListItem\",\"position\":2,\"name\":\"Aleksandra Stojanov\"}]},{\"@type\":\"WebSite\",\"@id\":\"https:\/\/iea.rs\/#website\",\"url\":\"https:\/\/iea.rs\/\",\"name\":\"Institute for European Affairs\",\"description\":\"\",\"potentialAction\":[{\"@type\":\"SearchAction\",\"target\":{\"@type\":\"EntryPoint\",\"urlTemplate\":\"https:\/\/iea.rs\/?s={search_term_string}\"},\"query-input\":{\"@type\":\"PropertyValueSpecification\",\"valueRequired\":true,\"valueName\":\"search_term_string\"}}],\"inLanguage\":\"en-US\"}]}<\/script>\n<!-- \/ Yoast SEO plugin. -->","yoast_head_json":{"title":"Aleksandra Stojanov - Institute for European Affairs","robots":{"index":"index","follow":"follow","max-snippet":"max-snippet:-1","max-image-preview":"max-image-preview:large","max-video-preview":"max-video-preview:-1"},"canonical":"https:\/\/iea.rs\/en\/aleksandra-stojanov\/","og_locale":"en_US","og_type":"article","og_title":"Aleksandra Stojanov - Institute for European Affairs","og_description":"&nbsp; [tabgarb] tab1=Media Activity=active tab2=Practical Policy tab3=Peer to Peer Education [\/tabgarb] [tabgarb=tab1] &nbsp; [\/tabgarb] [tabgarb=tab2] Uvo\u0111enje seksualnog obrazovanja u osnovne \u0161kole kao na\u010din razumevanja I &hellip; Read more &raquo;","og_url":"https:\/\/iea.rs\/en\/aleksandra-stojanov\/","og_site_name":"Institute for European Affairs","article_modified_time":"2017-05-20T19:04:31+00:00","og_image":[{"url":"http:\/\/iea.rs\/wp-content\/uploads\/2015\/04\/Aleksandra-Stojanov-150x150.jpg","type":"","width":"","height":""}],"twitter_card":"summary_large_image","twitter_misc":{"Est. reading time":"8 minutes"},"schema":{"@context":"https:\/\/schema.org","@graph":[{"@type":"WebPage","@id":"https:\/\/iea.rs\/en\/aleksandra-stojanov\/","url":"https:\/\/iea.rs\/en\/aleksandra-stojanov\/","name":"Aleksandra Stojanov - Institute for European Affairs","isPartOf":{"@id":"https:\/\/iea.rs\/#website"},"primaryImageOfPage":{"@id":"https:\/\/iea.rs\/en\/aleksandra-stojanov\/#primaryimage"},"image":{"@id":"https:\/\/iea.rs\/en\/aleksandra-stojanov\/#primaryimage"},"thumbnailUrl":"http:\/\/iea.rs\/wp-content\/uploads\/2015\/04\/Aleksandra-Stojanov-150x150.jpg","datePublished":"2017-05-05T15:56:05+00:00","dateModified":"2017-05-20T19:04:31+00:00","breadcrumb":{"@id":"https:\/\/iea.rs\/en\/aleksandra-stojanov\/#breadcrumb"},"inLanguage":"en-US","potentialAction":[{"@type":"ReadAction","target":["https:\/\/iea.rs\/en\/aleksandra-stojanov\/"]}]},{"@type":"ImageObject","inLanguage":"en-US","@id":"https:\/\/iea.rs\/en\/aleksandra-stojanov\/#primaryimage","url":"http:\/\/iea.rs\/wp-content\/uploads\/2015\/04\/Aleksandra-Stojanov-150x150.jpg","contentUrl":"http:\/\/iea.rs\/wp-content\/uploads\/2015\/04\/Aleksandra-Stojanov-150x150.jpg"},{"@type":"BreadcrumbList","@id":"https:\/\/iea.rs\/en\/aleksandra-stojanov\/#breadcrumb","itemListElement":[{"@type":"ListItem","position":1,"name":"\u041f\u043e\u0447\u0435\u0442\u043d\u0430","item":"https:\/\/iea.rs\/"},{"@type":"ListItem","position":2,"name":"Aleksandra Stojanov"}]},{"@type":"WebSite","@id":"https:\/\/iea.rs\/#website","url":"https:\/\/iea.rs\/","name":"Institute for European Affairs","description":"","potentialAction":[{"@type":"SearchAction","target":{"@type":"EntryPoint","urlTemplate":"https:\/\/iea.rs\/?s={search_term_string}"},"query-input":{"@type":"PropertyValueSpecification","valueRequired":true,"valueName":"search_term_string"}}],"inLanguage":"en-US"}]}},"_links":{"self":[{"href":"https:\/\/iea.rs\/en\/wp-json\/wp\/v2\/pages\/5148","targetHints":{"allow":["GET"]}}],"collection":[{"href":"https:\/\/iea.rs\/en\/wp-json\/wp\/v2\/pages"}],"about":[{"href":"https:\/\/iea.rs\/en\/wp-json\/wp\/v2\/types\/page"}],"author":[{"embeddable":true,"href":"https:\/\/iea.rs\/en\/wp-json\/wp\/v2\/users\/3"}],"replies":[{"embeddable":true,"href":"https:\/\/iea.rs\/en\/wp-json\/wp\/v2\/comments?post=5148"}],"version-history":[{"count":0,"href":"https:\/\/iea.rs\/en\/wp-json\/wp\/v2\/pages\/5148\/revisions"}],"wp:attachment":[{"href":"https:\/\/iea.rs\/en\/wp-json\/wp\/v2\/media?parent=5148"}],"curies":[{"name":"wp","href":"https:\/\/api.w.org\/{rel}","templated":true}]}}