{"id":5157,"date":"2017-05-20T13:03:38","date_gmt":"2017-05-20T11:03:38","guid":{"rendered":"http:\/\/iea.rs\/?page_id=5157"},"modified":"2017-05-20T16:05:28","modified_gmt":"2017-05-20T14:05:28","slug":"bojana-lekic","status":"publish","type":"page","link":"https:\/\/iea.rs\/en\/bojana-lekic\/","title":{"rendered":"Bojana Lekic"},"content":{"rendered":"<p>&nbsp;<\/p>\n<div id=\"attachment_4328\" style=\"width: 160px\" class=\"wp-caption aligncenter\"><img loading=\"lazy\" decoding=\"async\" aria-describedby=\"caption-attachment-4328\" class=\"wp-image-4328 size-thumbnail\" src=\"http:\/\/iea.rs\/wp-content\/uploads\/2015\/04\/Bojana-Leki\u0107-150x150.jpg\" alt=\"\" width=\"150\" height=\"150\" srcset=\"https:\/\/iea.rs\/wp-content\/uploads\/2015\/04\/Bojana-Leki\u0107-150x150.jpg 150w, https:\/\/iea.rs\/wp-content\/uploads\/2015\/04\/Bojana-Leki\u0107-50x50.jpg 50w, https:\/\/iea.rs\/wp-content\/uploads\/2015\/04\/Bojana-Leki\u0107-240x240.jpg 240w, https:\/\/iea.rs\/wp-content\/uploads\/2015\/04\/Bojana-Leki\u0107-100x100.jpg 100w\" sizes=\"auto, (max-width: 150px) 100vw, 150px\" \/><\/p>\n<p id=\"caption-attachment-4328\" class=\"wp-caption-text\">Bojana Leki\u0107<\/p>\n<\/div>\n<p>[tabgarb]<\/p>\n<p>tab1=Media Activity<br \/>\ntab2=Practical Policy=active<br \/>\ntab3=Peer to Peer Education<br \/>\n[\/tabgarb]<\/p>\n<p>[tabgarb=tab1]<\/p>\n<h1>Branitelji i braniteljke manjinskih prava u Srbiji<\/h1>\n<p>Pitanje \u201cDa li smo stvarno svi jednaki?\u201d bilo je glavna tematika susreta mladih pravnika na seminaru u Somboru u okviru programa \u201cBranitelji i braniteljke manjinskih prava u Srbiji\u201d odr\u017eanog od 30 juna &#8211; 5 jula.<\/p>\n<p>Cilj seminara je da informi\u0161e mlade pravnike kako bi, pre svega, imali vi\u0161e sluha za ljudska i posebno manjinska prava koja \u0107e kasnije implementirati u svom poslu i \u017eivotu, a potom saminicijativno edukovati svoju okolinu, studente, srednjo\u0161kolce.<\/p>\n<p>U\u010desnici ovog seminara bili su apsolventi pravnog fakulteta i mladi pravnici koji su kroz intenzivna predavanja i radionice odr\u017eane od strane predstavnika YUCOM-a, LGBT populacije, OEBS-a i Romske populacije razmatrali pitanja i probleme razli\u010ditih manjinskih grupa i upoznali se sa ljudskim pravima, njihovim kr\u0161enjem i za\u0161titom.<\/p>\n<p>Tako su diskutovali o pravima \u017eena, nedostatku beneficija, pravu na \u0161kolovanje, za\u0161titi pripadnika Romske zajednice, problemima na koje nailaze pripadnici LGBT populacije kao i eventualnim re\u0161enjima na te probleme. Zajedni\u010dka diskusija, kao i otvorena predavanja su dodatno podstakla u\u010desnike da se uklju\u010de u re\u0161avanje realnih problema na koje nailaze pripadnici manjinskih grupa.<\/p>\n<p>Pored svakodnevnih predavanja i radionica i u kasnim ve\u010dernjim satima odr\u017eavao se Forum teatar tj. teatar potla\u010denih gde su se u\u010desnici kroz primere i simuliranje realnih zivotnih situacija upoznali sa problemima sa kojima se susre\u0107u pripadnici razli\u010ditih manjinskih grupa i razmatrali kakav je njihov polo\u017eaj.<\/p>\n<p>U okviru programa u\u010desnici su imali priliku da prisustvuju su\u0111enju u Osnovnom sudu u Somboru, da posete Za\u0161titnicu gra\u0111ana i Gradsku ku\u0107u.<\/p>\n<p>Pitanje ravnopravnosti ne\u0107e ostati samo me\u0111u u\u010desnicima ovog programa, ve\u0107 oni imaju zadatak da otvore i pokrenu diskusiju kroz medijsko pojavljivanje, program prakti\u010dne politike i vr\u0161nja\u010dku edukaciju.<\/p>\n<p>Seminar je organizovao Omladinski odbor za obrazovanje iz Beograda u saradnji sa \u201cCivil rights defenders\u201d a sada je u toku i drugi seminar na istu temu, gde druga generacija Branitelja i Braniteljki boravi u Novom Sadu.<\/p>\n<p>Sve potrebne podatke mozete dobiti na sajtu <a href=\"http:\/\/www.ooo.org.rs\/\">www.ooo.org.rs<\/a> kao i <a href=\"http:\/\/www.facebook.com\/odbor?__mref=message\">www.facebook.com\/odbor<\/a>.<\/p>\n<p>Autor teksta: Bojana Leki\u0107<\/p>\n<p>[\/tabgarb]<\/p>\n<p>[tabgarb=tab2]<\/p>\n<p align=\"center\">PLAN PRAKTI\u010cNE POLITIKE<\/p>\n<p align=\"justify\">Na osnovu sopstvenog iskustva kao i kroz seminare i edukacije kojima sam li\u010dno prisustvovala, donela sam zaklju\u010dak da prava manjina jesu ugro\u017eena, ali moj li\u010dni utisak je da treba raditi na najva\u017enijem problemu, odba\u010denosti manjina, odnosno njihovoj diskriminaciji. Na osnovu li\u010dnog iskustva, problem diskriminacije je su\u0161tinski problem na koji treba reagovati preventivno, ta\u010dnije, da spre\u010dimo nastanak diskriminacije. S obzirom na to da nam je mr\u017enja data, kao i na to da se ona u\u010di, najva\u017enije je, po mom mi\u0161ljenju, uticati na najmla\u0111e generacije. Problem rada sa starijim generacijama su njihova ustaljena na\u010dela i principi kojima se oni rukovode celog \u017eivota. Mr\u017enja nije na\u0161a, ve\u0107 nam je data i takav problem treba re\u0161iti u njegovom korenu, jer je vrlo te\u0161ko uticati na posledice. Vo\u0111ena ovim, mislim da treba uvesti kao obavezan \u010das zabranu diskriminacije u osnovnim \u0161kolama, kao i da probamo da pro\u0161irimo pozitivan uticaj nediskriminacije. Osobe koje su u ovom uzrastu naj\u010de\u0161\u0107e su najpogodnije za u\u010denje o nediskriminaciji, jer u suprotnom, bi\u0107e izlo\u017eene suprotnom u\u010denju. Diskriminacija se neretko javlja u osnovnim \u0161kolama, na\u017ealost \u010desto dovodi i do fatalnih ishoda. Edukacijom mo\u017eemo posti\u0107i mnogo, a sve \u0161to je potrebno je jedan \u010das (\u010dak i u trajanju od 30min) nedeljno kako bismo ukazali mla\u0111im generacijama na to da postoji ravnopravnost svih i da je svaki \u017eivot podjednako bitan. Do dono\u0161enja Zakona o zabrani diskriminacije 26.marta 2009.godine (Slu\u017ebeni glasnik RS br. 22\/09) mnogobrojni zakoni i podzakonski akti koji su se odnosili na zabranu diskriminacije nisu obezbe\u0111ivali uspe\u0161no spre\u010davanje ove pojave i za\u0161titu ravnopravnosti. Usvajanje zakona predstavlja prekretnicu u izgradnji efikasnog i koherentnog podsistema zabrane diskriminacije u okviru pravnog sistema RS, \u0161to u budu\u0107nosti treba da dovede do uspe\u0161nog spre\u010davanja i zabrane diskriminacije, te ka\u017enjavanja odgovornih u slu\u010dajevima kr\u0161enja zabrane diskriminacije. Bez obzira na postojanje pravnog osnova i dalje mislim da treba raditi aktivno na spre\u010davanju diskriminacije, tj.reagovati preventivno, te je najbolje uraditi to kroz edukaciju onih koji \u010dine budu\u0107nost. Ukoliko poku\u0161amo da promenimo svest, kroz par generacija i u Srbiji \u0107e sasvim normalno funkcionisati sve manjine, bez prezira jer kroz edukaciju dece mi \u0107emo posti\u0107i mnogo bolje rezultate, pre svega jer im mr\u017enja ne\u0107e biti data. Svaka promena tra\u017ei vreme, te zbog toga \u0107e se moj plan zasnivati upravo na sistemima iznala\u017eenja odgovora koji mogu dati dugotrajno re\u0161enje, a ne privremeno i neefikasno. Postoje i razni projekti kakav je \u201eZabrana diskriminacije u Srbiji i ranjive dru\u0161tvene grupe\u201c koji uspe\u0161no radi na terenu antidiskriminacije, me\u0111utim, po mom mi\u0161ljenju, problem sa ovakvim projektima kao i seminarima o ljudskim pravima gde je jedna od tema upravo diskriminacija jeste \u0161to neretko mo\u017ee da ih \u010duje samo odre\u0111en broj ljudi. Svaki problem koji se smatra najva\u017enijim je tesno povezan sa slede\u0107im problemom. Upravo zato treba tra\u017eiti uzroke diskriminacije, i na njih reagovati, a ne posledice i spre\u010davati nastanak istih.\n<\/p>\n<p>[\/tabgarb]<\/p>\n<p>[tabgarb=tab3]<\/p>\n<p><a href=\"http:\/\/iea.rs\/wp-content\/uploads\/2017\/05\/forum_teatar.jpg\"><img loading=\"lazy\" decoding=\"async\" class=\"alignleft size-thumbnail wp-image-5297\" src=\"http:\/\/iea.rs\/wp-content\/uploads\/2017\/05\/forum_teatar-150x150.jpg\" alt=\"\" width=\"150\" height=\"150\" srcset=\"https:\/\/iea.rs\/wp-content\/uploads\/2017\/05\/forum_teatar-150x150.jpg 150w, https:\/\/iea.rs\/wp-content\/uploads\/2017\/05\/forum_teatar-600x600.jpg 600w, https:\/\/iea.rs\/wp-content\/uploads\/2017\/05\/forum_teatar-768x768.jpg 768w, https:\/\/iea.rs\/wp-content\/uploads\/2017\/05\/forum_teatar-1024x1024.jpg 1024w, https:\/\/iea.rs\/wp-content\/uploads\/2017\/05\/forum_teatar-473x473.jpg 473w, https:\/\/iea.rs\/wp-content\/uploads\/2017\/05\/forum_teatar-726x726.jpg 726w, https:\/\/iea.rs\/wp-content\/uploads\/2017\/05\/forum_teatar-50x50.jpg 50w, https:\/\/iea.rs\/wp-content\/uploads\/2017\/05\/forum_teatar-240x240.jpg 240w, https:\/\/iea.rs\/wp-content\/uploads\/2017\/05\/forum_teatar-100x100.jpg 100w, https:\/\/iea.rs\/wp-content\/uploads\/2017\/05\/forum_teatar.jpg 2000w\" sizes=\"auto, (max-width: 150px) 100vw, 150px\" \/><\/a> <a href=\"http:\/\/iea.rs\/wp-content\/uploads\/2017\/05\/predavanje.jpg\"><img loading=\"lazy\" decoding=\"async\" class=\"alignleft size-thumbnail wp-image-5298\" src=\"http:\/\/iea.rs\/wp-content\/uploads\/2017\/05\/predavanje-150x150.jpg\" alt=\"\" width=\"150\" height=\"150\" srcset=\"https:\/\/iea.rs\/wp-content\/uploads\/2017\/05\/predavanje-150x150.jpg 150w, https:\/\/iea.rs\/wp-content\/uploads\/2017\/05\/predavanje-50x50.jpg 50w, https:\/\/iea.rs\/wp-content\/uploads\/2017\/05\/predavanje-240x240.jpg 240w, https:\/\/iea.rs\/wp-content\/uploads\/2017\/05\/predavanje-100x100.jpg 100w\" sizes=\"auto, (max-width: 150px) 100vw, 150px\" \/><\/a> <a href=\"http:\/\/iea.rs\/wp-content\/uploads\/2017\/05\/Slika-1-ucesnici.jpg\"><img loading=\"lazy\" decoding=\"async\" class=\"alignleft size-thumbnail wp-image-5299\" src=\"http:\/\/iea.rs\/wp-content\/uploads\/2017\/05\/Slika-1-ucesnici-150x150.jpg\" alt=\"\" width=\"150\" height=\"150\" srcset=\"https:\/\/iea.rs\/wp-content\/uploads\/2017\/05\/Slika-1-ucesnici-150x150.jpg 150w, https:\/\/iea.rs\/wp-content\/uploads\/2017\/05\/Slika-1-ucesnici-600x600.jpg 600w, https:\/\/iea.rs\/wp-content\/uploads\/2017\/05\/Slika-1-ucesnici-768x768.jpg 768w, https:\/\/iea.rs\/wp-content\/uploads\/2017\/05\/Slika-1-ucesnici-1024x1024.jpg 1024w, https:\/\/iea.rs\/wp-content\/uploads\/2017\/05\/Slika-1-ucesnici-473x473.jpg 473w, https:\/\/iea.rs\/wp-content\/uploads\/2017\/05\/Slika-1-ucesnici-726x726.jpg 726w, https:\/\/iea.rs\/wp-content\/uploads\/2017\/05\/Slika-1-ucesnici-50x50.jpg 50w, https:\/\/iea.rs\/wp-content\/uploads\/2017\/05\/Slika-1-ucesnici-240x240.jpg 240w, https:\/\/iea.rs\/wp-content\/uploads\/2017\/05\/Slika-1-ucesnici-100x100.jpg 100w, https:\/\/iea.rs\/wp-content\/uploads\/2017\/05\/Slika-1-ucesnici.jpg 2000w\" sizes=\"auto, (max-width: 150px) 100vw, 150px\" \/><\/a><\/p>\n<p>[\/tabgarb]<\/p>","protected":false},"excerpt":{"rendered":"<p>&nbsp; [tabgarb] tab1=Media Activity tab2=Practical Policy=active tab3=Peer to Peer Education [\/tabgarb] [tabgarb=tab1] Branitelji i braniteljke manjinskih prava u Srbiji Pitanje \u201cDa li smo stvarno svi &hellip; <a class=\"more-btn\" href=\"https:\/\/iea.rs\/en\/bojana-lekic\/\">Read more &raquo;<\/a><\/p>\n","protected":false},"author":3,"featured_media":0,"parent":0,"menu_order":0,"comment_status":"closed","ping_status":"closed","template":"fullwidth.php","meta":{"_monsterinsights_skip_tracking":false,"_monsterinsights_sitenote_active":false,"_monsterinsights_sitenote_note":"","_monsterinsights_sitenote_category":0,"footnotes":""},"class_list":["post-5157","page","type-page","status-publish","hentry"],"yoast_head":"<!-- This site is optimized with the Yoast SEO plugin v25.4 - https:\/\/yoast.com\/wordpress\/plugins\/seo\/ -->\n<title>Bojana Lekic - Institute for European Affairs<\/title>\n<meta name=\"robots\" content=\"index, follow, max-snippet:-1, max-image-preview:large, max-video-preview:-1\" \/>\n<link rel=\"canonical\" href=\"https:\/\/iea.rs\/bojana-lekic\/\" \/>\n<meta property=\"og:locale\" content=\"en_US\" \/>\n<meta property=\"og:type\" content=\"article\" \/>\n<meta property=\"og:title\" content=\"[:sr]Bojana Leki\u0107[:en]Bojana Lekic[:] - Institute for European Affairs\" \/>\n<meta property=\"og:description\" content=\"&nbsp; [tabgarb] tab1=Media Activity tab2=Practical Policy=active tab3=Peer to Peer Education [\/tabgarb] [tabgarb=tab1] Branitelji i braniteljke manjinskih prava u Srbiji Pitanje \u201cDa li smo stvarno svi &hellip; Read more &raquo;\" \/>\n<meta property=\"og:url\" content=\"https:\/\/iea.rs\/bojana-lekic\/\" \/>\n<meta property=\"og:site_name\" content=\"Institute for European Affairs\" \/>\n<meta property=\"article:modified_time\" content=\"2017-05-20T14:05:28+00:00\" \/>\n<meta property=\"og:image\" content=\"http:\/\/iea.rs\/wp-content\/uploads\/2015\/04\/Bojana-Leki\u0107-150x150.jpg\" \/>\n<meta name=\"twitter:card\" content=\"summary_large_image\" \/>\n<meta name=\"twitter:label1\" content=\"Est. reading time\" \/>\n\t<meta name=\"twitter:data1\" content=\"9 minutes\" \/>\n<script type=\"application\/ld+json\" class=\"yoast-schema-graph\">{\"@context\":\"https:\/\/schema.org\",\"@graph\":[{\"@type\":\"WebPage\",\"@id\":\"https:\/\/iea.rs\/bojana-lekic\/\",\"url\":\"https:\/\/iea.rs\/bojana-lekic\/\",\"name\":\"[:sr]Bojana Leki\u0107[:en]Bojana Lekic[:] - Institute for European Affairs\",\"isPartOf\":{\"@id\":\"https:\/\/iea.rs\/#website\"},\"primaryImageOfPage\":{\"@id\":\"https:\/\/iea.rs\/bojana-lekic\/#primaryimage\"},\"image\":{\"@id\":\"https:\/\/iea.rs\/bojana-lekic\/#primaryimage\"},\"thumbnailUrl\":\"http:\/\/iea.rs\/wp-content\/uploads\/2017\/05\/forum_teatar-150x150.jpg\",\"datePublished\":\"2017-05-20T11:03:38+00:00\",\"dateModified\":\"2017-05-20T14:05:28+00:00\",\"breadcrumb\":{\"@id\":\"https:\/\/iea.rs\/bojana-lekic\/#breadcrumb\"},\"inLanguage\":\"en-US\",\"potentialAction\":[{\"@type\":\"ReadAction\",\"target\":[\"https:\/\/iea.rs\/bojana-lekic\/\"]}]},{\"@type\":\"ImageObject\",\"inLanguage\":\"en-US\",\"@id\":\"https:\/\/iea.rs\/bojana-lekic\/#primaryimage\",\"url\":\"http:\/\/iea.rs\/wp-content\/uploads\/2017\/05\/forum_teatar-150x150.jpg\",\"contentUrl\":\"http:\/\/iea.rs\/wp-content\/uploads\/2017\/05\/forum_teatar-150x150.jpg\"},{\"@type\":\"BreadcrumbList\",\"@id\":\"https:\/\/iea.rs\/bojana-lekic\/#breadcrumb\",\"itemListElement\":[{\"@type\":\"ListItem\",\"position\":1,\"name\":\"\u041f\u043e\u0447\u0435\u0442\u043d\u0430\",\"item\":\"https:\/\/iea.rs\/\"},{\"@type\":\"ListItem\",\"position\":2,\"name\":\"Bojana Leki\u0107\"}]},{\"@type\":\"WebSite\",\"@id\":\"https:\/\/iea.rs\/#website\",\"url\":\"https:\/\/iea.rs\/\",\"name\":\"Institute for European Affairs\",\"description\":\"\",\"potentialAction\":[{\"@type\":\"SearchAction\",\"target\":{\"@type\":\"EntryPoint\",\"urlTemplate\":\"https:\/\/iea.rs\/?s={search_term_string}\"},\"query-input\":{\"@type\":\"PropertyValueSpecification\",\"valueRequired\":true,\"valueName\":\"search_term_string\"}}],\"inLanguage\":\"en-US\"}]}<\/script>\n<!-- \/ Yoast SEO plugin. -->","yoast_head_json":{"title":"[:sr]Bojana Leki\u0107[:en]Bojana Lekic[:] - Institute for European Affairs","robots":{"index":"index","follow":"follow","max-snippet":"max-snippet:-1","max-image-preview":"max-image-preview:large","max-video-preview":"max-video-preview:-1"},"canonical":"https:\/\/iea.rs\/bojana-lekic\/","og_locale":"en_US","og_type":"article","og_title":"[:sr]Bojana Leki\u0107[:en]Bojana Lekic[:] - Institute for European Affairs","og_description":"&nbsp; [tabgarb] tab1=Media Activity tab2=Practical Policy=active tab3=Peer to Peer Education [\/tabgarb] [tabgarb=tab1] Branitelji i braniteljke manjinskih prava u Srbiji Pitanje \u201cDa li smo stvarno svi &hellip; Read more &raquo;","og_url":"https:\/\/iea.rs\/bojana-lekic\/","og_site_name":"Institute for European Affairs","article_modified_time":"2017-05-20T14:05:28+00:00","og_image":[{"url":"http:\/\/iea.rs\/wp-content\/uploads\/2015\/04\/Bojana-Leki\u0107-150x150.jpg","type":"","width":"","height":""}],"twitter_card":"summary_large_image","twitter_misc":{"Est. reading time":"9 minutes"},"schema":{"@context":"https:\/\/schema.org","@graph":[{"@type":"WebPage","@id":"https:\/\/iea.rs\/bojana-lekic\/","url":"https:\/\/iea.rs\/bojana-lekic\/","name":"[:sr]Bojana Leki\u0107[:en]Bojana Lekic[:] - Institute for European Affairs","isPartOf":{"@id":"https:\/\/iea.rs\/#website"},"primaryImageOfPage":{"@id":"https:\/\/iea.rs\/bojana-lekic\/#primaryimage"},"image":{"@id":"https:\/\/iea.rs\/bojana-lekic\/#primaryimage"},"thumbnailUrl":"http:\/\/iea.rs\/wp-content\/uploads\/2017\/05\/forum_teatar-150x150.jpg","datePublished":"2017-05-20T11:03:38+00:00","dateModified":"2017-05-20T14:05:28+00:00","breadcrumb":{"@id":"https:\/\/iea.rs\/bojana-lekic\/#breadcrumb"},"inLanguage":"en-US","potentialAction":[{"@type":"ReadAction","target":["https:\/\/iea.rs\/bojana-lekic\/"]}]},{"@type":"ImageObject","inLanguage":"en-US","@id":"https:\/\/iea.rs\/bojana-lekic\/#primaryimage","url":"http:\/\/iea.rs\/wp-content\/uploads\/2017\/05\/forum_teatar-150x150.jpg","contentUrl":"http:\/\/iea.rs\/wp-content\/uploads\/2017\/05\/forum_teatar-150x150.jpg"},{"@type":"BreadcrumbList","@id":"https:\/\/iea.rs\/bojana-lekic\/#breadcrumb","itemListElement":[{"@type":"ListItem","position":1,"name":"\u041f\u043e\u0447\u0435\u0442\u043d\u0430","item":"https:\/\/iea.rs\/"},{"@type":"ListItem","position":2,"name":"Bojana Leki\u0107"}]},{"@type":"WebSite","@id":"https:\/\/iea.rs\/#website","url":"https:\/\/iea.rs\/","name":"Institute for European Affairs","description":"","potentialAction":[{"@type":"SearchAction","target":{"@type":"EntryPoint","urlTemplate":"https:\/\/iea.rs\/?s={search_term_string}"},"query-input":{"@type":"PropertyValueSpecification","valueRequired":true,"valueName":"search_term_string"}}],"inLanguage":"en-US"}]}},"_links":{"self":[{"href":"https:\/\/iea.rs\/en\/wp-json\/wp\/v2\/pages\/5157","targetHints":{"allow":["GET"]}}],"collection":[{"href":"https:\/\/iea.rs\/en\/wp-json\/wp\/v2\/pages"}],"about":[{"href":"https:\/\/iea.rs\/en\/wp-json\/wp\/v2\/types\/page"}],"author":[{"embeddable":true,"href":"https:\/\/iea.rs\/en\/wp-json\/wp\/v2\/users\/3"}],"replies":[{"embeddable":true,"href":"https:\/\/iea.rs\/en\/wp-json\/wp\/v2\/comments?post=5157"}],"version-history":[{"count":0,"href":"https:\/\/iea.rs\/en\/wp-json\/wp\/v2\/pages\/5157\/revisions"}],"wp:attachment":[{"href":"https:\/\/iea.rs\/en\/wp-json\/wp\/v2\/media?parent=5157"}],"curies":[{"name":"wp","href":"https:\/\/api.w.org\/{rel}","templated":true}]}}