{"id":5159,"date":"2017-05-20T13:05:09","date_gmt":"2017-05-20T11:05:09","guid":{"rendered":"http:\/\/iea.rs\/?page_id=5159"},"modified":"2017-05-20T15:58:56","modified_gmt":"2017-05-20T13:58:56","slug":"dijana-tomanic","status":"publish","type":"page","link":"https:\/\/iea.rs\/en\/dijana-tomanic\/","title":{"rendered":"Dijana Tomani\u0107"},"content":{"rendered":"<p>&nbsp;<\/p>\n<div id=\"attachment_4329\" style=\"width: 160px\" class=\"wp-caption aligncenter\"><img loading=\"lazy\" decoding=\"async\" aria-describedby=\"caption-attachment-4329\" class=\"wp-image-4329 size-thumbnail\" src=\"http:\/\/iea.rs\/wp-content\/uploads\/2015\/04\/Dijana-Tomani\u0107-150x150.jpg\" alt=\"\" width=\"150\" height=\"150\" srcset=\"https:\/\/iea.rs\/wp-content\/uploads\/2015\/04\/Dijana-Tomani\u0107-150x150.jpg 150w, https:\/\/iea.rs\/wp-content\/uploads\/2015\/04\/Dijana-Tomani\u0107-50x50.jpg 50w, https:\/\/iea.rs\/wp-content\/uploads\/2015\/04\/Dijana-Tomani\u0107-240x240.jpg 240w, https:\/\/iea.rs\/wp-content\/uploads\/2015\/04\/Dijana-Tomani\u0107-100x100.jpg 100w\" sizes=\"auto, (max-width: 150px) 100vw, 150px\" \/><\/p>\n<p id=\"caption-attachment-4329\" class=\"wp-caption-text\">Dijana Tomani\u0107<\/p>\n<\/div>\n<p>[tabgarb]<\/p>\n<p>tab1=Media Activity=active<br \/>\ntab2=Practical Policy<br \/>\ntab3=Peer to Peer Education<br \/>\n[\/tabgarb]<\/p>\n<p>[tabgarb=tab1]<\/p>\n<h3>Ljudska prava kao privilegija<\/h3>\n<p>Pri\u010da o ljudskim pravima danas predstavlja najaktuelniju temu, obzirom na de\u0161avanja u na\u0161oj zemlji i regionu. Danas vi\u0161e nego ikad stavlja se akcenat na ravnopravnost, vjersku, etni\u010dku, polnu. Sigurno je da su nam svima, kao ljudskim bi\u0107ima, zagarantovana jednaka prava. Pravo na slobodu misli, govora, okupljanja, pravo na zdrav i bezbjedan \u017eivot, pravo da svi budemo jednaki i ravnopravni. Me\u0111utim, pitanje je da li svi imamo jednake mogu\u0107nosti da ta prava podjendako u\u017eivamo i ostvarimo?<\/p>\n<p>Ova tema ti\u010de se svih nas, ali prvenstveno mladih pravnika. Tako je i nastao program,,Branitelji i braniteljke manjinskih prava u Srbiji\u201c. Po prvi put odr\u017ean u Somboru, od 30. juna do 5. jula, imao je za cilj da okupi studente pravnih fakulteta u Srbiji , diplomirane pravnike i mlade advokate, u organizaciji Omladinskog odbora za obrazovanje iz Beograda i ,,Civil rightdeffenders\u201c. Polaznici su imali prilike da slu\u0161aju sjajne predava\u010de, predstavnike Romske i LGBT populacije, YUCOM-a, OEBS-a. Predavanja su bila interaktivnog karaktera, te je sve zajedno predstavljalo jedno fantasti\u010dno iskustvo, u kojem su se pitanja nizala jedno za drugim, i gdje su u\u010desnici mogli da se bli\u017ee upoznaju sa svim \u0161to ih je vezano za tu temu interesovalo. Govorilo se o polo\u017eaju Roma, LGBT pripadnika, \u017eena, osoba sa invaliditetom u na\u0161em dru\u0161tvu, njihovim pote\u0161ko\u0107ama i preprekama u ostvarenju prava. Govorilo se o diskriminacij, koja i te kako postoji, i o na\u010dinima da se ista prevazi\u0111e. Svakako najinteresantniji dio programa bio je forum teatar, poznatiji i kao forum potla\u010denih, u kojem smo svako ve\u010de glumili nove heroje, i u kojem smo zaista mogli da se stavimo u polo\u017eaj \u017ertve i da se pribli\u017eimo njihovim osje\u0107anjima. Ne bih izostavila posjete Osnovnom sudu u Somboru, Gradskoj ku\u0107i, Za\u0161titnici gra\u0111ana koje su bile sastavni dio programa.<\/p>\n<p>Kao jedna od u\u010desnica programa \u017eelim da vam prenesem i pribli\u017eim jedno zaista pozitivno iskustvo. Nau\u010dila sam mnoge stvari, prije svega da smo sami mi pokreta\u010di promjena, borci za jednakost i pravdu. Kao jedna od braniteljki manjinskih prava shvatila sam da sutra svi mi mladi pravnici koji budemo na mjestu sudija, advokata, tu\u017eitelja mo\u017eemo da uradimo mnogo i da se prema svima pona\u0161amo sa po\u0161tovanjem i ravnopravno. U septembru je odr\u017ean i drugi seminar ,,Branitelja i braniteljki manjinskih prava u Srbiji\u201c u Novom Sadu, tako\u0111e u organizaciji Omladinskog odbora iz Beograda. Vjerujem da \u0107e ih biti jo\u0161, i ovim putem bih vas pozvala da ukoliko vidite otvoreni poziv aplicirate i pridru\u017eite nam se u \u0161irenju jedne zaista pozitivne ideje.<\/p>\n<p>Autor: Dijana Tomani\u0107<\/p>\n<p>[\/tabgarb]<\/p>\n<p>[tabgarb=tab2]<\/p>\n<p align=\"center\"><span style=\"font-family: 'Times New Roman', serif;\"><span style=\"font-size: medium;\"><b>Plan prakti\u010dne politike:<\/b><\/span><\/span><\/p>\n<p align=\"center\"><span style=\"font-family: 'Times New Roman', serif;\"><span style=\"font-size: medium;\"><b>Problem &#8220;pravno nevidljivih lica&#8221; (Romi)<\/b><\/span><\/span><\/p>\n<p>U Evropi \u017eivi izme\u0111u 10 i 12 miliona Roma. U izvje\u0161taju Evropske komisije o primeni okvira za nacionalne strategije za integraciju Roma u EU, u dijelu izvje\u0161taja koji se odnosi na zemlje u procesu pristupanja navodi se da su Romi vrlo \u010desto \u017ertve rasizma i diskriminacije, da su isklju\u010deni iz dru\u0161tva, da \u017eive u siroma\u0161tvu i nemaju potpun pristup zdravstvu, obrazovanju, stanovanju i zapo\u0161ljavanju. Zemlje u procesu pristupanja, a me\u0111u njima i Srbija moraju da poja\u010daju napore kako bi integrisali Rome, uklju\u010duju\u0107i izbjeglice, interno raseljene osobe, me\u0111u kojima su najvi\u0161e zastupljeni Romi.<\/p>\n<p>Polo\u017eaj romske zajednice poslednjih godina je bolji u odnosu na ranije godine, ali su Romi i dalje najdiskriminisanija dru\u0161tvena grupa u Srbiji. Prema popisu iz 2013. u Srbiji \u017eivi oko 140.000 Roma. Pokazatelj diskriminacije prema ovoj grupi je \u010dinjenica da je jedna tre\u0107ina svih parnica koje je pokrenuo Poverenik za za\u0161titu ravnopravnost \u010dine slu\u010dajevi diskriminacije Roma. Ipak, smatra se da je broj pritu\u017ebi jako mali u odnosu na stvarnu diskriminaciju kojoj su svakodnveno izlo\u017eeni pripadnici ove grupe<\/p>\n<p>. Jedan od klju\u010dnih uzroka svih ovih problema je to \u0161to u Republici Srbiji \u017eivi nepoznat broj ljudi bez pravnog identiteta. To su osobe koje nikada nisu bile upisane u mati\u010dnu knjigu ro\u0111enih, ili su mati\u010dne knjige uni\u0161tene ili nestale, a oni ne raspola\u017eu dokumentima ili drugim dokazima o tome da su u njih bili upisani.<\/p>\n<p><a name=\"_GoBack\"><\/a> \u010cinjenica ro\u0111enja i odre\u0111ivanja imena, kao osnova li\u010dnog identite, trebala bi da bude nesporno priznata svakom novoro\u0111en\u010detu na teritoriji Republike Srbije. Ovi &#8220;pravno nevidljivi ljudi&#8221; nemaju li\u010dne karte, zdravstvene knji\u017eice, radne knji\u017eice, voza\u010dke dozvole, paso\u0161e, niti druga identifikaciona dokumenta. Oni nisu priznati u Srbiji kao subjekti prava, kao pojedinci kojima je priznato svojstvo ljudskih bi\u0107a za koje se vezuje, u\u017eivanje drugih prava i sloboda. Iako se radi o pravu na priznavanje pravnog subjektiviteta, koja je zajam\u010dena Ustavom Srbije, kao i najva\u017enijim me\u0111unarodnim dokumentima o ljudskim pravima, Srbija jo\u0161 nije adekvatno odgovorila ostvarivanju i za\u0161titi ovog prava.<\/p>\n<p>Posmatraju\u0107i ove \u010dinjenice, da se procjenjuje da od par desetina hiljada, do par stotina hiljada ljudi je u ovom statusu, od kojih su najbrojniji Romi, mo\u017ee se zaklju\u010diti da izvor svih navedenih problema Roma po\u010dinje od same \u010dinjenice da su u jednoj zemlji oni &#8220;pravno nevidljivi&#8221;, pa tako i njihovi problemi.<\/p>\n<p>Da bi se afirmisao princip tolerancije, solidarnsoti i zabrane diskriminacije potrebno je krenuti u gra\u0111ansku akciju, jer ovaj princip je osnov re\u0161avanja svih drugih problema ove manjinske grupe koja se sa kr\u0161enjem ljudskih prava suo\u010dava svaki dan. Tako\u0111e, da bi se pobolj\u0161ala koordinacija, efikasnost i vidljivost podr\u0161ke inkluzije Roma, konkretne akcije trebaju biti finansirane kako od strane dr\u017eava tako i posebnih fondova dr\u017eava i zajednica dr\u017eava, ali kao najva\u017eniji segment promjene, potrebno je obezbjediti rigorozni nadzor koji \u0107e uklju\u010divati vlast, kao i sve zainteresovane strane, uklju\u010duju\u0107i i civilno dru\u0161tvo.<\/p>\n<p><span style=\"font-family: 'Times New Roman', serif;\"><span style=\"font-size: large;\"><i><b>Opis problema<\/b><\/i><\/span><\/span><\/p>\n<p>Postoji vi\u0161e neposrednih i posrednih razloga za\u0161to je ote\u017ean postupak priznavanja pravnog identiteta svim gra\u0111anima Republike Srbije, a me\u0111u kojima su najugro\u017eeniji Romi. Jedan od najve\u0107i problem zbog kojih &#8220;pravno nevidljivim licima&#8221; ne mo\u017ee biti priznat gra\u0111anski status je lo\u0161a uprava i i normativne prepreke.<\/p>\n<p>Nadle\u017eni organi u prvostepenom i drugostepenom upravnom postupku zahtjeve i \u017ealbe gra\u0111ana koji su vi\u0161e godina bili nerje\u0161ivi, re\u0161avaju tek kada ombudsman pokrene postupak, kao i to \u0161to takvi postupci traju dugi niz godina. Potom, veliki problem je nedostatak u propisima, kao \u0161to je npr. slu\u010daj sa Zakonom o mati\u010dnim knjigama, gdje ako su majka ili oba roditelja &#8220;pravno nevidljivi&#8221;, nije mogu\u0107e upisati dijete u knjigu ro\u0111enih bez obzira da li je ro\u0111eno u zdravstvenoj ustanovi ili na nekom drugom mjestu.<\/p>\n<p>Ovo su samo neki od problema u pravnom sistemu na\u0161e dr\u017eave, koji onemogu\u0107avaju priznanje i ostvarenje jednog klju\u010dnog ljudskog prava kao \u0161to je ovo. Tako\u0111e, na ove institucionalne probleme, kada se doda na\u010din i uslovi \u017eivota Roma, kao i nedovoljnu obavje\u0161tenost i mogu\u0107nost pristupu informacija, dobijamo statistiku i realnost kakvu danas na\u0161a dr\u017eava ima u ovom pitnaju.<\/p>\n<p><span style=\"font-family: 'Times New Roman', serif;\"><span style=\"font-size: large;\"><i><b>Predlozi za prevazila\u017eenje ovog problema<\/b><\/i><\/span><\/span><br \/>\n<span style=\"font-family: 'Times New Roman', serif;\"><span style=\"font-size: medium;\"><b>Pravni i institucionalni okvir: <\/b><\/span><\/span>Kao \u0161to je ve\u0107 re\u010deno u Srbiji postoje zakoni, propisi i postupci kojima je mogu\u0107e ostvarivanje ovog klju\u010dnog ljudskog prava. Problem predstavlja neefikasna primjena ovih pravila i neodgovaraju\u0107i postupak re\u0161avanja zahtjeva gra\u0111ana po ovom pitanju.<\/p>\n<p>Na\u010dini da se to prevazi\u0111e je da postavi \u0161to stro\u017eiji nadzor nad dono\u0161enje i primjenom zakonskih pravila, ali ne samo od strane same dr\u017eave, nego od strane svih, uklju\u010duju\u0107i civilno dru\u0161tvo, ali i same ugro\u017eene grupe i njihove pripadnike. Sam postupak ostvarivanja i razvoja ovih prava mora da bude zasnovan na strogim zakonima i institucijama, pri \u010demu napisano mora da odgovara realnosti.<\/p>\n<p><span style=\"font-family: 'Times New Roman', serif;\"><span style=\"font-size: medium;\"><b>Mediji i civilno dru\u0161tvo: <\/b><\/span><\/span><span lang=\"sr-Latn-BA\">U cilju prevazila\u017eenja izme\u0111u navedenog napisanog, zakonskog i institucialnog okvira, i prakti\u010dnog, najve\u0107u ulogu mogu i trebaju da odigraju mediji i organizacija civilnog dru\u0161tva.<\/span><\/p>\n<p><span lang=\"sr-Latn-BA\">Nije dovoljno da se samo organizuju edukacijski seminari, iako dosta mo\u017ee da pomogne, nego je potrebno integrisati same pripadnike manjinskih grupa i obu\u010davati ih da upoznaju druge pripadnike grupe, o njihovim pravima, na\u010dinu ostvarivanja tih prava, ali najvi\u0161e o zna\u010daju samih tih prava i njihovom polo\u017eaju u dru\u0161tvu ako ih budu imali.<br \/>\nTakodje, mediji kao jedno od sredstava kojim se ostvaruje svijest kod ljudi mnogo mogu da u\u010dine kako u obavje\u0161tavanju samih &#8220;pravno nevidljivih lica&#8221;, tako i podizanju svijesti kod svih lica koji \u017eive u Srbiji o tome da niko nije manje vrijedan i da svi moraju da imaju jednaka prava. Samo tim mo\u017ee da se uti\u010de na samu vlast da mnogo vi\u0161e ula\u017ee u razvoj zakonodavstva i samu primjenu u ovom problemu.<\/span><\/p>\n<p>[\/tabgarb]<\/p>\n<p>[tabgarb=tab3]<\/p>\n<p><a href=\"http:\/\/iea.rs\/wp-content\/uploads\/2017\/05\/2015-10-12-17.26.59-2.jpg\"><img loading=\"lazy\" decoding=\"async\" class=\"alignleft size-thumbnail wp-image-5286\" src=\"http:\/\/iea.rs\/wp-content\/uploads\/2017\/05\/2015-10-12-17.26.59-2-150x150.jpg\" alt=\"\" width=\"150\" height=\"150\" srcset=\"https:\/\/iea.rs\/wp-content\/uploads\/2017\/05\/2015-10-12-17.26.59-2-150x150.jpg 150w, https:\/\/iea.rs\/wp-content\/uploads\/2017\/05\/2015-10-12-17.26.59-2-50x50.jpg 50w, https:\/\/iea.rs\/wp-content\/uploads\/2017\/05\/2015-10-12-17.26.59-2-240x240.jpg 240w, https:\/\/iea.rs\/wp-content\/uploads\/2017\/05\/2015-10-12-17.26.59-2-100x100.jpg 100w\" sizes=\"auto, (max-width: 150px) 100vw, 150px\" \/><\/a> <a href=\"http:\/\/iea.rs\/wp-content\/uploads\/2017\/05\/2015-10-12-17.47.38-2.jpg\"><img loading=\"lazy\" decoding=\"async\" class=\"alignleft size-thumbnail wp-image-5287\" src=\"http:\/\/iea.rs\/wp-content\/uploads\/2017\/05\/2015-10-12-17.47.38-2-150x150.jpg\" alt=\"\" width=\"150\" height=\"150\" srcset=\"https:\/\/iea.rs\/wp-content\/uploads\/2017\/05\/2015-10-12-17.47.38-2-150x150.jpg 150w, https:\/\/iea.rs\/wp-content\/uploads\/2017\/05\/2015-10-12-17.47.38-2-50x50.jpg 50w, https:\/\/iea.rs\/wp-content\/uploads\/2017\/05\/2015-10-12-17.47.38-2-240x240.jpg 240w, https:\/\/iea.rs\/wp-content\/uploads\/2017\/05\/2015-10-12-17.47.38-2-100x100.jpg 100w\" sizes=\"auto, (max-width: 150px) 100vw, 150px\" \/><\/a> <a href=\"http:\/\/iea.rs\/wp-content\/uploads\/2017\/05\/2015-10-12-18.15.41-2.jpg\"><img loading=\"lazy\" decoding=\"async\" class=\"alignleft size-thumbnail wp-image-5288\" src=\"http:\/\/iea.rs\/wp-content\/uploads\/2017\/05\/2015-10-12-18.15.41-2-150x150.jpg\" alt=\"\" width=\"150\" height=\"150\" srcset=\"https:\/\/iea.rs\/wp-content\/uploads\/2017\/05\/2015-10-12-18.15.41-2-150x150.jpg 150w, https:\/\/iea.rs\/wp-content\/uploads\/2017\/05\/2015-10-12-18.15.41-2-50x50.jpg 50w, https:\/\/iea.rs\/wp-content\/uploads\/2017\/05\/2015-10-12-18.15.41-2-240x240.jpg 240w, https:\/\/iea.rs\/wp-content\/uploads\/2017\/05\/2015-10-12-18.15.41-2-100x100.jpg 100w\" sizes=\"auto, (max-width: 150px) 100vw, 150px\" \/><\/a> <a href=\"http:\/\/iea.rs\/wp-content\/uploads\/2017\/05\/2015-10-13-18.14.53-2.jpg\"><img loading=\"lazy\" decoding=\"async\" class=\"alignleft size-thumbnail wp-image-5289\" src=\"http:\/\/iea.rs\/wp-content\/uploads\/2017\/05\/2015-10-13-18.14.53-2-150x150.jpg\" alt=\"\" width=\"150\" height=\"150\" srcset=\"https:\/\/iea.rs\/wp-content\/uploads\/2017\/05\/2015-10-13-18.14.53-2-150x150.jpg 150w, https:\/\/iea.rs\/wp-content\/uploads\/2017\/05\/2015-10-13-18.14.53-2-50x50.jpg 50w, https:\/\/iea.rs\/wp-content\/uploads\/2017\/05\/2015-10-13-18.14.53-2-240x240.jpg 240w, https:\/\/iea.rs\/wp-content\/uploads\/2017\/05\/2015-10-13-18.14.53-2-100x100.jpg 100w\" sizes=\"auto, (max-width: 150px) 100vw, 150px\" \/><\/a> <a href=\"http:\/\/iea.rs\/wp-content\/uploads\/2017\/05\/2015-10-13-19.32.08-2.jpg\"><img loading=\"lazy\" decoding=\"async\" class=\"alignleft size-thumbnail wp-image-5290\" src=\"http:\/\/iea.rs\/wp-content\/uploads\/2017\/05\/2015-10-13-19.32.08-2-150x150.jpg\" alt=\"\" width=\"150\" height=\"150\" srcset=\"https:\/\/iea.rs\/wp-content\/uploads\/2017\/05\/2015-10-13-19.32.08-2-150x150.jpg 150w, https:\/\/iea.rs\/wp-content\/uploads\/2017\/05\/2015-10-13-19.32.08-2-50x50.jpg 50w, https:\/\/iea.rs\/wp-content\/uploads\/2017\/05\/2015-10-13-19.32.08-2-240x240.jpg 240w, https:\/\/iea.rs\/wp-content\/uploads\/2017\/05\/2015-10-13-19.32.08-2-100x100.jpg 100w\" sizes=\"auto, (max-width: 150px) 100vw, 150px\" \/><\/a> <a href=\"http:\/\/iea.rs\/wp-content\/uploads\/2017\/05\/IMG-20151014-WA0002-2.jpg\"><img loading=\"lazy\" decoding=\"async\" class=\"alignleft size-thumbnail wp-image-5291\" src=\"http:\/\/iea.rs\/wp-content\/uploads\/2017\/05\/IMG-20151014-WA0002-2-150x150.jpg\" alt=\"\" width=\"150\" height=\"150\" srcset=\"https:\/\/iea.rs\/wp-content\/uploads\/2017\/05\/IMG-20151014-WA0002-2-150x150.jpg 150w, https:\/\/iea.rs\/wp-content\/uploads\/2017\/05\/IMG-20151014-WA0002-2-50x50.jpg 50w, https:\/\/iea.rs\/wp-content\/uploads\/2017\/05\/IMG-20151014-WA0002-2-240x240.jpg 240w, https:\/\/iea.rs\/wp-content\/uploads\/2017\/05\/IMG-20151014-WA0002-2-100x100.jpg 100w\" sizes=\"auto, (max-width: 150px) 100vw, 150px\" \/><\/a> <a href=\"http:\/\/iea.rs\/wp-content\/uploads\/2017\/05\/IMG-20151014-WA0004-2.jpg\"><img loading=\"lazy\" decoding=\"async\" class=\"alignleft size-thumbnail wp-image-5292\" src=\"http:\/\/iea.rs\/wp-content\/uploads\/2017\/05\/IMG-20151014-WA0004-2-150x150.jpg\" alt=\"\" width=\"150\" height=\"150\" srcset=\"https:\/\/iea.rs\/wp-content\/uploads\/2017\/05\/IMG-20151014-WA0004-2-150x150.jpg 150w, https:\/\/iea.rs\/wp-content\/uploads\/2017\/05\/IMG-20151014-WA0004-2-50x50.jpg 50w, https:\/\/iea.rs\/wp-content\/uploads\/2017\/05\/IMG-20151014-WA0004-2-240x240.jpg 240w, https:\/\/iea.rs\/wp-content\/uploads\/2017\/05\/IMG-20151014-WA0004-2-100x100.jpg 100w\" sizes=\"auto, (max-width: 150px) 100vw, 150px\" \/><\/a><\/p>\n<p>[\/tabgarb]<\/p>","protected":false},"excerpt":{"rendered":"<p>&nbsp; [tabgarb] tab1=Media Activity=active tab2=Practical Policy tab3=Peer to Peer Education [\/tabgarb] [tabgarb=tab1] Ljudska prava kao privilegija Pri\u010da o ljudskim pravima danas predstavlja najaktuelniju temu, obzirom &hellip; <a class=\"more-btn\" href=\"https:\/\/iea.rs\/en\/dijana-tomanic\/\">Read more &raquo;<\/a><\/p>\n","protected":false},"author":3,"featured_media":0,"parent":0,"menu_order":0,"comment_status":"closed","ping_status":"closed","template":"fullwidth.php","meta":{"_monsterinsights_skip_tracking":false,"_monsterinsights_sitenote_active":false,"_monsterinsights_sitenote_note":"","_monsterinsights_sitenote_category":0,"footnotes":""},"class_list":["post-5159","page","type-page","status-publish","hentry"],"yoast_head":"<!-- This site is optimized with the Yoast SEO plugin v25.4 - https:\/\/yoast.com\/wordpress\/plugins\/seo\/ -->\n<title>Dijana Tomani\u0107 - Institute for European Affairs<\/title>\n<meta name=\"robots\" content=\"index, follow, max-snippet:-1, max-image-preview:large, max-video-preview:-1\" \/>\n<link rel=\"canonical\" href=\"https:\/\/iea.rs\/dijana-tomanic\/\" \/>\n<meta property=\"og:locale\" content=\"en_US\" \/>\n<meta property=\"og:type\" content=\"article\" \/>\n<meta property=\"og:title\" content=\"Dijana Tomani\u0107 - Institute for European Affairs\" \/>\n<meta property=\"og:description\" content=\"&nbsp; [tabgarb] tab1=Media Activity=active tab2=Practical Policy tab3=Peer to Peer Education [\/tabgarb] [tabgarb=tab1] Ljudska prava kao privilegija Pri\u010da o ljudskim pravima danas predstavlja najaktuelniju temu, obzirom &hellip; Read more &raquo;\" \/>\n<meta property=\"og:url\" content=\"https:\/\/iea.rs\/dijana-tomanic\/\" \/>\n<meta property=\"og:site_name\" content=\"Institute for European Affairs\" \/>\n<meta property=\"article:modified_time\" content=\"2017-05-20T13:58:56+00:00\" \/>\n<meta property=\"og:image\" content=\"http:\/\/iea.rs\/wp-content\/uploads\/2015\/04\/Dijana-Tomani\u0107-150x150.jpg\" \/>\n<meta name=\"twitter:card\" content=\"summary_large_image\" \/>\n<meta name=\"twitter:label1\" content=\"Est. reading time\" \/>\n\t<meta name=\"twitter:data1\" content=\"15 minutes\" \/>\n<script type=\"application\/ld+json\" class=\"yoast-schema-graph\">{\"@context\":\"https:\/\/schema.org\",\"@graph\":[{\"@type\":\"WebPage\",\"@id\":\"https:\/\/iea.rs\/dijana-tomanic\/\",\"url\":\"https:\/\/iea.rs\/dijana-tomanic\/\",\"name\":\"Dijana Tomani\u0107 - Institute for European Affairs\",\"isPartOf\":{\"@id\":\"https:\/\/iea.rs\/#website\"},\"primaryImageOfPage\":{\"@id\":\"https:\/\/iea.rs\/dijana-tomanic\/#primaryimage\"},\"image\":{\"@id\":\"https:\/\/iea.rs\/dijana-tomanic\/#primaryimage\"},\"thumbnailUrl\":\"http:\/\/iea.rs\/wp-content\/uploads\/2017\/05\/2015-10-12-17.26.59-2-150x150.jpg\",\"datePublished\":\"2017-05-20T11:05:09+00:00\",\"dateModified\":\"2017-05-20T13:58:56+00:00\",\"breadcrumb\":{\"@id\":\"https:\/\/iea.rs\/dijana-tomanic\/#breadcrumb\"},\"inLanguage\":\"en-US\",\"potentialAction\":[{\"@type\":\"ReadAction\",\"target\":[\"https:\/\/iea.rs\/dijana-tomanic\/\"]}]},{\"@type\":\"ImageObject\",\"inLanguage\":\"en-US\",\"@id\":\"https:\/\/iea.rs\/dijana-tomanic\/#primaryimage\",\"url\":\"http:\/\/iea.rs\/wp-content\/uploads\/2017\/05\/2015-10-12-17.26.59-2-150x150.jpg\",\"contentUrl\":\"http:\/\/iea.rs\/wp-content\/uploads\/2017\/05\/2015-10-12-17.26.59-2-150x150.jpg\"},{\"@type\":\"BreadcrumbList\",\"@id\":\"https:\/\/iea.rs\/dijana-tomanic\/#breadcrumb\",\"itemListElement\":[{\"@type\":\"ListItem\",\"position\":1,\"name\":\"\u041f\u043e\u0447\u0435\u0442\u043d\u0430\",\"item\":\"https:\/\/iea.rs\/\"},{\"@type\":\"ListItem\",\"position\":2,\"name\":\"Dijana Tomani\u0107\"}]},{\"@type\":\"WebSite\",\"@id\":\"https:\/\/iea.rs\/#website\",\"url\":\"https:\/\/iea.rs\/\",\"name\":\"Institute for European Affairs\",\"description\":\"\",\"potentialAction\":[{\"@type\":\"SearchAction\",\"target\":{\"@type\":\"EntryPoint\",\"urlTemplate\":\"https:\/\/iea.rs\/?s={search_term_string}\"},\"query-input\":{\"@type\":\"PropertyValueSpecification\",\"valueRequired\":true,\"valueName\":\"search_term_string\"}}],\"inLanguage\":\"en-US\"}]}<\/script>\n<!-- \/ Yoast SEO plugin. -->","yoast_head_json":{"title":"Dijana Tomani\u0107 - Institute for European Affairs","robots":{"index":"index","follow":"follow","max-snippet":"max-snippet:-1","max-image-preview":"max-image-preview:large","max-video-preview":"max-video-preview:-1"},"canonical":"https:\/\/iea.rs\/dijana-tomanic\/","og_locale":"en_US","og_type":"article","og_title":"Dijana Tomani\u0107 - Institute for European Affairs","og_description":"&nbsp; [tabgarb] tab1=Media Activity=active tab2=Practical Policy tab3=Peer to Peer Education [\/tabgarb] [tabgarb=tab1] Ljudska prava kao privilegija Pri\u010da o ljudskim pravima danas predstavlja najaktuelniju temu, obzirom &hellip; Read more &raquo;","og_url":"https:\/\/iea.rs\/dijana-tomanic\/","og_site_name":"Institute for European Affairs","article_modified_time":"2017-05-20T13:58:56+00:00","og_image":[{"url":"http:\/\/iea.rs\/wp-content\/uploads\/2015\/04\/Dijana-Tomani\u0107-150x150.jpg","type":"","width":"","height":""}],"twitter_card":"summary_large_image","twitter_misc":{"Est. reading time":"15 minutes"},"schema":{"@context":"https:\/\/schema.org","@graph":[{"@type":"WebPage","@id":"https:\/\/iea.rs\/dijana-tomanic\/","url":"https:\/\/iea.rs\/dijana-tomanic\/","name":"Dijana Tomani\u0107 - Institute for European Affairs","isPartOf":{"@id":"https:\/\/iea.rs\/#website"},"primaryImageOfPage":{"@id":"https:\/\/iea.rs\/dijana-tomanic\/#primaryimage"},"image":{"@id":"https:\/\/iea.rs\/dijana-tomanic\/#primaryimage"},"thumbnailUrl":"http:\/\/iea.rs\/wp-content\/uploads\/2017\/05\/2015-10-12-17.26.59-2-150x150.jpg","datePublished":"2017-05-20T11:05:09+00:00","dateModified":"2017-05-20T13:58:56+00:00","breadcrumb":{"@id":"https:\/\/iea.rs\/dijana-tomanic\/#breadcrumb"},"inLanguage":"en-US","potentialAction":[{"@type":"ReadAction","target":["https:\/\/iea.rs\/dijana-tomanic\/"]}]},{"@type":"ImageObject","inLanguage":"en-US","@id":"https:\/\/iea.rs\/dijana-tomanic\/#primaryimage","url":"http:\/\/iea.rs\/wp-content\/uploads\/2017\/05\/2015-10-12-17.26.59-2-150x150.jpg","contentUrl":"http:\/\/iea.rs\/wp-content\/uploads\/2017\/05\/2015-10-12-17.26.59-2-150x150.jpg"},{"@type":"BreadcrumbList","@id":"https:\/\/iea.rs\/dijana-tomanic\/#breadcrumb","itemListElement":[{"@type":"ListItem","position":1,"name":"\u041f\u043e\u0447\u0435\u0442\u043d\u0430","item":"https:\/\/iea.rs\/"},{"@type":"ListItem","position":2,"name":"Dijana Tomani\u0107"}]},{"@type":"WebSite","@id":"https:\/\/iea.rs\/#website","url":"https:\/\/iea.rs\/","name":"Institute for European Affairs","description":"","potentialAction":[{"@type":"SearchAction","target":{"@type":"EntryPoint","urlTemplate":"https:\/\/iea.rs\/?s={search_term_string}"},"query-input":{"@type":"PropertyValueSpecification","valueRequired":true,"valueName":"search_term_string"}}],"inLanguage":"en-US"}]}},"_links":{"self":[{"href":"https:\/\/iea.rs\/en\/wp-json\/wp\/v2\/pages\/5159","targetHints":{"allow":["GET"]}}],"collection":[{"href":"https:\/\/iea.rs\/en\/wp-json\/wp\/v2\/pages"}],"about":[{"href":"https:\/\/iea.rs\/en\/wp-json\/wp\/v2\/types\/page"}],"author":[{"embeddable":true,"href":"https:\/\/iea.rs\/en\/wp-json\/wp\/v2\/users\/3"}],"replies":[{"embeddable":true,"href":"https:\/\/iea.rs\/en\/wp-json\/wp\/v2\/comments?post=5159"}],"version-history":[{"count":0,"href":"https:\/\/iea.rs\/en\/wp-json\/wp\/v2\/pages\/5159\/revisions"}],"wp:attachment":[{"href":"https:\/\/iea.rs\/en\/wp-json\/wp\/v2\/media?parent=5159"}],"curies":[{"name":"wp","href":"https:\/\/api.w.org\/{rel}","templated":true}]}}