{"id":5181,"date":"2017-05-20T13:16:09","date_gmt":"2017-05-20T11:16:09","guid":{"rendered":"http:\/\/iea.rs\/?page_id=5181"},"modified":"2017-05-20T22:36:23","modified_gmt":"2017-05-20T20:36:23","slug":"alisa-jevtovic","status":"publish","type":"page","link":"https:\/\/iea.rs\/en\/alisa-jevtovic\/","title":{"rendered":"Alisa Jevtovi\u0107"},"content":{"rendered":"<p>&nbsp;<\/p>\n<div id=\"attachment_4429\" style=\"width: 160px\" class=\"wp-caption aligncenter\"><img loading=\"lazy\" decoding=\"async\" aria-describedby=\"caption-attachment-4429\" class=\"wp-image-4429 size-thumbnail\" src=\"http:\/\/iea.rs\/wp-content\/uploads\/2015\/04\/Alisa-Jevtovi\u0107-150x150.jpg\" alt=\"\" width=\"150\" height=\"150\" srcset=\"https:\/\/iea.rs\/wp-content\/uploads\/2015\/04\/Alisa-Jevtovi\u0107-150x150.jpg 150w, https:\/\/iea.rs\/wp-content\/uploads\/2015\/04\/Alisa-Jevtovi\u0107-50x50.jpg 50w, https:\/\/iea.rs\/wp-content\/uploads\/2015\/04\/Alisa-Jevtovi\u0107-240x240.jpg 240w, https:\/\/iea.rs\/wp-content\/uploads\/2015\/04\/Alisa-Jevtovi\u0107-100x100.jpg 100w\" sizes=\"auto, (max-width: 150px) 100vw, 150px\" \/><\/p>\n<p id=\"caption-attachment-4429\" class=\"wp-caption-text\">Alisa Jevtovi\u0107<\/p>\n<\/div>\n<p>[tabgarb]<\/p>\n<p>tab1=Essay=active<br \/>\ntab2=Media Activity<br \/>\ntab3=Peer to Peer Education<br \/>\n[\/tabgarb]<\/p>\n<p>[tabgarb=tab1]<\/p>\n<p>&nbsp;<\/p>\n<h2><a href=\"http:\/\/youth.rs\/index.php?option=com_content&amp;view=article&amp;id=9966:ne-formalno-obrazovanje-za-studente&amp;catid=106&amp;Itemid=354\">Ne(formalno) obrazovanje za studente<\/a><\/h2>\n<p>Uprkos \u010dinjenici da problematika ljudskih i manjinskih prava postaje sve popularnija kako u svetskom, tako i doma\u0107em javnom diskursu, mladi studenti aktivisti u Srbiji &#8211; a me\u0111u njima prvenstveno pravnici i politikolozi &#8211; i dalje pre\u010desto ostaju uskra\u0107eni za \u010ditav dijapazon prakti\u010dnih znanja i sticanja savremene, pragmati\u010dne edukacije kada je ova goru\u0107a tema u pitanju.<\/p>\n<p>Kroz \u010ditav tok svog formalnog obrazovanja, na\u0161im studentima se retko kada pru\u017ea prilika da se kroz seminare, neformalnu vr\u0161nja\u010dku edukaciju i neposrednu komunikaciju sa ugro\u017eenim grupama direktno poistovete sa svakodnevnim problemima ugro\u017eenih manjina. Umesto da se podsti\u010de razvijanje jedne osves\u0107ene, li\u010dne empatije, studenti na\u017ealost i dalje ve\u0107inu saznanja o ljudskim i manjinskim pravima sti\u010du u univerzitetskom vakuumu. U takvim okolnostima, prirodno je da i sve probleme sa kojima se na taj nacin upoznaju, studenti mogu da artikuli\u0161u isklju\u010divo na jedan apstraktan, \u2018knji\u0161ki\u2019, depersonalizovan na\u010din.<\/p>\n<p>Nadome\u0161tanje ovih i sli\u010dnih falinki tradicionalnog obrazovnog sistema jedan je od osnovnih ciljeva niza doma\u0107ih nevladinih organizacija, posve\u0107enih izu\u010davanju i promovisanju problema ljudskih i manjinskih prava. Pored alarmiranja javnosti o u\u010destalim i zna\u010dajnim povredama ustavom zagarantovanih prava socijalno ugro\u017eenih grupa, ove NVO omogu\u0107avaju studentima da, putem javnih skupova, seminara i nekonvencionalnih metoda i tehnika pro\u0161ire svoje teorijsko, kao i da (verovatno po prvi put tokom studiranja) steknu prakti\u010dno znanje o kompleksnom pravnom statusu manjina. Takve organizacije mogu biti od izuzetnog zna\u010daja za profesionalni napredak mladih pravnika i politikologa tokom studiranja, te je za njih zna\u010dajno pomenuti novi projekat Omladinskog odbora za obrazovanje, osnovan upravo sa tim ciljem.<\/p>\n<p><strong>Omladinski odbor za obrazovanje (Institut za Evropske poslove) <\/strong>ove godine je pokrenuo pilot projekat Branitelji i braniteljke manjinskih prava u Srbiji, uz podr\u0161ku organizacije <strong>Civil Rights Defenders<\/strong>, sa idejom da se svaka slede\u0107a sezona projekta odrzava u drugom gradu. U\u010desnici programa su prevashodno studenti i diplomci politickih nauka i prava, dok je osnovni cilj seminara upravo sticanje prakti\u010dnog znanja o razli\u010ditim doma\u0107im manjinskim grupama i njihovim raznorodnim pravnim i socioekonomskim problemima.<\/p>\n<p>Pored op\u0161teg upoznavanja sa predmetom ljudskih prava, studenti tokom seminara dobijaju priliku i da se bli\u017ee upoznaju sa dru\u0161tvenim i legislativnim nevoljama sa kojima se susre\u0107u LGBT zajednica, romska populacija kao i razli\u010dite verske i nacionalne manjine. U\u010desnicima je ovom prilikom omogu\u0107eno i neposredno upoznavanje sa radom dr\u017eavnih institucija. Za vreme odr\u017eavanja ovogodi\u0161njeg seminara u Novom Sadu, participanti su imali retko pru\u017eenu priliku da razgovaraju sa pokrajinskom ombudsmankom o raznovrsnim izazovima koje name\u0107e njena pozicija, kao i da razmene iskustva sa sudijama Osnovnog suda u Novom Sadu.<\/p>\n<p>Obzirom da je cilj projekta upravo direktno su\u010deljavanje u\u010desnika sa problemima manjinskih grupa u Srbiji, fokus organizatora prilikom izbora u\u010desnika, pored njihove biografije, motiva i fakultetskih uspeha bila je i njihova nacionalnost. Tako okupljaju\u0107i studente prava i politickih nauka razli\u010ditog porekla, i sami u\u010desnici projekta predstavaljali su mikrokosmos srpskog dru\u0161tva i odnosa prema pravima manjina. Studenti su kroz \u010ditav tok projekta identifikovali specifi\u010dne vidove diskriminacije sa kojima se njihove manjinske grupe svakodnevno suo\u010davaju, kao i razvijali proaktivne na\u010dine da se tim problemima ubudu\u0107e pristupi. Prilikom posete skup\u0161tini AP Vojvodine, svi participanti su dobili priliku i da se iz prve ruke upoznaju sa stanjem nacionalnih manjina u Vojvodini, i saznaju na koje ta\u010dno na\u010dine lokalni organi vlasti obezbe\u0111uju funkcionisanje ove izrazito multikulturne sredine.<\/p>\n<p>Kako su u svom pristupu problemu ljudskih prava nevladine organizacije daleko manje ograni\u010dene u vidu tehnike i predmeta u odnosu na uobi\u010dajenu fakultetsku nastavu, jasan je zna\u010daj koji mogu imati na ambiciozne pravnike i politikologe. Na kraju dana, u ne tako dalekoj buducnosti upravo \u0107e se od ovih mladih aktivista o\u010dekivati da budu prva linija odbrane diskriminisanih grupa u Srbiji, te bi trebalo da bude prirodna tendencija univerziteta da relevantna znanja i metodologiju NVO poku\u0161aju inkorporirati i u svoj kurikulum.<\/p>\n<p>Jedna takva uspe\u0161na inicijativa Pravnog fakulteta Univerziteta u Beogradu je svakako<strong> Pravna klinika za izbegli\u010dko pravo i pravo azilanata<\/strong>, koju ve\u0107 du\u017ei niz godina fakultet organizuje u saradnji sa kancelarijom UNHCR-a u Beogradu. Iako je u\u010destvovanje na Klinici na pre svega na dobrovoljnoj bazi, me\u0111u studentima svake godine vlada interesovanje za ovaj dvosemestralni program, \u010diju nastavu uporedo sa predava\u010dima sa Pravnog fakulteta obavljaju i stru\u010dnjaci iz UNHCR kao i drugih relevantnih nevladinih organizacija. Nakon savladavanja teorijskih osnova, studentima je organizovan prakti\u010dni rad u doma\u0107im NVO koje se bave upravo pravnom za\u0161titom tra\u017eilaca azila, izbeglica kao i interno raseljenih lica. Program takodje predvi\u0111a posetu UNHCR-u, Centrima za azil, Kancelariji za azil kao i drugih relevantnih instititucija.<\/p>\n<p>Autorke teksta: Alisa Jevtovi\u0107 i Jasmina Usainovi\u0107<\/p>\n<div style=\"text-align: center;\"><\/div>\n<p>&nbsp;<\/p>\n<p>[\/tabgarb]<\/p>\n<p>[tabgarb=tab2]<\/p>\n<h2 align=\"center\">Polo\u017eaj slepih i slabovidih ljudi prilikom zapo\u0161ljavanja<\/h2>\n<p>U Republici Srbiji trenutno \u017eivi oko 12.000 slepih i slabovidih osoba, od kojih velika ve\u0107ina nije zaposlena. Iako su konkretne statistike u oblasti zaposlenja osoba sa invaliditetom izrazito retke, stariji podatak koji se \u010desto citira je da je svega oko 12% \u010dlanova Saveza slepih Srbije stalno zaposleno. Me\u0111utim, ako je sude\u0107i prema novijim izjavama \u010delnika Saveza slepih, i uprkos bitnim novim inicijativama kako na zakonodavnom tako i obrazovnom planu, ova situacija se u poslednjih nekoliko godina nije zna\u010dajno pobolj\u0161ala. Prilikom obele\u017eavanja ovogodi\u0161njeg Me\u0111unarodnog dana Belog \u0161tapa, Predsednik Republi\u010dkog saveza, Milan Sto\u0161i\u0107, naveo je zapo\u0161ljavanje i obrazovanje kao dva najve\u0107a problema sa kojima se ova ugro\u017eena kategorija dru\u0161tva i dalje svakodnevno suo\u010dava.<\/p>\n<p>Nakon vi\u0161egodi\u0161njeg zalaganja i lobiranja, 2009. godine je kona\u010dno usvojen Zakon o profesionalnoj rehabilitaciji i zapo\u0161ljavanju osoba sa invaliditetom. Cilj ovog legislativnog akta bio je da stvori uslove i za efikasno uklju\u010divanje slepih i slabovidih osoba na tr\u017eiste rada. Sa tim ciljem, a po uzoru na pravna re\u0161enja iz zemalja Evropske Unije, uvedena je obaveza svakog poslodavca sa preko 20 zaposlenih da zaposli najmanje jednu osobu sa invaliditetom. Ukoliko iz bilo kog razloga poslodavac ne ispuni ovu obavezu, predvi\u0111ena je nov\u010dana kazna u visini trostrukog iznosa minimalne zarade. Ovako dobijena sredstva se zatim moraju koristiti za razvijanje mera politike zapo\u0161ljavanja osoba sa invaliditetom.<\/p>\n<p>\u0160est godina kasnije, efikasnost ovog zakona se mo\u017ee ozbiljno dovesti u pitanje. Ministar za rad, zapo\u0161ljavanje, bora\u010dka i socijalna pitanja Aleksandar Vulin je izjavio da dr\u017eava \u201cveoma vodi ra\u010duna\u201d kada je rec o zapo\u0161ljavanju osoba sa invaliditetom, me\u0111utim da uprkos svojim naporima, subvencijama i olak\u0161icama poslodavcima, trenutno postoji samo 56 preduze\u0107a u Srbiji koja zapo\u0161ljavaju osobe sa invaliditetom.<\/p>\n<p>Prema ministru Vulinu, kao i prema Savezu slepih i nekoliko anketa koje su u poslednjih par godina sprovedene me\u0111u slepim i slabovidim osobama, glavni problem predstavljaju prvenstveno predrasude i nerazumevanje poslodavaca, koji se daleko \u010de\u0161\u0107e odlu\u010duju da pla\u0107aju zakonske penale nego da zaposle osobu sa invaliditetom.<\/p>\n<p>Ono sto na\u017ealost postaje o\u010digledno je da trenutno zakonsko re\u0161enje ne adresira na efikasan na\u010din glavni uzrok nezaposlenja slepih i slabovidih osoba. Stoga verujem da je napore pozitivne zakonske diskriminacije na trzi\u0161tu rada neophodno pro\u0161iriti i normativno-propisanim merama edukativnog karaktera, kao i preformulisati olak\u0161ice ponu\u0111ene preduzetnicima tako da direktno uti\u010du na predrasude koje imaju.<\/p>\n<p>Obzirom da je ve\u0107ina preduzetnika dokazala da bi radije platila nov\u010danu kaznu nego zaposlila slepu ili slabovidu osobu, o\u010dito je da stigma i predrasude vezane za radnu sposobnost ove ugrozene kategorije jeste ono na \u0161ta prvenstveno treba uticati. Pored edukacije \u0161ire javnosti o potrebama i kompetenciji slepih i slabovidih osoba, verujem da je neophodno te napore i usko specijalizovati i posebno usmeriti ka poslodavcima.<\/p>\n<p>Kako bi se efikasnije uticalo na poslodavce, verujem da postoje\u0107e zakonsko re\u0161enje (nov\u010dana kazna) treba dopuniti obaveznim kursom koji bi poslodavci morali da poha\u0111aju, a koji bi za cilj imao destigmatizaciju radnih ograni\u010denja slepih i slabovidih osoba. Kurikulum ovakvog kursa Nacionalna slu\u017eba za zapo\u0161lavanje mogla bi kreirati u saradnji sa Republi\u010dkim savezom slepih Srbije, i morao bi biti prilago\u0111en konkretnim predrasudama koje su naju\u010destalije kod poslodavaca.<\/p>\n<p>Do danas nije sprovedeno nijedno sveobuhvatno istra\u017eivanje me\u0111u poslodavcima koji su platili nov\u010danu kaznu sa ciljem sistematskog definisanja ta\u010dnih razloga zbog kojih odbijaju da zaposle slepe i slabovide osobe. Na osnovu jednog ovakvog istra\u017eivanja (sprovedenih u saradnji sa relevantnim pedagozima), trebalo bi stvoriti kurikulum koji na konkretan i individualan na\u010din nastoji da pristupi otklanjaju datih predrasuda.<\/p>\n<p>Nadalje, prema istra\u017eivanju iz 2002. godine, poslodavci koji su jednom imali prilike da zaposle osobu o\u0161te\u0107enog vida su spremniji da to ponovo u\u010dine. Verujem i da bi tako\u0111e trebalo prilagoditi olak\u0161ice koje se poslodavcima nude, kako bi dodatno stimulisale makar i privremeno zapo\u0161ljavanje slepih i slabovidih osoba. Postoji nekoliko na\u010dina na koje se to mo\u017ee u\u010diniti. Nacionalna slu\u017eba za zapo\u0161ljavanje moze stipulisati posebne programe zapo\u0161ljavanja sa poslodavcima, koji uklju\u010duju prakse i probne periode za slepe i slabovide osobe, sa potencijalom dugoro\u010dnog zapo\u0161ljavanja. Tako\u0111e, interesantan eksperimentalni program bio je pokrenut u Britanskoj Kolumbiji, gde je dr\u017eava subvencionisala deo plate slepih i slabovidih osoba u prvih \u0161est meseci. Poslodavac tako ima dodatni podsticaj obzirom da, recimo, \u010dak i da usled sopstvenih predrasuda veruje da radnik ne\u0107e dovoljno dobro obavljati posao, ima\u0107e \u2018dodatnog\u2019, subvencionisanog radnika punih \u0161est meseci, tokom kojih on ima mogucnost da doka\u017ee svoj potencijal i opseg svojih radnih sposobnosti.<\/p>\n<p>Iako pozitivna diskriminacija pri zapo\u0161ljavanju svakako nije univerzalno prihva\u0107ena kao pozitivan koncept, u Republici Srbiji on ne dobija ni odgovaraju\u0107u priliku da sudimo njegovoj efikasnosti. Stoga verujem da je, umesto proste transplatacije pravnih re\u0161enja iz razvijenijih zemalja, za njegovo o\u017eivljavanje neophodno suo\u010diti se sa potencijalno specifi\u010dnim uzrocima visoke stope nezaposlenosti slepih i slabovidih osoba, te propisati zakonski sankcionisane kurseve reedukacije doma\u0107ih poslovo\u0111a, kao i predvideti dodatne olak\u0161ice koje bi ih mogle motivisati da u po\u010detku barem privremeno daju \u0161ansu slepim i slabovidim osobama da doka\u017eu svoj potencijal na tr\u017ei\u0161tu rada.<\/p>\n<p>[\/tabgarb]<\/p>\n<p>[tabgarb=tab3]<\/p>\n<p><a href=\"http:\/\/iea.rs\/wp-content\/uploads\/2017\/05\/IMG_20151223_133242.jpg\"><img loading=\"lazy\" decoding=\"async\" class=\"alignleft size-thumbnail wp-image-5344\" src=\"http:\/\/iea.rs\/wp-content\/uploads\/2017\/05\/IMG_20151223_133242-150x150.jpg\" alt=\"\" width=\"150\" height=\"150\" srcset=\"https:\/\/iea.rs\/wp-content\/uploads\/2017\/05\/IMG_20151223_133242-150x150.jpg 150w, https:\/\/iea.rs\/wp-content\/uploads\/2017\/05\/IMG_20151223_133242-50x50.jpg 50w, https:\/\/iea.rs\/wp-content\/uploads\/2017\/05\/IMG_20151223_133242-240x240.jpg 240w, https:\/\/iea.rs\/wp-content\/uploads\/2017\/05\/IMG_20151223_133242-100x100.jpg 100w\" sizes=\"auto, (max-width: 150px) 100vw, 150px\" \/><\/a> <a href=\"http:\/\/iea.rs\/wp-content\/uploads\/2017\/05\/IMG_20151223_125535.jpg\"><img loading=\"lazy\" decoding=\"async\" class=\"alignleft size-thumbnail wp-image-5345\" src=\"http:\/\/iea.rs\/wp-content\/uploads\/2017\/05\/IMG_20151223_125535-150x150.jpg\" alt=\"\" width=\"150\" height=\"150\" srcset=\"https:\/\/iea.rs\/wp-content\/uploads\/2017\/05\/IMG_20151223_125535-150x150.jpg 150w, https:\/\/iea.rs\/wp-content\/uploads\/2017\/05\/IMG_20151223_125535-50x50.jpg 50w, https:\/\/iea.rs\/wp-content\/uploads\/2017\/05\/IMG_20151223_125535-240x240.jpg 240w, https:\/\/iea.rs\/wp-content\/uploads\/2017\/05\/IMG_20151223_125535-100x100.jpg 100w\" sizes=\"auto, (max-width: 150px) 100vw, 150px\" \/><\/a> <a href=\"http:\/\/iea.rs\/wp-content\/uploads\/2017\/05\/IMG_20151223_125533.jpg\"><img loading=\"lazy\" decoding=\"async\" class=\"alignleft size-thumbnail wp-image-5346\" src=\"http:\/\/iea.rs\/wp-content\/uploads\/2017\/05\/IMG_20151223_125533-150x150.jpg\" alt=\"\" width=\"150\" height=\"150\" srcset=\"https:\/\/iea.rs\/wp-content\/uploads\/2017\/05\/IMG_20151223_125533-150x150.jpg 150w, https:\/\/iea.rs\/wp-content\/uploads\/2017\/05\/IMG_20151223_125533-50x50.jpg 50w, https:\/\/iea.rs\/wp-content\/uploads\/2017\/05\/IMG_20151223_125533-240x240.jpg 240w, https:\/\/iea.rs\/wp-content\/uploads\/2017\/05\/IMG_20151223_125533-100x100.jpg 100w\" sizes=\"auto, (max-width: 150px) 100vw, 150px\" \/><\/a><\/p>\n<p>[\/tabgarb]<\/p>","protected":false},"excerpt":{"rendered":"<p>&nbsp; [tabgarb] tab1=Essay=active tab2=Media Activity tab3=Peer to Peer Education [\/tabgarb] [tabgarb=tab1] &nbsp; Ne(formalno) obrazovanje za studente Uprkos \u010dinjenici da problematika ljudskih i manjinskih prava postaje &hellip; <a class=\"more-btn\" href=\"https:\/\/iea.rs\/en\/alisa-jevtovic\/\">Read more &raquo;<\/a><\/p>\n","protected":false},"author":3,"featured_media":0,"parent":0,"menu_order":0,"comment_status":"closed","ping_status":"closed","template":"fullwidth.php","meta":{"_monsterinsights_skip_tracking":false,"_monsterinsights_sitenote_active":false,"_monsterinsights_sitenote_note":"","_monsterinsights_sitenote_category":0,"footnotes":""},"class_list":["post-5181","page","type-page","status-publish","hentry"],"yoast_head":"<!-- This site is optimized with the Yoast SEO plugin v25.4 - https:\/\/yoast.com\/wordpress\/plugins\/seo\/ -->\n<title>Alisa Jevtovi\u0107 - Institute for European Affairs<\/title>\n<meta name=\"robots\" content=\"index, follow, max-snippet:-1, max-image-preview:large, max-video-preview:-1\" \/>\n<link rel=\"canonical\" href=\"https:\/\/iea.rs\/alisa-jevtovic\/\" \/>\n<meta property=\"og:locale\" content=\"en_US\" \/>\n<meta property=\"og:type\" content=\"article\" \/>\n<meta property=\"og:title\" content=\"Alisa Jevtovi\u0107 - Institute for European Affairs\" \/>\n<meta property=\"og:description\" content=\"&nbsp; [tabgarb] tab1=Essay=active tab2=Media Activity tab3=Peer to Peer Education [\/tabgarb] [tabgarb=tab1] &nbsp; Ne(formalno) obrazovanje za studente Uprkos \u010dinjenici da problematika ljudskih i manjinskih prava postaje &hellip; Read more &raquo;\" \/>\n<meta property=\"og:url\" content=\"https:\/\/iea.rs\/alisa-jevtovic\/\" \/>\n<meta property=\"og:site_name\" content=\"Institute for European Affairs\" \/>\n<meta property=\"article:modified_time\" content=\"2017-05-20T20:36:23+00:00\" \/>\n<meta property=\"og:image\" content=\"http:\/\/iea.rs\/wp-content\/uploads\/2015\/04\/Alisa-Jevtovi\u0107-150x150.jpg\" \/>\n<meta name=\"twitter:card\" content=\"summary_large_image\" \/>\n<meta name=\"twitter:label1\" content=\"Est. reading time\" \/>\n\t<meta name=\"twitter:data1\" content=\"18 minutes\" \/>\n<script type=\"application\/ld+json\" class=\"yoast-schema-graph\">{\"@context\":\"https:\/\/schema.org\",\"@graph\":[{\"@type\":\"WebPage\",\"@id\":\"https:\/\/iea.rs\/alisa-jevtovic\/\",\"url\":\"https:\/\/iea.rs\/alisa-jevtovic\/\",\"name\":\"Alisa Jevtovi\u0107 - Institute for European Affairs\",\"isPartOf\":{\"@id\":\"https:\/\/iea.rs\/#website\"},\"primaryImageOfPage\":{\"@id\":\"https:\/\/iea.rs\/alisa-jevtovic\/#primaryimage\"},\"image\":{\"@id\":\"https:\/\/iea.rs\/alisa-jevtovic\/#primaryimage\"},\"thumbnailUrl\":\"http:\/\/iea.rs\/wp-content\/uploads\/2017\/05\/IMG_20151223_133242-150x150.jpg\",\"datePublished\":\"2017-05-20T11:16:09+00:00\",\"dateModified\":\"2017-05-20T20:36:23+00:00\",\"breadcrumb\":{\"@id\":\"https:\/\/iea.rs\/alisa-jevtovic\/#breadcrumb\"},\"inLanguage\":\"en-US\",\"potentialAction\":[{\"@type\":\"ReadAction\",\"target\":[\"https:\/\/iea.rs\/alisa-jevtovic\/\"]}]},{\"@type\":\"ImageObject\",\"inLanguage\":\"en-US\",\"@id\":\"https:\/\/iea.rs\/alisa-jevtovic\/#primaryimage\",\"url\":\"http:\/\/iea.rs\/wp-content\/uploads\/2017\/05\/IMG_20151223_133242-150x150.jpg\",\"contentUrl\":\"http:\/\/iea.rs\/wp-content\/uploads\/2017\/05\/IMG_20151223_133242-150x150.jpg\"},{\"@type\":\"BreadcrumbList\",\"@id\":\"https:\/\/iea.rs\/alisa-jevtovic\/#breadcrumb\",\"itemListElement\":[{\"@type\":\"ListItem\",\"position\":1,\"name\":\"\u041f\u043e\u0447\u0435\u0442\u043d\u0430\",\"item\":\"https:\/\/iea.rs\/\"},{\"@type\":\"ListItem\",\"position\":2,\"name\":\"Alisa Jevtovi\u0107\"}]},{\"@type\":\"WebSite\",\"@id\":\"https:\/\/iea.rs\/#website\",\"url\":\"https:\/\/iea.rs\/\",\"name\":\"Institute for European Affairs\",\"description\":\"\",\"potentialAction\":[{\"@type\":\"SearchAction\",\"target\":{\"@type\":\"EntryPoint\",\"urlTemplate\":\"https:\/\/iea.rs\/?s={search_term_string}\"},\"query-input\":{\"@type\":\"PropertyValueSpecification\",\"valueRequired\":true,\"valueName\":\"search_term_string\"}}],\"inLanguage\":\"en-US\"}]}<\/script>\n<!-- \/ Yoast SEO plugin. -->","yoast_head_json":{"title":"Alisa Jevtovi\u0107 - Institute for European Affairs","robots":{"index":"index","follow":"follow","max-snippet":"max-snippet:-1","max-image-preview":"max-image-preview:large","max-video-preview":"max-video-preview:-1"},"canonical":"https:\/\/iea.rs\/alisa-jevtovic\/","og_locale":"en_US","og_type":"article","og_title":"Alisa Jevtovi\u0107 - Institute for European Affairs","og_description":"&nbsp; [tabgarb] tab1=Essay=active tab2=Media Activity tab3=Peer to Peer Education [\/tabgarb] [tabgarb=tab1] &nbsp; Ne(formalno) obrazovanje za studente Uprkos \u010dinjenici da problematika ljudskih i manjinskih prava postaje &hellip; Read more &raquo;","og_url":"https:\/\/iea.rs\/alisa-jevtovic\/","og_site_name":"Institute for European Affairs","article_modified_time":"2017-05-20T20:36:23+00:00","og_image":[{"url":"http:\/\/iea.rs\/wp-content\/uploads\/2015\/04\/Alisa-Jevtovi\u0107-150x150.jpg","type":"","width":"","height":""}],"twitter_card":"summary_large_image","twitter_misc":{"Est. reading time":"18 minutes"},"schema":{"@context":"https:\/\/schema.org","@graph":[{"@type":"WebPage","@id":"https:\/\/iea.rs\/alisa-jevtovic\/","url":"https:\/\/iea.rs\/alisa-jevtovic\/","name":"Alisa Jevtovi\u0107 - Institute for European Affairs","isPartOf":{"@id":"https:\/\/iea.rs\/#website"},"primaryImageOfPage":{"@id":"https:\/\/iea.rs\/alisa-jevtovic\/#primaryimage"},"image":{"@id":"https:\/\/iea.rs\/alisa-jevtovic\/#primaryimage"},"thumbnailUrl":"http:\/\/iea.rs\/wp-content\/uploads\/2017\/05\/IMG_20151223_133242-150x150.jpg","datePublished":"2017-05-20T11:16:09+00:00","dateModified":"2017-05-20T20:36:23+00:00","breadcrumb":{"@id":"https:\/\/iea.rs\/alisa-jevtovic\/#breadcrumb"},"inLanguage":"en-US","potentialAction":[{"@type":"ReadAction","target":["https:\/\/iea.rs\/alisa-jevtovic\/"]}]},{"@type":"ImageObject","inLanguage":"en-US","@id":"https:\/\/iea.rs\/alisa-jevtovic\/#primaryimage","url":"http:\/\/iea.rs\/wp-content\/uploads\/2017\/05\/IMG_20151223_133242-150x150.jpg","contentUrl":"http:\/\/iea.rs\/wp-content\/uploads\/2017\/05\/IMG_20151223_133242-150x150.jpg"},{"@type":"BreadcrumbList","@id":"https:\/\/iea.rs\/alisa-jevtovic\/#breadcrumb","itemListElement":[{"@type":"ListItem","position":1,"name":"\u041f\u043e\u0447\u0435\u0442\u043d\u0430","item":"https:\/\/iea.rs\/"},{"@type":"ListItem","position":2,"name":"Alisa Jevtovi\u0107"}]},{"@type":"WebSite","@id":"https:\/\/iea.rs\/#website","url":"https:\/\/iea.rs\/","name":"Institute for European Affairs","description":"","potentialAction":[{"@type":"SearchAction","target":{"@type":"EntryPoint","urlTemplate":"https:\/\/iea.rs\/?s={search_term_string}"},"query-input":{"@type":"PropertyValueSpecification","valueRequired":true,"valueName":"search_term_string"}}],"inLanguage":"en-US"}]}},"_links":{"self":[{"href":"https:\/\/iea.rs\/en\/wp-json\/wp\/v2\/pages\/5181","targetHints":{"allow":["GET"]}}],"collection":[{"href":"https:\/\/iea.rs\/en\/wp-json\/wp\/v2\/pages"}],"about":[{"href":"https:\/\/iea.rs\/en\/wp-json\/wp\/v2\/types\/page"}],"author":[{"embeddable":true,"href":"https:\/\/iea.rs\/en\/wp-json\/wp\/v2\/users\/3"}],"replies":[{"embeddable":true,"href":"https:\/\/iea.rs\/en\/wp-json\/wp\/v2\/comments?post=5181"}],"version-history":[{"count":0,"href":"https:\/\/iea.rs\/en\/wp-json\/wp\/v2\/pages\/5181\/revisions"}],"wp:attachment":[{"href":"https:\/\/iea.rs\/en\/wp-json\/wp\/v2\/media?parent=5181"}],"curies":[{"name":"wp","href":"https:\/\/api.w.org\/{rel}","templated":true}]}}