{"id":5187,"date":"2017-05-20T13:32:29","date_gmt":"2017-05-20T11:32:29","guid":{"rendered":"http:\/\/iea.rs\/?page_id=5187"},"modified":"2017-05-20T22:58:45","modified_gmt":"2017-05-20T20:58:45","slug":"edina-eleskovic","status":"publish","type":"page","link":"https:\/\/iea.rs\/en\/edina-eleskovic\/","title":{"rendered":"Edina Eleskovi\u0107"},"content":{"rendered":"<p>&nbsp;<\/p>\n<div id=\"attachment_4425\" style=\"width: 160px\" class=\"wp-caption aligncenter\"><img loading=\"lazy\" decoding=\"async\" aria-describedby=\"caption-attachment-4425\" class=\"wp-image-4425 size-thumbnail\" src=\"http:\/\/iea.rs\/wp-content\/uploads\/2015\/04\/Edina-Eleskovi\u0107-150x150.jpg\" alt=\"\" width=\"150\" height=\"150\" srcset=\"https:\/\/iea.rs\/wp-content\/uploads\/2015\/04\/Edina-Eleskovi\u0107-150x150.jpg 150w, https:\/\/iea.rs\/wp-content\/uploads\/2015\/04\/Edina-Eleskovi\u0107-50x50.jpg 50w, https:\/\/iea.rs\/wp-content\/uploads\/2015\/04\/Edina-Eleskovi\u0107-240x240.jpg 240w, https:\/\/iea.rs\/wp-content\/uploads\/2015\/04\/Edina-Eleskovi\u0107-100x100.jpg 100w\" sizes=\"auto, (max-width: 150px) 100vw, 150px\" \/><\/p>\n<p id=\"caption-attachment-4425\" class=\"wp-caption-text\">Edina Eleskovi\u0107<\/p>\n<\/div>\n<p>[tabgarb]<\/p>\n<p>tab1=Essay=active<br \/>\ntab2=Media Activity<br \/>\ntab3=Peer to Peer Education<br \/>\n[\/tabgarb]<\/p>\n<p>[tabgarb=tab1]<\/p>\n<h2 style=\"text-align: center;\">\u0160TA ZA DECU ZNA\u010cE LJUDSKA PRAVA?<\/h2>\n<p><em><strong>\u0160ta za decu zna\u010de ljudska prava i\u00a0 koliko je bosanski jezik bitan u obrazovanju bile su teme radionice \u00a0koja je odr\u017eana u O\u0160 Me\u0161a Selimovi\u0107 u Ribaricima.<\/strong><\/em><\/p>\n<p><a href=\"http:\/\/glassandzaka.com\/wp-content\/uploads\/2015\/10\/12178976_1200737586620167_930180018_n.jpg\"><img loading=\"lazy\" decoding=\"async\" class=\"wp-image-5727 aligncenter\" src=\"http:\/\/glassandzaka.com\/wp-content\/uploads\/2015\/10\/12178976_1200737586620167_930180018_n-500x375.jpg\" sizes=\"auto, (max-width: 315px) 100vw, 315px\" srcset=\"http:\/\/glassandzaka.com\/wp-content\/uploads\/2015\/10\/12178976_1200737586620167_930180018_n-500x375.jpg 500w, http:\/\/glassandzaka.com\/wp-content\/uploads\/2015\/10\/12178976_1200737586620167_930180018_n.jpg 720w\" alt=\"12178976_1200737586620167_930180018_n\" width=\"315\" height=\"236\" \/><\/a><\/p>\n<p>\u201cCilj ove radionice jeste da se podigne svest gra\u0111ana ta\u010dnije \u00a0manjina u Srbiji \u00a0,da znaju koja si njihova prava I kako ih primeniti u praksi\u201d, istakla je jedna od kordinatorki ove radionice Jasmina Eleskovi\u0107.<\/p>\n<p>&nbsp;<\/p>\n<p>U radionici su u\u010destvovali\u00a0 u\u010denici tr\u0107eg razreda\u00a0 ove \u0161kole.<\/p>\n<p>\u201cInterakcija dece bila odlicna i veoma smo \u00a0zadovoljne jer su deca radoznala \u00a0I \u017eelela su da \u010duju \u00a0sadrzaj koji je van \u0161kolskog plana i programa\u201d rekla je za Glas Sand\u017eaka koordinatorka radionice Edina Eleskovi\u0107.<\/p>\n<p><a href=\"http:\/\/glassandzaka.com\/wp-content\/uploads\/2015\/10\/12179884_1200737619953497_1850610364_n.jpg\"><img loading=\"lazy\" decoding=\"async\" class=\"wp-image-5729 aligncenter\" src=\"http:\/\/glassandzaka.com\/wp-content\/uploads\/2015\/10\/12179884_1200737619953497_1850610364_n-500x375.jpg\" sizes=\"auto, (max-width: 295px) 100vw, 295px\" srcset=\"http:\/\/glassandzaka.com\/wp-content\/uploads\/2015\/10\/12179884_1200737619953497_1850610364_n-500x375.jpg 500w, http:\/\/glassandzaka.com\/wp-content\/uploads\/2015\/10\/12179884_1200737619953497_1850610364_n.jpg 720w\" alt=\"12179884_1200737619953497_1850610364_n\" width=\"295\" height=\"221\" \/><\/a><a href=\"http:\/\/glassandzaka.com\/wp-content\/uploads\/2015\/10\/12179515_1200737666620159_1644502141_n.jpg\"><img loading=\"lazy\" decoding=\"async\" class=\"wp-image-5728 aligncenter\" src=\"http:\/\/glassandzaka.com\/wp-content\/uploads\/2015\/10\/12179515_1200737666620159_1644502141_n-500x375.jpg\" sizes=\"auto, (max-width: 298px) 100vw, 298px\" srcset=\"http:\/\/glassandzaka.com\/wp-content\/uploads\/2015\/10\/12179515_1200737666620159_1644502141_n-500x375.jpg 500w, http:\/\/glassandzaka.com\/wp-content\/uploads\/2015\/10\/12179515_1200737666620159_1644502141_n.jpg 720w\" alt=\"12179515_1200737666620159_1644502141_n\" width=\"298\" height=\"223\" \/><\/a><\/p>\n<p>Ova radionica je deo projekta\u201dBranitelji i branitelji ljudskih i manjinskih prava\u201du organizaciji Omladinskog odbora \u00a0za obrazovanje.<\/p>\n<p>[\/tabgarb]<\/p>\n<p>[tabgarb=tab2]<\/p>\n<p>[\/tabgarb]<\/p>\n<p>[tabgarb=tab3]<\/p>\n<p><a href=\"http:\/\/iea.rs\/wp-content\/uploads\/2017\/05\/FB_IMG_1445431286358-1.jpg\"><img loading=\"lazy\" decoding=\"async\" class=\"alignleft size-thumbnail wp-image-5365\" src=\"http:\/\/iea.rs\/wp-content\/uploads\/2017\/05\/FB_IMG_1445431286358-1-150x150.jpg\" alt=\"\" width=\"150\" height=\"150\" srcset=\"https:\/\/iea.rs\/wp-content\/uploads\/2017\/05\/FB_IMG_1445431286358-1-150x150.jpg 150w, https:\/\/iea.rs\/wp-content\/uploads\/2017\/05\/FB_IMG_1445431286358-1-50x50.jpg 50w, https:\/\/iea.rs\/wp-content\/uploads\/2017\/05\/FB_IMG_1445431286358-1-100x100.jpg 100w\" sizes=\"auto, (max-width: 150px) 100vw, 150px\" \/><\/a> <a href=\"http:\/\/iea.rs\/wp-content\/uploads\/2017\/05\/FB_IMG_1445431296798.jpg\"><img loading=\"lazy\" decoding=\"async\" class=\"alignleft size-thumbnail wp-image-5366\" src=\"http:\/\/iea.rs\/wp-content\/uploads\/2017\/05\/FB_IMG_1445431296798-150x150.jpg\" alt=\"\" width=\"150\" height=\"150\" srcset=\"https:\/\/iea.rs\/wp-content\/uploads\/2017\/05\/FB_IMG_1445431296798-150x150.jpg 150w, https:\/\/iea.rs\/wp-content\/uploads\/2017\/05\/FB_IMG_1445431296798-50x50.jpg 50w, https:\/\/iea.rs\/wp-content\/uploads\/2017\/05\/FB_IMG_1445431296798-240x240.jpg 240w, https:\/\/iea.rs\/wp-content\/uploads\/2017\/05\/FB_IMG_1445431296798-100x100.jpg 100w\" sizes=\"auto, (max-width: 150px) 100vw, 150px\" \/><\/a> <a href=\"http:\/\/iea.rs\/wp-content\/uploads\/2017\/05\/FB_IMG_1445431302986.jpg\"><img loading=\"lazy\" decoding=\"async\" class=\"alignleft size-thumbnail wp-image-5367\" src=\"http:\/\/iea.rs\/wp-content\/uploads\/2017\/05\/FB_IMG_1445431302986-150x150.jpg\" alt=\"\" width=\"150\" height=\"150\" srcset=\"https:\/\/iea.rs\/wp-content\/uploads\/2017\/05\/FB_IMG_1445431302986-150x150.jpg 150w, https:\/\/iea.rs\/wp-content\/uploads\/2017\/05\/FB_IMG_1445431302986-50x50.jpg 50w, https:\/\/iea.rs\/wp-content\/uploads\/2017\/05\/FB_IMG_1445431302986-240x240.jpg 240w, https:\/\/iea.rs\/wp-content\/uploads\/2017\/05\/FB_IMG_1445431302986-100x100.jpg 100w\" sizes=\"auto, (max-width: 150px) 100vw, 150px\" \/><\/a> <a href=\"http:\/\/iea.rs\/wp-content\/uploads\/2017\/05\/FB_IMG_1445431312542.jpg\"><img loading=\"lazy\" decoding=\"async\" class=\"alignleft size-thumbnail wp-image-5368\" src=\"http:\/\/iea.rs\/wp-content\/uploads\/2017\/05\/FB_IMG_1445431312542-150x150.jpg\" alt=\"\" width=\"150\" height=\"150\" srcset=\"https:\/\/iea.rs\/wp-content\/uploads\/2017\/05\/FB_IMG_1445431312542-150x150.jpg 150w, https:\/\/iea.rs\/wp-content\/uploads\/2017\/05\/FB_IMG_1445431312542-50x50.jpg 50w, https:\/\/iea.rs\/wp-content\/uploads\/2017\/05\/FB_IMG_1445431312542-240x240.jpg 240w, https:\/\/iea.rs\/wp-content\/uploads\/2017\/05\/FB_IMG_1445431312542-100x100.jpg 100w\" sizes=\"auto, (max-width: 150px) 100vw, 150px\" \/><\/a> <a href=\"http:\/\/iea.rs\/wp-content\/uploads\/2017\/05\/FB_IMG_1445431324133.jpg\"><img loading=\"lazy\" decoding=\"async\" class=\"alignleft size-thumbnail wp-image-5369\" src=\"http:\/\/iea.rs\/wp-content\/uploads\/2017\/05\/FB_IMG_1445431324133-150x150.jpg\" alt=\"\" width=\"150\" height=\"150\" srcset=\"https:\/\/iea.rs\/wp-content\/uploads\/2017\/05\/FB_IMG_1445431324133-150x150.jpg 150w, https:\/\/iea.rs\/wp-content\/uploads\/2017\/05\/FB_IMG_1445431324133-50x50.jpg 50w, https:\/\/iea.rs\/wp-content\/uploads\/2017\/05\/FB_IMG_1445431324133-240x240.jpg 240w, https:\/\/iea.rs\/wp-content\/uploads\/2017\/05\/FB_IMG_1445431324133-100x100.jpg 100w\" sizes=\"auto, (max-width: 150px) 100vw, 150px\" \/><\/a> <a href=\"http:\/\/iea.rs\/wp-content\/uploads\/2017\/05\/FB_IMG_1445431340605.jpg\"><img loading=\"lazy\" decoding=\"async\" class=\"alignleft size-thumbnail wp-image-5370\" src=\"http:\/\/iea.rs\/wp-content\/uploads\/2017\/05\/FB_IMG_1445431340605-150x150.jpg\" alt=\"\" width=\"150\" height=\"150\" srcset=\"https:\/\/iea.rs\/wp-content\/uploads\/2017\/05\/FB_IMG_1445431340605-150x150.jpg 150w, https:\/\/iea.rs\/wp-content\/uploads\/2017\/05\/FB_IMG_1445431340605-50x50.jpg 50w, https:\/\/iea.rs\/wp-content\/uploads\/2017\/05\/FB_IMG_1445431340605-240x240.jpg 240w, https:\/\/iea.rs\/wp-content\/uploads\/2017\/05\/FB_IMG_1445431340605-100x100.jpg 100w\" sizes=\"auto, (max-width: 150px) 100vw, 150px\" \/><\/a> <a href=\"http:\/\/iea.rs\/wp-content\/uploads\/2017\/05\/FB_IMG_1445431372888.jpg\"><img loading=\"lazy\" decoding=\"async\" class=\"alignleft size-thumbnail wp-image-5371\" src=\"http:\/\/iea.rs\/wp-content\/uploads\/2017\/05\/FB_IMG_1445431372888-150x150.jpg\" alt=\"\" width=\"150\" height=\"150\" srcset=\"https:\/\/iea.rs\/wp-content\/uploads\/2017\/05\/FB_IMG_1445431372888-150x150.jpg 150w, https:\/\/iea.rs\/wp-content\/uploads\/2017\/05\/FB_IMG_1445431372888-50x50.jpg 50w, https:\/\/iea.rs\/wp-content\/uploads\/2017\/05\/FB_IMG_1445431372888-240x240.jpg 240w, https:\/\/iea.rs\/wp-content\/uploads\/2017\/05\/FB_IMG_1445431372888-100x100.jpg 100w\" sizes=\"auto, (max-width: 150px) 100vw, 150px\" \/><\/a><\/p>\n<p>[\/tabgarb]<\/p>","protected":false},"excerpt":{"rendered":"<p>&nbsp; [tabgarb] tab1=Essay=active tab2=Media Activity tab3=Peer to Peer Education [\/tabgarb] [tabgarb=tab1] \u0160TA ZA DECU ZNA\u010cE LJUDSKA PRAVA? \u0160ta za decu zna\u010de ljudska prava i\u00a0 koliko &hellip; <a class=\"more-btn\" href=\"https:\/\/iea.rs\/en\/edina-eleskovic\/\">Read more &raquo;<\/a><\/p>\n","protected":false},"author":3,"featured_media":0,"parent":0,"menu_order":0,"comment_status":"closed","ping_status":"closed","template":"fullwidth.php","meta":{"_monsterinsights_skip_tracking":false,"_monsterinsights_sitenote_active":false,"_monsterinsights_sitenote_note":"","_monsterinsights_sitenote_category":0,"footnotes":""},"class_list":["post-5187","page","type-page","status-publish","hentry"],"yoast_head":"<!-- This site is optimized with the Yoast SEO plugin v25.4 - https:\/\/yoast.com\/wordpress\/plugins\/seo\/ -->\n<title>Edina Eleskovi\u0107 - Institute for European Affairs<\/title>\n<meta name=\"robots\" content=\"index, follow, max-snippet:-1, max-image-preview:large, max-video-preview:-1\" \/>\n<link rel=\"canonical\" href=\"https:\/\/iea.rs\/en\/edina-eleskovic\/\" \/>\n<meta property=\"og:locale\" content=\"en_US\" \/>\n<meta property=\"og:type\" content=\"article\" \/>\n<meta property=\"og:title\" content=\"Edina Eleskovi\u0107 - Institute for European Affairs\" \/>\n<meta property=\"og:description\" content=\"&nbsp; [tabgarb] tab1=Essay=active tab2=Media Activity tab3=Peer to Peer Education [\/tabgarb] [tabgarb=tab1] \u0160TA ZA DECU ZNA\u010cE LJUDSKA PRAVA? \u0160ta za decu zna\u010de ljudska prava i\u00a0 koliko &hellip; Read more &raquo;\" \/>\n<meta property=\"og:url\" content=\"https:\/\/iea.rs\/en\/edina-eleskovic\/\" \/>\n<meta property=\"og:site_name\" content=\"Institute for European Affairs\" \/>\n<meta property=\"article:modified_time\" content=\"2017-05-20T20:58:45+00:00\" \/>\n<meta property=\"og:image\" content=\"http:\/\/iea.rs\/wp-content\/uploads\/2015\/04\/Edina-Eleskovi\u0107-150x150.jpg\" \/>\n<meta name=\"twitter:card\" content=\"summary_large_image\" \/>\n<meta name=\"twitter:label1\" content=\"Est. reading time\" \/>\n\t<meta name=\"twitter:data1\" content=\"2 minutes\" \/>\n<script type=\"application\/ld+json\" class=\"yoast-schema-graph\">{\"@context\":\"https:\/\/schema.org\",\"@graph\":[{\"@type\":\"WebPage\",\"@id\":\"https:\/\/iea.rs\/en\/edina-eleskovic\/\",\"url\":\"https:\/\/iea.rs\/en\/edina-eleskovic\/\",\"name\":\"Edina Eleskovi\u0107 - Institute for European Affairs\",\"isPartOf\":{\"@id\":\"https:\/\/iea.rs\/#website\"},\"primaryImageOfPage\":{\"@id\":\"https:\/\/iea.rs\/en\/edina-eleskovic\/#primaryimage\"},\"image\":{\"@id\":\"https:\/\/iea.rs\/en\/edina-eleskovic\/#primaryimage\"},\"thumbnailUrl\":\"http:\/\/glassandzaka.com\/wp-content\/uploads\/2015\/10\/12178976_1200737586620167_930180018_n-500x375.jpg\",\"datePublished\":\"2017-05-20T11:32:29+00:00\",\"dateModified\":\"2017-05-20T20:58:45+00:00\",\"breadcrumb\":{\"@id\":\"https:\/\/iea.rs\/en\/edina-eleskovic\/#breadcrumb\"},\"inLanguage\":\"en-US\",\"potentialAction\":[{\"@type\":\"ReadAction\",\"target\":[\"https:\/\/iea.rs\/en\/edina-eleskovic\/\"]}]},{\"@type\":\"ImageObject\",\"inLanguage\":\"en-US\",\"@id\":\"https:\/\/iea.rs\/en\/edina-eleskovic\/#primaryimage\",\"url\":\"http:\/\/glassandzaka.com\/wp-content\/uploads\/2015\/10\/12178976_1200737586620167_930180018_n-500x375.jpg\",\"contentUrl\":\"http:\/\/glassandzaka.com\/wp-content\/uploads\/2015\/10\/12178976_1200737586620167_930180018_n-500x375.jpg\"},{\"@type\":\"BreadcrumbList\",\"@id\":\"https:\/\/iea.rs\/en\/edina-eleskovic\/#breadcrumb\",\"itemListElement\":[{\"@type\":\"ListItem\",\"position\":1,\"name\":\"\u041f\u043e\u0447\u0435\u0442\u043d\u0430\",\"item\":\"https:\/\/iea.rs\/\"},{\"@type\":\"ListItem\",\"position\":2,\"name\":\"Edina Eleskovi\u0107\"}]},{\"@type\":\"WebSite\",\"@id\":\"https:\/\/iea.rs\/#website\",\"url\":\"https:\/\/iea.rs\/\",\"name\":\"Institute for European Affairs\",\"description\":\"\",\"potentialAction\":[{\"@type\":\"SearchAction\",\"target\":{\"@type\":\"EntryPoint\",\"urlTemplate\":\"https:\/\/iea.rs\/?s={search_term_string}\"},\"query-input\":{\"@type\":\"PropertyValueSpecification\",\"valueRequired\":true,\"valueName\":\"search_term_string\"}}],\"inLanguage\":\"en-US\"}]}<\/script>\n<!-- \/ Yoast SEO plugin. -->","yoast_head_json":{"title":"Edina Eleskovi\u0107 - Institute for European Affairs","robots":{"index":"index","follow":"follow","max-snippet":"max-snippet:-1","max-image-preview":"max-image-preview:large","max-video-preview":"max-video-preview:-1"},"canonical":"https:\/\/iea.rs\/en\/edina-eleskovic\/","og_locale":"en_US","og_type":"article","og_title":"Edina Eleskovi\u0107 - Institute for European Affairs","og_description":"&nbsp; [tabgarb] tab1=Essay=active tab2=Media Activity tab3=Peer to Peer Education [\/tabgarb] [tabgarb=tab1] \u0160TA ZA DECU ZNA\u010cE LJUDSKA PRAVA? \u0160ta za decu zna\u010de ljudska prava i\u00a0 koliko &hellip; Read more &raquo;","og_url":"https:\/\/iea.rs\/en\/edina-eleskovic\/","og_site_name":"Institute for European Affairs","article_modified_time":"2017-05-20T20:58:45+00:00","og_image":[{"url":"http:\/\/iea.rs\/wp-content\/uploads\/2015\/04\/Edina-Eleskovi\u0107-150x150.jpg","type":"","width":"","height":""}],"twitter_card":"summary_large_image","twitter_misc":{"Est. reading time":"2 minutes"},"schema":{"@context":"https:\/\/schema.org","@graph":[{"@type":"WebPage","@id":"https:\/\/iea.rs\/en\/edina-eleskovic\/","url":"https:\/\/iea.rs\/en\/edina-eleskovic\/","name":"Edina Eleskovi\u0107 - Institute for European Affairs","isPartOf":{"@id":"https:\/\/iea.rs\/#website"},"primaryImageOfPage":{"@id":"https:\/\/iea.rs\/en\/edina-eleskovic\/#primaryimage"},"image":{"@id":"https:\/\/iea.rs\/en\/edina-eleskovic\/#primaryimage"},"thumbnailUrl":"http:\/\/glassandzaka.com\/wp-content\/uploads\/2015\/10\/12178976_1200737586620167_930180018_n-500x375.jpg","datePublished":"2017-05-20T11:32:29+00:00","dateModified":"2017-05-20T20:58:45+00:00","breadcrumb":{"@id":"https:\/\/iea.rs\/en\/edina-eleskovic\/#breadcrumb"},"inLanguage":"en-US","potentialAction":[{"@type":"ReadAction","target":["https:\/\/iea.rs\/en\/edina-eleskovic\/"]}]},{"@type":"ImageObject","inLanguage":"en-US","@id":"https:\/\/iea.rs\/en\/edina-eleskovic\/#primaryimage","url":"http:\/\/glassandzaka.com\/wp-content\/uploads\/2015\/10\/12178976_1200737586620167_930180018_n-500x375.jpg","contentUrl":"http:\/\/glassandzaka.com\/wp-content\/uploads\/2015\/10\/12178976_1200737586620167_930180018_n-500x375.jpg"},{"@type":"BreadcrumbList","@id":"https:\/\/iea.rs\/en\/edina-eleskovic\/#breadcrumb","itemListElement":[{"@type":"ListItem","position":1,"name":"\u041f\u043e\u0447\u0435\u0442\u043d\u0430","item":"https:\/\/iea.rs\/"},{"@type":"ListItem","position":2,"name":"Edina Eleskovi\u0107"}]},{"@type":"WebSite","@id":"https:\/\/iea.rs\/#website","url":"https:\/\/iea.rs\/","name":"Institute for European Affairs","description":"","potentialAction":[{"@type":"SearchAction","target":{"@type":"EntryPoint","urlTemplate":"https:\/\/iea.rs\/?s={search_term_string}"},"query-input":{"@type":"PropertyValueSpecification","valueRequired":true,"valueName":"search_term_string"}}],"inLanguage":"en-US"}]}},"_links":{"self":[{"href":"https:\/\/iea.rs\/en\/wp-json\/wp\/v2\/pages\/5187","targetHints":{"allow":["GET"]}}],"collection":[{"href":"https:\/\/iea.rs\/en\/wp-json\/wp\/v2\/pages"}],"about":[{"href":"https:\/\/iea.rs\/en\/wp-json\/wp\/v2\/types\/page"}],"author":[{"embeddable":true,"href":"https:\/\/iea.rs\/en\/wp-json\/wp\/v2\/users\/3"}],"replies":[{"embeddable":true,"href":"https:\/\/iea.rs\/en\/wp-json\/wp\/v2\/comments?post=5187"}],"version-history":[{"count":0,"href":"https:\/\/iea.rs\/en\/wp-json\/wp\/v2\/pages\/5187\/revisions"}],"wp:attachment":[{"href":"https:\/\/iea.rs\/en\/wp-json\/wp\/v2\/media?parent=5187"}],"curies":[{"name":"wp","href":"https:\/\/api.w.org\/{rel}","templated":true}]}}