{"id":5197,"date":"2017-05-20T13:45:51","date_gmt":"2017-05-20T11:45:51","guid":{"rendered":"http:\/\/iea.rs\/?page_id=5197"},"modified":"2017-05-20T23:22:23","modified_gmt":"2017-05-20T21:22:23","slug":"jelena-videnovic","status":"publish","type":"page","link":"https:\/\/iea.rs\/en\/jelena-videnovic\/","title":{"rendered":"Jelena Videnovi\u0107"},"content":{"rendered":"<p>&nbsp;<\/p>\n<div id=\"attachment_4419\" style=\"width: 160px\" class=\"wp-caption aligncenter\"><img loading=\"lazy\" decoding=\"async\" aria-describedby=\"caption-attachment-4419\" class=\"wp-image-4419 size-thumbnail\" src=\"http:\/\/iea.rs\/wp-content\/uploads\/2015\/04\/Jelena-Videnovi\u0107-150x150.jpg\" alt=\"\" width=\"150\" height=\"150\" srcset=\"https:\/\/iea.rs\/wp-content\/uploads\/2015\/04\/Jelena-Videnovi\u0107-150x150.jpg 150w, https:\/\/iea.rs\/wp-content\/uploads\/2015\/04\/Jelena-Videnovi\u0107-50x50.jpg 50w, https:\/\/iea.rs\/wp-content\/uploads\/2015\/04\/Jelena-Videnovi\u0107-240x240.jpg 240w, https:\/\/iea.rs\/wp-content\/uploads\/2015\/04\/Jelena-Videnovi\u0107-100x100.jpg 100w\" sizes=\"auto, (max-width: 150px) 100vw, 150px\" \/><\/p>\n<p id=\"caption-attachment-4419\" class=\"wp-caption-text\">Jelena Videnovi\u0107<\/p>\n<\/div>\n<p>[tabgarb]<\/p>\n<p>tab1=Essay=active<br \/>\ntab2=Media Activity<br \/>\ntab3=Peer to Peer Education<br \/>\n[\/tabgarb]<\/p>\n<p>[tabgarb=tab1]<\/p>\n<p><iframe loading=\"lazy\" title=\"Natalija Jovanovi\u0107 i Jelena Videnovi\u0107 - Belle amie jutro\" width=\"423\" height=\"238\" src=\"https:\/\/www.youtube.com\/embed\/7RdmTZfWTf4?feature=oembed\" frameborder=\"0\" allow=\"accelerometer; autoplay; clipboard-write; encrypted-media; gyroscope; picture-in-picture; web-share\" referrerpolicy=\"strict-origin-when-cross-origin\" allowfullscreen><\/iframe><\/p>\n<p>&nbsp;<\/p>\n<p>[\/tabgarb]<\/p>\n<p>[tabgarb=tab2]<\/p>\n<h2 align=\"center\">Re\u0161avanje problema nepristupa\u010dnosti javnih objekata osobama sa invaliditetom<\/h2>\n<p><span style=\"font-family: 'Times New Roman', serif;\"><span style=\"font-size: medium;\">U Srbiji \u017eivi izme\u0111u 700.000 i 800.000 osoba sa nekom vrstom invaliditeta. Iako je na\u0161e zakonodavstvo prili\u010dno osetljivo na probleme sa kojima se ove osobe susre\u0107u, u praksi su one izlo\u017eene razli\u010ditim vidovima diskriminacije. Njihovi osnovni problemi su siroma\u0161tvo, koje je \u010desto posledica diskriminacije u radu i zapo\u0161ljavanju, diskriminacija u zdravstvenoj za\u0161titi ali i arhitektonske barijere koje im najdirektnije ugro\u017eavaju slobodu kretanja i ote\u017eavaju obavljanje svakodnevnih aktivnosti. <\/span><\/span><\/p>\n<p><span style=\"font-family: 'Times New Roman', serif;\"><span style=\"font-size: medium;\">Govore\u0107i o problemima sa kojima se osobe sa invaliditetom susre\u0107u u gradu Ni\u0161u, arhitektonske barijere su naj\u010de\u0161\u0107e pominjan problem, obzirom da je mnogo institucija i ustanova od javnog zna\u010daja jo\u0161 uvek nedostupno i neprilago\u0111eno toj populaciji. <\/span><\/span><\/p>\n<p><span style=\"font-family: 'Times New Roman', serif;\"><span style=\"font-size: medium;\">Mladi ljudi koji su suo\u010deni sa problemom smanjene pokretljivosti, nemaju pristup ni velikoj ve\u0107ini mesta gde se njihovi vr\u0161njaci okupljaju, samim tim ostaju van \u017ei\u017ee dru\u0161tvenog \u017eivota i bivaju marginalizovani.<\/span><\/span><\/p>\n<p><span style=\"font-family: 'Times New Roman', serif;\"><span style=\"font-size: medium;\">Izuzetno mali broj kafi\u0107a i restorana je naklonjen osobama sa invaliditetom jer naj\u010de\u0161\u0107e pristup ovim objektima nije regulisan i prohodnost invalidskih kolica nije mogu\u0107a. Izgleda kao da invaliditetu nije mesto u dobrom kafi\u0107u ili restoranu.\u00a0<\/span><\/span><\/p>\n<p><span style=\"font-family: 'Times New Roman', serif;\"><span style=\"font-size: medium;\">Zakonom o planiranju i izgradnji je predvi\u0111eno da se zgrade javne i poslovne namene, kao i drugi objekti za javnu upotrebu (ulice, trgovi, parkovi) moraju projektovati, graditi i odr\u017eavati tako da osobama sa invaliditetom omogu\u0107avaju nesmetan pristup, kretanje i boravak. Novim Pravilnikom o tehni\u010dkim standardima planiranja, projektovanja i izgradnje objekata, kojima se osigurava nesmetano kretanje i pristup osobama sa invaliditetom, deci i starim osobama, detaljno su propisani uslovi i standardi koje objekat treba da ispuni da bi dobio upotrebnu dozvolu.<\/span><\/span><\/p>\n<p><span style=\"font-family: 'Times New Roman', serif;\"><span style=\"font-size: medium;\">Iako je ovim propisima stvoren preduslov za po\u0161tovanje prava osoba sa invaliditetom, sti\u010de se utisak da su one vrlo \u010desto prepu\u0161tene na milost i nemilost lica zadu\u017eenih za izdavanje upotrebnih dozvola i njihovom senzibilitetu. <\/span><\/span><\/p>\n<p><span style=\"font-family: 'Times New Roman', serif;\"><span style=\"font-size: medium;\">Da bi se ovaj problem re\u0161io neophodno je efikasnije delovanje nadle\u017enih organa na nivou republike i jedinica lokalne samouprave.<\/span><\/span><\/p>\n<p><span style=\"font-family: 'Times New Roman', serif;\"><span style=\"font-size: medium;\">Potrebno je najpre edukacijom i upoznavanjem sa va\u017ee\u0107im propisima zaustaviti gradnju nepristupa\u010dnih objekata, a stare, ve\u0107 izgra\u0111ene objekte, prilagoditi usvojenim standardima. <\/span><\/span><\/p>\n<p><span style=\"font-family: 'Times New Roman', serif;\"><span style=\"font-size: medium;\">Lokalna samouprava treba da izradi precizan strate\u0161ki plan u ovoj oblasti kako bi se sredstva usmerila na efikasan na\u010din.<\/span><\/span><\/p>\n<p><span style=\"font-family: 'Times New Roman', serif;\"><span style=\"font-size: medium;\">Re\u0161avanju konkretnog problema nepristupa\u010dnosti ugostiteljskih objekata moglo bi se pristupiti propisivanjem vi\u0161e komunalne takse za lokale koji se nalaze u prvoj gradskoj zoni i namenskom upotrebom tako prikupljenih sredstava za prilago\u0111avanje objekata potrebama osoba sa invaliditetom. Tako\u0111e, treba predvideti mogu\u0107nost umanjenja takse, u slu\u010daju da vlasnici lokala prilagode objekte o svom tro\u0161ku i ovo umanjenje ograni\u010diti rokom u zavisnosti od visine investicije. Nove investicije u ove objekte se ne smeju odobriti ako oni nisu prilago\u0111eni potrebama osoba sa invaliditetom, a plan investicije ne sadr\u017ei odredbu o opredeljenju sredstava za prilago\u0111avanje objekta propisanim standardima.<\/span><\/span><\/p>\n<p><span style=\"font-family: 'Times New Roman', serif;\"><span style=\"font-size: medium;\">Svaki ugostiteljski objekat koji je prilago\u0111en potrebama osoba sa invaliditetom i ispunjava propisane uslove i standarde treba da poseduje jasno istaknutu oznaku pristupa\u010dnosti, na vidljivom mestu, prema Pravilniku o tehni\u010dkim standardima planiranja, projektovanja i izgradnje objekata.<\/span><\/span><\/p>\n<p><span style=\"font-family: 'Times New Roman', serif;\"><span style=\"font-size: medium;\">Neophodno je obezbediti i efikasan nadzor nad primenom Pravilnika od strane inspekcijskih slu\u017ebi, jer je re\u010d o organima koji imaju mogu\u0107nost da neposredno uti\u010du na njegovu primenu. <\/span><\/span><\/p>\n<p><span style=\"font-family: 'Times New Roman', serif;\"><span style=\"font-size: medium;\">Nijedan objekat ne sme dobiti urbanisti\u010dku dozvolu ukoliko nisu primenjeni standardi iz Pravilnika o pristupa\u010dnosti osobama sa invaliditetom.<\/span><\/span><\/p>\n<p><span style=\"font-family: 'Times New Roman', serif;\"><span style=\"font-size: medium;\">Pitanje pristupa\u010dnosti je zapravo pitanje ljudskih prava. Zakon o spre\u010davanju diskriminacije osoba sa invaliditetom u \u010clanu 33. propisuje da su jedinice lokalne samouprave du\u017ene da preduzmu mere s ciljem da se fizi\u010dka sredina, zgrade i javne povr\u0161ine u\u010dine pristupa\u010dnim osobama sa invaliditetom a vlasnike javnih objekata i javnih povr\u0161ina obavezuje da svoje objekte ili povr\u0161ine u\u010dine dostupnim ovim osobama.<\/span><\/span><\/p>\n<p><span style=\"font-family: 'Times New Roman', serif;\"><span style=\"font-size: medium;\">Osobama koje za kretanje koriste kolica je jedna stepenica nepremostiva prepreka.<\/span><\/span><\/p>\n<p><a name=\"_GoBack\"><\/a> <span style=\"font-family: 'Times New Roman', serif;\"><span style=\"font-size: medium;\">Nekada je dovoljna i jedna kosina da re\u0161i problem i napravi razliku izme\u0111u diskriminacije i po\u0161tovanja ljudskih prava. <\/span><\/span><\/p>\n<p align=\"right\"><span style=\"font-family: 'Times New Roman', serif;\"><span style=\"font-size: medium;\">U\u010desnica programa \u201eBranitelji i <\/span><\/span><\/p>\n<p align=\"right\"><span style=\"font-family: 'Times New Roman', serif;\"><span style=\"font-size: medium;\">braniteljke manjinskih prava\u201c<\/span><\/span><\/p>\n<p align=\"right\"><span style=\"font-family: 'Times New Roman', serif;\"><span style=\"font-size: medium;\">Jelena Videnovi\u0107<\/span><\/span><\/p>\n<p>[\/tabgarb]<\/p>\n<p>[tabgarb=tab3]<\/p>\n<p><a href=\"http:\/\/iea.rs\/wp-content\/uploads\/2017\/05\/12272695_920350988019897_1102561100_n-1.jpg\"><img loading=\"lazy\" decoding=\"async\" class=\"alignleft size-thumbnail wp-image-5387\" src=\"http:\/\/iea.rs\/wp-content\/uploads\/2017\/05\/12272695_920350988019897_1102561100_n-1-150x150.jpg\" alt=\"\" width=\"150\" height=\"150\" srcset=\"https:\/\/iea.rs\/wp-content\/uploads\/2017\/05\/12272695_920350988019897_1102561100_n-1-150x150.jpg 150w, https:\/\/iea.rs\/wp-content\/uploads\/2017\/05\/12272695_920350988019897_1102561100_n-1-50x50.jpg 50w, https:\/\/iea.rs\/wp-content\/uploads\/2017\/05\/12272695_920350988019897_1102561100_n-1-240x240.jpg 240w, https:\/\/iea.rs\/wp-content\/uploads\/2017\/05\/12272695_920350988019897_1102561100_n-1-100x100.jpg 100w\" sizes=\"auto, (max-width: 150px) 100vw, 150px\" \/><\/a> <a href=\"http:\/\/iea.rs\/wp-content\/uploads\/2017\/05\/WP_20151104_12_16_42_Pro-1.jpg\"><img loading=\"lazy\" decoding=\"async\" class=\"alignleft size-thumbnail wp-image-5388\" src=\"http:\/\/iea.rs\/wp-content\/uploads\/2017\/05\/WP_20151104_12_16_42_Pro-1-150x150.jpg\" alt=\"\" width=\"150\" height=\"150\" srcset=\"https:\/\/iea.rs\/wp-content\/uploads\/2017\/05\/WP_20151104_12_16_42_Pro-1-150x150.jpg 150w, https:\/\/iea.rs\/wp-content\/uploads\/2017\/05\/WP_20151104_12_16_42_Pro-1-50x50.jpg 50w, https:\/\/iea.rs\/wp-content\/uploads\/2017\/05\/WP_20151104_12_16_42_Pro-1-240x240.jpg 240w, https:\/\/iea.rs\/wp-content\/uploads\/2017\/05\/WP_20151104_12_16_42_Pro-1-100x100.jpg 100w\" sizes=\"auto, (max-width: 150px) 100vw, 150px\" \/><\/a> <a href=\"http:\/\/iea.rs\/wp-content\/uploads\/2017\/05\/WP_20151104_12_44_55_Pro-1.jpg\"><img loading=\"lazy\" decoding=\"async\" class=\"alignleft size-thumbnail wp-image-5389\" src=\"http:\/\/iea.rs\/wp-content\/uploads\/2017\/05\/WP_20151104_12_44_55_Pro-1-150x150.jpg\" alt=\"\" width=\"150\" height=\"150\" srcset=\"https:\/\/iea.rs\/wp-content\/uploads\/2017\/05\/WP_20151104_12_44_55_Pro-1-150x150.jpg 150w, https:\/\/iea.rs\/wp-content\/uploads\/2017\/05\/WP_20151104_12_44_55_Pro-1-50x50.jpg 50w, https:\/\/iea.rs\/wp-content\/uploads\/2017\/05\/WP_20151104_12_44_55_Pro-1-240x240.jpg 240w, https:\/\/iea.rs\/wp-content\/uploads\/2017\/05\/WP_20151104_12_44_55_Pro-1-100x100.jpg 100w\" sizes=\"auto, (max-width: 150px) 100vw, 150px\" \/><\/a><\/p>\n<p>[\/tabgarb]<\/p>","protected":false},"excerpt":{"rendered":"<p>&nbsp; [tabgarb] tab1=Essay=active tab2=Media Activity tab3=Peer to Peer Education [\/tabgarb] [tabgarb=tab1] &nbsp; [\/tabgarb] [tabgarb=tab2] Re\u0161avanje problema nepristupa\u010dnosti javnih objekata osobama sa invaliditetom U Srbiji \u017eivi &hellip; <a class=\"more-btn\" href=\"https:\/\/iea.rs\/en\/jelena-videnovic\/\">Read more &raquo;<\/a><\/p>\n","protected":false},"author":3,"featured_media":0,"parent":0,"menu_order":0,"comment_status":"closed","ping_status":"closed","template":"fullwidth.php","meta":{"_monsterinsights_skip_tracking":false,"_monsterinsights_sitenote_active":false,"_monsterinsights_sitenote_note":"","_monsterinsights_sitenote_category":0,"footnotes":""},"class_list":["post-5197","page","type-page","status-publish","hentry"],"yoast_head":"<!-- This site is optimized with the Yoast SEO plugin v25.4 - https:\/\/yoast.com\/wordpress\/plugins\/seo\/ -->\n<title>Jelena Videnovi\u0107 - Institute for European Affairs<\/title>\n<meta name=\"robots\" content=\"index, follow, max-snippet:-1, max-image-preview:large, max-video-preview:-1\" \/>\n<link rel=\"canonical\" href=\"https:\/\/iea.rs\/jelena-videnovic\/\" \/>\n<meta property=\"og:locale\" content=\"en_US\" \/>\n<meta property=\"og:type\" content=\"article\" \/>\n<meta property=\"og:title\" content=\"Jelena Videnovi\u0107 - Institute for European Affairs\" \/>\n<meta property=\"og:description\" content=\"&nbsp; [tabgarb] tab1=Essay=active tab2=Media Activity tab3=Peer to Peer Education [\/tabgarb] [tabgarb=tab1] &nbsp; [\/tabgarb] [tabgarb=tab2] Re\u0161avanje problema nepristupa\u010dnosti javnih objekata osobama sa invaliditetom U Srbiji \u017eivi &hellip; Read more &raquo;\" \/>\n<meta property=\"og:url\" content=\"https:\/\/iea.rs\/jelena-videnovic\/\" \/>\n<meta property=\"og:site_name\" content=\"Institute for European Affairs\" \/>\n<meta property=\"article:modified_time\" content=\"2017-05-20T21:22:23+00:00\" \/>\n<meta property=\"og:image\" content=\"http:\/\/iea.rs\/wp-content\/uploads\/2015\/04\/Jelena-Videnovi\u0107-150x150.jpg\" \/>\n<meta name=\"twitter:card\" content=\"summary_large_image\" \/>\n<meta name=\"twitter:label1\" content=\"Est. reading time\" \/>\n\t<meta name=\"twitter:data1\" content=\"7 minutes\" \/>\n<script type=\"application\/ld+json\" class=\"yoast-schema-graph\">{\"@context\":\"https:\/\/schema.org\",\"@graph\":[{\"@type\":\"WebPage\",\"@id\":\"https:\/\/iea.rs\/jelena-videnovic\/\",\"url\":\"https:\/\/iea.rs\/jelena-videnovic\/\",\"name\":\"Jelena Videnovi\u0107 - Institute for European Affairs\",\"isPartOf\":{\"@id\":\"https:\/\/iea.rs\/#website\"},\"primaryImageOfPage\":{\"@id\":\"https:\/\/iea.rs\/jelena-videnovic\/#primaryimage\"},\"image\":{\"@id\":\"https:\/\/iea.rs\/jelena-videnovic\/#primaryimage\"},\"thumbnailUrl\":\"http:\/\/iea.rs\/wp-content\/uploads\/2017\/05\/12272695_920350988019897_1102561100_n-1-150x150.jpg\",\"datePublished\":\"2017-05-20T11:45:51+00:00\",\"dateModified\":\"2017-05-20T21:22:23+00:00\",\"breadcrumb\":{\"@id\":\"https:\/\/iea.rs\/jelena-videnovic\/#breadcrumb\"},\"inLanguage\":\"en-US\",\"potentialAction\":[{\"@type\":\"ReadAction\",\"target\":[\"https:\/\/iea.rs\/jelena-videnovic\/\"]}]},{\"@type\":\"ImageObject\",\"inLanguage\":\"en-US\",\"@id\":\"https:\/\/iea.rs\/jelena-videnovic\/#primaryimage\",\"url\":\"http:\/\/iea.rs\/wp-content\/uploads\/2017\/05\/12272695_920350988019897_1102561100_n-1-150x150.jpg\",\"contentUrl\":\"http:\/\/iea.rs\/wp-content\/uploads\/2017\/05\/12272695_920350988019897_1102561100_n-1-150x150.jpg\"},{\"@type\":\"BreadcrumbList\",\"@id\":\"https:\/\/iea.rs\/jelena-videnovic\/#breadcrumb\",\"itemListElement\":[{\"@type\":\"ListItem\",\"position\":1,\"name\":\"\u041f\u043e\u0447\u0435\u0442\u043d\u0430\",\"item\":\"https:\/\/iea.rs\/\"},{\"@type\":\"ListItem\",\"position\":2,\"name\":\"Jelena Videnovi\u0107\"}]},{\"@type\":\"WebSite\",\"@id\":\"https:\/\/iea.rs\/#website\",\"url\":\"https:\/\/iea.rs\/\",\"name\":\"Institute for European Affairs\",\"description\":\"\",\"potentialAction\":[{\"@type\":\"SearchAction\",\"target\":{\"@type\":\"EntryPoint\",\"urlTemplate\":\"https:\/\/iea.rs\/?s={search_term_string}\"},\"query-input\":{\"@type\":\"PropertyValueSpecification\",\"valueRequired\":true,\"valueName\":\"search_term_string\"}}],\"inLanguage\":\"en-US\"}]}<\/script>\n<!-- \/ Yoast SEO plugin. -->","yoast_head_json":{"title":"Jelena Videnovi\u0107 - Institute for European Affairs","robots":{"index":"index","follow":"follow","max-snippet":"max-snippet:-1","max-image-preview":"max-image-preview:large","max-video-preview":"max-video-preview:-1"},"canonical":"https:\/\/iea.rs\/jelena-videnovic\/","og_locale":"en_US","og_type":"article","og_title":"Jelena Videnovi\u0107 - Institute for European Affairs","og_description":"&nbsp; [tabgarb] tab1=Essay=active tab2=Media Activity tab3=Peer to Peer Education [\/tabgarb] [tabgarb=tab1] &nbsp; [\/tabgarb] [tabgarb=tab2] Re\u0161avanje problema nepristupa\u010dnosti javnih objekata osobama sa invaliditetom U Srbiji \u017eivi &hellip; Read more &raquo;","og_url":"https:\/\/iea.rs\/jelena-videnovic\/","og_site_name":"Institute for European Affairs","article_modified_time":"2017-05-20T21:22:23+00:00","og_image":[{"url":"http:\/\/iea.rs\/wp-content\/uploads\/2015\/04\/Jelena-Videnovi\u0107-150x150.jpg","type":"","width":"","height":""}],"twitter_card":"summary_large_image","twitter_misc":{"Est. reading time":"7 minutes"},"schema":{"@context":"https:\/\/schema.org","@graph":[{"@type":"WebPage","@id":"https:\/\/iea.rs\/jelena-videnovic\/","url":"https:\/\/iea.rs\/jelena-videnovic\/","name":"Jelena Videnovi\u0107 - Institute for European Affairs","isPartOf":{"@id":"https:\/\/iea.rs\/#website"},"primaryImageOfPage":{"@id":"https:\/\/iea.rs\/jelena-videnovic\/#primaryimage"},"image":{"@id":"https:\/\/iea.rs\/jelena-videnovic\/#primaryimage"},"thumbnailUrl":"http:\/\/iea.rs\/wp-content\/uploads\/2017\/05\/12272695_920350988019897_1102561100_n-1-150x150.jpg","datePublished":"2017-05-20T11:45:51+00:00","dateModified":"2017-05-20T21:22:23+00:00","breadcrumb":{"@id":"https:\/\/iea.rs\/jelena-videnovic\/#breadcrumb"},"inLanguage":"en-US","potentialAction":[{"@type":"ReadAction","target":["https:\/\/iea.rs\/jelena-videnovic\/"]}]},{"@type":"ImageObject","inLanguage":"en-US","@id":"https:\/\/iea.rs\/jelena-videnovic\/#primaryimage","url":"http:\/\/iea.rs\/wp-content\/uploads\/2017\/05\/12272695_920350988019897_1102561100_n-1-150x150.jpg","contentUrl":"http:\/\/iea.rs\/wp-content\/uploads\/2017\/05\/12272695_920350988019897_1102561100_n-1-150x150.jpg"},{"@type":"BreadcrumbList","@id":"https:\/\/iea.rs\/jelena-videnovic\/#breadcrumb","itemListElement":[{"@type":"ListItem","position":1,"name":"\u041f\u043e\u0447\u0435\u0442\u043d\u0430","item":"https:\/\/iea.rs\/"},{"@type":"ListItem","position":2,"name":"Jelena Videnovi\u0107"}]},{"@type":"WebSite","@id":"https:\/\/iea.rs\/#website","url":"https:\/\/iea.rs\/","name":"Institute for European Affairs","description":"","potentialAction":[{"@type":"SearchAction","target":{"@type":"EntryPoint","urlTemplate":"https:\/\/iea.rs\/?s={search_term_string}"},"query-input":{"@type":"PropertyValueSpecification","valueRequired":true,"valueName":"search_term_string"}}],"inLanguage":"en-US"}]}},"_links":{"self":[{"href":"https:\/\/iea.rs\/en\/wp-json\/wp\/v2\/pages\/5197","targetHints":{"allow":["GET"]}}],"collection":[{"href":"https:\/\/iea.rs\/en\/wp-json\/wp\/v2\/pages"}],"about":[{"href":"https:\/\/iea.rs\/en\/wp-json\/wp\/v2\/types\/page"}],"author":[{"embeddable":true,"href":"https:\/\/iea.rs\/en\/wp-json\/wp\/v2\/users\/3"}],"replies":[{"embeddable":true,"href":"https:\/\/iea.rs\/en\/wp-json\/wp\/v2\/comments?post=5197"}],"version-history":[{"count":0,"href":"https:\/\/iea.rs\/en\/wp-json\/wp\/v2\/pages\/5197\/revisions"}],"wp:attachment":[{"href":"https:\/\/iea.rs\/en\/wp-json\/wp\/v2\/media?parent=5197"}],"curies":[{"name":"wp","href":"https:\/\/api.w.org\/{rel}","templated":true}]}}