{"id":5205,"date":"2017-05-20T13:49:23","date_gmt":"2017-05-20T11:49:23","guid":{"rendered":"http:\/\/iea.rs\/?page_id=5205"},"modified":"2017-05-20T23:51:12","modified_gmt":"2017-05-20T21:51:12","slug":"mica-cvetkovic","status":"publish","type":"page","link":"https:\/\/iea.rs\/en\/mica-cvetkovic\/","title":{"rendered":"Mi\u0161a Cvetkovi\u0107"},"content":{"rendered":"<p>&nbsp;<\/p>\n<div id=\"attachment_4416\" style=\"width: 160px\" class=\"wp-caption aligncenter\"><img loading=\"lazy\" decoding=\"async\" aria-describedby=\"caption-attachment-4416\" class=\"wp-image-4416 size-thumbnail\" src=\"http:\/\/iea.rs\/wp-content\/uploads\/2015\/04\/Mi\u0161a-Cvetkovi\u0107-150x150.jpg\" alt=\"\" width=\"150\" height=\"150\" srcset=\"https:\/\/iea.rs\/wp-content\/uploads\/2015\/04\/Mi\u0161a-Cvetkovi\u0107-150x150.jpg 150w, https:\/\/iea.rs\/wp-content\/uploads\/2015\/04\/Mi\u0161a-Cvetkovi\u0107-50x50.jpg 50w, https:\/\/iea.rs\/wp-content\/uploads\/2015\/04\/Mi\u0161a-Cvetkovi\u0107-240x240.jpg 240w, https:\/\/iea.rs\/wp-content\/uploads\/2015\/04\/Mi\u0161a-Cvetkovi\u0107-100x100.jpg 100w\" sizes=\"auto, (max-width: 150px) 100vw, 150px\" \/><\/p>\n<p id=\"caption-attachment-4416\" class=\"wp-caption-text\">Mi\u0161a Cvetkovi\u0107<\/p>\n<\/div>\n<p>[tabgarb]<\/p>\n<p>tab1=Essay=active<br \/>\ntab2=Media Activity<br \/>\ntab3=Peer to Peer Education<br \/>\n[\/tabgarb]<\/p>\n<p>[tabgarb=tab1]<\/p>\n<p>https:\/\/www.youtube.com\/watch?v=Xw8c1i0ypqc<\/p>\n<p>[\/tabgarb]<\/p>\n<p>[tabgarb=tab2]<\/p>\n<p align=\"center\"><span style=\"font-size: large;\"><b>Plan prakti\u010dne politike o ljudskim i manjiskim pravima<\/b><\/span><\/p>\n<p align=\"justify\"><span style=\"font-family: 'Times New Roman', serif;\">Sama re\u010d ljudska prava upu\u0107uje na koncept koji je ustanovljen na ideji da ljudska bi\u0107a imaju univerzalna prirodna prava ili status, nezavisno od pravne jurisdikcije ili drugih odre\u0111enih faktora kao \u0161to su pol i dr\u017eavljanstvo. Polaze\u0107i od toga da su ljudska i manjinska prava temelj svake demokratske zajednice, i opredeljuju\u0107i se za demokratiju, mir, toleranciju, po\u0161tovanje ljudskih prava, vladavinu prava i socijalnu pravdu, svaka dr\u017eava mora da utemelji osnovne principe ljudskih prava. Danas je na\u0161 akcenat ba\u010den na problem ljudi sa invaliditetom. <\/span><\/p>\n<p lang=\"sr-RS\" align=\"justify\"><span style=\"font-family: 'Times New Roman', serif;\">Postoje razli\u010dite definicije invaliditeta, ali u kratkim crtama invaliditet se defini\u0161e kao stanje koji proizilazi iz gubitka sposobnosti da se izvr\u0161e o\u010dekivane ili socijalno difinisane aktivnosti socijalnih uloga u jednom du\u017eem vremenskom periodu, zbog hroni\u010dne bolesti ili nekog o\u0161te\u0107enja. Prema savremenim shvatanjima definicija invalidnog lica je osoba koja zna\u010dajno ili potpuno nema sposobnost nekih delova tela, vida, sluha, lakomotornih radnji ili ima intelektualnu insuficijenciju. Izraz &#8220;osobe sa invaliditetom&#8221; ozna\u010dava osobe sa hendikepom, tj. osobe sa uro\u0111enom ili ste\u010denom fizi\u010dkom, senzornom, intelektualnom ili emocionalnom onesposobljeno\u0161\u0107u koje usled dru\u0161tvenih ili drugih prepreka nemaju mogu\u0107nosti ili imaju ograni\u010dene mogu\u0107nosti da se uklju\u010de u aktivnosti dru\u0161tva na istom nivou sa drugima, bez obzira na to da li mogu da ostvaruju pomenute aktivnosti uz upotrebu tehni\u010dkih pomagala ili slu\u017ebi podr\u0161ke.<\/span><\/p>\n<p align=\"justify\"><span style=\"font-family: 'Times New Roman', serif;\">Pre nego \u0161to izdefini\u0161emo konkretne probleme koji ote\u017eavaju \u017eivot ljudima sa invaliditetom, potebno je da se navede da su ova lica znatno diskriminisana zbog svoje nemogu\u0107nosti da se usklade sa svakodnevnim \u017eivotom i \u201cnormalnim\u201d funkcionisanjem zajednice. Izrazi &#8220;diskriminacija&#8221; i &#8220;diskriminatorsko postupanje&#8221; ozna\u010davaju svako pravljenje razlike ili nejednako postupanje, odnosno propu\u0161tanje (isklju\u010divanje, ograni\u010davanje ili davanje prvenstva) u odnosu na lica ili grupe, kao i na \u010dlanove njihovih porodica, ili njima bliska lica, na otvoren ili prikriven na\u010din, a koje se zasniva na invalidnosti ili razlozima u vezi sa njom; <\/span><\/p>\n<p align=\"justify\"><span style=\"font-family: 'Times New Roman', serif;\">Postoji nekoliko zakona koja se striktno baziraju na za\u0161titi prava ljudi sa invaliditetom:<\/span><\/p>\n<p align=\"justify\"><span style=\"font-family: 'Times New Roman', serif;\">1. Zakon o\u00a0<\/span><span style=\"font-family: 'Times New Roman', serif;\">zabrani diskriminacije po osnovu invalidnosti, posebni slu\u010dajevi diskriminacije osoba sa invaliditetom, postupak za\u0161tite osoba izlo\u017eenih diskriminaciji i mere koje se preduzimaju radi podsticanja ravnopravnosti i socijalne uklju\u010denosti osoba sa invaliditetom. <\/span><\/p>\n<p lang=\"sr-RS\" align=\"justify\"><span style=\"font-family: 'Times New Roman', serif;\">Ovaj zakon zasniva se na na\u010delima:<\/span><\/p>\n<ul>\n<li>\n<p lang=\"sr-RS\" align=\"justify\"><span style=\"font-family: 'Times New Roman', serif;\">zabrane diskriminacije osoba sa invaliditetom;<\/span><\/p>\n<\/li>\n<li>\n<p lang=\"sr-RS\" align=\"justify\"><span style=\"font-family: 'Times New Roman', serif;\">po\u0161tovanja ljudskih prava i dostojanstva osoba sa invaliditetom;<\/span><\/p>\n<\/li>\n<li>\n<p lang=\"sr-RS\" align=\"justify\"><span style=\"font-family: 'Times New Roman', serif;\">uklju\u010denosti osoba sa invaliditetom u sve sfere dru\u0161tvenog \u017eivota na ravnopravnoj osnovi;<\/span><\/p>\n<\/li>\n<li>\n<p lang=\"sr-RS\" align=\"justify\"><span style=\"font-family: 'Times New Roman', serif;\">uklju\u010denosti osoba sa invaliditetom u sve procese u kojima se odlu\u010duje o njihovim pravima i obavezama;<\/span><\/p>\n<\/li>\n<li>\n<p lang=\"sr-RS\" align=\"justify\"><span style=\"font-family: 'Times New Roman', serif;\">jednakih prava i obaveza.<\/span><\/p>\n<\/li>\n<\/ul>\n<p lang=\"sr-RS\" align=\"justify\"><span style=\"font-family: 'Times New Roman', serif;\">2. Zakon o profesionalnoj rehabilitaciji i zapo\u0161ljavanju osoba sa invaliditetom<\/span><\/p>\n<p lang=\"sr-RS\" align=\"justify\"><span style=\"font-family: 'Times New Roman', serif;\">Ovim zakonom ure\u0111uju se podsticaji za zapo\u0161ljavanje radi stvaranja uslova za ravnopravno uklju\u010divanje osoba sa invaliditetom na tr\u017ei\u0161te rada; procena radnih sposobnosti; profesionalna rehabilitacija; obaveza zapo\u0161ljavanja osoba sa invaliditetom; uslovi za osnivanje i obavljanje delatnosti preduze\u0107a za profesionalnu rehabilitaciju i zapo\u0161ljavanje osoba sa invaliditetom i drugih posebnih oblika zapo\u0161ljavanja i radnog anga\u017eovanja osoba sa invaliditetom; druga pitanja od zna\u010daja za profesionalnu rehabilitaciju i zapo\u0161ljavanje osoba sa invaliditetom.<\/span><\/p>\n<p lang=\"sr-RS\" align=\"justify\"><span style=\"font-family: 'Times New Roman', serif;\">Ovaj zakon zasniva se na na\u010delima: <\/span><\/p>\n<ul>\n<li>\n<p lang=\"sr-RS\" align=\"justify\"><span style=\"font-family: 'Times New Roman', serif;\">po\u0161tovanja ljudskih prava i dostojanstva osoba sa invaliditetom; <\/span><\/p>\n<\/li>\n<li>\n<p lang=\"sr-RS\" align=\"justify\"><span style=\"font-family: 'Times New Roman', serif;\">uklju\u010denosti osoba sa invaliditetom u sve sfere dru\u0161tvenog \u017eivota na ravnopravnoj osnovi &#8211; u skladu sa profesionalnim sposobnostima; <\/span><\/p>\n<\/li>\n<li>\n<p lang=\"sr-RS\" align=\"justify\"><span style=\"font-family: 'Times New Roman', serif;\">podsticanja zaposlenosti osoba sa invaliditetom na odgovaraju\u0107im radnim mestima i u odgovaraju\u0107im uslovima rada;<\/span><\/p>\n<\/li>\n<li>\n<p lang=\"sr-RS\" align=\"justify\"><span style=\"font-family: 'Times New Roman', serif;\">zabrane diskriminacije osoba sa invaliditetom, u skladu sa zakonom; <\/span><\/p>\n<\/li>\n<li>\n<p lang=\"sr-RS\" align=\"justify\"><span style=\"font-family: 'Times New Roman', serif;\">jednakih prava i obaveza;<\/span><\/p>\n<\/li>\n<li>\n<p lang=\"sr-RS\" align=\"justify\"><span style=\"font-family: 'Times New Roman', serif;\">rodne ravnopravnosti osoba sa invaliditetom.<\/span><\/p>\n<\/li>\n<\/ul>\n<p lang=\"sr-RS\" align=\"justify\"><span style=\"font-family: 'Times New Roman', serif;\">Najgori problem dana\u0161njice je da se ovi zakoni veoma retko primenjuju, barem u zemljama usporenog razvoja. U Srbiji \u017eivi izme\u0111u 700.000 i 800.000 osoba sa nekom vrstom invaliditeta koje su naj\u010des\u0107e diskriminisane u radu i zapo\u0161ljavanju, kao i zdravstvenoj za\u0161titi, pokazao je monitoring prava osoba sa invaliditetom u Srbiji. Prose\u010dna starost osoba sa invaliditetom je 67 godina a u ukupnoj populaciji tih osoba, pokazuju zvani\u010dne statistike, ve\u0107e je u\u010de\u0161\u0107e \u017eena (58,2%). Prema vrsti problema, najve\u0107i procenat je onih koji imaju probleme sa hodom a najmanje je osoba koje imaju probleme u komunikaciji. Pokazano je da je iskustvo isklju\u010denja u kori\u0161\u0107enju zdravstvenih usluga i rehabilitacije zbog nepristupa\u010dnosti ili restriktivnih kriterijuma do\u017eivelo 45% ispitanika, diskriminaciju 28% a nepo\u0161tovanje razli\u010ditosti osetilo je 43%. Kod prava na medicinska pomagala i rehabilitaciju osobe sa invaliditetom suo\u010davaju se sa problemom nemogu\u0107nosti odlaska na banjsko le\u010denje zbog restriktivnih zakonskih odredbi ali i te\u0161ko\u0107ama kod ostvarivanja prava na ortopedska pomagala zbog komplikovanih procedura. Osobe sa invaliditetom koje su bile uklju\u010dene u monitoring ukazale su i na nepristupa\u010dnost zdravstvenih usluga, neprilago\u0111enost dijagnosti\u010dke i terapijske opreme, kao i sanitetskog prevoza. U domenu obrazovanja, ukazano je na veliki problem neprilago\u0111enosti ud\u017ebenika osobama sa invaliditetom.<\/span><\/p>\n<p lang=\"sr-RS\" align=\"justify\"><span style=\"font-family: 'Times New Roman', serif;\">&#8220;Ka\u017eu da je izrada ud\u017ebenika na Brajevom pismu jako skupa, a da se izrada audio-udzbenika ne preporu\u010duje zbog straha od kr\u0161enja autorskih prava i kopiranja diskova &#8211; takvim izgovorima se diskrimini\u0161u u\u010denici&#8221;. Procenjeno je da je veliki problem i pristupa\u010dnost \u0161kolama i fakultetima, kao i prevoz do njih. Ukazano je i na nedostatak tuma\u010da za znakovni jezik, na koje u\u010denici imaju pravo, kao i na diskriminatornu praksu pri upisu u neke srednje \u0161kole i \u010dinjenicu da \u010desto ne postoji alternativa specijalnom obrazovanju, \u0161to kr\u0161i princip slobode izbora. Pokazano je da ve\u0107ina osoba sa invaliditetom siroma\u0161na, da je veliki problem socijalna za\u0161tita, da samo 500 slepih i slabovidih osoba u Srbiji ima posao. Kod rada i zapo\u0161ljavanja 35% ispitanika do\u017eivelo je kr\u0161enje principa inkluzije, u\u010destvovanja i pristupa\u010dnosti, pri \u010demu je naj\u010de\u0161\u0107e re\u010d o problemima nemogu\u0107nosti zaposlenja, neprilago\u0111enosti radnog mesta i uslova rada i nedostatku servisa podr\u0161ke na radnom mestu. Istovremeno je 30% do\u017eivelo diskriminaciju na radnom mestu ili u pristupu tr\u017ei\u0161tu rada, \u0161to se uglavnom ogleda kroz odnos sa kolegama i nerazumevanje od strane poslodavca. U domenu socijalne za\u0161tite, gotovo 72% ispitanika navelo je da nema pristup usluzi podr\u0161ke, 42% je reklo da nema mogu\u0107nost da uti\u010de na dono\u0161enje odluke i izbor usluge koju \u0107e dobiti, kao ni na njen kvalitet i obim, pa je usled toga ugro\u017een i princip dostojanstva, na \u0161ta je ukazalo 28% ispitanika. Istaknuto je i da iznosi za tu\u0111u negu i pomo\u0107 nisu dovoljni da se obezbedi usluga koja treba osobama sa invaliditetom, ve\u0107 se ta sredstva naj\u010de\u0161\u0107e koriste kao sredstvo za puko pre\u017eivaljavanje. Kod korisnika koji su naveli da nemaju pristup potrebnim socijalnim uslugama naj\u010de\u0161\u0107e je kao razlog navedeno da u zajednici nisu dovoljno razvijene usluge za samostalan \u017eivot. Tamo gde te usluge postoje, ne pokrivaju potrebe ve\u0107eg broja korisnika i nemaju odr\u017eivo finansiranje. Istaknuto je i da su osobe sa invaliditetom sme\u0161tene u ustanovama u najve\u0107oj meri li\u0161ene samostalnosti u odlu\u010divanju kao jednog od klju\u010dnih principa ljudskih prava. Kada je re\u010d o pristupa\u010dnosti, navedeni su problemi nepristupa\u010dnosti stambenih zgrada, zgrada od javnog interesa, saobra\u0107ajnica i javnih povr\u0161ina i prevoza. Vi\u0161e od 20 organizacija osoba sa invaliditetom je sara\u0111ivalo u pripremi izve\u0161taja u kojem su i intervjui sa osobama sa invaliditeom koje govore o svojim problemima.<\/span><\/p>\n<p lang=\"sr-RS\" align=\"justify\"><span style=\"font-family: 'Times New Roman', serif;\">Kako pomo\u0107i osobama sa invaliditetom:<\/span><\/p>\n<p lang=\"sr-RS\" align=\"justify\"><span style=\"font-family: 'Times New Roman', serif;\">1. Pronala\u017eenje poslova koje mogu da obavljaju osobe sa invaliditetom<\/span><\/p>\n<ul>\n<li>\n<p lang=\"sr-RS\" align=\"justify\"><span style=\"font-family: 'Times New Roman', serif;\">Da se po\u010dne sa nekom odre\u0111enom osobom sa invaliditetom i potom se tra\u017ei posao koji odgovara njegovim ili njenim sposobnostima i uslovima rada,<\/span><\/p>\n<\/li>\n<li>\n<p lang=\"sr-RS\" align=\"justify\"><span style=\"font-family: 'Times New Roman', serif;\">Da se po\u010dne od uslova koje treba ispunjavati za neki odre\u0111eni posao, i potom tra\u017eiti odgovaraju\u0107u osobu sa invaliditetom koja bi to radila.<\/span><\/p>\n<\/li>\n<li>\n<p lang=\"sr-RS\" align=\"justify\"><span style=\"font-family: 'Times New Roman', serif;\">Prema zakonskim obavezama vezane za to da poslodavac mora da zaposli odgovaraju\u0107u kvotu osoba sa invaliditetom, i potom je potrebno istra\u017eiti koje bi poslove osobe sa invaliditetom mogle da rade u tom preduze\u0107u. <\/span><\/p>\n<\/li>\n<li>\n<p lang=\"sr-RS\" align=\"justify\"><span style=\"font-family: 'Times New Roman', serif;\">Trebalo bi po\u010deti od poslodavca koji pokazuje dobru volju da zaposli osobe sa invaliditetom, ali koji nema nikakav odre\u0111eni posao na umu, a potom je potrebno istra\u017eiti koje bi poslove osobe sa invaliditetom mogle da rade u tom preduze\u0107u.<\/span><\/p>\n<\/li>\n<\/ul>\n<p lang=\"sr-RS\" align=\"justify\"><span style=\"font-family: 'Times New Roman', serif;\">2. Da se donese zakonska obaveza da ud\u017ebenici za osobe sa invaliditetom budu besplatne ili da im se smanji cena<\/span><\/p>\n<p lang=\"sr-RS\" align=\"justify\"><span style=\"font-family: 'Times New Roman', serif;\">4. Za osobe koje imaju probleme sa hodom a \u017eive u zgradama bez liftova potrebno je omogu\u0107iti alternativni sme\u0161taj.<\/span><\/p>\n<p lang=\"sr-RS\" align=\"justify\"><span style=\"font-family: 'Times New Roman', serif;\">5. Omogu\u0107avanje da osobe sa invaliditetom pristup kvalitetnijim, pristupa\u010dnijim pomagalima koja su im neophadna za normalno funkcjonisanje.<\/span><\/p>\n<p>[\/tabgarb]<\/p>\n<p>[tabgarb=tab3]<\/p>\n<p><a href=\"http:\/\/iea.rs\/wp-content\/uploads\/2017\/05\/20160125_172010.jpg\"><img loading=\"lazy\" decoding=\"async\" class=\"alignleft size-thumbnail wp-image-5425\" src=\"http:\/\/iea.rs\/wp-content\/uploads\/2017\/05\/20160125_172010-150x150.jpg\" alt=\"\" width=\"150\" height=\"150\" srcset=\"https:\/\/iea.rs\/wp-content\/uploads\/2017\/05\/20160125_172010-150x150.jpg 150w, https:\/\/iea.rs\/wp-content\/uploads\/2017\/05\/20160125_172010-50x50.jpg 50w, https:\/\/iea.rs\/wp-content\/uploads\/2017\/05\/20160125_172010-240x240.jpg 240w, https:\/\/iea.rs\/wp-content\/uploads\/2017\/05\/20160125_172010-100x100.jpg 100w\" sizes=\"auto, (max-width: 150px) 100vw, 150px\" \/><\/a> <a href=\"http:\/\/iea.rs\/wp-content\/uploads\/2017\/05\/20160125_172337.jpg\"><img loading=\"lazy\" decoding=\"async\" class=\"alignleft size-thumbnail wp-image-5426\" src=\"http:\/\/iea.rs\/wp-content\/uploads\/2017\/05\/20160125_172337-150x150.jpg\" alt=\"\" width=\"150\" height=\"150\" srcset=\"https:\/\/iea.rs\/wp-content\/uploads\/2017\/05\/20160125_172337-150x150.jpg 150w, https:\/\/iea.rs\/wp-content\/uploads\/2017\/05\/20160125_172337-50x50.jpg 50w, https:\/\/iea.rs\/wp-content\/uploads\/2017\/05\/20160125_172337-240x240.jpg 240w, https:\/\/iea.rs\/wp-content\/uploads\/2017\/05\/20160125_172337-100x100.jpg 100w\" sizes=\"auto, (max-width: 150px) 100vw, 150px\" \/><\/a> <a href=\"http:\/\/iea.rs\/wp-content\/uploads\/2017\/05\/20160125_174048.jpg\"><img loading=\"lazy\" decoding=\"async\" class=\"alignleft size-thumbnail wp-image-5427\" src=\"http:\/\/iea.rs\/wp-content\/uploads\/2017\/05\/20160125_174048-150x150.jpg\" alt=\"\" width=\"150\" height=\"150\" srcset=\"https:\/\/iea.rs\/wp-content\/uploads\/2017\/05\/20160125_174048-150x150.jpg 150w, https:\/\/iea.rs\/wp-content\/uploads\/2017\/05\/20160125_174048-50x50.jpg 50w, https:\/\/iea.rs\/wp-content\/uploads\/2017\/05\/20160125_174048-240x240.jpg 240w, https:\/\/iea.rs\/wp-content\/uploads\/2017\/05\/20160125_174048-100x100.jpg 100w\" sizes=\"auto, (max-width: 150px) 100vw, 150px\" \/><\/a> <a href=\"http:\/\/iea.rs\/wp-content\/uploads\/2017\/05\/20160125_174054.jpg\"><img loading=\"lazy\" decoding=\"async\" class=\"alignleft size-thumbnail wp-image-5428\" src=\"http:\/\/iea.rs\/wp-content\/uploads\/2017\/05\/20160125_174054-150x150.jpg\" alt=\"\" width=\"150\" height=\"150\" srcset=\"https:\/\/iea.rs\/wp-content\/uploads\/2017\/05\/20160125_174054-150x150.jpg 150w, https:\/\/iea.rs\/wp-content\/uploads\/2017\/05\/20160125_174054-50x50.jpg 50w, https:\/\/iea.rs\/wp-content\/uploads\/2017\/05\/20160125_174054-240x240.jpg 240w, https:\/\/iea.rs\/wp-content\/uploads\/2017\/05\/20160125_174054-100x100.jpg 100w\" sizes=\"auto, (max-width: 150px) 100vw, 150px\" \/><\/a> <a href=\"http:\/\/iea.rs\/wp-content\/uploads\/2017\/05\/20160125_174201.jpg\"><img loading=\"lazy\" decoding=\"async\" class=\"alignleft size-thumbnail wp-image-5429\" src=\"http:\/\/iea.rs\/wp-content\/uploads\/2017\/05\/20160125_174201-150x150.jpg\" alt=\"\" width=\"150\" height=\"150\" srcset=\"https:\/\/iea.rs\/wp-content\/uploads\/2017\/05\/20160125_174201-150x150.jpg 150w, https:\/\/iea.rs\/wp-content\/uploads\/2017\/05\/20160125_174201-50x50.jpg 50w, https:\/\/iea.rs\/wp-content\/uploads\/2017\/05\/20160125_174201-240x240.jpg 240w, https:\/\/iea.rs\/wp-content\/uploads\/2017\/05\/20160125_174201-100x100.jpg 100w\" sizes=\"auto, (max-width: 150px) 100vw, 150px\" \/><\/a><\/p>\n<p>[\/tabgarb]<\/p>","protected":false},"excerpt":{"rendered":"<p>&nbsp; [tabgarb] tab1=Essay=active tab2=Media Activity tab3=Peer to Peer Education [\/tabgarb] [tabgarb=tab1] https:\/\/www.youtube.com\/watch?v=Xw8c1i0ypqc [\/tabgarb] [tabgarb=tab2] Plan prakti\u010dne politike o ljudskim i manjiskim pravima Sama re\u010d ljudska &hellip; <a class=\"more-btn\" href=\"https:\/\/iea.rs\/en\/mica-cvetkovic\/\">Read more &raquo;<\/a><\/p>\n","protected":false},"author":3,"featured_media":0,"parent":0,"menu_order":0,"comment_status":"closed","ping_status":"closed","template":"fullwidth.php","meta":{"_monsterinsights_skip_tracking":false,"_monsterinsights_sitenote_active":false,"_monsterinsights_sitenote_note":"","_monsterinsights_sitenote_category":0,"footnotes":""},"class_list":["post-5205","page","type-page","status-publish","hentry"],"yoast_head":"<!-- This site is optimized with the Yoast SEO plugin v25.4 - https:\/\/yoast.com\/wordpress\/plugins\/seo\/ -->\n<title>Mi\u0161a Cvetkovi\u0107 - Institute for European Affairs<\/title>\n<meta name=\"robots\" content=\"index, follow, max-snippet:-1, max-image-preview:large, max-video-preview:-1\" \/>\n<link rel=\"canonical\" href=\"https:\/\/iea.rs\/mica-cvetkovic\/\" \/>\n<meta property=\"og:locale\" content=\"en_US\" \/>\n<meta property=\"og:type\" content=\"article\" \/>\n<meta property=\"og:title\" content=\"[:sr]Mi\u0107a Cvetkovi\u0107[:en]Mi\u0161a Cvetkovi\u0107[:] - Institute for European Affairs\" \/>\n<meta property=\"og:description\" content=\"&nbsp; [tabgarb] tab1=Essay=active tab2=Media Activity tab3=Peer to Peer Education [\/tabgarb] [tabgarb=tab1] https:\/\/www.youtube.com\/watch?v=Xw8c1i0ypqc [\/tabgarb] [tabgarb=tab2] Plan prakti\u010dne politike o ljudskim i manjiskim pravima Sama re\u010d ljudska &hellip; Read more &raquo;\" \/>\n<meta property=\"og:url\" content=\"https:\/\/iea.rs\/mica-cvetkovic\/\" \/>\n<meta property=\"og:site_name\" content=\"Institute for European Affairs\" \/>\n<meta property=\"article:modified_time\" content=\"2017-05-20T21:51:12+00:00\" \/>\n<meta property=\"og:image\" content=\"http:\/\/iea.rs\/wp-content\/uploads\/2015\/04\/Mi\u0161a-Cvetkovi\u0107-150x150.jpg\" \/>\n<meta name=\"twitter:card\" content=\"summary_large_image\" \/>\n<meta name=\"twitter:label1\" content=\"Est. reading time\" \/>\n\t<meta name=\"twitter:data1\" content=\"15 minutes\" \/>\n<script type=\"application\/ld+json\" class=\"yoast-schema-graph\">{\"@context\":\"https:\/\/schema.org\",\"@graph\":[{\"@type\":\"WebPage\",\"@id\":\"https:\/\/iea.rs\/mica-cvetkovic\/\",\"url\":\"https:\/\/iea.rs\/mica-cvetkovic\/\",\"name\":\"[:sr]Mi\u0107a Cvetkovi\u0107[:en]Mi\u0161a Cvetkovi\u0107[:] - Institute for European Affairs\",\"isPartOf\":{\"@id\":\"https:\/\/iea.rs\/#website\"},\"primaryImageOfPage\":{\"@id\":\"https:\/\/iea.rs\/mica-cvetkovic\/#primaryimage\"},\"image\":{\"@id\":\"https:\/\/iea.rs\/mica-cvetkovic\/#primaryimage\"},\"thumbnailUrl\":\"http:\/\/iea.rs\/wp-content\/uploads\/2017\/05\/20160125_172010-150x150.jpg\",\"datePublished\":\"2017-05-20T11:49:23+00:00\",\"dateModified\":\"2017-05-20T21:51:12+00:00\",\"breadcrumb\":{\"@id\":\"https:\/\/iea.rs\/mica-cvetkovic\/#breadcrumb\"},\"inLanguage\":\"en-US\",\"potentialAction\":[{\"@type\":\"ReadAction\",\"target\":[\"https:\/\/iea.rs\/mica-cvetkovic\/\"]}]},{\"@type\":\"ImageObject\",\"inLanguage\":\"en-US\",\"@id\":\"https:\/\/iea.rs\/mica-cvetkovic\/#primaryimage\",\"url\":\"http:\/\/iea.rs\/wp-content\/uploads\/2017\/05\/20160125_172010-150x150.jpg\",\"contentUrl\":\"http:\/\/iea.rs\/wp-content\/uploads\/2017\/05\/20160125_172010-150x150.jpg\"},{\"@type\":\"BreadcrumbList\",\"@id\":\"https:\/\/iea.rs\/mica-cvetkovic\/#breadcrumb\",\"itemListElement\":[{\"@type\":\"ListItem\",\"position\":1,\"name\":\"\u041f\u043e\u0447\u0435\u0442\u043d\u0430\",\"item\":\"https:\/\/iea.rs\/\"},{\"@type\":\"ListItem\",\"position\":2,\"name\":\"Mi\u0107a Cvetkovi\u0107\"}]},{\"@type\":\"WebSite\",\"@id\":\"https:\/\/iea.rs\/#website\",\"url\":\"https:\/\/iea.rs\/\",\"name\":\"Institute for European Affairs\",\"description\":\"\",\"potentialAction\":[{\"@type\":\"SearchAction\",\"target\":{\"@type\":\"EntryPoint\",\"urlTemplate\":\"https:\/\/iea.rs\/?s={search_term_string}\"},\"query-input\":{\"@type\":\"PropertyValueSpecification\",\"valueRequired\":true,\"valueName\":\"search_term_string\"}}],\"inLanguage\":\"en-US\"}]}<\/script>\n<!-- \/ Yoast SEO plugin. -->","yoast_head_json":{"title":"[:sr]Mi\u0107a Cvetkovi\u0107[:en]Mi\u0161a Cvetkovi\u0107[:] - Institute for European Affairs","robots":{"index":"index","follow":"follow","max-snippet":"max-snippet:-1","max-image-preview":"max-image-preview:large","max-video-preview":"max-video-preview:-1"},"canonical":"https:\/\/iea.rs\/mica-cvetkovic\/","og_locale":"en_US","og_type":"article","og_title":"[:sr]Mi\u0107a Cvetkovi\u0107[:en]Mi\u0161a Cvetkovi\u0107[:] - Institute for European Affairs","og_description":"&nbsp; [tabgarb] tab1=Essay=active tab2=Media Activity tab3=Peer to Peer Education [\/tabgarb] [tabgarb=tab1] https:\/\/www.youtube.com\/watch?v=Xw8c1i0ypqc [\/tabgarb] [tabgarb=tab2] Plan prakti\u010dne politike o ljudskim i manjiskim pravima Sama re\u010d ljudska &hellip; Read more &raquo;","og_url":"https:\/\/iea.rs\/mica-cvetkovic\/","og_site_name":"Institute for European Affairs","article_modified_time":"2017-05-20T21:51:12+00:00","og_image":[{"url":"http:\/\/iea.rs\/wp-content\/uploads\/2015\/04\/Mi\u0161a-Cvetkovi\u0107-150x150.jpg","type":"","width":"","height":""}],"twitter_card":"summary_large_image","twitter_misc":{"Est. reading time":"15 minutes"},"schema":{"@context":"https:\/\/schema.org","@graph":[{"@type":"WebPage","@id":"https:\/\/iea.rs\/mica-cvetkovic\/","url":"https:\/\/iea.rs\/mica-cvetkovic\/","name":"[:sr]Mi\u0107a Cvetkovi\u0107[:en]Mi\u0161a Cvetkovi\u0107[:] - Institute for European Affairs","isPartOf":{"@id":"https:\/\/iea.rs\/#website"},"primaryImageOfPage":{"@id":"https:\/\/iea.rs\/mica-cvetkovic\/#primaryimage"},"image":{"@id":"https:\/\/iea.rs\/mica-cvetkovic\/#primaryimage"},"thumbnailUrl":"http:\/\/iea.rs\/wp-content\/uploads\/2017\/05\/20160125_172010-150x150.jpg","datePublished":"2017-05-20T11:49:23+00:00","dateModified":"2017-05-20T21:51:12+00:00","breadcrumb":{"@id":"https:\/\/iea.rs\/mica-cvetkovic\/#breadcrumb"},"inLanguage":"en-US","potentialAction":[{"@type":"ReadAction","target":["https:\/\/iea.rs\/mica-cvetkovic\/"]}]},{"@type":"ImageObject","inLanguage":"en-US","@id":"https:\/\/iea.rs\/mica-cvetkovic\/#primaryimage","url":"http:\/\/iea.rs\/wp-content\/uploads\/2017\/05\/20160125_172010-150x150.jpg","contentUrl":"http:\/\/iea.rs\/wp-content\/uploads\/2017\/05\/20160125_172010-150x150.jpg"},{"@type":"BreadcrumbList","@id":"https:\/\/iea.rs\/mica-cvetkovic\/#breadcrumb","itemListElement":[{"@type":"ListItem","position":1,"name":"\u041f\u043e\u0447\u0435\u0442\u043d\u0430","item":"https:\/\/iea.rs\/"},{"@type":"ListItem","position":2,"name":"Mi\u0107a Cvetkovi\u0107"}]},{"@type":"WebSite","@id":"https:\/\/iea.rs\/#website","url":"https:\/\/iea.rs\/","name":"Institute for European Affairs","description":"","potentialAction":[{"@type":"SearchAction","target":{"@type":"EntryPoint","urlTemplate":"https:\/\/iea.rs\/?s={search_term_string}"},"query-input":{"@type":"PropertyValueSpecification","valueRequired":true,"valueName":"search_term_string"}}],"inLanguage":"en-US"}]}},"_links":{"self":[{"href":"https:\/\/iea.rs\/en\/wp-json\/wp\/v2\/pages\/5205","targetHints":{"allow":["GET"]}}],"collection":[{"href":"https:\/\/iea.rs\/en\/wp-json\/wp\/v2\/pages"}],"about":[{"href":"https:\/\/iea.rs\/en\/wp-json\/wp\/v2\/types\/page"}],"author":[{"embeddable":true,"href":"https:\/\/iea.rs\/en\/wp-json\/wp\/v2\/users\/3"}],"replies":[{"embeddable":true,"href":"https:\/\/iea.rs\/en\/wp-json\/wp\/v2\/comments?post=5205"}],"version-history":[{"count":0,"href":"https:\/\/iea.rs\/en\/wp-json\/wp\/v2\/pages\/5205\/revisions"}],"wp:attachment":[{"href":"https:\/\/iea.rs\/en\/wp-json\/wp\/v2\/media?parent=5205"}],"curies":[{"name":"wp","href":"https:\/\/api.w.org\/{rel}","templated":true}]}}