{"id":5212,"date":"2017-05-20T13:52:01","date_gmt":"2017-05-20T11:52:01","guid":{"rendered":"http:\/\/iea.rs\/?page_id=5212"},"modified":"2017-05-21T00:18:34","modified_gmt":"2017-05-20T22:18:34","slug":"selami-mustafa","status":"publish","type":"page","link":"https:\/\/iea.rs\/en\/selami-mustafa\/","title":{"rendered":"Selami Mustafa"},"content":{"rendered":"<p>&nbsp;<\/p>\n<div id=\"attachment_4412\" style=\"width: 160px\" class=\"wp-caption aligncenter\"><img loading=\"lazy\" decoding=\"async\" aria-describedby=\"caption-attachment-4412\" class=\"wp-image-4412 size-thumbnail\" src=\"http:\/\/iea.rs\/wp-content\/uploads\/2015\/04\/Selami-Mustafa-150x150.jpg\" alt=\"\" width=\"150\" height=\"150\" srcset=\"https:\/\/iea.rs\/wp-content\/uploads\/2015\/04\/Selami-Mustafa-150x150.jpg 150w, https:\/\/iea.rs\/wp-content\/uploads\/2015\/04\/Selami-Mustafa-50x50.jpg 50w, https:\/\/iea.rs\/wp-content\/uploads\/2015\/04\/Selami-Mustafa-240x240.jpg 240w, https:\/\/iea.rs\/wp-content\/uploads\/2015\/04\/Selami-Mustafa-100x100.jpg 100w\" sizes=\"auto, (max-width: 150px) 100vw, 150px\" \/><\/p>\n<p id=\"caption-attachment-4412\" class=\"wp-caption-text\">Selami Mustafa<\/p>\n<\/div>\n<p>[tabgarb]<\/p>\n<p>tab1=Media Activity=active<br \/>\ntab2=Practical Policy<br \/>\ntab3=Peer to Peer Education<br \/>\n[\/tabgarb]<\/p>\n<p>[tabgarb=tab1]<\/p>\n<h2>Seminar pes\u00eb ditor n\u00eb Novi Sad; mbrojt\u00ebsit e t\u00eb drejtave t\u00eb pakicave n\u00eb Serbi!<\/h2>\n<p><strong>Nga:<\/strong><em><strong>\u00a0Selami Mustafa<\/strong><\/em><\/p>\n<p><em><strong>K\u00ebshilli p\u00ebr edukim i t\u00eb rinj\u00ebve n\u00eb bashkpunim me organizat\u00ebn jo qeveritare ,,Civil Right Defender\u201d organizuan Seminarin pes ditor\u00eb ne Novi Sad, me temen Mbrojtesit\/et e t\u00eb drejtave t\u00eb pakicave ne S\u00ebrbi.<\/strong><\/em><\/p>\n<p>N\u00eb k\u00ebt\u00eb Seminar mor\u00ebn pjes\u00eb jurist\u00ebt e rinj\u00eb nga shum\u00eb qytete t\u00eb S\u00ebrbis\u00eb, Novi Pazari, ku pjesmarr\u00ebs kishte edhe jurist\u00eb nga pakica shqip\u00ebtare nga Presheva dhe Bujanoci.<\/p>\n<p>N\u00eb agjenden e ketij seminari ishin te organizuar ligjerata nga profesore te ndryshem, ku ne vacanti paten rastin te d\u00ebgjojn edhe profesoreshen e te drejtave te njeriut Marijana Pajva\u00e7iq, e cila n\u00eb ve\u00e7anti diskutoj edhe per problemet dhe realizim e te drejtave te pakic\u00ebs shqip\u00ebtare.<\/p>\n<p>N\u00eb kuad\u00ebr t\u00eb seminarit ishin te organizaura edhe vizita t\u00eb institucioneve shtet\u00ebtore, ku patem rastin te vizitojm, Gjykat\u00ebn themelore t\u00eb Novi Sadit, nga gjykateset u njoftuam per kontestet familjare, civil dhe penal.<br \/>\nMbrojt\u00ebsin e qytetar\u00ebve t\u00eb e K.A. t\u00eb Vojvodin\u00ebs, ku kryetarja e k\u00ebtij institucioni foli p\u00ebr organizimin, kompetencat si dhe ankesat e qytetar\u00ebve.<\/p>\n<p><a href=\"http:\/\/lugina-lajm.com\/wp-content\/uploads\/2015\/11\/Sela.jpg\"><img loading=\"lazy\" decoding=\"async\" class=\" wp-image-5932 alignleft\" src=\"http:\/\/lugina-lajm.com\/wp-content\/uploads\/2015\/11\/Sela-300x165.jpg\" sizes=\"auto, (max-width: 453px) 100vw, 453px\" srcset=\"http:\/\/lugina-lajm.com\/wp-content\/uploads\/2015\/11\/Sela-300x165.jpg 300w, http:\/\/lugina-lajm.com\/wp-content\/uploads\/2015\/11\/Sela-319x175.jpg 319w, http:\/\/lugina-lajm.com\/wp-content\/uploads\/2015\/11\/Sela.jpg 574w\" alt=\"Sela\" width=\"453\" height=\"249\" \/><\/a>Nga keta organe shteterore qe i vizituam, mesuam se si pakicat e n\u00eb vecanti pakica hungareze, i realizon te drejtat t\u00eb cilat burojn nga Kushtetuta e Serbis, ku nga ligjeruasit n\u00eb k\u00ebt seminar u tha q\u00eb t\u00eb jen si model edhe pakicat me numer me te vogel te banoreve n\u00eb realizimin e t\u00eb drejtave t\u00eb tyre.<\/p>\n<p>Seminarin jurist\u00ebt e rinj\u00eb e perfunduan duke shk\u00ebmbyer praktikat e t\u00eb gjitha pakicave, problemet t\u00eb cil\u00ebt i preokupojn n\u00eb vendet e tyre ku vlejn\u00eb t\u00eb njejt\u00ebt ligje, mire po praktikisht nuk zbatohen si t\u00eb till\u00eb.<\/p>\n<p><em>(P.s.Autori Jurst i diplomuar, pjes\u00ebmarr\u00ebs n\u00eb k\u00ebt Seminar)<\/em><\/p>\n<p>[\/tabgarb]<\/p>\n<p>[tabgarb=tab2]<\/p>\n<p>[\/tabgarb]<\/p>\n<p>[tabgarb=tab3]<\/p>\n<p>[\/tabgarb]<\/p>","protected":false},"excerpt":{"rendered":"<p>&nbsp; [tabgarb] tab1=Media Activity=active tab2=Practical Policy tab3=Peer to Peer Education [\/tabgarb] [tabgarb=tab1] Seminar pes\u00eb ditor n\u00eb Novi Sad; mbrojt\u00ebsit e t\u00eb drejtave t\u00eb pakicave n\u00eb &hellip; <a class=\"more-btn\" href=\"https:\/\/iea.rs\/en\/selami-mustafa\/\">Read more &raquo;<\/a><\/p>\n","protected":false},"author":3,"featured_media":0,"parent":0,"menu_order":0,"comment_status":"closed","ping_status":"closed","template":"fullwidth.php","meta":{"_monsterinsights_skip_tracking":false,"_monsterinsights_sitenote_active":false,"_monsterinsights_sitenote_note":"","_monsterinsights_sitenote_category":0,"footnotes":""},"class_list":["post-5212","page","type-page","status-publish","hentry"],"yoast_head":"<!-- This site is optimized with the Yoast SEO plugin v25.4 - https:\/\/yoast.com\/wordpress\/plugins\/seo\/ -->\n<title>Selami Mustafa - Institute for European Affairs<\/title>\n<meta name=\"robots\" content=\"index, follow, max-snippet:-1, max-image-preview:large, max-video-preview:-1\" \/>\n<link rel=\"canonical\" href=\"https:\/\/iea.rs\/selami-mustafa\/\" \/>\n<meta property=\"og:locale\" content=\"en_US\" \/>\n<meta property=\"og:type\" content=\"article\" \/>\n<meta property=\"og:title\" content=\"Selami Mustafa - Institute for European Affairs\" \/>\n<meta property=\"og:description\" content=\"&nbsp; [tabgarb] tab1=Media Activity=active tab2=Practical Policy tab3=Peer to Peer Education [\/tabgarb] [tabgarb=tab1] Seminar pes\u00eb ditor n\u00eb Novi Sad; mbrojt\u00ebsit e t\u00eb drejtave t\u00eb pakicave n\u00eb &hellip; Read more &raquo;\" \/>\n<meta property=\"og:url\" content=\"https:\/\/iea.rs\/selami-mustafa\/\" \/>\n<meta property=\"og:site_name\" content=\"Institute for European Affairs\" \/>\n<meta property=\"article:modified_time\" content=\"2017-05-20T22:18:34+00:00\" \/>\n<meta property=\"og:image\" content=\"http:\/\/iea.rs\/wp-content\/uploads\/2015\/04\/Selami-Mustafa-150x150.jpg\" \/>\n<meta name=\"twitter:card\" content=\"summary_large_image\" \/>\n<meta name=\"twitter:label1\" content=\"Est. reading time\" \/>\n\t<meta name=\"twitter:data1\" content=\"3 minutes\" \/>\n<script type=\"application\/ld+json\" class=\"yoast-schema-graph\">{\"@context\":\"https:\/\/schema.org\",\"@graph\":[{\"@type\":\"WebPage\",\"@id\":\"https:\/\/iea.rs\/selami-mustafa\/\",\"url\":\"https:\/\/iea.rs\/selami-mustafa\/\",\"name\":\"Selami Mustafa - Institute for European Affairs\",\"isPartOf\":{\"@id\":\"https:\/\/iea.rs\/#website\"},\"primaryImageOfPage\":{\"@id\":\"https:\/\/iea.rs\/selami-mustafa\/#primaryimage\"},\"image\":{\"@id\":\"https:\/\/iea.rs\/selami-mustafa\/#primaryimage\"},\"thumbnailUrl\":\"http:\/\/iea.rs\/wp-content\/uploads\/2015\/04\/Selami-Mustafa-150x150.jpg\",\"datePublished\":\"2017-05-20T11:52:01+00:00\",\"dateModified\":\"2017-05-20T22:18:34+00:00\",\"breadcrumb\":{\"@id\":\"https:\/\/iea.rs\/selami-mustafa\/#breadcrumb\"},\"inLanguage\":\"en-US\",\"potentialAction\":[{\"@type\":\"ReadAction\",\"target\":[\"https:\/\/iea.rs\/selami-mustafa\/\"]}]},{\"@type\":\"ImageObject\",\"inLanguage\":\"en-US\",\"@id\":\"https:\/\/iea.rs\/selami-mustafa\/#primaryimage\",\"url\":\"http:\/\/iea.rs\/wp-content\/uploads\/2015\/04\/Selami-Mustafa-150x150.jpg\",\"contentUrl\":\"http:\/\/iea.rs\/wp-content\/uploads\/2015\/04\/Selami-Mustafa-150x150.jpg\"},{\"@type\":\"BreadcrumbList\",\"@id\":\"https:\/\/iea.rs\/selami-mustafa\/#breadcrumb\",\"itemListElement\":[{\"@type\":\"ListItem\",\"position\":1,\"name\":\"\u041f\u043e\u0447\u0435\u0442\u043d\u0430\",\"item\":\"https:\/\/iea.rs\/\"},{\"@type\":\"ListItem\",\"position\":2,\"name\":\"Selami Mustafa\"}]},{\"@type\":\"WebSite\",\"@id\":\"https:\/\/iea.rs\/#website\",\"url\":\"https:\/\/iea.rs\/\",\"name\":\"Institute for European Affairs\",\"description\":\"\",\"potentialAction\":[{\"@type\":\"SearchAction\",\"target\":{\"@type\":\"EntryPoint\",\"urlTemplate\":\"https:\/\/iea.rs\/?s={search_term_string}\"},\"query-input\":{\"@type\":\"PropertyValueSpecification\",\"valueRequired\":true,\"valueName\":\"search_term_string\"}}],\"inLanguage\":\"en-US\"}]}<\/script>\n<!-- \/ Yoast SEO plugin. -->","yoast_head_json":{"title":"Selami Mustafa - Institute for European Affairs","robots":{"index":"index","follow":"follow","max-snippet":"max-snippet:-1","max-image-preview":"max-image-preview:large","max-video-preview":"max-video-preview:-1"},"canonical":"https:\/\/iea.rs\/selami-mustafa\/","og_locale":"en_US","og_type":"article","og_title":"Selami Mustafa - Institute for European Affairs","og_description":"&nbsp; [tabgarb] tab1=Media Activity=active tab2=Practical Policy tab3=Peer to Peer Education [\/tabgarb] [tabgarb=tab1] Seminar pes\u00eb ditor n\u00eb Novi Sad; mbrojt\u00ebsit e t\u00eb drejtave t\u00eb pakicave n\u00eb &hellip; Read more &raquo;","og_url":"https:\/\/iea.rs\/selami-mustafa\/","og_site_name":"Institute for European Affairs","article_modified_time":"2017-05-20T22:18:34+00:00","og_image":[{"url":"http:\/\/iea.rs\/wp-content\/uploads\/2015\/04\/Selami-Mustafa-150x150.jpg","type":"","width":"","height":""}],"twitter_card":"summary_large_image","twitter_misc":{"Est. reading time":"3 minutes"},"schema":{"@context":"https:\/\/schema.org","@graph":[{"@type":"WebPage","@id":"https:\/\/iea.rs\/selami-mustafa\/","url":"https:\/\/iea.rs\/selami-mustafa\/","name":"Selami Mustafa - Institute for European Affairs","isPartOf":{"@id":"https:\/\/iea.rs\/#website"},"primaryImageOfPage":{"@id":"https:\/\/iea.rs\/selami-mustafa\/#primaryimage"},"image":{"@id":"https:\/\/iea.rs\/selami-mustafa\/#primaryimage"},"thumbnailUrl":"http:\/\/iea.rs\/wp-content\/uploads\/2015\/04\/Selami-Mustafa-150x150.jpg","datePublished":"2017-05-20T11:52:01+00:00","dateModified":"2017-05-20T22:18:34+00:00","breadcrumb":{"@id":"https:\/\/iea.rs\/selami-mustafa\/#breadcrumb"},"inLanguage":"en-US","potentialAction":[{"@type":"ReadAction","target":["https:\/\/iea.rs\/selami-mustafa\/"]}]},{"@type":"ImageObject","inLanguage":"en-US","@id":"https:\/\/iea.rs\/selami-mustafa\/#primaryimage","url":"http:\/\/iea.rs\/wp-content\/uploads\/2015\/04\/Selami-Mustafa-150x150.jpg","contentUrl":"http:\/\/iea.rs\/wp-content\/uploads\/2015\/04\/Selami-Mustafa-150x150.jpg"},{"@type":"BreadcrumbList","@id":"https:\/\/iea.rs\/selami-mustafa\/#breadcrumb","itemListElement":[{"@type":"ListItem","position":1,"name":"\u041f\u043e\u0447\u0435\u0442\u043d\u0430","item":"https:\/\/iea.rs\/"},{"@type":"ListItem","position":2,"name":"Selami Mustafa"}]},{"@type":"WebSite","@id":"https:\/\/iea.rs\/#website","url":"https:\/\/iea.rs\/","name":"Institute for European Affairs","description":"","potentialAction":[{"@type":"SearchAction","target":{"@type":"EntryPoint","urlTemplate":"https:\/\/iea.rs\/?s={search_term_string}"},"query-input":{"@type":"PropertyValueSpecification","valueRequired":true,"valueName":"search_term_string"}}],"inLanguage":"en-US"}]}},"_links":{"self":[{"href":"https:\/\/iea.rs\/en\/wp-json\/wp\/v2\/pages\/5212","targetHints":{"allow":["GET"]}}],"collection":[{"href":"https:\/\/iea.rs\/en\/wp-json\/wp\/v2\/pages"}],"about":[{"href":"https:\/\/iea.rs\/en\/wp-json\/wp\/v2\/types\/page"}],"author":[{"embeddable":true,"href":"https:\/\/iea.rs\/en\/wp-json\/wp\/v2\/users\/3"}],"replies":[{"embeddable":true,"href":"https:\/\/iea.rs\/en\/wp-json\/wp\/v2\/comments?post=5212"}],"version-history":[{"count":0,"href":"https:\/\/iea.rs\/en\/wp-json\/wp\/v2\/pages\/5212\/revisions"}],"wp:attachment":[{"href":"https:\/\/iea.rs\/en\/wp-json\/wp\/v2\/media?parent=5212"}],"curies":[{"name":"wp","href":"https:\/\/api.w.org\/{rel}","templated":true}]}}