{"id":5215,"date":"2017-05-20T13:55:34","date_gmt":"2017-05-20T11:55:34","guid":{"rendered":"http:\/\/iea.rs\/?page_id=5215"},"modified":"2017-05-21T00:26:14","modified_gmt":"2017-05-20T22:26:14","slug":"silvija-oros","status":"publish","type":"page","link":"https:\/\/iea.rs\/en\/silvija-oros\/","title":{"rendered":"Silvija Oros"},"content":{"rendered":"<p>&nbsp;<\/p>\n<div id=\"attachment_2985\" style=\"width: 160px\" class=\"wp-caption aligncenter\"><img loading=\"lazy\" decoding=\"async\" aria-describedby=\"caption-attachment-2985\" class=\"wp-image-2985 size-thumbnail\" src=\"http:\/\/iea.rs\/wp-content\/uploads\/2014\/12\/Predrag-Topalov-150x150.jpg\" alt=\"\" width=\"150\" height=\"150\" srcset=\"https:\/\/iea.rs\/wp-content\/uploads\/2014\/12\/Predrag-Topalov-150x150.jpg 150w, https:\/\/iea.rs\/wp-content\/uploads\/2014\/12\/Predrag-Topalov-50x50.jpg 50w, https:\/\/iea.rs\/wp-content\/uploads\/2014\/12\/Predrag-Topalov-240x240.jpg 240w, https:\/\/iea.rs\/wp-content\/uploads\/2014\/12\/Predrag-Topalov-100x100.jpg 100w\" sizes=\"auto, (max-width: 150px) 100vw, 150px\" \/><\/p>\n<p id=\"caption-attachment-2985\" class=\"wp-caption-text\">Predrag Topalov<\/p>\n<\/div>\n<p>[tabgarb]<\/p>\n<p>tab1=Essay=active<br \/>\ntab2=Media Activity<br \/>\ntab3=Peer to Peer Education<br \/>\n[\/tabgarb]<\/p>\n<p>[tabgarb=tab1]<\/p>\n<p>[\/tabgarb]<\/p>\n<p>[tabgarb=tab2]<\/p>\n<p lang=\"sr-Latn-RS\" align=\"justify\">Plan prakti\u010dne politike<\/p>\n<p lang=\"sr-Latn-RS\" align=\"justify\">Primena jezika i pisama nacionalnih manjina koji su u slu\u017ebenoj upotrebi u radu javnih organa<\/p>\n<p lang=\"sr-Latn-RS\" align=\"justify\">Relevantni me\u0111unarodni propisi Ujedinjenih Nacija, Saveta Evrope, OEBS-a, razni bilateralni ugovori, iako sa nejednakom pravnom snagom, nesumnjivo predstavljaju osnovne izvore, sa velikom politi\u010dkom i moralnom snagom.<\/p>\n<p lang=\"sr-Latn-RS\" align=\"justify\">Nadalje, Ustav rs, Zakoni i propisi AP Vojvodine koji svoju nadle\u017enost crpe iz samog Ustava, statut APV, razne odluke, doprinose i trebalo bi da omogu\u0107avaju ostvarivanje prava nacionalnih manjina odn. u konkretnom slu\u010daju pravo na upotrebu svog jezika pred organima javne vlasti.<\/p>\n<p lang=\"sr-Latn-RS\" align=\"justify\">Postavlja se onda pitanje- za\u0161to se postupci na jezicima nacionalnih manjina ako je jedna stranka pripadnik iste, ne vode na jeziku iste ili se vode ali samo izuzetno?<\/p>\n<p lang=\"sr-Latn-RS\" align=\"justify\">Da li se na ovo pravo zaboravlja ili se ve\u0107 zaboravilo, da li organ koji vodi postupak iako pou\u010di stranku o postojanju prava posredno inicira na vo\u0111enje postupka na srpskom jeziku?<\/p>\n<p lang=\"sr-Latn-RS\" align=\"justify\">Da bi se postupak odvijao na jeziku nacionalne manjine, \u010desto je potrebno ne samo postojanje tog prava, koje ina\u010de i postoji i koje je zagarantovano u gore pomenutim propisima, ve\u0107 je potreban i jedan \u010ditav mehanizam prate\u0107e \u2019\u2019opreme\u2019\u2019 .<\/p>\n<p lang=\"sr-Latn-RS\" align=\"justify\">Ta \u2019\u2019oprema\u2019\u2019 podrazumeva na prvom mestu, \u0161to nije za pohvalu, volju samog organa da takav postupak i sprovede.<\/p>\n<p lang=\"sr-Latn-RS\" align=\"justify\">Zatim,zapisni\u010dar mora da zna manjinski jezik obavezno, a ako sam organ ne zna jezik mora se anga\u017eovati i tuma\u010d, odnosno prevodilac za razne podneske koji se dostavljaju organima u toku samog postupka.<\/p>\n<p lang=\"sr-Latn-RS\" align=\"justify\">I, na zadnjem mestu ali svakako ne manje va\u017enom je i sam zahtev stranke u postupku da svoje pravo ostvaruje na jeziku manjine kojoj pripada.<\/p>\n<p lang=\"sr-Latn-RS\" align=\"justify\">Analiziraju\u0107i gore navedene faktore mo\u017ee se zaklju\u010diti da sam proces takvog postupka doprinosi dugotrajnije, \u010desto odlagaju\u0107e i komplikovane radnje kako za sam organ tako i za stranku, koji se samo udaljava od svog po\u010detnog cilja.<\/p>\n<p lang=\"sr-Latn-RS\" align=\"justify\">A problemi se dupliraju kada se u postupku pojave stranke pripadnici razli\u010ditih nacionalnih manjina.<\/p>\n<p lang=\"sr-Latn-RS\" align=\"justify\">Koja se re\u0161anja onda mogu ponuditi i na \u0161ta treba obratiti pa\u017enju?<\/p>\n<p lang=\"sr-Latn-RS\" align=\"justify\">Organi gde su jezici nacionalnih manjina u slu\u017ebenoj upotrebi moraju raspolagati sa osobljem koje je stru\u010dno osposobljeno za rad u takvim slu\u010dajevima.<\/p>\n<p lang=\"sr-Latn-RS\" align=\"justify\">Organ kada pou\u010dava stranku , nesme povr\u0161no i po automatizmu da pou\u010di stranku o postojanju tog prava, i posredno provu\u010de za\u0161to je bolje da se to pravo neiskoristi.<\/p>\n<p lang=\"sr-Latn-RS\" align=\"justify\">Organ bi morao da raspola\u017ee sa barem jednim zapisni\u010darem za svaki jezik nacionalne manjine koji je u slu\u017ebenoj upotrebi u sudu.<\/p>\n<p lang=\"sr-Latn-RS\" align=\"justify\">Organ bi trebao da zaka\u017ee naredno ro\u010di\u0161te u \u0161to kra\u0107em roku ako je potrebno anga\u017eovati tuma\u010da ili prevodioca, a isto nalo\u017eiti da u \u0161to kra\u0107em roku prevede podneske i druge spise koji su potrebni za postupak.<\/p>\n<p lang=\"sr-Latn-RS\" align=\"justify\">Sama stranka mora biti jasno, precizno i koncizno pou\u010dena o svom pravu, \u0161to u svakom pojedina\u010dnom postupku, \u0161to uop\u0161te i pre samog upu\u0161tanja u bilo kakav postupak.<\/p>\n<p lang=\"sr-Latn-RS\" align=\"justify\">Mi\u0161ljenja sam da je dr\u017eava malo \u2019\u2019prizaboravila\u2019\u2019 na postojanje ovog prava i njegovo samo ostvarivanje u praksi odn. I na samu tehni\u010dku mogu\u0107nost ostvarivanja istog.<\/p>\n<p lang=\"sr-Latn-RS\" align=\"justify\">Mo\u017eda treba krenuti malim koracima, pa uraditi analizu da li operativni sistemi u dr\u017eavnim organima podr\u017eavaju pravljenje zapisnika na jezicima nacionalnih manjina, kakva je struktura zapolenih s obzirom na nacionalnu strukturu u dr\u017eavnim organima, kakva je mogu\u0107nost iniciranja jednog postupka, da li on bio upravni ili sudski,na jeziku nacionalne manjine koji je u slu\u017ebenoj upotrebi.<\/p>\n<p lang=\"sr-Latn-RS\" align=\"justify\">Silvija Oros<\/p>\n<p>[\/tabgarb]<\/p>\n<p>[tabgarb=tab3]<\/p>\n<p><a href=\"http:\/\/iea.rs\/wp-content\/uploads\/2017\/05\/P_20151009_115009.jpg\"><img loading=\"lazy\" decoding=\"async\" class=\"alignleft size-thumbnail wp-image-5456\" src=\"http:\/\/iea.rs\/wp-content\/uploads\/2017\/05\/P_20151009_115009-150x150.jpg\" alt=\"\" width=\"150\" height=\"150\" srcset=\"https:\/\/iea.rs\/wp-content\/uploads\/2017\/05\/P_20151009_115009-150x150.jpg 150w, https:\/\/iea.rs\/wp-content\/uploads\/2017\/05\/P_20151009_115009-50x50.jpg 50w, https:\/\/iea.rs\/wp-content\/uploads\/2017\/05\/P_20151009_115009-240x240.jpg 240w, https:\/\/iea.rs\/wp-content\/uploads\/2017\/05\/P_20151009_115009-100x100.jpg 100w\" sizes=\"auto, (max-width: 150px) 100vw, 150px\" \/><\/a> <a href=\"http:\/\/iea.rs\/wp-content\/uploads\/2017\/05\/P_20151027_191517.jpg\"><img loading=\"lazy\" decoding=\"async\" class=\"alignleft size-thumbnail wp-image-5457\" src=\"http:\/\/iea.rs\/wp-content\/uploads\/2017\/05\/P_20151027_191517-150x150.jpg\" alt=\"\" width=\"150\" height=\"150\" srcset=\"https:\/\/iea.rs\/wp-content\/uploads\/2017\/05\/P_20151027_191517-150x150.jpg 150w, https:\/\/iea.rs\/wp-content\/uploads\/2017\/05\/P_20151027_191517-50x50.jpg 50w, https:\/\/iea.rs\/wp-content\/uploads\/2017\/05\/P_20151027_191517-240x240.jpg 240w, https:\/\/iea.rs\/wp-content\/uploads\/2017\/05\/P_20151027_191517-100x100.jpg 100w\" sizes=\"auto, (max-width: 150px) 100vw, 150px\" \/><\/a> <a href=\"http:\/\/iea.rs\/wp-content\/uploads\/2017\/05\/P_20151027_193212.jpg\"><img loading=\"lazy\" decoding=\"async\" class=\"alignleft size-thumbnail wp-image-5458\" src=\"http:\/\/iea.rs\/wp-content\/uploads\/2017\/05\/P_20151027_193212-150x150.jpg\" alt=\"\" width=\"150\" height=\"150\" srcset=\"https:\/\/iea.rs\/wp-content\/uploads\/2017\/05\/P_20151027_193212-150x150.jpg 150w, https:\/\/iea.rs\/wp-content\/uploads\/2017\/05\/P_20151027_193212-50x50.jpg 50w, https:\/\/iea.rs\/wp-content\/uploads\/2017\/05\/P_20151027_193212-240x240.jpg 240w, https:\/\/iea.rs\/wp-content\/uploads\/2017\/05\/P_20151027_193212-100x100.jpg 100w\" sizes=\"auto, (max-width: 150px) 100vw, 150px\" \/><\/a> <a href=\"http:\/\/iea.rs\/wp-content\/uploads\/2017\/05\/P_20151027_193321.jpg\"><img loading=\"lazy\" decoding=\"async\" class=\"alignleft size-thumbnail wp-image-5459\" src=\"http:\/\/iea.rs\/wp-content\/uploads\/2017\/05\/P_20151027_193321-150x150.jpg\" alt=\"\" width=\"150\" height=\"150\" srcset=\"https:\/\/iea.rs\/wp-content\/uploads\/2017\/05\/P_20151027_193321-150x150.jpg 150w, https:\/\/iea.rs\/wp-content\/uploads\/2017\/05\/P_20151027_193321-50x50.jpg 50w, https:\/\/iea.rs\/wp-content\/uploads\/2017\/05\/P_20151027_193321-240x240.jpg 240w, https:\/\/iea.rs\/wp-content\/uploads\/2017\/05\/P_20151027_193321-100x100.jpg 100w\" sizes=\"auto, (max-width: 150px) 100vw, 150px\" \/><\/a> <a href=\"http:\/\/iea.rs\/wp-content\/uploads\/2017\/05\/P_20151027_193446.jpg\"><img loading=\"lazy\" decoding=\"async\" class=\"alignleft size-thumbnail wp-image-5460\" src=\"http:\/\/iea.rs\/wp-content\/uploads\/2017\/05\/P_20151027_193446-150x150.jpg\" alt=\"\" width=\"150\" height=\"150\" srcset=\"https:\/\/iea.rs\/wp-content\/uploads\/2017\/05\/P_20151027_193446-150x150.jpg 150w, https:\/\/iea.rs\/wp-content\/uploads\/2017\/05\/P_20151027_193446-50x50.jpg 50w, https:\/\/iea.rs\/wp-content\/uploads\/2017\/05\/P_20151027_193446-240x240.jpg 240w, https:\/\/iea.rs\/wp-content\/uploads\/2017\/05\/P_20151027_193446-100x100.jpg 100w\" sizes=\"auto, (max-width: 150px) 100vw, 150px\" \/><\/a> <a href=\"http:\/\/iea.rs\/wp-content\/uploads\/2017\/05\/P_20151027_193647.jpg\"><img loading=\"lazy\" decoding=\"async\" class=\"alignleft size-thumbnail wp-image-5461\" src=\"http:\/\/iea.rs\/wp-content\/uploads\/2017\/05\/P_20151027_193647-150x150.jpg\" alt=\"\" width=\"150\" height=\"150\" srcset=\"https:\/\/iea.rs\/wp-content\/uploads\/2017\/05\/P_20151027_193647-150x150.jpg 150w, https:\/\/iea.rs\/wp-content\/uploads\/2017\/05\/P_20151027_193647-50x50.jpg 50w, https:\/\/iea.rs\/wp-content\/uploads\/2017\/05\/P_20151027_193647-240x240.jpg 240w, https:\/\/iea.rs\/wp-content\/uploads\/2017\/05\/P_20151027_193647-100x100.jpg 100w\" sizes=\"auto, (max-width: 150px) 100vw, 150px\" \/><\/a> <a href=\"http:\/\/iea.rs\/wp-content\/uploads\/2017\/05\/P_20151027_202534.jpg\"><img loading=\"lazy\" decoding=\"async\" class=\"alignleft size-thumbnail wp-image-5462\" src=\"http:\/\/iea.rs\/wp-content\/uploads\/2017\/05\/P_20151027_202534-150x150.jpg\" alt=\"\" width=\"150\" height=\"150\" srcset=\"https:\/\/iea.rs\/wp-content\/uploads\/2017\/05\/P_20151027_202534-150x150.jpg 150w, https:\/\/iea.rs\/wp-content\/uploads\/2017\/05\/P_20151027_202534-50x50.jpg 50w, https:\/\/iea.rs\/wp-content\/uploads\/2017\/05\/P_20151027_202534-240x240.jpg 240w, https:\/\/iea.rs\/wp-content\/uploads\/2017\/05\/P_20151027_202534-100x100.jpg 100w\" sizes=\"auto, (max-width: 150px) 100vw, 150px\" \/><\/a> <a href=\"http:\/\/iea.rs\/wp-content\/uploads\/2017\/05\/P_20151027_202546.jpg\"><img loading=\"lazy\" decoding=\"async\" class=\"alignleft size-thumbnail wp-image-5463\" src=\"http:\/\/iea.rs\/wp-content\/uploads\/2017\/05\/P_20151027_202546-150x150.jpg\" alt=\"\" width=\"150\" height=\"150\" srcset=\"https:\/\/iea.rs\/wp-content\/uploads\/2017\/05\/P_20151027_202546-150x150.jpg 150w, https:\/\/iea.rs\/wp-content\/uploads\/2017\/05\/P_20151027_202546-50x50.jpg 50w, https:\/\/iea.rs\/wp-content\/uploads\/2017\/05\/P_20151027_202546-240x240.jpg 240w, https:\/\/iea.rs\/wp-content\/uploads\/2017\/05\/P_20151027_202546-100x100.jpg 100w\" sizes=\"auto, (max-width: 150px) 100vw, 150px\" \/><\/a><\/p>\n<p>[\/tabgarb]<\/p>","protected":false},"excerpt":{"rendered":"<p>&nbsp; [tabgarb] tab1=Essay=active tab2=Media Activity tab3=Peer to Peer Education [\/tabgarb] [tabgarb=tab1] [\/tabgarb] [tabgarb=tab2] Plan prakti\u010dne politike Primena jezika i pisama nacionalnih manjina koji su u &hellip; <a class=\"more-btn\" href=\"https:\/\/iea.rs\/en\/silvija-oros\/\">Read more &raquo;<\/a><\/p>\n","protected":false},"author":3,"featured_media":0,"parent":0,"menu_order":0,"comment_status":"closed","ping_status":"closed","template":"fullwidth.php","meta":{"_monsterinsights_skip_tracking":false,"_monsterinsights_sitenote_active":false,"_monsterinsights_sitenote_note":"","_monsterinsights_sitenote_category":0,"footnotes":""},"class_list":["post-5215","page","type-page","status-publish","hentry"],"yoast_head":"<!-- This site is optimized with the Yoast SEO plugin v25.4 - https:\/\/yoast.com\/wordpress\/plugins\/seo\/ -->\n<title>Silvija Oros - Institute for European Affairs<\/title>\n<meta name=\"robots\" content=\"index, follow, max-snippet:-1, max-image-preview:large, max-video-preview:-1\" \/>\n<link rel=\"canonical\" href=\"https:\/\/iea.rs\/en\/silvija-oros\/\" \/>\n<meta property=\"og:locale\" content=\"en_US\" \/>\n<meta property=\"og:type\" content=\"article\" \/>\n<meta property=\"og:title\" content=\"Silvija Oros - Institute for European Affairs\" \/>\n<meta property=\"og:description\" content=\"&nbsp; [tabgarb] tab1=Essay=active tab2=Media Activity tab3=Peer to Peer Education [\/tabgarb] [tabgarb=tab1] [\/tabgarb] [tabgarb=tab2] Plan prakti\u010dne politike Primena jezika i pisama nacionalnih manjina koji su u &hellip; Read more &raquo;\" \/>\n<meta property=\"og:url\" content=\"https:\/\/iea.rs\/en\/silvija-oros\/\" \/>\n<meta property=\"og:site_name\" content=\"Institute for European Affairs\" \/>\n<meta property=\"article:modified_time\" content=\"2017-05-20T22:26:14+00:00\" \/>\n<meta property=\"og:image\" content=\"http:\/\/iea.rs\/wp-content\/uploads\/2015\/04\/Silvija-Oros-150x150.jpg\" \/>\n<meta name=\"twitter:card\" content=\"summary_large_image\" \/>\n<meta name=\"twitter:label1\" content=\"Est. reading time\" \/>\n\t<meta name=\"twitter:data1\" content=\"6 minutes\" \/>\n<script type=\"application\/ld+json\" class=\"yoast-schema-graph\">{\"@context\":\"https:\/\/schema.org\",\"@graph\":[{\"@type\":\"WebPage\",\"@id\":\"https:\/\/iea.rs\/en\/silvija-oros\/\",\"url\":\"https:\/\/iea.rs\/en\/silvija-oros\/\",\"name\":\"Silvija Oros - Institute for European Affairs\",\"isPartOf\":{\"@id\":\"https:\/\/iea.rs\/#website\"},\"primaryImageOfPage\":{\"@id\":\"https:\/\/iea.rs\/en\/silvija-oros\/#primaryimage\"},\"image\":{\"@id\":\"https:\/\/iea.rs\/en\/silvija-oros\/#primaryimage\"},\"thumbnailUrl\":\"http:\/\/iea.rs\/wp-content\/uploads\/2015\/04\/Silvija-Oros-150x150.jpg\",\"datePublished\":\"2017-05-20T11:55:34+00:00\",\"dateModified\":\"2017-05-20T22:26:14+00:00\",\"breadcrumb\":{\"@id\":\"https:\/\/iea.rs\/en\/silvija-oros\/#breadcrumb\"},\"inLanguage\":\"en-US\",\"potentialAction\":[{\"@type\":\"ReadAction\",\"target\":[\"https:\/\/iea.rs\/en\/silvija-oros\/\"]}]},{\"@type\":\"ImageObject\",\"inLanguage\":\"en-US\",\"@id\":\"https:\/\/iea.rs\/en\/silvija-oros\/#primaryimage\",\"url\":\"http:\/\/iea.rs\/wp-content\/uploads\/2015\/04\/Silvija-Oros-150x150.jpg\",\"contentUrl\":\"http:\/\/iea.rs\/wp-content\/uploads\/2015\/04\/Silvija-Oros-150x150.jpg\"},{\"@type\":\"BreadcrumbList\",\"@id\":\"https:\/\/iea.rs\/en\/silvija-oros\/#breadcrumb\",\"itemListElement\":[{\"@type\":\"ListItem\",\"position\":1,\"name\":\"\u041f\u043e\u0447\u0435\u0442\u043d\u0430\",\"item\":\"https:\/\/iea.rs\/\"},{\"@type\":\"ListItem\",\"position\":2,\"name\":\"Silvija Oros\"}]},{\"@type\":\"WebSite\",\"@id\":\"https:\/\/iea.rs\/#website\",\"url\":\"https:\/\/iea.rs\/\",\"name\":\"Institute for European Affairs\",\"description\":\"\",\"potentialAction\":[{\"@type\":\"SearchAction\",\"target\":{\"@type\":\"EntryPoint\",\"urlTemplate\":\"https:\/\/iea.rs\/?s={search_term_string}\"},\"query-input\":{\"@type\":\"PropertyValueSpecification\",\"valueRequired\":true,\"valueName\":\"search_term_string\"}}],\"inLanguage\":\"en-US\"}]}<\/script>\n<!-- \/ Yoast SEO plugin. -->","yoast_head_json":{"title":"Silvija Oros - Institute for European Affairs","robots":{"index":"index","follow":"follow","max-snippet":"max-snippet:-1","max-image-preview":"max-image-preview:large","max-video-preview":"max-video-preview:-1"},"canonical":"https:\/\/iea.rs\/en\/silvija-oros\/","og_locale":"en_US","og_type":"article","og_title":"Silvija Oros - Institute for European Affairs","og_description":"&nbsp; [tabgarb] tab1=Essay=active tab2=Media Activity tab3=Peer to Peer Education [\/tabgarb] [tabgarb=tab1] [\/tabgarb] [tabgarb=tab2] Plan prakti\u010dne politike Primena jezika i pisama nacionalnih manjina koji su u &hellip; Read more &raquo;","og_url":"https:\/\/iea.rs\/en\/silvija-oros\/","og_site_name":"Institute for European Affairs","article_modified_time":"2017-05-20T22:26:14+00:00","og_image":[{"url":"http:\/\/iea.rs\/wp-content\/uploads\/2015\/04\/Silvija-Oros-150x150.jpg","type":"","width":"","height":""}],"twitter_card":"summary_large_image","twitter_misc":{"Est. reading time":"6 minutes"},"schema":{"@context":"https:\/\/schema.org","@graph":[{"@type":"WebPage","@id":"https:\/\/iea.rs\/en\/silvija-oros\/","url":"https:\/\/iea.rs\/en\/silvija-oros\/","name":"Silvija Oros - Institute for European Affairs","isPartOf":{"@id":"https:\/\/iea.rs\/#website"},"primaryImageOfPage":{"@id":"https:\/\/iea.rs\/en\/silvija-oros\/#primaryimage"},"image":{"@id":"https:\/\/iea.rs\/en\/silvija-oros\/#primaryimage"},"thumbnailUrl":"http:\/\/iea.rs\/wp-content\/uploads\/2015\/04\/Silvija-Oros-150x150.jpg","datePublished":"2017-05-20T11:55:34+00:00","dateModified":"2017-05-20T22:26:14+00:00","breadcrumb":{"@id":"https:\/\/iea.rs\/en\/silvija-oros\/#breadcrumb"},"inLanguage":"en-US","potentialAction":[{"@type":"ReadAction","target":["https:\/\/iea.rs\/en\/silvija-oros\/"]}]},{"@type":"ImageObject","inLanguage":"en-US","@id":"https:\/\/iea.rs\/en\/silvija-oros\/#primaryimage","url":"http:\/\/iea.rs\/wp-content\/uploads\/2015\/04\/Silvija-Oros-150x150.jpg","contentUrl":"http:\/\/iea.rs\/wp-content\/uploads\/2015\/04\/Silvija-Oros-150x150.jpg"},{"@type":"BreadcrumbList","@id":"https:\/\/iea.rs\/en\/silvija-oros\/#breadcrumb","itemListElement":[{"@type":"ListItem","position":1,"name":"\u041f\u043e\u0447\u0435\u0442\u043d\u0430","item":"https:\/\/iea.rs\/"},{"@type":"ListItem","position":2,"name":"Silvija Oros"}]},{"@type":"WebSite","@id":"https:\/\/iea.rs\/#website","url":"https:\/\/iea.rs\/","name":"Institute for European Affairs","description":"","potentialAction":[{"@type":"SearchAction","target":{"@type":"EntryPoint","urlTemplate":"https:\/\/iea.rs\/?s={search_term_string}"},"query-input":{"@type":"PropertyValueSpecification","valueRequired":true,"valueName":"search_term_string"}}],"inLanguage":"en-US"}]}},"_links":{"self":[{"href":"https:\/\/iea.rs\/en\/wp-json\/wp\/v2\/pages\/5215","targetHints":{"allow":["GET"]}}],"collection":[{"href":"https:\/\/iea.rs\/en\/wp-json\/wp\/v2\/pages"}],"about":[{"href":"https:\/\/iea.rs\/en\/wp-json\/wp\/v2\/types\/page"}],"author":[{"embeddable":true,"href":"https:\/\/iea.rs\/en\/wp-json\/wp\/v2\/users\/3"}],"replies":[{"embeddable":true,"href":"https:\/\/iea.rs\/en\/wp-json\/wp\/v2\/comments?post=5215"}],"version-history":[{"count":0,"href":"https:\/\/iea.rs\/en\/wp-json\/wp\/v2\/pages\/5215\/revisions"}],"wp:attachment":[{"href":"https:\/\/iea.rs\/en\/wp-json\/wp\/v2\/media?parent=5215"}],"curies":[{"name":"wp","href":"https:\/\/api.w.org\/{rel}","templated":true}]}}