{"id":5734,"date":"2018-03-01T21:19:01","date_gmt":"2018-03-01T20:19:01","guid":{"rendered":"http:\/\/iea.rs\/?page_id=5734"},"modified":"2018-03-01T22:24:51","modified_gmt":"2018-03-01T21:24:51","slug":"dusan-ruzic","status":"publish","type":"page","link":"https:\/\/iea.rs\/en\/dusan-ruzic\/","title":{"rendered":"Du\u0161an Ru\u017ei\u0107"},"content":{"rendered":"<p><\/p>\n<p align=\"justify\">Du\u0161an was born in Belgrade, Serbia. He finished his secondary education <span lang=\"en-GB\">in Loznica. Currently a student at the Belgrade University, Faculty of Security Studies.<\/span><\/p>\n<p align=\"justify\"><span lang=\"en-GB\">During his time as a student, he attended numerous conferences and seminars, and also participated in projects conducted by NGOs and student organizations. Since the start of his voluntary activities, he participated in over 15 events, became a member of the Wikimedia Serbia and the Student club of the Faculty of Security Studies.<\/span><\/p>\n<p align=\"justify\"><a name=\"_GoBack\"><\/a> <span lang=\"en-GB\">He was awarded the second place in an essay writing contest held by the foundation \u201cdr Lazar Vrkati\u0107\u201d, on the topic of \u201cReligion and society\u201d. He is fluent in English, speaks German and is currently learning Albanian. He is a black belt in two Japanese martial arts and has competed in different tournaments with great success. His topics of interest are: terrorism, religion, sociology, history, philosophy and conflictology.<\/span><\/p>\n<p align=\"justify\"><span lang=\"en-GB\">He was an intern at the Museum of Yugoslavia in December 2017.<\/span><\/p>\n<p><\/p>","protected":false},"excerpt":{"rendered":"<p>Du\u0161an was born in Belgrade, Serbia. He finished his secondary education in Loznica. Currently a student at the Belgrade University, Faculty of Security Studies. During &hellip; <a class=\"more-btn\" href=\"https:\/\/iea.rs\/en\/dusan-ruzic\/\">Read more &raquo;<\/a><\/p>\n","protected":false},"author":3,"featured_media":0,"parent":0,"menu_order":0,"comment_status":"closed","ping_status":"closed","template":"fullwidth.php","meta":{"_monsterinsights_skip_tracking":false,"_monsterinsights_sitenote_active":false,"_monsterinsights_sitenote_note":"","_monsterinsights_sitenote_category":0,"footnotes":""},"class_list":["post-5734","page","type-page","status-publish","hentry"],"yoast_head":"<!-- This site is optimized with the Yoast SEO plugin v25.4 - https:\/\/yoast.com\/wordpress\/plugins\/seo\/ -->\n<title>Du\u0161an Ru\u017ei\u0107 - Institute for European Affairs<\/title>\n<meta name=\"robots\" content=\"index, follow, max-snippet:-1, max-image-preview:large, max-video-preview:-1\" \/>\n<link rel=\"canonical\" href=\"https:\/\/iea.rs\/en\/dusan-ruzic\/\" \/>\n<meta property=\"og:locale\" content=\"en_US\" \/>\n<meta property=\"og:type\" content=\"article\" \/>\n<meta property=\"og:title\" content=\"Du\u0161an Ru\u017ei\u0107 - Institute for European Affairs\" \/>\n<meta property=\"og:description\" content=\"Du\u0161an was born in Belgrade, Serbia. He finished his secondary education in Loznica. Currently a student at the Belgrade University, Faculty of Security Studies. During &hellip; Read more &raquo;\" \/>\n<meta property=\"og:url\" content=\"https:\/\/iea.rs\/en\/dusan-ruzic\/\" \/>\n<meta property=\"og:site_name\" content=\"Institute for European Affairs\" \/>\n<meta property=\"article:modified_time\" content=\"2018-03-01T21:24:51+00:00\" \/>\n<meta property=\"og:image\" content=\"http:\/\/iea.rs\/wp-content\/uploads\/2018\/03\/3.png\" \/>\n<meta name=\"twitter:card\" content=\"summary_large_image\" \/>\n<meta name=\"twitter:label1\" content=\"Est. reading time\" \/>\n\t<meta name=\"twitter:data1\" content=\"2 minutes\" \/>\n<script type=\"application\/ld+json\" class=\"yoast-schema-graph\">{\"@context\":\"https:\/\/schema.org\",\"@graph\":[{\"@type\":\"WebPage\",\"@id\":\"https:\/\/iea.rs\/en\/dusan-ruzic\/\",\"url\":\"https:\/\/iea.rs\/en\/dusan-ruzic\/\",\"name\":\"Du\u0161an Ru\u017ei\u0107 - Institute for European Affairs\",\"isPartOf\":{\"@id\":\"https:\/\/iea.rs\/#website\"},\"primaryImageOfPage\":{\"@id\":\"https:\/\/iea.rs\/en\/dusan-ruzic\/#primaryimage\"},\"image\":{\"@id\":\"https:\/\/iea.rs\/en\/dusan-ruzic\/#primaryimage\"},\"thumbnailUrl\":\"http:\/\/iea.rs\/wp-content\/uploads\/2018\/03\/3.png\",\"datePublished\":\"2018-03-01T20:19:01+00:00\",\"dateModified\":\"2018-03-01T21:24:51+00:00\",\"breadcrumb\":{\"@id\":\"https:\/\/iea.rs\/en\/dusan-ruzic\/#breadcrumb\"},\"inLanguage\":\"en-US\",\"potentialAction\":[{\"@type\":\"ReadAction\",\"target\":[\"https:\/\/iea.rs\/en\/dusan-ruzic\/\"]}]},{\"@type\":\"ImageObject\",\"inLanguage\":\"en-US\",\"@id\":\"https:\/\/iea.rs\/en\/dusan-ruzic\/#primaryimage\",\"url\":\"http:\/\/iea.rs\/wp-content\/uploads\/2018\/03\/3.png\",\"contentUrl\":\"http:\/\/iea.rs\/wp-content\/uploads\/2018\/03\/3.png\"},{\"@type\":\"BreadcrumbList\",\"@id\":\"https:\/\/iea.rs\/en\/dusan-ruzic\/#breadcrumb\",\"itemListElement\":[{\"@type\":\"ListItem\",\"position\":1,\"name\":\"\u041f\u043e\u0447\u0435\u0442\u043d\u0430\",\"item\":\"https:\/\/iea.rs\/\"},{\"@type\":\"ListItem\",\"position\":2,\"name\":\"Du\u0161an Ru\u017ei\u0107\"}]},{\"@type\":\"WebSite\",\"@id\":\"https:\/\/iea.rs\/#website\",\"url\":\"https:\/\/iea.rs\/\",\"name\":\"Institute for European Affairs\",\"description\":\"\",\"potentialAction\":[{\"@type\":\"SearchAction\",\"target\":{\"@type\":\"EntryPoint\",\"urlTemplate\":\"https:\/\/iea.rs\/?s={search_term_string}\"},\"query-input\":{\"@type\":\"PropertyValueSpecification\",\"valueRequired\":true,\"valueName\":\"search_term_string\"}}],\"inLanguage\":\"en-US\"}]}<\/script>\n<!-- \/ Yoast SEO plugin. -->","yoast_head_json":{"title":"Du\u0161an Ru\u017ei\u0107 - Institute for European Affairs","robots":{"index":"index","follow":"follow","max-snippet":"max-snippet:-1","max-image-preview":"max-image-preview:large","max-video-preview":"max-video-preview:-1"},"canonical":"https:\/\/iea.rs\/en\/dusan-ruzic\/","og_locale":"en_US","og_type":"article","og_title":"Du\u0161an Ru\u017ei\u0107 - Institute for European Affairs","og_description":"Du\u0161an was born in Belgrade, Serbia. He finished his secondary education in Loznica. Currently a student at the Belgrade University, Faculty of Security Studies. During &hellip; Read more &raquo;","og_url":"https:\/\/iea.rs\/en\/dusan-ruzic\/","og_site_name":"Institute for European Affairs","article_modified_time":"2018-03-01T21:24:51+00:00","og_image":[{"url":"http:\/\/iea.rs\/wp-content\/uploads\/2018\/03\/3.png","type":"","width":"","height":""}],"twitter_card":"summary_large_image","twitter_misc":{"Est. reading time":"2 minutes"},"schema":{"@context":"https:\/\/schema.org","@graph":[{"@type":"WebPage","@id":"https:\/\/iea.rs\/en\/dusan-ruzic\/","url":"https:\/\/iea.rs\/en\/dusan-ruzic\/","name":"Du\u0161an Ru\u017ei\u0107 - Institute for European Affairs","isPartOf":{"@id":"https:\/\/iea.rs\/#website"},"primaryImageOfPage":{"@id":"https:\/\/iea.rs\/en\/dusan-ruzic\/#primaryimage"},"image":{"@id":"https:\/\/iea.rs\/en\/dusan-ruzic\/#primaryimage"},"thumbnailUrl":"http:\/\/iea.rs\/wp-content\/uploads\/2018\/03\/3.png","datePublished":"2018-03-01T20:19:01+00:00","dateModified":"2018-03-01T21:24:51+00:00","breadcrumb":{"@id":"https:\/\/iea.rs\/en\/dusan-ruzic\/#breadcrumb"},"inLanguage":"en-US","potentialAction":[{"@type":"ReadAction","target":["https:\/\/iea.rs\/en\/dusan-ruzic\/"]}]},{"@type":"ImageObject","inLanguage":"en-US","@id":"https:\/\/iea.rs\/en\/dusan-ruzic\/#primaryimage","url":"http:\/\/iea.rs\/wp-content\/uploads\/2018\/03\/3.png","contentUrl":"http:\/\/iea.rs\/wp-content\/uploads\/2018\/03\/3.png"},{"@type":"BreadcrumbList","@id":"https:\/\/iea.rs\/en\/dusan-ruzic\/#breadcrumb","itemListElement":[{"@type":"ListItem","position":1,"name":"\u041f\u043e\u0447\u0435\u0442\u043d\u0430","item":"https:\/\/iea.rs\/"},{"@type":"ListItem","position":2,"name":"Du\u0161an Ru\u017ei\u0107"}]},{"@type":"WebSite","@id":"https:\/\/iea.rs\/#website","url":"https:\/\/iea.rs\/","name":"Institute for European Affairs","description":"","potentialAction":[{"@type":"SearchAction","target":{"@type":"EntryPoint","urlTemplate":"https:\/\/iea.rs\/?s={search_term_string}"},"query-input":{"@type":"PropertyValueSpecification","valueRequired":true,"valueName":"search_term_string"}}],"inLanguage":"en-US"}]}},"_links":{"self":[{"href":"https:\/\/iea.rs\/en\/wp-json\/wp\/v2\/pages\/5734","targetHints":{"allow":["GET"]}}],"collection":[{"href":"https:\/\/iea.rs\/en\/wp-json\/wp\/v2\/pages"}],"about":[{"href":"https:\/\/iea.rs\/en\/wp-json\/wp\/v2\/types\/page"}],"author":[{"embeddable":true,"href":"https:\/\/iea.rs\/en\/wp-json\/wp\/v2\/users\/3"}],"replies":[{"embeddable":true,"href":"https:\/\/iea.rs\/en\/wp-json\/wp\/v2\/comments?post=5734"}],"version-history":[{"count":2,"href":"https:\/\/iea.rs\/en\/wp-json\/wp\/v2\/pages\/5734\/revisions"}],"predecessor-version":[{"id":5743,"href":"https:\/\/iea.rs\/en\/wp-json\/wp\/v2\/pages\/5734\/revisions\/5743"}],"wp:attachment":[{"href":"https:\/\/iea.rs\/en\/wp-json\/wp\/v2\/media?parent=5734"}],"curies":[{"name":"wp","href":"https:\/\/api.w.org\/{rel}","templated":true}]}}