{"id":6004,"date":"2019-03-13T00:31:51","date_gmt":"2019-03-12T23:31:51","guid":{"rendered":"http:\/\/iea.rs\/?page_id=6004"},"modified":"2019-03-14T10:57:37","modified_gmt":"2019-03-14T09:57:37","slug":"konkurs-za-naucne-radove-za-publikaciju-saradnja-srbje-i-evroatlantske-zajednice","status":"publish","type":"page","link":"https:\/\/iea.rs\/en\/konkurs-za-naucne-radove-za-publikaciju-saradnja-srbje-i-evroatlantske-zajednice\/","title":{"rendered":"KONKURS ZA ESEJE ZA PUBLIKACIJU  \u201eSARADNJA SRBJE I EVROATLANTSKE ZAJEDNICE\u201c"},"content":{"rendered":"<p align=\"justify\"><span lang=\"sr-Latn-CS\">U okviru projekta \u201eSaradnja Srbije sa evroatlantskom zajednicom\u201c podr\u017eanim od strane Ambasade SAD u Beogradu, Institut za evropske poslove raspisuje konkurs za pisanje nau\u010dnih radova u svrhu izrade istoimene publikacije. Predvi\u0111eno je da publikacija sadr\u017ei deset (10) nau\u010dnih radova profesora, docenata, asistenata, nau\u010dnih saradnika i studenata doktorskih studija u oblasti politi\u010dkih i pravnih nauka, bezbednosti, spoljne politike i evroatlantskih pitanja. <\/span><\/p>\n<p align=\"justify\"><span style=\"text-decoration: underline;\"><strong><span lang=\"sr-Latn-CS\">Neke od predlo\u017eenih tema:<\/span><\/strong><\/span><\/p>\n<ol>\n<li>prednosti, izazovi i budu\u0107nost saradnje Srbije i NATO;<\/li>\n<li>vojne i policijske ve\u017ebe Srbije i NATO i NATO zemalja \u010dlanica;<\/li>\n<li>budu\u0107a bezbednost Srbije u okvirima NATO.<\/li>\n<\/ol>\n<p align=\"justify\"><span lang=\"sr-Latn-CS\">Svaki autor zadr\u017eava pravo da formuli\u0161e svoju temu koja bi se na\u0161la u okviru zadatim ovim konkursom.<\/span><\/p>\n<p lang=\"sr-Latn-CS\" align=\"justify\"><span style=\"text-decoration: underline;\"><strong>Uslovi konkursa<\/strong><\/span><\/p>\n<ol>\n<li>Konkurs je namenjen stru\u010dnjacima &#8211; profesorima, docentima, asistentima, stru\u010dnim i nau\u010dnim saradnicima i studentima vi\u0161ih stepena studija \u2013doktorskih studija zainteresovanim za pitanja me\u0111unarodne bezbednosti, spoljne politike, evropskih integracija i saradnje sa NATO-om;<\/li>\n<li>Autor mora da bude dr\u017eavljanin Republike Srbije;<\/li>\n<li>Rad treba da sadr\u017ei od 3500 do 5000 re\u010di, u fontu Times New Roman, veli\u010dina 12, prored 1,5;<\/li>\n<li>Radovi moraju biti orginalni, na srpskom jeziku i ne smeju biti ranije objavljivani. Test na plagijate \u0107e biti obavljen;<\/li>\n<li>Od svih pristiglih radova, Institut za evropske poslove izabra\u0107e 10 koje \u0107e uvrstiti u publikaciju \u201eSaradnja Srbije i evroatlantske zajednice\u201c Publikacija \u0107e biti promovisana putem dostupnih kanala komunikacije koje poseduje Institut i prezentovana medijima i zavedena u NBS;<\/li>\n<li>Autorima izabranih i objavljenih radova bi\u0107e dodeljena nov\u010dana nagrada u neto iznosu od 25.000 dinara (profesorima), odnosno 15.000 (docentima, asistentima, stru\u010dnim i nau\u010dnim saradnicima i studentima vi\u0161ih stepena studija);<\/li>\n<li>Radovi se na konkurs \u0161alju u doc\/docx formatu, uz informacije o autoru koje treba da stoje u zaglavlju: ime, prezime, kontakt telefon, elektronska adresa i mati\u010dna obrazovna ustanova. Uz rad obavezno dostaviti biografiju od 200 re\u010di;<\/li>\n<li>Radove je potrebno poslati najkasnije do 1. maja 2019. godine (do 23:59 \u010dasova), na adresu office@iea.rs sa naznakom \u201eZa konkurs \u2013 Saradnja Srbije i evroatlantske zajednice\u201c.<\/li>\n<\/ol>\n<p align=\"justify\"><span lang=\"sr-Latn-CS\">Bi\u0107e kontaktirani i obave\u0161teni o ishodu svi autori koji u okviru predvi\u0111enog roka dostave svoje radove na propisani na\u010dina, ali \u0107e najpre biti kontaktirani samo oni \u010diji radovi u\u0111u u u\u017ei izbor. <\/span><\/p>\n<p align=\"justify\"><span lang=\"sr-Latn-CS\">Ukoliko postoje bilo kakva dodatna pitanja u vezi sa konkursom, mo\u017eete ih poslati na adresu office@iea.rs i na njih \u0107e vam biti odgovoreno u najkra\u0107em mogu\u0107em roku. <\/span><\/p>\n","protected":false},"excerpt":{"rendered":"<p>U okviru projekta \u201eSaradnja Srbije sa evroatlantskom zajednicom\u201c podr\u017eanim od strane Ambasade SAD u Beogradu, Institut za evropske poslove raspisuje konkurs za pisanje nau\u010dnih radova &hellip; <a class=\"more-btn\" href=\"https:\/\/iea.rs\/en\/konkurs-za-naucne-radove-za-publikaciju-saradnja-srbje-i-evroatlantske-zajednice\/\">Read more &raquo;<\/a><\/p>\n","protected":false},"author":3,"featured_media":0,"parent":0,"menu_order":0,"comment_status":"closed","ping_status":"closed","template":"fullwidth.php","meta":{"_monsterinsights_skip_tracking":false,"_monsterinsights_sitenote_active":false,"_monsterinsights_sitenote_note":"","_monsterinsights_sitenote_category":0,"footnotes":""},"class_list":["post-6004","page","type-page","status-publish","hentry"],"yoast_head":"<!-- This site is optimized with the Yoast SEO plugin v25.4 - https:\/\/yoast.com\/wordpress\/plugins\/seo\/ -->\n<title>KONKURS ZA ESEJE ZA PUBLIKACIJU \u201eSARADNJA SRBJE I EVROATLANTSKE ZAJEDNICE\u201c - Institute for European Affairs<\/title>\n<meta name=\"robots\" content=\"index, follow, max-snippet:-1, max-image-preview:large, max-video-preview:-1\" \/>\n<link rel=\"canonical\" href=\"https:\/\/iea.rs\/en\/konkurs-za-naucne-radove-za-publikaciju-saradnja-srbje-i-evroatlantske-zajednice\/\" \/>\n<meta property=\"og:locale\" content=\"en_US\" \/>\n<meta property=\"og:type\" content=\"article\" \/>\n<meta property=\"og:title\" content=\"[:sr]KONKURS ZA NAU\u010cNE RADOVE ZA PUBLIKACIJU \u201eSARADNJA SRBJE I EVROATLANTSKE ZAJEDNICE\u201c[:en]KONKURS ZA ESEJE ZA PUBLIKACIJU \u201eSARADNJA SRBJE I EVROATLANTSKE ZAJEDNICE\u201c[:] - Institute for European Affairs\" \/>\n<meta property=\"og:description\" content=\"U okviru projekta \u201eSaradnja Srbije sa evroatlantskom zajednicom\u201c podr\u017eanim od strane Ambasade SAD u Beogradu, Institut za evropske poslove raspisuje konkurs za pisanje nau\u010dnih radova &hellip; Read more &raquo;\" \/>\n<meta property=\"og:url\" content=\"https:\/\/iea.rs\/en\/konkurs-za-naucne-radove-za-publikaciju-saradnja-srbje-i-evroatlantske-zajednice\/\" \/>\n<meta property=\"og:site_name\" content=\"Institute for European Affairs\" \/>\n<meta property=\"article:modified_time\" content=\"2019-03-14T09:57:37+00:00\" \/>\n<meta name=\"twitter:card\" content=\"summary_large_image\" \/>\n<meta name=\"twitter:label1\" content=\"Est. reading time\" \/>\n\t<meta name=\"twitter:data1\" content=\"2 minutes\" \/>\n<script type=\"application\/ld+json\" class=\"yoast-schema-graph\">{\"@context\":\"https:\/\/schema.org\",\"@graph\":[{\"@type\":\"WebPage\",\"@id\":\"https:\/\/iea.rs\/en\/konkurs-za-naucne-radove-za-publikaciju-saradnja-srbje-i-evroatlantske-zajednice\/\",\"url\":\"https:\/\/iea.rs\/en\/konkurs-za-naucne-radove-za-publikaciju-saradnja-srbje-i-evroatlantske-zajednice\/\",\"name\":\"[:sr]KONKURS ZA NAU\u010cNE RADOVE ZA PUBLIKACIJU \u201eSARADNJA SRBJE I EVROATLANTSKE ZAJEDNICE\u201c[:en]KONKURS ZA ESEJE ZA PUBLIKACIJU \u201eSARADNJA SRBJE I EVROATLANTSKE ZAJEDNICE\u201c[:] - Institute for European Affairs\",\"isPartOf\":{\"@id\":\"https:\/\/iea.rs\/#website\"},\"datePublished\":\"2019-03-12T23:31:51+00:00\",\"dateModified\":\"2019-03-14T09:57:37+00:00\",\"breadcrumb\":{\"@id\":\"https:\/\/iea.rs\/en\/konkurs-za-naucne-radove-za-publikaciju-saradnja-srbje-i-evroatlantske-zajednice\/#breadcrumb\"},\"inLanguage\":\"en-US\",\"potentialAction\":[{\"@type\":\"ReadAction\",\"target\":[\"https:\/\/iea.rs\/en\/konkurs-za-naucne-radove-za-publikaciju-saradnja-srbje-i-evroatlantske-zajednice\/\"]}]},{\"@type\":\"BreadcrumbList\",\"@id\":\"https:\/\/iea.rs\/en\/konkurs-za-naucne-radove-za-publikaciju-saradnja-srbje-i-evroatlantske-zajednice\/#breadcrumb\",\"itemListElement\":[{\"@type\":\"ListItem\",\"position\":1,\"name\":\"\u041f\u043e\u0447\u0435\u0442\u043d\u0430\",\"item\":\"https:\/\/iea.rs\/\"},{\"@type\":\"ListItem\",\"position\":2,\"name\":\"KONKURS ZA ESEJE ZA PUBLIKACIJU \u201eSARADNJA SRBJE I EVROATLANTSKE ZAJEDNICE\u201c\"}]},{\"@type\":\"WebSite\",\"@id\":\"https:\/\/iea.rs\/#website\",\"url\":\"https:\/\/iea.rs\/\",\"name\":\"Institute for European Affairs\",\"description\":\"\",\"potentialAction\":[{\"@type\":\"SearchAction\",\"target\":{\"@type\":\"EntryPoint\",\"urlTemplate\":\"https:\/\/iea.rs\/?s={search_term_string}\"},\"query-input\":{\"@type\":\"PropertyValueSpecification\",\"valueRequired\":true,\"valueName\":\"search_term_string\"}}],\"inLanguage\":\"en-US\"}]}<\/script>\n<!-- \/ Yoast SEO plugin. -->","yoast_head_json":{"title":"[:sr]KONKURS ZA NAU\u010cNE RADOVE ZA PUBLIKACIJU \u201eSARADNJA SRBJE I EVROATLANTSKE ZAJEDNICE\u201c[:en]KONKURS ZA ESEJE ZA PUBLIKACIJU \u201eSARADNJA SRBJE I EVROATLANTSKE ZAJEDNICE\u201c[:] - Institute for European Affairs","robots":{"index":"index","follow":"follow","max-snippet":"max-snippet:-1","max-image-preview":"max-image-preview:large","max-video-preview":"max-video-preview:-1"},"canonical":"https:\/\/iea.rs\/en\/konkurs-za-naucne-radove-za-publikaciju-saradnja-srbje-i-evroatlantske-zajednice\/","og_locale":"en_US","og_type":"article","og_title":"[:sr]KONKURS ZA NAU\u010cNE RADOVE ZA PUBLIKACIJU \u201eSARADNJA SRBJE I EVROATLANTSKE ZAJEDNICE\u201c[:en]KONKURS ZA ESEJE ZA PUBLIKACIJU \u201eSARADNJA SRBJE I EVROATLANTSKE ZAJEDNICE\u201c[:] - Institute for European Affairs","og_description":"U okviru projekta \u201eSaradnja Srbije sa evroatlantskom zajednicom\u201c podr\u017eanim od strane Ambasade SAD u Beogradu, Institut za evropske poslove raspisuje konkurs za pisanje nau\u010dnih radova &hellip; Read more &raquo;","og_url":"https:\/\/iea.rs\/en\/konkurs-za-naucne-radove-za-publikaciju-saradnja-srbje-i-evroatlantske-zajednice\/","og_site_name":"Institute for European Affairs","article_modified_time":"2019-03-14T09:57:37+00:00","twitter_card":"summary_large_image","twitter_misc":{"Est. reading time":"2 minutes"},"schema":{"@context":"https:\/\/schema.org","@graph":[{"@type":"WebPage","@id":"https:\/\/iea.rs\/en\/konkurs-za-naucne-radove-za-publikaciju-saradnja-srbje-i-evroatlantske-zajednice\/","url":"https:\/\/iea.rs\/en\/konkurs-za-naucne-radove-za-publikaciju-saradnja-srbje-i-evroatlantske-zajednice\/","name":"[:sr]KONKURS ZA NAU\u010cNE RADOVE ZA PUBLIKACIJU \u201eSARADNJA SRBJE I EVROATLANTSKE ZAJEDNICE\u201c[:en]KONKURS ZA ESEJE ZA PUBLIKACIJU \u201eSARADNJA SRBJE I EVROATLANTSKE ZAJEDNICE\u201c[:] - Institute for European Affairs","isPartOf":{"@id":"https:\/\/iea.rs\/#website"},"datePublished":"2019-03-12T23:31:51+00:00","dateModified":"2019-03-14T09:57:37+00:00","breadcrumb":{"@id":"https:\/\/iea.rs\/en\/konkurs-za-naucne-radove-za-publikaciju-saradnja-srbje-i-evroatlantske-zajednice\/#breadcrumb"},"inLanguage":"en-US","potentialAction":[{"@type":"ReadAction","target":["https:\/\/iea.rs\/en\/konkurs-za-naucne-radove-za-publikaciju-saradnja-srbje-i-evroatlantske-zajednice\/"]}]},{"@type":"BreadcrumbList","@id":"https:\/\/iea.rs\/en\/konkurs-za-naucne-radove-za-publikaciju-saradnja-srbje-i-evroatlantske-zajednice\/#breadcrumb","itemListElement":[{"@type":"ListItem","position":1,"name":"\u041f\u043e\u0447\u0435\u0442\u043d\u0430","item":"https:\/\/iea.rs\/"},{"@type":"ListItem","position":2,"name":"KONKURS ZA ESEJE ZA PUBLIKACIJU \u201eSARADNJA SRBJE I EVROATLANTSKE ZAJEDNICE\u201c"}]},{"@type":"WebSite","@id":"https:\/\/iea.rs\/#website","url":"https:\/\/iea.rs\/","name":"Institute for European Affairs","description":"","potentialAction":[{"@type":"SearchAction","target":{"@type":"EntryPoint","urlTemplate":"https:\/\/iea.rs\/?s={search_term_string}"},"query-input":{"@type":"PropertyValueSpecification","valueRequired":true,"valueName":"search_term_string"}}],"inLanguage":"en-US"}]}},"_links":{"self":[{"href":"https:\/\/iea.rs\/en\/wp-json\/wp\/v2\/pages\/6004","targetHints":{"allow":["GET"]}}],"collection":[{"href":"https:\/\/iea.rs\/en\/wp-json\/wp\/v2\/pages"}],"about":[{"href":"https:\/\/iea.rs\/en\/wp-json\/wp\/v2\/types\/page"}],"author":[{"embeddable":true,"href":"https:\/\/iea.rs\/en\/wp-json\/wp\/v2\/users\/3"}],"replies":[{"embeddable":true,"href":"https:\/\/iea.rs\/en\/wp-json\/wp\/v2\/comments?post=6004"}],"version-history":[{"count":2,"href":"https:\/\/iea.rs\/en\/wp-json\/wp\/v2\/pages\/6004\/revisions"}],"predecessor-version":[{"id":6014,"href":"https:\/\/iea.rs\/en\/wp-json\/wp\/v2\/pages\/6004\/revisions\/6014"}],"wp:attachment":[{"href":"https:\/\/iea.rs\/en\/wp-json\/wp\/v2\/media?parent=6004"}],"curies":[{"name":"wp","href":"https:\/\/api.w.org\/{rel}","templated":true}]}}