{"id":6773,"date":"2022-12-12T19:59:30","date_gmt":"2022-12-12T18:59:30","guid":{"rendered":"https:\/\/iea.rs\/?page_id=6773"},"modified":"2022-12-12T20:37:11","modified_gmt":"2022-12-12T19:37:11","slug":"prva-nagrada-moja-teorema-dragana-djordjevic","status":"publish","type":"page","link":"https:\/\/iea.rs\/en\/prva-nagrada-moja-teorema-dragana-djordjevic\/","title":{"rendered":"(Serbian) Prva nagrada &#8211; Moja teorema &#8211; Dragana \u0110or\u0111evi\u0107"},"content":{"rendered":"<p class=\"qtranxs-available-languages-message qtranxs-available-languages-message-en\">Sorry, this entry is only available in <a href=\"https:\/\/iea.rs\/sr\/wp-json\/wp\/v2\/pages\/6773\" class=\"qtranxs-available-language-link qtranxs-available-language-link-sr\" title=\"Serbian\">Serbian<\/a>.<\/p>","protected":false},"excerpt":{"rendered":"<p>Sorry, this entry is only available in Serbian.<\/p>\n","protected":false},"author":3,"featured_media":0,"parent":0,"menu_order":0,"comment_status":"closed","ping_status":"closed","template":"fullwidth.php","meta":{"_monsterinsights_skip_tracking":false,"_monsterinsights_sitenote_active":false,"_monsterinsights_sitenote_note":"","_monsterinsights_sitenote_category":0,"footnotes":""},"class_list":["post-6773","page","type-page","status-publish","hentry"],"yoast_head":"<!-- This site is optimized with the Yoast SEO plugin v25.4 - https:\/\/yoast.com\/wordpress\/plugins\/seo\/ -->\n<title><\/title>\n<meta name=\"robots\" content=\"index, follow, max-snippet:-1, max-image-preview:large, max-video-preview:-1\" \/>\n<link rel=\"canonical\" href=\"https:\/\/iea.rs\/prva-nagrada-moja-teorema-dragana-djordjevic\/\" \/>\n<meta property=\"og:locale\" content=\"en_US\" \/>\n<meta property=\"og:type\" content=\"article\" \/>\n<meta property=\"og:title\" content=\"[:sr]Prva nagrada - Moja teorema - Dragana \u0110or\u0111evi\u0107[:] - Institute for European Affairs\" \/>\n<meta property=\"og:description\" content=\"Sorry, this entry is only available in Serbian.\" \/>\n<meta property=\"og:url\" content=\"https:\/\/iea.rs\/prva-nagrada-moja-teorema-dragana-djordjevic\/\" \/>\n<meta property=\"og:site_name\" content=\"Institute for European Affairs\" \/>\n<meta property=\"article:modified_time\" content=\"2022-12-12T19:37:11+00:00\" \/>\n<meta name=\"twitter:card\" content=\"summary_large_image\" \/>\n<meta name=\"twitter:label1\" content=\"Est. reading time\" \/>\n\t<meta name=\"twitter:data1\" content=\"1 minute\" \/>\n<script type=\"application\/ld+json\" class=\"yoast-schema-graph\">{\"@context\":\"https:\/\/schema.org\",\"@graph\":[{\"@type\":\"WebPage\",\"@id\":\"https:\/\/iea.rs\/prva-nagrada-moja-teorema-dragana-djordjevic\/\",\"url\":\"https:\/\/iea.rs\/prva-nagrada-moja-teorema-dragana-djordjevic\/\",\"name\":\"[:sr]Prva nagrada - Moja teorema - Dragana \u0110or\u0111evi\u0107[:] - Institute for European Affairs\",\"isPartOf\":{\"@id\":\"https:\/\/iea.rs\/#website\"},\"datePublished\":\"2022-12-12T18:59:30+00:00\",\"dateModified\":\"2022-12-12T19:37:11+00:00\",\"breadcrumb\":{\"@id\":\"https:\/\/iea.rs\/prva-nagrada-moja-teorema-dragana-djordjevic\/#breadcrumb\"},\"inLanguage\":\"en-US\",\"potentialAction\":[{\"@type\":\"ReadAction\",\"target\":[\"https:\/\/iea.rs\/prva-nagrada-moja-teorema-dragana-djordjevic\/\"]}]},{\"@type\":\"BreadcrumbList\",\"@id\":\"https:\/\/iea.rs\/prva-nagrada-moja-teorema-dragana-djordjevic\/#breadcrumb\",\"itemListElement\":[{\"@type\":\"ListItem\",\"position\":1,\"name\":\"\u041f\u043e\u0447\u0435\u0442\u043d\u0430\",\"item\":\"https:\/\/iea.rs\/\"},{\"@type\":\"ListItem\",\"position\":2,\"name\":\"Prva nagrada &#8211; Moja teorema &#8211; Dragana \u0110or\u0111evi\u0107\"}]},{\"@type\":\"WebSite\",\"@id\":\"https:\/\/iea.rs\/#website\",\"url\":\"https:\/\/iea.rs\/\",\"name\":\"Institute for European Affairs\",\"description\":\"\",\"potentialAction\":[{\"@type\":\"SearchAction\",\"target\":{\"@type\":\"EntryPoint\",\"urlTemplate\":\"https:\/\/iea.rs\/?s={search_term_string}\"},\"query-input\":{\"@type\":\"PropertyValueSpecification\",\"valueRequired\":true,\"valueName\":\"search_term_string\"}}],\"inLanguage\":\"en-US\"}]}<\/script>\n<!-- \/ Yoast SEO plugin. -->","yoast_head_json":{"title":"[:sr]Prva nagrada - Moja teorema - Dragana \u0110or\u0111evi\u0107[:] - Institute for European Affairs","robots":{"index":"index","follow":"follow","max-snippet":"max-snippet:-1","max-image-preview":"max-image-preview:large","max-video-preview":"max-video-preview:-1"},"canonical":"https:\/\/iea.rs\/prva-nagrada-moja-teorema-dragana-djordjevic\/","og_locale":"en_US","og_type":"article","og_title":"[:sr]Prva nagrada - Moja teorema - Dragana \u0110or\u0111evi\u0107[:] - Institute for European Affairs","og_description":"Sorry, this entry is only available in Serbian.","og_url":"https:\/\/iea.rs\/prva-nagrada-moja-teorema-dragana-djordjevic\/","og_site_name":"Institute for European Affairs","article_modified_time":"2022-12-12T19:37:11+00:00","twitter_card":"summary_large_image","twitter_misc":{"Est. reading time":"1 minute"},"schema":{"@context":"https:\/\/schema.org","@graph":[{"@type":"WebPage","@id":"https:\/\/iea.rs\/prva-nagrada-moja-teorema-dragana-djordjevic\/","url":"https:\/\/iea.rs\/prva-nagrada-moja-teorema-dragana-djordjevic\/","name":"[:sr]Prva nagrada - Moja teorema - Dragana \u0110or\u0111evi\u0107[:] - Institute for European Affairs","isPartOf":{"@id":"https:\/\/iea.rs\/#website"},"datePublished":"2022-12-12T18:59:30+00:00","dateModified":"2022-12-12T19:37:11+00:00","breadcrumb":{"@id":"https:\/\/iea.rs\/prva-nagrada-moja-teorema-dragana-djordjevic\/#breadcrumb"},"inLanguage":"en-US","potentialAction":[{"@type":"ReadAction","target":["https:\/\/iea.rs\/prva-nagrada-moja-teorema-dragana-djordjevic\/"]}]},{"@type":"BreadcrumbList","@id":"https:\/\/iea.rs\/prva-nagrada-moja-teorema-dragana-djordjevic\/#breadcrumb","itemListElement":[{"@type":"ListItem","position":1,"name":"\u041f\u043e\u0447\u0435\u0442\u043d\u0430","item":"https:\/\/iea.rs\/"},{"@type":"ListItem","position":2,"name":"Prva nagrada &#8211; Moja teorema &#8211; Dragana \u0110or\u0111evi\u0107"}]},{"@type":"WebSite","@id":"https:\/\/iea.rs\/#website","url":"https:\/\/iea.rs\/","name":"Institute for European Affairs","description":"","potentialAction":[{"@type":"SearchAction","target":{"@type":"EntryPoint","urlTemplate":"https:\/\/iea.rs\/?s={search_term_string}"},"query-input":{"@type":"PropertyValueSpecification","valueRequired":true,"valueName":"search_term_string"}}],"inLanguage":"en-US"}]}},"_links":{"self":[{"href":"https:\/\/iea.rs\/en\/wp-json\/wp\/v2\/pages\/6773","targetHints":{"allow":["GET"]}}],"collection":[{"href":"https:\/\/iea.rs\/en\/wp-json\/wp\/v2\/pages"}],"about":[{"href":"https:\/\/iea.rs\/en\/wp-json\/wp\/v2\/types\/page"}],"author":[{"embeddable":true,"href":"https:\/\/iea.rs\/en\/wp-json\/wp\/v2\/users\/3"}],"replies":[{"embeddable":true,"href":"https:\/\/iea.rs\/en\/wp-json\/wp\/v2\/comments?post=6773"}],"version-history":[{"count":0,"href":"https:\/\/iea.rs\/en\/wp-json\/wp\/v2\/pages\/6773\/revisions"}],"wp:attachment":[{"href":"https:\/\/iea.rs\/en\/wp-json\/wp\/v2\/media?parent=6773"}],"curies":[{"name":"wp","href":"https:\/\/api.w.org\/{rel}","templated":true}]}}