{"id":886,"date":"2013-11-19T12:09:48","date_gmt":"2013-11-19T11:09:48","guid":{"rendered":"http:\/\/iea.rs\/?page_id=886"},"modified":"2015-05-19T13:15:06","modified_gmt":"2015-05-19T11:15:06","slug":"mpk","status":"publish","type":"page","link":"https:\/\/iea.rs\/en\/mpk\/","title":{"rendered":"Youth Against Corruption"},"content":{"rendered":"<p><img loading=\"lazy\" decoding=\"async\" class=\"aligncenter\" src=\"http:\/\/iea.rs\/wp-content\/uploads\/2013\/11\/mpk4.jpg\" alt=\"mpk\" width=\"696\" height=\"447\" \/><\/p>\n<p>[tabgarb]<br \/>\ntab1=About programme=active<br \/>\ntab2=Class concepts<br \/>\ntab3=Trainers<br \/>\ntab4=Testimonials<br \/>\ntab5=Statistics<br \/>\n[\/tabgarb]<\/p>\n<p>[tabgarb=tab1]<br \/>\nYouth Education Committee is implementing the programme Youth Against Corruption with partner organisation Initiative for Social Responsibility together with strategic support of Anti-Corruption Agency in Serbia.<br \/>\nThe programme aims to reduce the level of corruption in Serbia. The aim will be achieved by developing responsible, educated, tolerant, moral and creative young public opinion in Serbia, which will use the knowledge and integrity to fight corruption. The programme focuses not only on the students but also the teachers, community leaders, local authorities, government officials and state institutions with the hope that it will thus encourage stronger cooperation between the young generation and institutions.<br \/>\nThe programme is contributing the existing anti-corruption initiatives with fresh ideas, original and enthusiastic input of new generations. The programme also includes the basic principles underlying the strategy for young people. Our intention is to use this programme to encourage young people to strengthen their own integrity. Also, to actively participate in society in the decision making process, to collaborate with others at the local, regional and national level and in particular with representatives of schools, municipalities, civic associations, local authorities and others. Developing a culture of resistance to corruption is a long process, but the only real way to create an environment in which people have the knowledge, skills, and social power to resist corruption. By strengthening integrity and knowledge on corruption and anti-corruption mechanisms in future leaders and decision makers we believe we will contribute to broader fight against corruption.<br \/>\nProject is a part of a wider initiative supported by Anti-Corruption Agency in Serbia (ACAS). Namely, ACAS had a two-year project supported by the Norwegian MFA within which 42 students were admitted as volunteers in ACAS. ACAS organised training for trainers and prepared ten participants to be educators for this project.<br \/>\n[\/tabgarb]<\/p>\n<p>[tabgarb=tab2]<\/p>\n<div id=\"attachment_2819\" style=\"width: 210px\" class=\"wp-caption alignleft\"><a href=\"http:\/\/iea.rs\/wp-content\/uploads\/2014\/08\/Antikorupcijski-vodic.pdf\"><img loading=\"lazy\" decoding=\"async\" aria-describedby=\"caption-attachment-2819\" class=\"wp-image-2819 size-full\" src=\"http:\/\/iea.rs\/wp-content\/uploads\/2014\/08\/antikorupcijski-vodic-korica-4.jpg\" alt=\"antikorupcijski-vodic-korica-4\" width=\"200\" height=\"200\" srcset=\"https:\/\/iea.rs\/wp-content\/uploads\/2014\/08\/antikorupcijski-vodic-korica-4.jpg 200w, https:\/\/iea.rs\/wp-content\/uploads\/2014\/08\/antikorupcijski-vodic-korica-4-150x150.jpg 150w, https:\/\/iea.rs\/wp-content\/uploads\/2014\/08\/antikorupcijski-vodic-korica-4-50x50.jpg 50w, https:\/\/iea.rs\/wp-content\/uploads\/2014\/08\/antikorupcijski-vodic-korica-4-100x100.jpg 100w\" sizes=\"auto, (max-width: 200px) 100vw, 200px\" \/><\/a><\/p>\n<p id=\"caption-attachment-2819\" class=\"wp-caption-text\">Antikorupcijski vodi\u010d kroz \u0161kolske \u010dasove<\/p>\n<\/div>\n<p>[\/tabgarb]<\/p>\n<p>[tabgarb=tab3]<\/p>\n<div style=\"margin: 0 auto; width: 565px;\">\n<div id=\"attachment_1553\" style=\"width: 160px\" class=\"wp-caption alignleft\"><img loading=\"lazy\" decoding=\"async\" aria-describedby=\"caption-attachment-1553\" class=\"size-thumbnail wp-image-1553 \" src=\"http:\/\/iea.rs\/wp-content\/uploads\/2013\/11\/Dra\u00baen-Zacero-150x150.jpg\" alt=\"Dra\u017een Zacero\" width=\"150\" height=\"150\" srcset=\"https:\/\/iea.rs\/wp-content\/uploads\/2013\/11\/Dra\u00baen-Zacero-150x150.jpg 150w, https:\/\/iea.rs\/wp-content\/uploads\/2013\/11\/Dra\u00baen-Zacero-50x50.jpg 50w, https:\/\/iea.rs\/wp-content\/uploads\/2013\/11\/Dra\u00baen-Zacero-240x240.jpg 240w, https:\/\/iea.rs\/wp-content\/uploads\/2013\/11\/Dra\u00baen-Zacero-100x100.jpg 100w\" sizes=\"auto, (max-width: 150px) 100vw, 150px\" \/><\/p>\n<p id=\"caption-attachment-1553\" class=\"wp-caption-text\">Dra\u017een Zacero<\/p>\n<\/div>\n<div id=\"attachment_1554\" style=\"width: 160px\" class=\"wp-caption alignleft\"><img loading=\"lazy\" decoding=\"async\" aria-describedby=\"caption-attachment-1554\" class=\"size-thumbnail wp-image-1554 \" src=\"http:\/\/iea.rs\/wp-content\/uploads\/2013\/11\/Jelena-Simi\u00e5-150x150.jpg\" alt=\"Jelena Simi\u0107\" width=\"150\" height=\"150\" srcset=\"https:\/\/iea.rs\/wp-content\/uploads\/2013\/11\/Jelena-Simi\u00e5-150x150.jpg 150w, https:\/\/iea.rs\/wp-content\/uploads\/2013\/11\/Jelena-Simi\u00e5-50x50.jpg 50w, https:\/\/iea.rs\/wp-content\/uploads\/2013\/11\/Jelena-Simi\u00e5-240x240.jpg 240w, https:\/\/iea.rs\/wp-content\/uploads\/2013\/11\/Jelena-Simi\u00e5-100x100.jpg 100w\" sizes=\"auto, (max-width: 150px) 100vw, 150px\" \/><\/p>\n<p id=\"caption-attachment-1554\" class=\"wp-caption-text\">Jelena Simi\u0107<\/p>\n<\/div>\n<div id=\"attachment_1555\" style=\"width: 160px\" class=\"wp-caption alignleft\"><img loading=\"lazy\" decoding=\"async\" aria-describedby=\"caption-attachment-1555\" class=\"size-thumbnail wp-image-1555\" src=\"http:\/\/iea.rs\/wp-content\/uploads\/2013\/11\/Marijana-Mojsilovi\u00e5-150x150.jpg\" alt=\"Mirjana Mijsolovi\u0107\" width=\"150\" height=\"150\" srcset=\"https:\/\/iea.rs\/wp-content\/uploads\/2013\/11\/Marijana-Mojsilovi\u00e5-150x150.jpg 150w, https:\/\/iea.rs\/wp-content\/uploads\/2013\/11\/Marijana-Mojsilovi\u00e5-50x50.jpg 50w, https:\/\/iea.rs\/wp-content\/uploads\/2013\/11\/Marijana-Mojsilovi\u00e5-240x240.jpg 240w, https:\/\/iea.rs\/wp-content\/uploads\/2013\/11\/Marijana-Mojsilovi\u00e5-100x100.jpg 100w\" sizes=\"auto, (max-width: 150px) 100vw, 150px\" \/><\/p>\n<p id=\"caption-attachment-1555\" class=\"wp-caption-text\">Marijana Mojsilovi\u0107<\/p>\n<\/div>\n<div id=\"attachment_1559\" style=\"width: 160px\" class=\"wp-caption alignleft\"><img loading=\"lazy\" decoding=\"async\" aria-describedby=\"caption-attachment-1559\" class=\"size-thumbnail wp-image-1559\" src=\"http:\/\/iea.rs\/wp-content\/uploads\/2013\/11\/Ninoslav-Rupi\u00e5-150x150.jpg\" alt=\"Ninoslav Rupi\u0107\" width=\"150\" height=\"150\" srcset=\"https:\/\/iea.rs\/wp-content\/uploads\/2013\/11\/Ninoslav-Rupi\u00e5-150x150.jpg 150w, https:\/\/iea.rs\/wp-content\/uploads\/2013\/11\/Ninoslav-Rupi\u00e5-50x50.jpg 50w, https:\/\/iea.rs\/wp-content\/uploads\/2013\/11\/Ninoslav-Rupi\u00e5-240x240.jpg 240w, https:\/\/iea.rs\/wp-content\/uploads\/2013\/11\/Ninoslav-Rupi\u00e5-100x100.jpg 100w\" sizes=\"auto, (max-width: 150px) 100vw, 150px\" \/><\/p>\n<p id=\"caption-attachment-1559\" class=\"wp-caption-text\">Ninoslav Rupi\u0107<\/p>\n<\/div>\n<div id=\"attachment_1561\" style=\"width: 160px\" class=\"wp-caption alignleft\"><img loading=\"lazy\" decoding=\"async\" aria-describedby=\"caption-attachment-1561\" class=\"size-thumbnail wp-image-1561\" src=\"http:\/\/iea.rs\/wp-content\/uploads\/2013\/11\/Vanja-Flori\u00e5-150x150.jpg\" alt=\"Vanja Flori\u0107\" width=\"150\" height=\"150\" srcset=\"https:\/\/iea.rs\/wp-content\/uploads\/2013\/11\/Vanja-Flori\u00e5-150x150.jpg 150w, https:\/\/iea.rs\/wp-content\/uploads\/2013\/11\/Vanja-Flori\u00e5-50x50.jpg 50w, https:\/\/iea.rs\/wp-content\/uploads\/2013\/11\/Vanja-Flori\u00e5-240x240.jpg 240w, https:\/\/iea.rs\/wp-content\/uploads\/2013\/11\/Vanja-Flori\u00e5-100x100.jpg 100w\" sizes=\"auto, (max-width: 150px) 100vw, 150px\" \/><\/p>\n<p id=\"caption-attachment-1561\" class=\"wp-caption-text\">Vanja Flori\u0107<\/p>\n<\/div>\n<div id=\"attachment_1562\" style=\"width: 160px\" class=\"wp-caption alignleft\"><img loading=\"lazy\" decoding=\"async\" aria-describedby=\"caption-attachment-1562\" class=\"size-thumbnail wp-image-1562\" src=\"http:\/\/iea.rs\/wp-content\/uploads\/2013\/11\/Danilo-Vukmirovi\u00e5-150x150.jpg\" alt=\"Danilo Vukmirovi\u0107\" width=\"150\" height=\"150\" srcset=\"https:\/\/iea.rs\/wp-content\/uploads\/2013\/11\/Danilo-Vukmirovi\u00e5-150x150.jpg 150w, https:\/\/iea.rs\/wp-content\/uploads\/2013\/11\/Danilo-Vukmirovi\u00e5-50x50.jpg 50w, https:\/\/iea.rs\/wp-content\/uploads\/2013\/11\/Danilo-Vukmirovi\u00e5-240x240.jpg 240w, https:\/\/iea.rs\/wp-content\/uploads\/2013\/11\/Danilo-Vukmirovi\u00e5-100x100.jpg 100w\" sizes=\"auto, (max-width: 150px) 100vw, 150px\" \/><\/p>\n<p id=\"caption-attachment-1562\" class=\"wp-caption-text\">Danilo Vukmirovi\u0107<\/p>\n<\/div>\n<div id=\"attachment_1563\" style=\"width: 160px\" class=\"wp-caption alignleft\"><img loading=\"lazy\" decoding=\"async\" aria-describedby=\"caption-attachment-1563\" class=\"size-thumbnail wp-image-1563\" src=\"http:\/\/iea.rs\/wp-content\/uploads\/2013\/11\/Milica-Lujanski-150x150.jpg\" alt=\"Milica Lujanski\" width=\"150\" height=\"150\" srcset=\"https:\/\/iea.rs\/wp-content\/uploads\/2013\/11\/Milica-Lujanski-150x150.jpg 150w, https:\/\/iea.rs\/wp-content\/uploads\/2013\/11\/Milica-Lujanski-473x477.jpg 473w, https:\/\/iea.rs\/wp-content\/uploads\/2013\/11\/Milica-Lujanski-726x732.jpg 726w, https:\/\/iea.rs\/wp-content\/uploads\/2013\/11\/Milica-Lujanski-50x50.jpg 50w, https:\/\/iea.rs\/wp-content\/uploads\/2013\/11\/Milica-Lujanski-240x240.jpg 240w, https:\/\/iea.rs\/wp-content\/uploads\/2013\/11\/Milica-Lujanski-100x100.jpg 100w, https:\/\/iea.rs\/wp-content\/uploads\/2013\/11\/Milica-Lujanski.jpg 979w\" sizes=\"auto, (max-width: 150px) 100vw, 150px\" \/><\/p>\n<p id=\"caption-attachment-1563\" class=\"wp-caption-text\">Milica Lujanski<\/p>\n<\/div>\n<div id=\"attachment_1564\" style=\"width: 160px\" class=\"wp-caption alignleft\"><img loading=\"lazy\" decoding=\"async\" aria-describedby=\"caption-attachment-1564\" class=\"size-thumbnail wp-image-1564\" src=\"http:\/\/iea.rs\/wp-content\/uploads\/2013\/11\/Milot-Bukvi\u00e5-150x150.jpg\" alt=\"Milot Bukvi\u0107\" width=\"150\" height=\"150\" srcset=\"https:\/\/iea.rs\/wp-content\/uploads\/2013\/11\/Milot-Bukvi\u00e5-150x150.jpg 150w, https:\/\/iea.rs\/wp-content\/uploads\/2013\/11\/Milot-Bukvi\u00e5-50x50.jpg 50w, https:\/\/iea.rs\/wp-content\/uploads\/2013\/11\/Milot-Bukvi\u00e5-240x240.jpg 240w, https:\/\/iea.rs\/wp-content\/uploads\/2013\/11\/Milot-Bukvi\u00e5-100x100.jpg 100w\" sizes=\"auto, (max-width: 150px) 100vw, 150px\" \/><\/p>\n<p id=\"caption-attachment-1564\" class=\"wp-caption-text\">Milo\u0161 Bukvi\u0107<\/p>\n<\/div>\n<div id=\"attachment_1565\" style=\"width: 160px\" class=\"wp-caption alignleft\"><img loading=\"lazy\" decoding=\"async\" aria-describedby=\"caption-attachment-1565\" class=\"size-thumbnail wp-image-1565\" src=\"http:\/\/iea.rs\/wp-content\/uploads\/2013\/11\/Selena-Velimirovi\u00e5-2-150x150.jpg\" alt=\"Selena Velimirovi\u0107\" width=\"150\" height=\"150\" srcset=\"https:\/\/iea.rs\/wp-content\/uploads\/2013\/11\/Selena-Velimirovi\u00e5-2-150x150.jpg 150w, https:\/\/iea.rs\/wp-content\/uploads\/2013\/11\/Selena-Velimirovi\u00e5-2-50x50.jpg 50w, https:\/\/iea.rs\/wp-content\/uploads\/2013\/11\/Selena-Velimirovi\u00e5-2-240x240.jpg 240w, https:\/\/iea.rs\/wp-content\/uploads\/2013\/11\/Selena-Velimirovi\u00e5-2-100x100.jpg 100w\" sizes=\"auto, (max-width: 150px) 100vw, 150px\" \/><\/p>\n<p id=\"caption-attachment-1565\" class=\"wp-caption-text\">Selena Velimirovi\u0107<\/p>\n<\/div>\n<div id=\"attachment_1556\" style=\"width: 160px\" class=\"wp-caption alignleft\"><img loading=\"lazy\" decoding=\"async\" aria-describedby=\"caption-attachment-1556\" class=\"size-thumbnail wp-image-1556\" src=\"http:\/\/iea.rs\/wp-content\/uploads\/2013\/11\/Milica-\u00c5iri\u00e5-150x150.jpg\" alt=\"Milica \u0106iri\u0107\" width=\"150\" height=\"150\" srcset=\"https:\/\/iea.rs\/wp-content\/uploads\/2013\/11\/Milica-\u00c5iri\u00e5-150x150.jpg 150w, https:\/\/iea.rs\/wp-content\/uploads\/2013\/11\/Milica-\u00c5iri\u00e5-50x50.jpg 50w, https:\/\/iea.rs\/wp-content\/uploads\/2013\/11\/Milica-\u00c5iri\u00e5-240x240.jpg 240w, https:\/\/iea.rs\/wp-content\/uploads\/2013\/11\/Milica-\u00c5iri\u00e5-100x100.jpg 100w\" sizes=\"auto, (max-width: 150px) 100vw, 150px\" \/><\/p>\n<p id=\"caption-attachment-1556\" class=\"wp-caption-text\">Milica \u0106iri\u0107<\/p>\n<\/div>\n<div style=\"clear: both;\"><\/div>\n<\/div>\n<p>[\/tabgarb]<\/p>\n<p>[tabgarb=tab4]<\/p>\n<p><b>MILICA LUJANSKI\u00a0<\/b><\/p>\n<blockquote><p>My experience duringthe trainings was excellent. The students were very interested in the subject and they have been in the mood for discussion. Conclusions of the trainings were great. We have managed to achieve cooperation and communication between educators, teachers and students and tried to encourage them to think in later work and to discussabout corruption. Finally, I can only conclude corruption is a major problem but not a problem that cannot be resolved together with young people who are familiar with the problem and empowered to respond.<\/p><\/blockquote>\n<p><b>MARIJANA MOJSILOVI\u0106<\/b><\/p>\n<blockquote><p>It was a pleasure to take part in project Youth Against Corruption, primarily due to educational characterand the way in which young people are familiar with the problem of corruption. I was pleasantly surprised by interacting with young people at school and their knowledge of this harmful phenomenon. I hope that educators were able, at least, to motivate them to think of corruption as an unwanted form of social behaviour.<\/p><\/blockquote>\n<p><b>MILO\u0160 BUKVI\u0106<\/b><\/p>\n<blockquote><p>I am delighted with the positive reaction of students in the school we visited. They really proved to be able to cope with this subject and a number of their examples gave the true meaning to our work on the project. I hope that we will soon again meet and deal with the problem of corruption in our society.<\/p><\/blockquote>\n<p><b>NINOSLAV RUPI\u0106\u00a0<\/b><\/p>\n<blockquote><p>Experience working on a project Youth Against Corruption was indeed a rare and excellent opportunity to speak with the youngest of corruption in a way that will arouse a desire for change in them, taking responsibility and personal initiative. This project can be a trigger of positive changes in our country, and we must support and assist its wider implementation.<\/p><\/blockquote>\n<p>[\/tabgarb]<\/p>\n<p>[tabgarb=tab5]<\/p>\n<h4><b>General information<\/b><\/h4>\n<p>Lectures were given in twelve schools both primary and high schools. In total fifty lectures of 45 minutes have been conducted. Twenty-four lectures were given in primary schools Jovan Cvijic, Olga Petrov, Milena Pavlovic Barili, 20. oktobar, 14. oktobar and Filip Filipovic and twenty-six were given in six of the Belgrade High Schools \u2013 the First, Sixth, Seventh, Ninth, \u00a0Thirteenth and Fourteenth.<\/p>\n<p>The total number of students that attended the lectures was 1104, including 511 male students and 593 female students. The lectures were given as a substitution for a regular school class. Most of the lectures replaced the class of Civil education (52%), while other replace classes were: Arts (22%), Serbian language and literature (14%) and Sociology (12%).<\/p>\n<h4><b>Evaluations by the students<\/b><\/h4>\n<p>After the lecture students filled-in a short evaluation which consisted out of four questions. Students were asked if they had mentioned the concept of corruption or the mechanisms for reducing corruption during their formal education. They gave answers on a scale ranging from one (not at all) to seven (more than I have expected). Second question referred to the extent in which the lecture had met their expectations. Also, the answers were given on a scale ranging from one (not at all) to seven (more than I have expected). Third question assessed whether students had learned something new about corruption during the lecture. Answers were given on a scale ranging from one (almost nothing) to seven (I have learned a lot). The last question was: \u201cDo you believe that corruption should be mentioned during the formal education?\u201d The answers were given on a scale ranging from one (I strongly disagree) to seven (I completely agree).<\/p>\n<p>Average scores were calculated for all of the four questions. These analyses reveal that the concept of corruption and the prevention mechanisms are rarely mentioned in the formal education. The mean score for this question is 2.85. Also, results showed that the lectures overcame students\u2019 expectations and the mean for this question was 5.36. Mean for the question regarding whether students had learned something new about corruption was 4.96, indicating that students have learned new information about corruption. For the last question, dealing with whether corruption should be mentioned during the formal education, the mean was 4.92, indicating that most of the students do believe that this is an important matter which should be a part of the school curriculum.<\/p>\n<p>These results indicate that the concept of corruption is rarely mentioned during the formal education, while students agree that it should be a part of the curriculum. Also, the results show that the lectures overcame students\u2019 expectations and that they think that they have learned a lot during these lectures.<\/p>\n<p>[\/tabgarb]<\/p>","protected":false},"excerpt":{"rendered":"<p>[tabgarb] tab1=About programme=active tab2=Class concepts tab3=Trainers tab4=Testimonials tab5=Statistics [\/tabgarb] [tabgarb=tab1] Youth Education Committee is implementing the programme Youth Against Corruption with partner organisation Initiative for &hellip; <a class=\"more-btn\" href=\"https:\/\/iea.rs\/en\/mpk\/\">Read more &raquo;<\/a><\/p>\n","protected":false},"author":3,"featured_media":0,"parent":0,"menu_order":0,"comment_status":"open","ping_status":"open","template":"fullwidth.php","meta":{"_monsterinsights_skip_tracking":false,"_monsterinsights_sitenote_active":false,"_monsterinsights_sitenote_note":"","_monsterinsights_sitenote_category":0,"footnotes":""},"class_list":["post-886","page","type-page","status-publish","hentry"],"yoast_head":"<!-- This site is optimized with the Yoast SEO plugin v25.4 - https:\/\/yoast.com\/wordpress\/plugins\/seo\/ -->\n<title>Mladi protiv korupcijeYouth Against Corruption - Institute for European Affairs<\/title>\n<meta name=\"robots\" content=\"index, follow, max-snippet:-1, max-image-preview:large, max-video-preview:-1\" \/>\n<link rel=\"canonical\" href=\"https:\/\/iea.rs\/mpk\/\" \/>\n<meta property=\"og:locale\" content=\"en_US\" \/>\n<meta property=\"og:type\" content=\"article\" \/>\n<meta property=\"og:title\" content=\"Mladi protiv korupcijeYouth Against Corruption - Institute for European Affairs\" \/>\n<meta property=\"og:description\" content=\"[tabgarb] tab1=About programme=active tab2=Class concepts tab3=Trainers tab4=Testimonials tab5=Statistics [\/tabgarb] [tabgarb=tab1] Youth Education Committee is implementing the programme Youth Against Corruption with partner organisation Initiative for &hellip; Read more &raquo;\" \/>\n<meta property=\"og:url\" content=\"https:\/\/iea.rs\/mpk\/\" \/>\n<meta property=\"og:site_name\" content=\"Institute for European Affairs\" \/>\n<meta property=\"article:modified_time\" content=\"2015-05-19T11:15:06+00:00\" \/>\n<meta property=\"og:image\" content=\"http:\/\/iea.rs\/wp-content\/uploads\/2013\/11\/mpk4.jpg\" \/>\n<meta name=\"twitter:card\" content=\"summary_large_image\" \/>\n<meta name=\"twitter:label1\" content=\"Est. reading time\" \/>\n\t<meta name=\"twitter:data1\" content=\"12 minutes\" \/>\n<script type=\"application\/ld+json\" class=\"yoast-schema-graph\">{\"@context\":\"https:\/\/schema.org\",\"@graph\":[{\"@type\":\"WebPage\",\"@id\":\"https:\/\/iea.rs\/mpk\/\",\"url\":\"https:\/\/iea.rs\/mpk\/\",\"name\":\"Mladi protiv korupcijeYouth Against Corruption - Institute for European Affairs\",\"isPartOf\":{\"@id\":\"https:\/\/iea.rs\/#website\"},\"primaryImageOfPage\":{\"@id\":\"https:\/\/iea.rs\/mpk\/#primaryimage\"},\"image\":{\"@id\":\"https:\/\/iea.rs\/mpk\/#primaryimage\"},\"thumbnailUrl\":\"http:\/\/iea.rs\/wp-content\/uploads\/2013\/11\/mpk4.jpg\",\"datePublished\":\"2013-11-19T11:09:48+00:00\",\"dateModified\":\"2015-05-19T11:15:06+00:00\",\"breadcrumb\":{\"@id\":\"https:\/\/iea.rs\/mpk\/#breadcrumb\"},\"inLanguage\":\"en-US\",\"potentialAction\":[{\"@type\":\"ReadAction\",\"target\":[\"https:\/\/iea.rs\/mpk\/\"]}]},{\"@type\":\"ImageObject\",\"inLanguage\":\"en-US\",\"@id\":\"https:\/\/iea.rs\/mpk\/#primaryimage\",\"url\":\"http:\/\/iea.rs\/wp-content\/uploads\/2013\/11\/mpk4.jpg\",\"contentUrl\":\"http:\/\/iea.rs\/wp-content\/uploads\/2013\/11\/mpk4.jpg\"},{\"@type\":\"BreadcrumbList\",\"@id\":\"https:\/\/iea.rs\/mpk\/#breadcrumb\",\"itemListElement\":[{\"@type\":\"ListItem\",\"position\":1,\"name\":\"\u041f\u043e\u0447\u0435\u0442\u043d\u0430\",\"item\":\"https:\/\/iea.rs\/\"},{\"@type\":\"ListItem\",\"position\":2,\"name\":\"Mladi protiv korupcije\"}]},{\"@type\":\"WebSite\",\"@id\":\"https:\/\/iea.rs\/#website\",\"url\":\"https:\/\/iea.rs\/\",\"name\":\"Institute for European Affairs\",\"description\":\"\",\"potentialAction\":[{\"@type\":\"SearchAction\",\"target\":{\"@type\":\"EntryPoint\",\"urlTemplate\":\"https:\/\/iea.rs\/?s={search_term_string}\"},\"query-input\":{\"@type\":\"PropertyValueSpecification\",\"valueRequired\":true,\"valueName\":\"search_term_string\"}}],\"inLanguage\":\"en-US\"}]}<\/script>\n<!-- \/ Yoast SEO plugin. -->","yoast_head_json":{"title":"Mladi protiv korupcijeYouth Against Corruption - Institute for European Affairs","robots":{"index":"index","follow":"follow","max-snippet":"max-snippet:-1","max-image-preview":"max-image-preview:large","max-video-preview":"max-video-preview:-1"},"canonical":"https:\/\/iea.rs\/mpk\/","og_locale":"en_US","og_type":"article","og_title":"Mladi protiv korupcijeYouth Against Corruption - Institute for European Affairs","og_description":"[tabgarb] tab1=About programme=active tab2=Class concepts tab3=Trainers tab4=Testimonials tab5=Statistics [\/tabgarb] [tabgarb=tab1] Youth Education Committee is implementing the programme Youth Against Corruption with partner organisation Initiative for &hellip; Read more &raquo;","og_url":"https:\/\/iea.rs\/mpk\/","og_site_name":"Institute for European Affairs","article_modified_time":"2015-05-19T11:15:06+00:00","og_image":[{"url":"http:\/\/iea.rs\/wp-content\/uploads\/2013\/11\/mpk4.jpg","type":"","width":"","height":""}],"twitter_card":"summary_large_image","twitter_misc":{"Est. reading time":"12 minutes"},"schema":{"@context":"https:\/\/schema.org","@graph":[{"@type":"WebPage","@id":"https:\/\/iea.rs\/mpk\/","url":"https:\/\/iea.rs\/mpk\/","name":"Mladi protiv korupcijeYouth Against Corruption - Institute for European Affairs","isPartOf":{"@id":"https:\/\/iea.rs\/#website"},"primaryImageOfPage":{"@id":"https:\/\/iea.rs\/mpk\/#primaryimage"},"image":{"@id":"https:\/\/iea.rs\/mpk\/#primaryimage"},"thumbnailUrl":"http:\/\/iea.rs\/wp-content\/uploads\/2013\/11\/mpk4.jpg","datePublished":"2013-11-19T11:09:48+00:00","dateModified":"2015-05-19T11:15:06+00:00","breadcrumb":{"@id":"https:\/\/iea.rs\/mpk\/#breadcrumb"},"inLanguage":"en-US","potentialAction":[{"@type":"ReadAction","target":["https:\/\/iea.rs\/mpk\/"]}]},{"@type":"ImageObject","inLanguage":"en-US","@id":"https:\/\/iea.rs\/mpk\/#primaryimage","url":"http:\/\/iea.rs\/wp-content\/uploads\/2013\/11\/mpk4.jpg","contentUrl":"http:\/\/iea.rs\/wp-content\/uploads\/2013\/11\/mpk4.jpg"},{"@type":"BreadcrumbList","@id":"https:\/\/iea.rs\/mpk\/#breadcrumb","itemListElement":[{"@type":"ListItem","position":1,"name":"\u041f\u043e\u0447\u0435\u0442\u043d\u0430","item":"https:\/\/iea.rs\/"},{"@type":"ListItem","position":2,"name":"Mladi protiv korupcije"}]},{"@type":"WebSite","@id":"https:\/\/iea.rs\/#website","url":"https:\/\/iea.rs\/","name":"Institute for European Affairs","description":"","potentialAction":[{"@type":"SearchAction","target":{"@type":"EntryPoint","urlTemplate":"https:\/\/iea.rs\/?s={search_term_string}"},"query-input":{"@type":"PropertyValueSpecification","valueRequired":true,"valueName":"search_term_string"}}],"inLanguage":"en-US"}]}},"_links":{"self":[{"href":"https:\/\/iea.rs\/en\/wp-json\/wp\/v2\/pages\/886","targetHints":{"allow":["GET"]}}],"collection":[{"href":"https:\/\/iea.rs\/en\/wp-json\/wp\/v2\/pages"}],"about":[{"href":"https:\/\/iea.rs\/en\/wp-json\/wp\/v2\/types\/page"}],"author":[{"embeddable":true,"href":"https:\/\/iea.rs\/en\/wp-json\/wp\/v2\/users\/3"}],"replies":[{"embeddable":true,"href":"https:\/\/iea.rs\/en\/wp-json\/wp\/v2\/comments?post=886"}],"version-history":[{"count":0,"href":"https:\/\/iea.rs\/en\/wp-json\/wp\/v2\/pages\/886\/revisions"}],"wp:attachment":[{"href":"https:\/\/iea.rs\/en\/wp-json\/wp\/v2\/media?parent=886"}],"curies":[{"name":"wp","href":"https:\/\/api.w.org\/{rel}","templated":true}]}}